{"id":835,"date":"2025-12-24T09:32:30","date_gmt":"2025-12-24T09:32:30","guid":{"rendered":"https:\/\/lyfilter.com\/?post_type=product&#038;p=835"},"modified":"2025-12-24T09:32:30","modified_gmt":"2025-12-24T09:32:30","slug":"ce-certification-household-pre-filtration-use-cto-filter-carbon-block-cartrige","status":"publish","type":"product","link":"https:\/\/lyfilter.com\/pt\/ce-certification-household-pre-filtration-use-cto-filter-carbon-block-cartrige\/","title":{"rendered":"Certifica\u00e7\u00e3o CE Utiliza\u00e7\u00e3o de pr\u00e9-filtragem dom\u00e9stica Bloco de carbono do filtro CTO Cartrige"},"content":{"rendered":"<div class=\"pro_aliData\">\n<div class=\"detail-box\">\n<div class=\"scc-wrapper detail-module module-productSpecification\" data-spm=\"pronpeci14\">\n<div id=\"J-rich-text-description\" class=\"richtext richtext-detail rich-text-description\">\n<div data-maya=\"{&quot;theme&quot;:{&quot;face&quot;:&quot;yin&quot;,&quot;fontFace&quot;:&quot;Roboto&quot;,&quot;fontSize&quot;:22,&quot;colors&quot;:1},&quot;items&quot;:[{&quot;title&quot;:&quot;c4qo2&quot;,&quot;formats&quot;:[{&quot;layout&quot;:&quot;8:4&quot;,&quot;mods&quot;:[{&quot;2fsmz&quot;:&quot;Ij&quot;},[{&quot;byx1i&quot;:&quot;If&quot;},{&quot;sn1qt&quot;:&quot;If&quot;}]]},[{&quot;t95ul&quot;:&quot;P&quot;}]]},{&quot;title&quot;:&quot;sm1xt&quot;,&quot;formats&quot;:[[{&quot;6sui2&quot;:&quot;Ia&quot;}],[{&quot;fgkdw&quot;:&quot;P&quot;}],[{&quot;wyt1i&quot;:&quot;Ia&quot;}],[{&quot;xeehv&quot;:&quot;Ih&quot;},{&quot;upf8d&quot;:&quot;Ih&quot;}]]},{&quot;title&quot;:&quot;or2p0&quot;,&quot;formats&quot;:[[{&quot;onrh5&quot;:{&quot;name&quot;:&quot;Tc&quot;,&quot;theme&quot;:&quot;col-header&quot;,&quot;tableCfgs&quot;:{&quot;sizes&quot;:{&quot;colWidths&quot;:[100,321],&quot;rowHeights&quot;:[23,22,44,22,22,25,44,44,30,44,44,44,44,65,22]}}}}],[{&quot;p0wo1&quot;:&quot;Ia&quot;}],[[{&quot;dddzy&quot;:&quot;Ib&quot;},{&quot;2b3bi&quot;:&quot;H&quot;},{&quot;v47y4&quot;:&quot;P&quot;}]],[[{&quot;ifax2&quot;:&quot;Ib&quot;},{&quot;whk3y&quot;:&quot;H&quot;},{&quot;1rwc1&quot;:&quot;P&quot;}]]]},{&quot;title&quot;:&quot;5bs2u&quot;,&quot;formats&quot;:[[[[{&quot;t9rts&quot;:&quot;Im&quot;},{&quot;587wm&quot;:&quot;Im&quot;},{&quot;i325a&quot;:&quot;Im&quot;}],[[{&quot;eoiwy&quot;:&quot;H&quot;},{&quot;vy8mu&quot;:&quot;P&quot;}],[{&quot;8d6uq&quot;:&quot;H&quot;},{&quot;9dfau&quot;:&quot;P&quot;}],[{&quot;3byr6&quot;:&quot;H&quot;},{&quot;xawx3&quot;:&quot;P&quot;}]]]],[[[{&quot;7f1yq&quot;:&quot;Im&quot;},{&quot;f4zxv&quot;:&quot;Im&quot;},{&quot;z6zxn&quot;:&quot;Im&quot;}],[[{&quot;iqn5a&quot;:&quot;P&quot;}],[{&quot;ultc8&quot;:&quot;P&quot;}],[{&quot;i5qg5&quot;:&quot;P&quot;}]]]],[{&quot;qq5jo&quot;:&quot;Ia&quot;}]]},{&quot;title&quot;:&quot;mpsph&quot;,&quot;formats&quot;:[[{&quot;cligf&quot;:&quot;P&quot;}],{&quot;layout&quot;:&quot;8:4&quot;,&quot;mods&quot;:[{&quot;eovbs&quot;:&quot;Ic&quot;},[{&quot;it8x9&quot;:&quot;Ie&quot;},{&quot;0bdyv&quot;:&quot;Ie&quot;},{&quot;c2qum&quot;:&quot;Ie&quot;}]]},[{&quot;5grpg&quot;:&quot;Ia&quot;}]]},{&quot;title&quot;:&quot;hv0x8&quot;,&quot;formats&quot;:[[{&quot;pngkk&quot;:&quot;Ii&quot;},{&quot;85xhc&quot;:&quot;Ii&quot;},{&quot;8t296&quot;:&quot;Ii&quot;}]]},{&quot;title&quot;:&quot;zvpp7&quot;,&quot;formats&quot;:[[{&quot;d7sre&quot;:&quot;P&quot;}]]},{&quot;title&quot;:&quot;kbfav&quot;,&quot;formats&quot;:[[{&quot;jg1h8&quot;:&quot;Ia&quot;}]]}]}\">\n<div>\n<div>\n<div id=\"c4qo2\">\n<div id=\"ali-anchor-AliMaya-zh1pt\" data-section=\"AliMaya-zh1pt\" data-section-title=\"Product Description\">Product Description<\/div>\n<\/div>\n<div>\n<div id=\"2fsmz\">\n<div><img decoding=\"async\" src=\"https:\/\/img.yfisher.com\/m6076\/1725727038m7p\/jpg70-t3-scale100.webp\" alt=\"CE Certification Household Pre-Filtration Use CTO filter carbon block Cartrige 6\" data-lazy=\"2\" title=\"\"><\/div>\n<\/div>\n<div>\n<div id=\"byx1i\">\n<div><img decoding=\"async\" src=\"https:\/\/img.yfisher.com\/m6076\/1725727038mtg\/jpg70-t3-scale100.webp\" alt=\"CE Certification Household Pre-Filtration Use CTO filter carbon block Cartrige 8\" data-lazy=\"2\" title=\"\"><\/div>\n<\/div>\n<div id=\"sn1qt\">\n<div><img decoding=\"async\" src=\"https:\/\/img.yfisher.com\/m6076\/1725727038z2s\/jpg70-t3-scale100.webp\" alt=\"CE Certification Household Pre-Filtration Use CTO filter carbon block Cartrige 10\" data-lazy=\"2\" title=\"\"><\/div>\n<\/div>\n<\/div>\n<\/div>\n<div>\n<div id=\"t95ul\">\n<p>CE Certification Household Pre-Filtration Use CTO filter carbon block Cartrige<\/p>\n<p>PP\u00a0<a href=\"https:\/\/www.lyfilter.com\/melt-blown-filter-cartridge.html\">melt blown filter cartridge<\/a>\u00a0(PPF) is made of polypropylene material without any chemical glues. PP melt blown filter cartridge has strong pollutants holding capacity. It can remove\u00a0suspended substances, particulate and rust effectively, providing efficient filtration and long service life.\u00a0This kind of cartridge is used for the front filter cartridge to protect others.<\/p>\n<\/div>\n<\/div>\n<\/div>\n<div>\n<div id=\"sm1xt\">\n<div id=\"ali-anchor-AliMaya-b8una\" data-section=\"AliMaya-b8una\" data-section-title=\"Application\">Application<\/div>\n<\/div>\n<div>\n<div id=\"6sui2\">\n<div><img decoding=\"async\" src=\"https:\/\/img.yfisher.com\/m6076\/1725726790j45\/jpg70-t3-scale100.webp\" alt=\"CE Certification Household Pre-Filtration Use CTO filter carbon block Cartrige 12\" data-lazy=\"2\" title=\"\"><\/div>\n<\/div>\n<\/div>\n<div>\n<div id=\"fgkdw\">\n<p>1. Drinking water treatment<\/p>\n<p>2. Industrial water treatment, like power, plating and oil industry.<\/p>\n<p>3. Food and Beverage<\/p>\n<p>4. Electronic<\/p>\n<p>5. Pre-filtration or RO Reverse Osmosis system<\/p>\n<p>6. Chemical, solvent, wine, etc.<\/p>\n<\/div>\n<\/div>\n<div>\n<div id=\"wyt1i\">\n<div><img decoding=\"async\" src=\"https:\/\/img.yfisher.com\/m6076\/1725727036ni3\/jpg70-t3-scale100.webp\" alt=\"CE Certification Household Pre-Filtration Use CTO filter carbon block Cartrige 14\" data-lazy=\"2\" title=\"\"><\/div>\n<\/div>\n<\/div>\n<div>\n<div id=\"xeehv\">\n<div><img decoding=\"async\" src=\"https:\/\/img.yfisher.com\/m6076\/1725727036jhg\/jpg70-t3-scale100.webp\" alt=\"CE Certification Household Pre-Filtration Use CTO filter carbon block Cartrige 16\" data-lazy=\"2\" title=\"\"><\/div>\n<\/div>\n<div id=\"upf8d\">\n<div><img decoding=\"async\" src=\"https:\/\/img.yfisher.com\/m6076\/1725727036f87\/jpg70-t3-scale100.webp\" alt=\"CE Certification Household Pre-Filtration Use CTO filter carbon block Cartrige 18\" data-lazy=\"2\" title=\"\"><\/div>\n<\/div>\n<\/div>\n<\/div>\n<div>\n<div id=\"or2p0\">\n<div id=\"ali-anchor-AliMaya-g0xtm\" data-section=\"AliMaya-g0xtm\" data-section-title=\"Specification\">Specification<\/div>\n<\/div>\n<div>\n<div id=\"onrh5\">\n<div class=\"table-responsive\">\n<table class=\"aliDataTable\">\n<tbody>\n<tr>\n<td>\n<div><b>Product<\/b><\/div>\n<\/td>\n<td>\n<div>Melt Blown PP\u00a0<a href=\"https:\/\/www.lyfilter.com\/sediment-filter.html\">sediment filter<\/a>\u00a0cartridge<\/div>\n<\/td>\n<\/tr>\n<tr>\n<td>\n<div><b>Length<\/b><\/div>\n<\/td>\n<td>\n<div>5&#8243;, 10&#8243;, 20&#8243;, 30&#8243;, 40&#8243;, 50&#8221;, 60&#8221; inch<\/div>\n<\/td>\n<\/tr>\n<tr>\n<td>\n<div><b>Micron Rate<\/b><\/div>\n<\/td>\n<td>\n<div>1~100micron customized, especially 1, 3, 5, 10 micron<\/div>\n<\/td>\n<\/tr>\n<tr>\n<td>\n<div><b>End Cap<\/b><\/div>\n<\/td>\n<td>\n<div>DOE, 222+Fin, 222+Flat, 226+Fin, 226+Flat<\/div>\n<\/td>\n<\/tr>\n<tr>\n<td>\n<div><b>Inner Diameter<\/b><\/div>\n<\/td>\n<td>\n<div>28~30mm<\/div>\n<\/td>\n<\/tr>\n<tr>\n<td>\n<div><b>Outer Diameter<\/b><\/div>\n<\/td>\n<td>\n<div>60~65mm, Jumbo 110~115mm<\/div>\n<\/td>\n<\/tr>\n<tr>\n<td>\n<div><b>Gasket\/O ring material<\/b><\/div>\n<\/td>\n<td>\n<div>Silicon\/EPDM\/NBR\/Viton<\/div>\n<\/td>\n<\/tr>\n<tr>\n<td>\n<div><b>Material<\/b><\/div>\n<\/td>\n<td>\n<div>PP \/ polypropylene<\/div>\n<\/td>\n<\/tr>\n<tr>\n<td>\n<div><b>Style<\/b><\/div>\n<\/td>\n<td>\n<div>Groove, Pressure points, Flat, Embrossing<\/div>\n<\/td>\n<\/tr>\n<tr>\n<td>\n<div><b>Inner core<\/b><\/div>\n<\/td>\n<td>\n<div>PP or None<\/div>\n<\/td>\n<\/tr>\n<tr>\n<td>\n<div><b>Interface<\/b><\/div>\n<\/td>\n<td>\n<div>Flat, insert<\/div>\n<\/td>\n<\/tr>\n<tr>\n<td>\n<div><b>Max differential pressure<\/b><\/div>\n<\/td>\n<td>\n<div>3 kgf\/cm\u00b2<\/div>\n<\/td>\n<\/tr>\n<tr>\n<td>\n<div><b>Max operating temperature<\/b><\/div>\n<\/td>\n<td>\n<div>80\u00b0c<\/div>\n<\/td>\n<\/tr>\n<tr>\n<td>\n<div><b>Operating differential pressure<\/b><\/div>\n<\/td>\n<td>\n<div>0.1kgf\/cm2<\/div>\n<\/td>\n<\/tr>\n<tr>\n<td>\n<div><b>Common weight<\/b><\/div>\n<\/td>\n<td>\n<div>100- 120g\/10&#8243; (It can be customized)<\/div>\n<\/td>\n<\/tr>\n<\/tbody>\n<\/table>\n<\/div>\n<\/div>\n<\/div>\n<div>\n<div id=\"p0wo1\">\n<div><img decoding=\"async\" src=\"https:\/\/img.yfisher.com\/m6076\/17257270388yq\/jpg70-t3-scale100.webp\" alt=\"CE Certification Household Pre-Filtration Use CTO filter carbon block Cartrige 20\" data-lazy=\"2\" title=\"\"><\/div>\n<\/div>\n<\/div>\n<div>\n<div>\n<div id=\"dddzy\">\n<div><img decoding=\"async\" src=\"https:\/\/img.yfisher.com\/m6076\/1725727038com\/jpg70-t3-scale100.webp\" alt=\"CE Certification Household Pre-Filtration Use CTO filter carbon block Cartrige 22\" data-lazy=\"2\" title=\"\"><\/div>\n<\/div>\n<div id=\"2b3bi\">\n<h3>UDF GAC Granular Activated Carbon filter cartridge series (Length: 5&#8221; 10&#8221; 20&#8221;)<\/h3>\n<\/div>\n<div id=\"v47y4\"><\/div>\n<\/div>\n<\/div>\n<div>\n<div>\n<div id=\"ifax2\">\n<div><img decoding=\"async\" src=\"https:\/\/img.yfisher.com\/m6076\/1725727038mw4\/jpg70-t3-scale100.webp\" alt=\"CE Certification Household Pre-Filtration Use CTO filter carbon block Cartrige 24\" data-lazy=\"2\" title=\"\"><\/div>\n<\/div>\n<div id=\"whk3y\">\n<h3>CTO \/ Compression Sintered Activated Carbon filter cartridge series (Length: 5&#8221; 10&#8221; 20&#8221;)<\/h3>\n<\/div>\n<div id=\"1rwc1\"><\/div>\n<\/div>\n<\/div>\n<\/div>\n<div>\n<div id=\"5bs2u\">\n<div id=\"ali-anchor-AliMaya-bhmvx\" data-section=\"AliMaya-bhmvx\" data-section-title=\"Related Products\">Related Products<\/div>\n<\/div>\n<div>\n<div>\n<div>\n<div id=\"t9rts\">\n<div><a href=\"https:\/\/www.lyfilter.com\/ce-certification-household-pre-filtration-use-cto-filter-carbon-block-cartrige-3736.html\" target=\"_blank\" rel=\"noopener\"><img decoding=\"async\" src=\"https:\/\/img.yfisher.com\/m6076\/1725727038ya0\/jpg70-t3-scale100.webp\" alt=\"CE Certification Household Pre-Filtration Use CTO filter carbon block Cartrige 26\" data-lazy=\"2\" title=\"\"><\/a><\/div>\n<\/div>\n<div id=\"587wm\">\n<div><a href=\"https:\/\/www.lyfilter.com\/ce-certification-household-pre-filtration-use-cto-filter-carbon-block-cartrige-3736.html\" target=\"_blank\" rel=\"noopener\"><img decoding=\"async\" src=\"https:\/\/img.yfisher.com\/m6076\/1725726953txd\/jpg70-t3-scale100.webp\" alt=\"CE Certification Household Pre-Filtration Use CTO filter carbon block Cartrige 28\" data-lazy=\"2\" title=\"\"><\/a><\/div>\n<\/div>\n<div id=\"i325a\">\n<div><a href=\"https:\/\/www.lyfilter.com\/ce-certification-household-pre-filtration-use-cto-filter-carbon-block-cartrige-3736.html\" target=\"_blank\" rel=\"noopener\"><img decoding=\"async\" src=\"https:\/\/img.yfisher.com\/m6076\/17257270380vt\/jpg70-t3-scale100.webp\" alt=\"CE Certification Household Pre-Filtration Use CTO filter carbon block Cartrige 30\" data-lazy=\"2\" title=\"\"><\/a><\/div>\n<\/div>\n<\/div>\n<div>\n<div>\n<div id=\"eoiwy\">\n<h3>Water filter<\/h3>\n<\/div>\n<div id=\"vy8mu\"><\/div>\n<\/div>\n<div>\n<div id=\"8d6uq\">\n<h3>Single cartridge filter housing<\/h3>\n<\/div>\n<div id=\"9dfau\"><\/div>\n<\/div>\n<div>\n<div id=\"3byr6\">\n<h3>Cartridge filter housing<\/h3>\n<\/div>\n<div id=\"xawx3\"><\/div>\n<\/div>\n<\/div>\n<\/div>\n<\/div>\n<div>\n<div>\n<div>\n<div id=\"7f1yq\">\n<div><a href=\"https:\/\/www.lyfilter.com\/ce-certification-household-pre-filtration-use-cto-filter-carbon-block-cartrige-3736.html\" target=\"_blank\" rel=\"noopener\"><img decoding=\"async\" src=\"https:\/\/img.yfisher.com\/m6076\/1725727038hy1\/jpg70-t3-scale100.webp\" alt=\"CE Certification Household Pre-Filtration Use CTO filter carbon block Cartrige 32\" data-lazy=\"2\" title=\"\"><\/a><\/div>\n<\/div>\n<div id=\"f4zxv\">\n<div><a href=\"https:\/\/www.lyfilter.com\/ce-certification-household-pre-filtration-use-cto-filter-carbon-block-cartrige-3736.html\" target=\"_blank\" rel=\"noopener\"><img decoding=\"async\" src=\"https:\/\/img.yfisher.com\/m6076\/1725727038kys\/jpg70-t3-scale100.webp\" alt=\"CE Certification Household Pre-Filtration Use CTO filter carbon block Cartrige 34\" data-lazy=\"2\" title=\"\"><\/a><\/div>\n<\/div>\n<div id=\"z6zxn\">\n<div><a href=\"https:\/\/www.lyfilter.com\/ce-certification-household-pre-filtration-use-cto-filter-carbon-block-cartrige-3736.html\" target=\"_blank\" rel=\"noopener\"><img decoding=\"async\" src=\"https:\/\/img.yfisher.com\/m6076\/1725727038txs\/jpg70-t3-scale100.webp\" alt=\"CE Certification Household Pre-Filtration Use CTO filter carbon block Cartrige 36\" data-lazy=\"2\" title=\"\"><\/a><\/div>\n<\/div>\n<\/div>\n<div>\n<div>\n<div id=\"iqn5a\">\n<p>PP\/PES\/PVDF\/PTFE Pleated Cartridge<\/p>\n<\/div>\n<\/div>\n<div>\n<div id=\"ultc8\">\n<p>PP\/Cotton\/Fiberglass Cartridge<\/p>\n<\/div>\n<\/div>\n<div>\n<div id=\"i5qg5\">\n<p>Granular Activated Carbon Cartridge<\/p>\n<\/div>\n<\/div>\n<\/div>\n<\/div>\n<\/div>\n<div>\n<div id=\"qq5jo\">\n<div><img decoding=\"async\" src=\"https:\/\/img.yfisher.com\/m6076\/1725726953s1x\/jpg70-t3-scale100.webp\" alt=\"CE Certification Household Pre-Filtration Use CTO filter carbon block Cartrige 38\" data-lazy=\"2\" title=\"\"><\/div>\n<\/div>\n<\/div>\n<\/div>\n<div>\n<div id=\"mpsph\">\n<div id=\"ali-anchor-AliMaya-g4nhs\" data-section=\"AliMaya-g4nhs\" data-section-title=\"Why Chosse us\">Why Chosse us<\/div>\n<\/div>\n<div>\n<div id=\"cligf\">\n<p>Guangzhou Lvyuan Water Purification Equipment Co.,Ltd is a comprehensive enterprise. As a\u00a0<b>Leader Manufacturer in Guangzhou<\/b>\u00a0city, our competitive product lines including:<br \/>\n1. All kinds of Filter Cartridges, Pleated \/ Melt Blown \/ Sintered etc.<br \/>\n2. Cartridge filter housings and bag filter housings<br \/>\n3. RO, UF, MBR water purifier and equipment<br \/>\n4. Water treatment equipments<br \/>\n5. Many kinds of Water purifiers and equipments, water softners, and more.<br \/>\nWe devote to filtration development for more than 10 years. We can supply advanced technical support and solution for all of our customers.<\/p>\n<\/div>\n<\/div>\n<div>\n<div id=\"eovbs\">\n<div><img alt=\"CE Certification Household Pre-Filtration Use CTO filter carbon block Cartrige 40\" data-lazy=\"0\" \/><\/div>\n<\/div>\n<div>\n<div id=\"it8x9\">\n<div><img decoding=\"async\" src=\"https:\/\/img.yfisher.com\/m6076\/1725726987yaj\/jpg70-t3-scale100.webp\" alt=\"CE Certification Household Pre-Filtration Use CTO filter carbon block Cartrige 42\" data-lazy=\"2\" title=\"\"><\/div>\n<\/div>\n<div id=\"0bdyv\">\n<div><img decoding=\"async\" src=\"https:\/\/img.yfisher.com\/m6076\/1725726987iy6\/jpg70-t3-scale100.webp\" alt=\"CE Certification Household Pre-Filtration Use CTO filter carbon block Cartrige 44\" data-lazy=\"2\" title=\"\"><\/div>\n<\/div>\n<div id=\"c2qum\">\n<div><img decoding=\"async\" src=\"https:\/\/img.yfisher.com\/m6076\/1725726987gxv\/jpg70-t3-scale100.webp\" alt=\"CE Certification Household Pre-Filtration Use CTO filter carbon block Cartrige 46\" data-lazy=\"2\" title=\"\"><\/div>\n<\/div>\n<\/div>\n<\/div>\n<div>\n<div id=\"5grpg\">\n<div><img decoding=\"async\" src=\"https:\/\/img.yfisher.com\/m6076\/1725726960zy4\/jpg70-t3-scale100.webp\" alt=\"CE Certification Household Pre-Filtration Use CTO filter carbon block Cartrige 48\" data-lazy=\"2\" title=\"\"><\/div>\n<\/div>\n<\/div>\n<\/div>\n<div>\n<div id=\"hv0x8\">\n<div id=\"ali-anchor-AliMaya-1jhr7\" data-section=\"AliMaya-1jhr7\" data-section-title=\"Packing &amp; Delivery\">Packing &amp; Delivery<\/div>\n<\/div>\n<div>\n<div id=\"pngkk\">\n<div><img decoding=\"async\" src=\"https:\/\/img.yfisher.com\/m6076\/1725726953i81\/jpg70-t3-scale100.webp\" alt=\"CE Certification Household Pre-Filtration Use CTO filter carbon block Cartrige 50\" data-lazy=\"2\" title=\"\"><\/div>\n<\/div>\n<div id=\"85xhc\">\n<div><img alt=\"CE Certification Household Pre-Filtration Use CTO filter carbon block Cartrige 52\" data-lazy=\"0\" \/><\/div>\n<\/div>\n<div id=\"8t296\">\n<div><img decoding=\"async\" src=\"https:\/\/img.yfisher.com\/m6076\/172572695459i\/jpg70-t3-scale100.webp\" alt=\"CE Certification Household Pre-Filtration Use CTO filter carbon block Cartrige 54\" data-lazy=\"2\" title=\"\"><\/div>\n<\/div>\n<\/div>\n<\/div>\n<div>\n<div id=\"zvpp7\">\n<div id=\"ali-anchor-AliMaya-3jvns\" data-section=\"AliMaya-3jvns\" data-section-title=\"FAQ\">FAQ<\/div>\n<\/div>\n<div>\n<div id=\"d7sre\">\n<p>1. Q: Are you factory?<\/p>\n<p>A: Yes, we are the professional manufacturer with continuous and improved R &amp; A production, sales and service supply. We will always provide the best technical service support to our clients both in and after warranty period.<br \/>\n2. Q: How to get a quotation?<br \/>\nA: In order to send you our best price, please kindly inform us detail product parameters and order quantity.<br \/>\n3. Q: Can I get your products with our logo and design?<br \/>\nA: Customized service is available. We can OEM or ODM with your logo, but customized products will be extra cost.<br \/>\n4. Q: What&#8217;s the MOQ ?<\/p>\n<p>A: We can offer the quantity you required, as we don&#8217;t dictate MOQ terms.<\/p>\n<\/div>\n<\/div>\n<\/div>\n<div>\n<div id=\"kbfav\">\n<div id=\"ali-anchor-AliMaya-wtgrg\" data-section=\"AliMaya-wtgrg\" data-section-title=\"Contact\">Contact<\/div>\n<\/div>\n<div>\n<div id=\"jg1h8\">\n<div><img decoding=\"async\" src=\"https:\/\/img.yfisher.com\/m6076\/17257269873vc\/jpg70-t3-scale100.webp\" alt=\"CE Certification Household Pre-Filtration Use CTO filter carbon block Cartrige 56\" data-lazy=\"2\" title=\"\"><\/div>\n<\/div>\n<\/div>\n<\/div>\n<\/div>\n<\/div>\n<\/div>\n<\/div>\n<div data-module=\"detailMarketPackage\"><\/div>\n<div data-module=\"productAuth\"><\/div>\n<\/div>\n<\/div>\n<div class=\"diffStatement\">Guangzhou Lvyuan Water Purification Equipment Co., Ltd. will maintain the efficient operation of the organization and management system under normal conditions. It does not secrete dissoluble material during operation. The product shows dynamic in the market. It does not secrete dissoluble material during operation.<\/div>\n","protected":false},"excerpt":{"rendered":"<table>\n<thead>\n<tr>\n<th><strong>Campo<\/strong><\/th>\n<th><strong>Valor<\/strong><\/th>\n<\/tr>\n<\/thead>\n<tbody>\n<tr>\n<td>Local de origem<\/td>\n<td>Guangdong, China<\/td>\n<\/tr>\n<tr>\n<td>Nome da marca<\/td>\n<td>Lvyuan \/ OEM<\/td>\n<\/tr>\n<tr>\n<td>N\u00famero do modelo<\/td>\n<td>S\u00e9rie LY-PPF<\/td>\n<\/tr>\n<tr>\n<td>Nome do produto<\/td>\n<td>Cartucho de filtro de bloco de carbono CTO<\/td>\n<\/tr>\n<tr>\n<td>Taxa de microns<\/td>\n<td>Cartucho de filtro de 1, 3, 5, 10 m\u00edcrones<\/td>\n<\/tr>\n<tr>\n<td>Certifica\u00e7\u00e3o<\/td>\n<td>CE, SGS<\/td>\n<\/tr>\n<tr>\n<td>Aplica\u00e7\u00e3o<\/td>\n<td>Pe\u00e7as para filtros de \u00e1gua, Osmose inversa<\/td>\n<\/tr>\n<tr>\n<td>Comprimento<\/td>\n<td>5\u2033, 10\u2033, 20\u2033, 30\u2033, 40\u2033, 50\u2033 polegadas<\/td>\n<\/tr>\n<tr>\n<td>Meios filtrantes<\/td>\n<td>Membrana de polipropileno (PP)<\/td>\n<\/tr>\n<tr>\n<td>Tampa da extremidade<\/td>\n<td>DOE, 222+Fin, 222+Flat, 226+Fin, 226+Flat<\/td>\n<\/tr>\n<tr>\n<td>Material da junta\/anel<\/td>\n<td>Silicone, EPDM, Viton<\/td>\n<\/tr>\n<tr>\n<td>Utiliza\u00e7\u00e3o<\/td>\n<td>Filtro de cartucho para l\u00edquidos<\/td>\n<\/tr>\n<tr>\n<td>N\u00facleo interno<\/td>\n<td>PP ou Nenhum<\/td>\n<\/tr>\n<tr>\n<td>Capacidade de fornecimento<\/td>\n<td>5000 unidades\/pe\u00e7as por dia<\/td>\n<\/tr>\n<\/tbody>\n<\/table>","protected":false},"featured_media":842,"comment_status":"open","ping_status":"closed","template":"","meta":{"_gspb_post_css":""},"product_brand":[],"product_cat":[23,17],"product_tag":[356,299,354,351,355,357],"class_list":{"0":"post-835","1":"product","2":"type-product","3":"status-publish","4":"has-post-thumbnail","6":"product_cat-pp-filter-cartridge","7":"product_cat-sediment-filter","8":"product_tag-1-10-micron-filter","9":"product_tag-ce-sgs-certified","10":"product_tag-cto-carbon-block-filter","11":"product_tag-ly-ppf-series","12":"product_tag-reverse-osmosis-filter","13":"product_tag-water-filter-cartridge","15":"first","16":"instock","17":"shipping-taxable","18":"product-type-simple"},"_links":{"self":[{"href":"https:\/\/lyfilter.com\/pt\/wp-json\/wp\/v2\/product\/835","targetHints":{"allow":["GET"]}}],"collection":[{"href":"https:\/\/lyfilter.com\/pt\/wp-json\/wp\/v2\/product"}],"about":[{"href":"https:\/\/lyfilter.com\/pt\/wp-json\/wp\/v2\/types\/product"}],"replies":[{"embeddable":true,"href":"https:\/\/lyfilter.com\/pt\/wp-json\/wp\/v2\/comments?post=835"}],"wp:featuredmedia":[{"embeddable":true,"href":"https:\/\/lyfilter.com\/pt\/wp-json\/wp\/v2\/media\/842"}],"wp:attachment":[{"href":"https:\/\/lyfilter.com\/pt\/wp-json\/wp\/v2\/media?parent=835"}],"wp:term":[{"taxonomy":"product_brand","embeddable":true,"href":"https:\/\/lyfilter.com\/pt\/wp-json\/wp\/v2\/product_brand?post=835"},{"taxonomy":"product_cat","embeddable":true,"href":"https:\/\/lyfilter.com\/pt\/wp-json\/wp\/v2\/product_cat?post=835"},{"taxonomy":"product_tag","embeddable":true,"href":"https:\/\/lyfilter.com\/pt\/wp-json\/wp\/v2\/product_tag?post=835"}],"curies":[{"name":"wp","href":"https:\/\/api.w.org\/{rel}","templated":true}]}}