{"id":811,"date":"2025-12-24T09:11:41","date_gmt":"2025-12-24T09:11:41","guid":{"rendered":"https:\/\/lyfilter.com\/?post_type=product&#038;p=811"},"modified":"2025-12-24T09:11:41","modified_gmt":"2025-12-24T09:11:41","slug":"10-20-30-40-inch-pp-melt-blown-filter-cartridge-sediment-filter-1micron-5-micron-for-water-filter","status":"publish","type":"product","link":"https:\/\/lyfilter.com\/pt\/10-20-30-40-inch-pp-melt-blown-filter-cartridge-sediment-filter-1micron-5-micron-for-water-filter\/","title":{"rendered":"10 20 30 40 Polegadas PP Melt Blown Filtro Cartucho\/Filtro de sedimentos 1 m\u00edcron 5 m\u00edcron para Filtro de \u00e1gua"},"content":{"rendered":"<h3 class=\"do-entry-title\">Embalagem e entrega<\/h3>\n<div class=\"do-entry-list\">\n<dl class=\"do-entry-item\">\n<dt class=\"do-entry-item-key\">Unidades de venda:<\/dt>\n<dd class=\"do-entry-item-val\">Artigo \u00fanico<\/dd>\n<\/dl>\n<dl class=\"do-entry-item\">\n<dt class=\"do-entry-item-key\" title=\"Tamanho da embalagem individual:\">Tamanho da embalagem individual:<\/dt>\n<dd class=\"do-entry-item-val\">53X33X33 cm<\/dd>\n<\/dl>\n<dl class=\"do-entry-item\">\n<dt class=\"do-entry-item-key\" title=\"Peso bruto \u00fanico:\">Peso bruto \u00fanico:<\/dt>\n<dd class=\"do-entry-item-val\">5.800 kg<\/dd>\n<\/dl>\n<dl class=\"do-entry-item\">\n<dt class=\"do-entry-item-key\">Tipo de embalagem:<\/dt>\n<dd class=\"do-entry-item-val pkg-method\">caixa de papel<\/dd>\n<\/dl>\n<dl class=\"do-entry-item\">\n<dt class=\"do-entry-item-key\" title=\"Prazo de execu\u00e7\u00e3o\">Prazo de execu\u00e7\u00e3o\u00a0<i class=\"next-icon next-icon-help next-icon-xs js-leadtimes-tips\"><\/i>:<\/dt>\n<dd class=\"do-entry-item-val\" title=\"Prazo de execu\u00e7\u00e3o\">\n<div class=\"table-responsive\">\n<table class=\"supply-ability-table ui2-table ui2-table-normal ui2-table-zebra ui2-table-hover\">\n<tbody>\n<tr>\n<td>Quantidade (pe\u00e7as)<\/td>\n<td>1 - 100<\/td>\n<td>101 - 500<\/td>\n<td>501 - 1000<\/td>\n<td>&gt;1000<\/td>\n<\/tr>\n<tr>\n<td>Est. Tempo (dias)<\/td>\n<td>7<\/td>\n<td>10<\/td>\n<td>15<\/td>\n<td>A ser negociado<\/td>\n<\/tr>\n<\/tbody>\n<\/table>\n<\/div>\n<\/dd>\n<\/dl>\n<\/div>","protected":false},"excerpt":{"rendered":"<table>\n<thead>\n<tr>\n<th><strong>Campo<\/strong><\/th>\n<th><strong>Valor<\/strong><\/th>\n<\/tr>\n<\/thead>\n<tbody>\n<tr>\n<td><strong>Sectores aplic\u00e1veis<\/strong><\/td>\n<td>F\u00e1brica de produ\u00e7\u00e3o, F\u00e1brica de alimentos e bebidas, Uso dom\u00e9stico, Tratamento de \u00e1gua<\/td>\n<\/tr>\n<tr>\n<td><strong>Local de origem<\/strong><\/td>\n<td>Guangdong, China<\/td>\n<\/tr>\n<tr>\n<td><strong>Nome da marca<\/strong><\/td>\n<td>Lvyuan, OEM, ODM<\/td>\n<\/tr>\n<tr>\n<td><strong>Material<\/strong><\/td>\n<td>PP<\/td>\n<\/tr>\n<tr>\n<td><strong>Mat\u00e9ria-prima<\/strong><\/td>\n<td>Fibra PP<\/td>\n<\/tr>\n<tr>\n<td><strong>Peso<\/strong><\/td>\n<td>Personalizado<\/td>\n<\/tr>\n<tr>\n<td><strong>Tamanho<\/strong><\/td>\n<td>Personalizado, Slim, Jumbo<\/td>\n<\/tr>\n<tr>\n<td><strong>Pot\u00eancia<\/strong><\/td>\n<td>0<\/td>\n<\/tr>\n<tr>\n<td><strong>Garantia<\/strong><\/td>\n<td>N\u00e3o dispon\u00edvel<\/td>\n<\/tr>\n<tr>\n<td><strong>Carater\u00edstica<\/strong><\/td>\n<td>Tamanho e log\u00f3tipo personalizados em a\u00e7o<\/td>\n<\/tr>\n<tr>\n<td><strong>Certifica\u00e7\u00e3o<\/strong><\/td>\n<td>SGS<\/td>\n<\/tr>\n<tr>\n<td><strong>Forma<\/strong><\/td>\n<td>Cilindro<\/td>\n<\/tr>\n<tr>\n<td><strong>Utiliza\u00e7\u00e3o<\/strong><\/td>\n<td>Tratamento da \u00e1gua<\/td>\n<\/tr>\n<tr>\n<td><strong>Aplica\u00e7\u00e3o<\/strong><\/td>\n<td>Ind\u00fastria<\/td>\n<\/tr>\n<tr>\n<td><strong>Cor<\/strong><\/td>\n<td>Branco<\/td>\n<\/tr>\n<tr>\n<td><strong>Embalagem<\/strong><\/td>\n<td>Caixa de papel<\/td>\n<\/tr>\n<tr>\n<td><strong>Apar\u00eancia<\/strong><\/td>\n<td>Em relevo, brilhante, etc.<\/td>\n<\/tr>\n<tr>\n<td><strong>Servi\u00e7o p\u00f3s-venda prestado<\/strong><\/td>\n<td>Apoio em linha<\/td>\n<\/tr>\n<\/tbody>\n<\/table>","protected":false},"featured_media":817,"comment_status":"open","ping_status":"closed","template":"","meta":{"_gspb_post_css":""},"product_brand":[],"product_cat":[23,17],"product_tag":[341,342,336,320,306,340],"class_list":{"0":"post-811","1":"product","2":"type-product","3":"status-publish","4":"has-post-thumbnail","6":"product_cat-pp-filter-cartridge","7":"product_cat-sediment-filter","8":"product_tag-customized-filter","9":"product_tag-cylinder-filter","10":"product_tag-embossed-filter","11":"product_tag-pp-fiber-filter","12":"product_tag-sgs-certified","13":"product_tag-water-treatment-filter","15":"first","16":"instock","17":"shipping-taxable","18":"product-type-simple"},"_links":{"self":[{"href":"https:\/\/lyfilter.com\/pt\/wp-json\/wp\/v2\/product\/811","targetHints":{"allow":["GET"]}}],"collection":[{"href":"https:\/\/lyfilter.com\/pt\/wp-json\/wp\/v2\/product"}],"about":[{"href":"https:\/\/lyfilter.com\/pt\/wp-json\/wp\/v2\/types\/product"}],"replies":[{"embeddable":true,"href":"https:\/\/lyfilter.com\/pt\/wp-json\/wp\/v2\/comments?post=811"}],"wp:featuredmedia":[{"embeddable":true,"href":"https:\/\/lyfilter.com\/pt\/wp-json\/wp\/v2\/media\/817"}],"wp:attachment":[{"href":"https:\/\/lyfilter.com\/pt\/wp-json\/wp\/v2\/media?parent=811"}],"wp:term":[{"taxonomy":"product_brand","embeddable":true,"href":"https:\/\/lyfilter.com\/pt\/wp-json\/wp\/v2\/product_brand?post=811"},{"taxonomy":"product_cat","embeddable":true,"href":"https:\/\/lyfilter.com\/pt\/wp-json\/wp\/v2\/product_cat?post=811"},{"taxonomy":"product_tag","embeddable":true,"href":"https:\/\/lyfilter.com\/pt\/wp-json\/wp\/v2\/product_tag?post=811"}],"curies":[{"name":"wp","href":"https:\/\/api.w.org\/{rel}","templated":true}]}}