{"id":733,"date":"2025-12-24T07:43:29","date_gmt":"2025-12-24T07:43:29","guid":{"rendered":"https:\/\/lyfilter.com\/?post_type=product&#038;p=733"},"modified":"2025-12-24T08:17:00","modified_gmt":"2025-12-24T08:17:00","slug":"deep-sediment-water-filtration-1-5-10-25-microns-10-inch-pp-groove-filter-cartridge-for-household-industrial-water-prefilter","status":"publish","type":"product","link":"https:\/\/lyfilter.com\/pt\/deep-sediment-water-filtration-1-5-10-25-microns-10-inch-pp-groove-filter-cartridge-for-household-industrial-water-prefilter\/","title":{"rendered":"Filtragem de \u00e1gua de sedimentos profundos 1\/5\/10\/25 m\u00edcrons 10 polegadas pp cartucho de filtro de ranhura para pr\u00e9-filtro de \u00e1gua industrial dom\u00e9stico"},"content":{"rendered":"<div class=\"pro_aliData\">\n<div class=\"detail-box\">\n<div class=\"scc-wrapper detail-module module-productPackagingAndQuickDetail\" data-spm=\"prilinga1e\">\n<div class=\"widget-detail-overview\">\n<div class=\"do-content\">\n<div class=\"do-overview\">\n<div class=\"do-entry do-entry-full\">\n<h3 class=\"do-entry-title\">Embalagem e entrega<\/h3>\n<div class=\"do-entry-list\">\n<dl class=\"do-entry-item\">\n<dt class=\"do-entry-item-key\">Unidades de venda:<\/dt>\n<dd class=\"do-entry-item-val\">Artigo \u00fanico<\/dd>\n<\/dl>\n<dl class=\"do-entry-item\">\n<dt class=\"do-entry-item-key\" title=\"Tamanho da embalagem individual:\">Tamanho da embalagem individual:<\/dt>\n<dd class=\"do-entry-item-val\">26X3X3 cm<\/dd>\n<\/dl>\n<dl class=\"do-entry-item\">\n<dt class=\"do-entry-item-key\" title=\"Peso bruto \u00fanico:\">Peso bruto \u00fanico:<\/dt>\n<dd class=\"do-entry-item-val\">1.000 kg<\/dd>\n<\/dl>\n<dl class=\"do-entry-item\">\n<dt class=\"do-entry-item-key\">Tipo de embalagem:<\/dt>\n<dd class=\"do-entry-item-val pkg-method\">Filtragem de \u00e1gua de sedimentos profundos 1\/5\/10\/25 m\u00edcrons Cartucho de filtro de ranhura pp de 10 polegadas para pr\u00e9-filtro de \u00e1gua industrial dom\u00e9stico: Embalado em caixa de papel\u00e3o.<\/dd>\n<\/dl>\n<dl class=\"do-entry-item\">\n<dt class=\"do-entry-item-key\" title=\"Prazo de execu\u00e7\u00e3o\">Prazo de execu\u00e7\u00e3o\u00a0<i class=\"next-icon next-icon-help next-icon-xs js-leadtimes-tips\"><\/i>:<\/dt>\n<dd class=\"do-entry-item-val\" title=\"Prazo de execu\u00e7\u00e3o\">\n<div class=\"table-responsive\">\n<table class=\"supply-ability-table ui2-table ui2-table-normal ui2-table-zebra ui2-table-hover\">\n<tbody>\n<tr>\n<td>Quantidade (pe\u00e7as)<\/td>\n<td>1 - 100<\/td>\n<td>101 - 500<\/td>\n<td>501 - 5000<\/td>\n<td>&gt;5000<\/td>\n<\/tr>\n<tr>\n<td>Est. Tempo (dias)<\/td>\n<td>3<\/td>\n<td>5<\/td>\n<td>10<\/td>\n<td>A ser negociado<\/td>\n<\/tr>\n<\/tbody>\n<\/table>\n<\/div>\n<\/dd>\n<\/dl>\n<\/div>\n<\/div>\n<\/div>\n<\/div>\n<\/div>\n<\/div>\n<div class=\"scc-wrapper detail-module module-detailVideo\" data-spm=\"detailvideo\"><\/div>\n<div class=\"scc-wrapper detail-module module-productSpecification\" data-spm=\"pronpeci14\">\n<div id=\"J-rich-text-description\" class=\"richtext richtext-detail rich-text-description\">\n<div id=\"detail_decorate_root\" data-host=\"111218246\" data-id=\"detail_decorate_root\">\n<div id=\"_root\" class=\"engine-app\" data-reactroot=\"\">\n<div id=\"ali-anchor-AliMagic-au9aqo\" class=\"magic-0\" data-section=\"AliMagic-au9aqo\" data-section-title=\"Product Description\">Descri\u00e7\u00e3o do produto<\/div>\n<div class=\"icbu-pc-images magic-1\">\n<div>\n<div class=\"flex-layout-v\">\n<div class=\"flex-layout-h magic-1\">\n<div class=\"magic-2\"><img decoding=\"async\" class=\"magic-3\" src=\"https:\/\/img.yfisher.com\/m6076\/172572676906t\/jpg70-t3-scale100.webp\" alt=\"Filtragem de \u00e1gua de sedimentos profundos 1\/5\/10\/25 m\u00edcrons 10 polegadas pp cartucho de filtro de ranhura para pr\u00e9-filtro de \u00e1gua industrial dom\u00e9stico 7\" data-lazy=\"2\" title=\"\"><\/div>\n<\/div>\n<\/div>\n<\/div>\n<\/div>\n<div class=\"icbu-pc-images magic-1\">\n<div>\n<div class=\"flex-layout-h\">\n<div class=\"flex-layout-v magic-4\">\n<div class=\"magic-5\"><img decoding=\"async\" class=\"magic-6\" src=\"https:\/\/img.yfisher.com\/m6076\/1725726769ezm\/png70-t3-scale100.webp\" alt=\"Filtragem de \u00e1gua de sedimentos profundos 1\/5\/10\/25 m\u00edcrons 10 polegadas pp cartucho de filtro de ranhura para pr\u00e9-filtro de \u00e1gua industrial dom\u00e9stico 9\" data-id=\"child-image-0\" data-lazy=\"2\" title=\"\"><\/div>\n<\/div>\n<div class=\"text-wrapper magic-7\">\n<div class=\"text-wrapper-right text-theme-light text-align-left\">\n<div class=\"text-title\" data-id=\"right-title\">\n<h3 class=\"magic-8\"><span class=\"magic-9\">V\u00e1rios tamanhos para filtro soprado PP spun melt<\/span><\/h3>\n<\/div>\n<div class=\"text-content\" data-id=\"right-content\">\n<p class=\"magic-10\"><span class=\"magic-9\">O cartucho de filtro PP meltblown (PPF) \u00e9\u00a0<\/span><\/p>\n<p class=\"magic-10\"><span class=\"magic-9\">em material polipropileno.\u00a0<\/span><\/p>\n<p class=\"magic-10\"><span class=\"magic-9\">Pode remover subst\u00e2ncias em suspens\u00e3o,\u00a0<\/span><\/p>\n<p class=\"magic-10\"><span class=\"magic-9\">part\u00edculas e ferrugem de forma eficaz.\u00a0<\/span><\/p>\n<p class=\"magic-10\"><span class=\"magic-9\">Este tipo de cartucho \u00e9 utilizado para a frente\u00a0<\/span><\/p>\n<p class=\"magic-10\"><span class=\"magic-9\">cartucho de filtro para proteger\u00a0<\/span><\/p>\n<p class=\"magic-10\"><span class=\"magic-9\">outros.<\/span><\/p>\n<\/div>\n<\/div>\n<\/div>\n<\/div>\n<\/div>\n<\/div>\n<div class=\"icbu-pc-images magic-1\">\n<div class=\"flex-layout-h\">\n<div class=\"text-wrapper magic-11\">\n<div class=\"text-wrapper-left text-theme-light text-align-left\">\n<div class=\"text-title\" data-id=\"left-title\">\n<h3 class=\"magic-8\"><span class=\"magic-9\">Dimens\u00f5es OEM do cartucho de filtro fundido soprado PP<\/span><\/h3>\n<\/div>\n<div class=\"text-content\" data-id=\"left-content\">\n<p class=\"magic-10\"><span class=\"magic-9\">A s\u00e9rie de cartuchos de filtro fundido soprado Lvyuan PP \u00e9 um tipo de cartuchos de filtro padr\u00e3o e simples para purifica\u00e7\u00e3o de \u00e1gua. \u00c9 fundido e entrela\u00e7ado de fibra de polipropileno sem quaisquer colas qu\u00edmicas. \u00c9 feito de mat\u00e9rias-primas de polipropileno PP puro 100%.\u00a0<\/span><\/p>\n<p class=\"magic-10\"><span class=\"magic-9\"><b><span style=\"color: #71a3a1;\">Sra. Vickie Yung<br \/>\nMob.\/Whatsapp: +86 15975359293<br \/>\nSkype: vickie9293<\/span><\/b><br \/>\n<\/span><\/p>\n<\/div>\n<\/div>\n<\/div>\n<div class=\"flex-layout-v magic-4\">\n<div class=\"magic-5\"><img decoding=\"async\" class=\"magic-6\" src=\"https:\/\/img.yfisher.com\/m6076\/1725726769nrd\/png70-t3-scale100.webp\" alt=\"Filtragem de \u00e1gua de sedimentos profundos 1\/5\/10\/25 m\u00edcrons 10 polegadas pp cartucho de filtro de ranhura para pr\u00e9-filtro de \u00e1gua industrial dom\u00e9stico 11\" data-id=\"child-image-0\" data-lazy=\"2\" title=\"\"><\/div>\n<\/div>\n<\/div>\n<\/div>\n<div class=\"icbu-pc-images magic-1\">\n<div>\n<div class=\"flex-layout-h\">\n<div class=\"flex-layout-v magic-4\">\n<div class=\"magic-5\"><img decoding=\"async\" class=\"magic-6\" src=\"https:\/\/img.yfisher.com\/m6076\/1725726769ek9\/png70-t3-scale100.webp\" alt=\"Filtragem de \u00e1gua de sedimentos profundos 1\/5\/10\/25 m\u00edcrons 10 polegadas pp cartucho de filtro de ranhura para pr\u00e9-filtro de \u00e1gua industrial dom\u00e9stico 13\" data-id=\"child-image-0\" data-lazy=\"2\" title=\"\"><\/div>\n<\/div>\n<div class=\"text-wrapper magic-7\">\n<div class=\"text-wrapper-right text-theme-light text-align-left\">\n<div class=\"text-title\" data-id=\"right-title\">\n<h3 class=\"magic-8\"><span class=\"magic-9\">Filtro de \u00e1gua PP de duplo microns personalizado<\/span><\/h3>\n<\/div>\n<div class=\"text-content\" data-id=\"right-content\">\n<p class=\"magic-10\"><span class=\"magic-9\">Os microns podem ser personalizados, cartuchos de filtro de \u00e1gua PP de 2 camadas de microns para obter uma forte capacidade de reten\u00e7\u00e3o de poluentes, pode remover contaminantes de forma eficaz, como subst\u00e2ncias em suspens\u00e3o, part\u00edculas e ferrugem, proporcionando uma filtragem eficiente e uma longa vida \u00fatil.\u00a0<\/span><\/p>\n<\/div>\n<\/div>\n<\/div>\n<\/div>\n<\/div>\n<\/div>\n<div class=\"icbu-pc-images magic-1\">\n<div>\n<div class=\"flex-layout-h\">\n<div class=\"text-wrapper magic-11\">\n<div class=\"text-wrapper-left text-theme-light text-align-left\">\n<div class=\"text-title\" data-id=\"left-title\">\n<h3 class=\"magic-8\"><span class=\"magic-9\">Cartucho de filtro PP com material comp\u00f3sito<\/span><\/h3>\n<\/div>\n<div class=\"text-content\" data-id=\"left-content\">\n<p class=\"magic-10\"><span class=\"magic-9\">Cartucho de filtro PP com filtro composto, pode ser personalizado com diferentes tamanhos e materiais de filtragem para atender a diferentes demandas.\u00a0<\/span><\/p>\n<\/div>\n<\/div>\n<\/div>\n<div class=\"flex-layout-v magic-4\">\n<div class=\"magic-5\"><img decoding=\"async\" class=\"magic-6\" src=\"https:\/\/img.yfisher.com\/m6076\/17257267697zl\/png70-t3-scale100.webp\" alt=\"Filtragem de \u00e1gua de sedimentos profundos 1\/5\/10\/25 m\u00edcrons 10 polegadas pp cartucho de filtro de ranhura para pr\u00e9-filtro de \u00e1gua industrial dom\u00e9stico 15\" data-id=\"child-image-0\" data-lazy=\"2\" title=\"\"><\/div>\n<\/div>\n<\/div>\n<\/div>\n<\/div>\n<div class=\"icbu-pc-images magic-1\">\n<div>\n<div class=\"flex-layout-h\">\n<div class=\"flex-layout-v magic-4\">\n<div class=\"magic-5\"><img decoding=\"async\" class=\"magic-6\" src=\"https:\/\/img.yfisher.com\/m6076\/1725726769o3n\/png70-t3-scale100.webp\" alt=\"Filtragem de \u00e1gua de sedimentos profundos 1\/5\/10\/25 m\u00edcrons 10 polegadas pp cartucho de filtro de ranhura para pr\u00e9-filtro de \u00e1gua industrial dom\u00e9stico 17\" data-id=\"child-image-0\" data-lazy=\"2\" title=\"\"><\/div>\n<\/div>\n<div class=\"text-wrapper magic-7\">\n<div class=\"text-wrapper-right text-theme-light text-align-left\">\n<div class=\"text-title\" data-id=\"right-title\">\n<h3 class=\"magic-8\"><span class=\"magic-9\">Adaptadores OEM para elemento de filtro de \u00e1gua PP<\/span><\/h3>\n<\/div>\n<div class=\"text-content\" data-id=\"right-content\">\n<p class=\"magic-10\"><span class=\"magic-9\">Est\u00e3o dispon\u00edveis diferentes adaptadores para filtros.<\/span><\/p>\n<p class=\"magic-10\"><span class=\"magic-9\">Silicone, EPDM, NBR, Viton como op\u00e7\u00e3o.\u00a0<\/span><\/p>\n<\/div>\n<\/div>\n<\/div>\n<\/div>\n<\/div>\n<\/div>\n<div class=\"ife-detail-decorate-table\">\n<div class=\"table-responsive\">\n<table class=\"all magic-12\">\n<tbody>\n<tr>\n<td colspan=\"1\" rowspan=\"1\">\n<div class=\"magic-13\">Nome do produto<\/div>\n<\/td>\n<td colspan=\"3\" rowspan=\"1\">\n<div class=\"magic-14\">Filtragem de \u00e1gua de sedimentos profundos 1\/5\/10\/25 m\u00edcrons 10 polegadas pp cartucho de filtro de ranhura para pr\u00e9-filtro de \u00e1gua industrial dom\u00e9stico<\/div>\n<\/td>\n<\/tr>\n<tr>\n<td colspan=\"1\" rowspan=\"1\">\n<div class=\"magic-13\">Material<\/div>\n<\/td>\n<td colspan=\"3\" rowspan=\"1\">\n<div class=\"magic-14\">100% Material de polipropileno puro<\/div>\n<\/td>\n<\/tr>\n<tr>\n<td colspan=\"1\" rowspan=\"1\">\n<div class=\"magic-13\">Superf\u00edcie<\/div>\n<\/td>\n<td colspan=\"3\" rowspan=\"1\">\n<div class=\"magic-14\">Ranhura, Pontos de press\u00e3o, Plano, Cruzamento<\/div>\n<\/td>\n<\/tr>\n<tr>\n<td colspan=\"1\" rowspan=\"1\">\n<div class=\"magic-13\">Microns<\/div>\n<\/td>\n<td colspan=\"3\" rowspan=\"1\">\n<div class=\"magic-17\">1 ~100 microns<\/div>\n<\/td>\n<\/tr>\n<tr>\n<td colspan=\"1\" rowspan=\"1\">\n<div class=\"magic-13\">Di\u00e2metro exterior<\/div>\n<\/td>\n<td colspan=\"3\" rowspan=\"1\">\n<div class=\"magic-17\">OEM<\/div>\n<\/td>\n<\/tr>\n<tr>\n<td colspan=\"1\" rowspan=\"1\">\n<div class=\"magic-13\">Di\u00e2metro interior<\/div>\n<\/td>\n<td colspan=\"3\" rowspan=\"1\">\n<div class=\"magic-17\">OEM<\/div>\n<\/td>\n<\/tr>\n<tr>\n<td colspan=\"1\" rowspan=\"1\">\n<div class=\"magic-13\">Interface<\/div>\n<\/td>\n<td colspan=\"3\" rowspan=\"1\">\n<div class=\"magic-17\">Plana, inserida, aparafusada<\/div>\n<\/td>\n<\/tr>\n<tr>\n<td colspan=\"1\" rowspan=\"1\">\n<div class=\"magic-13\">Tampa da extremidade<\/div>\n<\/td>\n<td colspan=\"3\" rowspan=\"1\">\n<div class=\"magic-17\">222\/plano, 222\/fin, 226\/plano, 226\/fin, 215\/plano, 215\/fin<\/div>\n<\/td>\n<\/tr>\n<tr>\n<td colspan=\"1\" rowspan=\"1\">\n<div class=\"magic-13\">Comprimento<\/div>\n<\/td>\n<td colspan=\"3\" rowspan=\"1\">\n<div class=\"magic-17\">OEM<\/div>\n<\/td>\n<\/tr>\n<tr>\n<td colspan=\"1\" rowspan=\"1\">\n<div class=\"magic-13\">Press\u00e3o diferencial m\u00e1xima<\/div>\n<\/td>\n<td colspan=\"3\" rowspan=\"1\">\n<div class=\"magic-17\">3 kgf\/cm\u00b2<\/div>\n<\/td>\n<\/tr>\n<tr>\n<td colspan=\"1\" rowspan=\"1\">\n<div class=\"magic-13\">Temperatura m\u00e1xima de funcionamento<\/div>\n<\/td>\n<td colspan=\"3\" rowspan=\"1\">\n<div class=\"magic-17\">80\u00b0c<\/div>\n<\/td>\n<\/tr>\n<tr>\n<td colspan=\"1\" rowspan=\"1\">\n<div class=\"magic-13\">Press\u00e3o diferencial de funcionamento<\/div>\n<\/td>\n<td colspan=\"3\" rowspan=\"1\">\n<div class=\"magic-17\">0,1kgf\/cm2<\/div>\n<\/td>\n<\/tr>\n<tr>\n<td colspan=\"1\" rowspan=\"1\">\n<div class=\"magic-13\">Marca\/log\u00f3tipo<\/div>\n<\/td>\n<td colspan=\"3\" rowspan=\"1\">\n<div class=\"magic-17\">OEM<\/div>\n<\/td>\n<\/tr>\n<\/tbody>\n<\/table>\n<\/div>\n<\/div>\n<\/div>\n<\/div>\n<\/div>\n<\/div>\n<\/div>\n<\/div>","protected":false},"excerpt":{"rendered":"<table>\n<thead>\n<tr>\n<th><strong>Atributo<\/strong><\/th>\n<th><strong>Detalhes<\/strong><\/th>\n<\/tr>\n<\/thead>\n<tbody>\n<tr>\n<td><strong>Estado<\/strong><\/td>\n<td>Novo<\/td>\n<\/tr>\n<tr>\n<td><strong>Sectores aplic\u00e1veis<\/strong><\/td>\n<td>Hot\u00e9is, lojas de vestu\u00e1rio, lojas de materiais de constru\u00e7\u00e3o, f\u00e1bricas, lojas de repara\u00e7\u00e3o de m\u00e1quinas, f\u00e1bricas de alimentos e bebidas, quintas, restaurantes, uso dom\u00e9stico, com\u00e9rcio a retalho, lojas de alimentos, gr\u00e1ficas, obras de constru\u00e7\u00e3o, energia e minas, lojas de alimentos e bebidas, empresas de publicidade<\/td>\n<\/tr>\n<tr>\n<td><strong>Local de origem<\/strong><\/td>\n<td>China<\/td>\n<\/tr>\n<tr>\n<td><strong>Nome da marca<\/strong><\/td>\n<td>LVYUAN\/OEM<\/td>\n<\/tr>\n<tr>\n<td><strong>Material<\/strong><\/td>\n<td>Polipropileno<\/td>\n<\/tr>\n<tr>\n<td><strong>Peso<\/strong><\/td>\n<td>OEM<\/td>\n<\/tr>\n<tr>\n<td><strong>Tamanho<\/strong><\/td>\n<td>OEM<\/td>\n<\/tr>\n<tr>\n<td><strong>Pot\u00eancia<\/strong><\/td>\n<td>0<\/td>\n<\/tr>\n<tr>\n<td><strong>Garantia<\/strong><\/td>\n<td>N\u00e3o dispon\u00edvel<\/td>\n<\/tr>\n<tr>\n<td><strong>Nome do produto<\/strong><\/td>\n<td>25 Microns 10 polegadas PP Groove Cartucho de filtro para pr\u00e9-filtro de \u00e1gua<\/td>\n<\/tr>\n<tr>\n<td><strong>Tipo de filtro<\/strong><\/td>\n<td>Ranhura, grava\u00e7\u00e3o em relevo, pontos, log\u00f3tipo da empresa<\/td>\n<\/tr>\n<tr>\n<td><strong>Di\u00e2metro exterior<\/strong><\/td>\n<td>10-200mm<\/td>\n<\/tr>\n<tr>\n<td><strong>Exatid\u00e3o<\/strong><\/td>\n<td>1-100 m\u00edcrones<\/td>\n<\/tr>\n<tr>\n<td><strong>Di\u00e2metro interno<\/strong><\/td>\n<td>OEM<\/td>\n<\/tr>\n<tr>\n<td><strong>Adaptador de filtro<\/strong><\/td>\n<td>Tipo plano, Tipo 222, Tipo 226, Tipo 215<\/td>\n<\/tr>\n<tr>\n<td><strong>Temperatura mais elevada<\/strong><\/td>\n<td>80\u2103<\/td>\n<\/tr>\n<tr>\n<td><strong>Queda de press\u00e3o de trabalho<\/strong><\/td>\n<td>0,1kgf\/c\u33a1<\/td>\n<\/tr>\n<tr>\n<td><strong>Mais alto Confinado<\/strong><\/td>\n<td>5kgf\/c\u33a1<\/td>\n<\/tr>\n<tr>\n<td><strong>Queda de press\u00e3o m\u00e1xima<\/strong><\/td>\n<td>3kgf\/c\u33a1<\/td>\n<\/tr>\n<tr>\n<td><strong>Servi\u00e7o p\u00f3s-venda prestado<\/strong><\/td>\n<td>Suporte online<\/td>\n<\/tr>\n<\/tbody>\n<\/table>","protected":false},"featured_media":736,"comment_status":"open","ping_status":"closed","template":"","meta":{"_gspb_post_css":""},"product_brand":[],"product_cat":[23,17],"product_tag":[316,318,317,319,314,315],"class_list":{"0":"post-733","1":"product","2":"type-product","3":"status-publish","4":"has-post-thumbnail","6":"product_cat-pp-filter-cartridge","7":"product_cat-sediment-filter","8":"product_tag-10-inch-filter","9":"product_tag-filtration-system","10":"product_tag-online-support","11":"product_tag-polypropylene-filter","12":"product_tag-pp-groove-filter","13":"product_tag-water-prefilter","15":"first","16":"instock","17":"shipping-taxable","18":"product-type-simple"},"_links":{"self":[{"href":"https:\/\/lyfilter.com\/pt\/wp-json\/wp\/v2\/product\/733","targetHints":{"allow":["GET"]}}],"collection":[{"href":"https:\/\/lyfilter.com\/pt\/wp-json\/wp\/v2\/product"}],"about":[{"href":"https:\/\/lyfilter.com\/pt\/wp-json\/wp\/v2\/types\/product"}],"replies":[{"embeddable":true,"href":"https:\/\/lyfilter.com\/pt\/wp-json\/wp\/v2\/comments?post=733"}],"wp:featuredmedia":[{"embeddable":true,"href":"https:\/\/lyfilter.com\/pt\/wp-json\/wp\/v2\/media\/736"}],"wp:attachment":[{"href":"https:\/\/lyfilter.com\/pt\/wp-json\/wp\/v2\/media?parent=733"}],"wp:term":[{"taxonomy":"product_brand","embeddable":true,"href":"https:\/\/lyfilter.com\/pt\/wp-json\/wp\/v2\/product_brand?post=733"},{"taxonomy":"product_cat","embeddable":true,"href":"https:\/\/lyfilter.com\/pt\/wp-json\/wp\/v2\/product_cat?post=733"},{"taxonomy":"product_tag","embeddable":true,"href":"https:\/\/lyfilter.com\/pt\/wp-json\/wp\/v2\/product_tag?post=733"}],"curies":[{"name":"wp","href":"https:\/\/api.w.org\/{rel}","templated":true}]}}