{"id":701,"date":"2025-12-24T07:12:48","date_gmt":"2025-12-24T07:12:48","guid":{"rendered":"https:\/\/lyfilter.com\/?post_type=product&#038;p=701"},"modified":"2025-12-24T08:15:51","modified_gmt":"2025-12-24T08:15:51","slug":"big-diameter-spun-meltblown-pp-cartridge-swro-high-flow-cartridge-filter-with-self-core-design-for-sea-water-ro-pre-filtration","status":"publish","type":"product","link":"https:\/\/lyfilter.com\/pt\/big-diameter-spun-meltblown-pp-cartridge-swro-high-flow-cartridge-filter-with-self-core-design-for-sea-water-ro-pre-filtration\/","title":{"rendered":"Filtro de cartucho PP Meltblown SWRO de grande di\u00e2metro com design de n\u00facleo pr\u00f3prio para pr\u00e9-filtragem de \u00e1gua do mar RO"},"content":{"rendered":"<div class=\"pro_aliData\">\n<div class=\"detail-box\">\n<div class=\"scc-wrapper detail-module module-productPackagingAndQuickDetail\" data-spm=\"prilinga1e\">\n<div class=\"widget-detail-overview\">\n<div class=\"do-content\">\n<div class=\"do-overview\">\n<div class=\"do-entry do-entry-full\">\n<h3 class=\"do-entry-title\">Embalagem e entrega<\/h3>\n<div class=\"do-entry-list\">\n<dl class=\"do-entry-item\">\n<dt class=\"do-entry-item-key\">Unidades de venda:<\/dt>\n<dd class=\"do-entry-item-val\">Artigo \u00fanico<\/dd>\n<\/dl>\n<dl class=\"do-entry-item\">\n<dt class=\"do-entry-item-key\" title=\"Tamanho da embalagem individual:\">Tamanho da embalagem individual:<\/dt>\n<dd class=\"do-entry-item-val\">103X18X18 cm<\/dd>\n<\/dl>\n<dl class=\"do-entry-item\">\n<dt class=\"do-entry-item-key\" title=\"Peso bruto \u00fanico:\">Peso bruto \u00fanico:<\/dt>\n<dd class=\"do-entry-item-val\">3.000 kg<\/dd>\n<\/dl>\n<dl class=\"do-entry-item\">\n<dt class=\"do-entry-item-key\">Tipo de embalagem:<\/dt>\n<dd class=\"do-entry-item-val pkg-method\">Personalize o filtro de cartucho de PP Meltblown SWRO de alto fluxo com design de n\u00facleo pr\u00f3prio para pr\u00e9-filtra\u00e7\u00e3o de RO de \u00e1gua do mar A cota\u00e7\u00e3o \u00e9 apenas para refer\u00eancia, envie-nos o requisito de especifica\u00e7\u00e3o e atualizaremos o melhor pre\u00e7o. Pacote de 10 polegadas: 50PCS\/CTN 400*400*685mm 20 polegadas: 25PCS\/CTN 400*400*685mm 30 polegadas: 25PCS\/CTN 835*435*425mm 40 polegadas: 25PCS\/CTN 1100*395*400mm<\/dd>\n<\/dl>\n<dl class=\"do-entry-item\">\n<dt class=\"do-entry-item-key\" title=\"Prazo de execu\u00e7\u00e3o\">Prazo de execu\u00e7\u00e3o\u00a0<i class=\"next-icon next-icon-help next-icon-xs js-leadtimes-tips\"><\/i>:<\/dt>\n<dd class=\"do-entry-item-val\" title=\"Prazo de execu\u00e7\u00e3o\">\n<div class=\"table-responsive\">\n<table class=\"supply-ability-table ui2-table ui2-table-normal ui2-table-zebra ui2-table-hover\">\n<tbody>\n<tr>\n<td>Quantidade (pe\u00e7as)<\/td>\n<td>1 - 2000<\/td>\n<td>&gt;2000<\/td>\n<\/tr>\n<tr>\n<td>Est. Tempo (dias)<\/td>\n<td>15<\/td>\n<td>A ser negociado<\/td>\n<\/tr>\n<\/tbody>\n<\/table>\n<\/div>\n<\/dd>\n<\/dl>\n<\/div>\n<\/div>\n<\/div>\n<\/div>\n<\/div>\n<\/div>\n<div class=\"scc-wrapper detail-module module-detailVideo\" data-spm=\"detailvideo\"><\/div>\n<div class=\"scc-wrapper detail-module module-productSpecification\" data-spm=\"pronpeci14\">\n<div id=\"J-rich-text-description\" class=\"richtext richtext-detail rich-text-description\">\n<div id=\"detail_decorate_root\" data-host=\"111525417\" data-magic-global=\"%7B%22bizId%22%3A17381045746%2C%22pageId%22%3A5074159773%2C%22siteId%22%3A5005126472%7D\" data-id=\"detail_decorate_root\">\n<div class=\"detail-decorate-json-renderer-container\">\n<div class=\"magic-0\">\n<h3 class=\"magic-1\" data-id=\"title0\">Personalize o filtro de cartucho PP Meltblown SWRO de alto fluxo com design de n\u00facleo pr\u00f3prio para pr\u00e9-filtragem de \u00e1gua do mar RO<\/h3>\n<div class=\"magic-2\">\n<div class=\"magic-3\">\n<div class=\"magic-4\" data-id=\"paragraph0\"><\/div>\n<\/div>\n<\/div>\n<\/div>\n<\/div>\n<div id=\"ali-anchor-AliMagic-cy7ln6\" class=\"magic-5\" data-section=\"AliMagic-cy7ln6\" data-section-title=\"Product Description\">Descri\u00e7\u00e3o do produto<\/div>\n<div class=\"icbu-pc-images magic-6\">\n<div>\n<div class=\"flex-layout-v\">\n<div class=\"flex-layout-h magic-6\">\n<div class=\"magic-7\"><img decoding=\"async\" class=\"magic-8\" src=\"https:\/\/img.yfisher.com\/m6076\/17257267895xg\/jpg70-t3-scale100.webp\" alt=\"Filtro de cartucho de PP fundido e soprado de grande di\u00e2metro SWRO Filtro de cartucho de alto fluxo com design de n\u00facleo pr\u00f3prio para pr\u00e9-filtragem de \u00e1gua do mar RO 7\" data-lazy=\"2\" title=\"\"><\/div>\n<\/div>\n<\/div>\n<\/div>\n<\/div>\n<div class=\"detail-decorate-json-renderer-container\">\n<div class=\"magic-0\">\n<h3 class=\"magic-9\" data-id=\"title0\"><\/h3>\n<h3 class=\"magic-10\">Cartucho de filtro de \u00e1gua RO de 10 20 30 40 polegadas para cartuchos de sedimentos soprados por fus\u00e3o PP a granel 1 5 10 25 50 100 um m\u00edcron<\/h3>\n<div class=\"magic-2\">\n<div class=\"magic-3\">\n<div class=\"magic-4\" data-id=\"paragraph0\">\n<p class=\"magic-11\">O cartucho de filtro fundido soprado de polipropileno ou o filtro de \u00e1gua fiado PP, filtro PP, cartucho de filtro PP \u00e9 o produto consum\u00edvel de filtra\u00e7\u00e3o mais utilizado nos sistemas de tratamento de \u00e1gua dom\u00e9sticos e industriais. Os cartuchos de filtro fundido soprado PP (PPF) s\u00e3o feitos de fibra de polipropileno puro 100%, proporcionando uma ampla compatibilidade qu\u00edmica.<\/p>\n<p>O cartucho do filtro de sedimentos Melt Blown tem uma forte capacidade de reten\u00e7\u00e3o de poluentes. Pode remover subst\u00e2ncias em suspens\u00e3o, part\u00edculas e ferrugem de forma eficaz, proporcionando uma filtragem eficiente e uma longa vida \u00fatil. Desempenha um papel importante no processo de tratamento de \u00e1gua de pr\u00e9-filtra\u00e7\u00e3o.<\/p>\n<p>Podemos fabricar cartuchos de filtro fundido por sopro em PP ou Nylon em todas as dimens\u00f5es (comprimento, di\u00e2metro exterior, di\u00e2metro interior) com 1 camada a mais de 3 camadas e multicamadas. Tamb\u00e9m est\u00e3o dispon\u00edveis cartuchos de filtro fundido soprado de PP\/Nylon especiais com especifica\u00e7\u00f5es variadas, como ranhura, casca de laranja, ponto de press\u00e3o, acabamento de superf\u00edcie plana e em relevo ou equipados com diferentes tampas de extremidade DOE ou SOE.<\/p>\n<p><b>Todas as dimens\u00f5es podem ser feitas por medida. Para podermos calcular os pre\u00e7os, agradecemos que indique as suas especifica\u00e7\u00f5es e quantidade.<\/b><\/p>\n<\/div>\n<\/div>\n<\/div>\n<\/div>\n<\/div>\n<div class=\"detail-decorate-json-renderer-container\">\n<div class=\"magic-0\">\n<div class=\"magic-12\">\n<div class=\"magic-13\">\n<div class=\"magic-13\">\n<div class=\"magic-14\"><img decoding=\"async\" class=\"magic-15\" src=\"https:\/\/img.yfisher.com\/m6076\/1725726789a4e\/jpg70-t3-scale100.webp\" alt=\"Filtro de cartucho de PP fundido e soprado de grande di\u00e2metro SWRO Filtro de cartucho de alto fluxo com design de n\u00facleo pr\u00f3prio para pr\u00e9-filtragem RO de \u00e1gua do mar 9\" data-id=\"img0\" data-lazy=\"2\" title=\"\"><\/div>\n<\/div>\n<\/div>\n<div class=\"magic-3\">\n<div class=\"magic-4\" data-id=\"paragraph0\">\n<p class=\"magic-11\">Cartucho de filtro de sedimentos PP de superf\u00edcie estriada<\/p>\n<\/div>\n<\/div>\n<\/div>\n<div class=\"magic-12\">\n<div class=\"magic-13\">\n<div class=\"magic-13\">\n<div class=\"magic-14\"><img decoding=\"async\" class=\"magic-15\" src=\"https:\/\/img.yfisher.com\/m6076\/1725726789l27\/jpg70-t3-scale100.webp\" alt=\"Filtro de cartucho PP Meltblown SWRO de grande di\u00e2metro com design de n\u00facleo pr\u00f3prio para pr\u00e9-filtragem RO de \u00e1gua do mar 11\" data-id=\"img1\" data-lazy=\"2\" title=\"\"><\/div>\n<\/div>\n<\/div>\n<div class=\"magic-3\">\n<div class=\"magic-4\" data-id=\"paragraph1\">\n<p class=\"magic-11\">Cartucho de filtro de sedimentos PP de superf\u00edcie plana<\/p>\n<\/div>\n<\/div>\n<\/div>\n<div class=\"magic-12\">\n<div class=\"magic-13\">\n<div class=\"magic-13\">\n<div class=\"magic-14\"><img decoding=\"async\" class=\"magic-16\" src=\"https:\/\/img.yfisher.com\/m6076\/1725726789w2b\/jpg70-t3-scale100.webp\" alt=\"Filtro de cartucho PP Meltblown SWRO de grande di\u00e2metro com design de n\u00facleo pr\u00f3prio para pr\u00e9-filtragem RO de \u00e1gua do mar 13\" data-id=\"img2\" data-lazy=\"2\" title=\"\"><\/div>\n<\/div>\n<\/div>\n<div class=\"magic-3\">\n<div class=\"magic-4\" data-id=\"paragraph2\">\n<p class=\"magic-11\">Cartucho filtrante PP de superf\u00edcie casca de laranja<\/p>\n<\/div>\n<\/div>\n<\/div>\n<\/div>\n<\/div>\n<div class=\"detail-decorate-json-renderer-container\">\n<div class=\"magic-0\">\n<div class=\"magic-12\">\n<div class=\"magic-13\">\n<div class=\"magic-13\">\n<div class=\"magic-14\"><img decoding=\"async\" class=\"magic-17\" src=\"https:\/\/img.yfisher.com\/m6076\/1725726789ojg\/jpg70-t3-scale100.webp\" alt=\"Filtro de cartucho PP Meltblown SWRO de grande di\u00e2metro com design de n\u00facleo pr\u00f3prio para pr\u00e9-filtragem de \u00e1gua do mar RO 15\" data-id=\"img0\" data-lazy=\"2\" title=\"\"><\/div>\n<\/div>\n<\/div>\n<div class=\"magic-3\">\n<div class=\"magic-4\" data-id=\"paragraph0\">\n<p class=\"magic-11\">Superf\u00edcie de grava\u00e7\u00e3o Cartucho de sedimentos em PP<\/p>\n<\/div>\n<\/div>\n<\/div>\n<div class=\"magic-12\">\n<div class=\"magic-13\">\n<div class=\"magic-13\">\n<div class=\"magic-14\"><img decoding=\"async\" class=\"magic-15\" src=\"https:\/\/img.yfisher.com\/m6076\/1725726789ez8\/jpg70-t3-scale100.webp\" alt=\"Filtro de cartucho PP Meltblown SWRO de grande di\u00e2metro com design de n\u00facleo pr\u00f3prio para pr\u00e9-filtragem RO de \u00e1gua do mar 17\" data-id=\"img1\" data-lazy=\"2\" title=\"\"><\/div>\n<\/div>\n<\/div>\n<div class=\"magic-3\">\n<div class=\"magic-4\" data-id=\"paragraph1\">\n<p class=\"magic-11\">Superf\u00edcie do ponto de press\u00e3o Cartucho de sedimentos PP<\/p>\n<\/div>\n<\/div>\n<\/div>\n<div class=\"magic-12\">\n<div class=\"magic-13\">\n<div class=\"magic-13\">\n<div class=\"magic-14\"><img decoding=\"async\" class=\"magic-17\" src=\"https:\/\/img.yfisher.com\/m6076\/1725726789p6k\/jpg70-t3-scale100.webp\" alt=\"Filtro de cartucho PP Meltblown SWRO de grande di\u00e2metro com design de n\u00facleo pr\u00f3prio para pr\u00e9-filtragem RO de \u00e1gua do mar 19\" data-id=\"img2\" data-lazy=\"2\" title=\"\"><\/div>\n<\/div>\n<\/div>\n<div class=\"magic-3\">\n<div class=\"magic-4\" data-id=\"paragraph2\">\n<p class=\"magic-11\">215 222 226 Tampa de extremidade plana\/Fin Filtro PP, c\u00f3digo 0 3 6 7 8 9 dispon\u00edvel.<\/p>\n<\/div>\n<\/div>\n<\/div>\n<\/div>\n<\/div>\n<div class=\"detail-decorate-json-renderer-container\">\n<div class=\"magic-0\">\n<div class=\"magic-12\">\n<div class=\"magic-13\">\n<div class=\"magic-13\">\n<div class=\"magic-14\"><img decoding=\"async\" class=\"magic-17\" src=\"https:\/\/img.yfisher.com\/m6076\/1725726789ylx\/jpg70-t3-scale100.webp\" alt=\"Filtro de cartucho PP Meltblown SWRO de grande di\u00e2metro com design de n\u00facleo pr\u00f3prio para pr\u00e9-filtragem RO de \u00e1gua do mar 21\" data-id=\"img0\" data-lazy=\"2\" title=\"\"><\/div>\n<\/div>\n<\/div>\n<div class=\"magic-3\">\n<div class=\"magic-4\" data-id=\"paragraph0\">\n<p class=\"magic-11\">10\u00d74,5\u201d 20\u00d74,5\u201d Cartucho de fluxo total BB Jumbo Melt Blown<\/p>\n<\/div>\n<\/div>\n<\/div>\n<div class=\"magic-12\">\n<div class=\"magic-13\">\n<div class=\"magic-13\">\n<div class=\"magic-14\"><img class=\"magic-18\" alt=\"Filtro de cartucho PP Meltblown SWRO de grande di\u00e2metro com design de n\u00facleo pr\u00f3prio para pr\u00e9-filtragem RO de \u00e1gua do mar 23\" data-id=\"img1\" data-lazy=\"0\" \/><\/div>\n<\/div>\n<\/div>\n<div class=\"magic-3\">\n<div class=\"magic-4\" data-id=\"paragraph1\">\n<p class=\"magic-11\">Cartucho de filtro fundido soprado em PP com 1 2 3 camadas para op\u00e7\u00e3o<\/p>\n<\/div>\n<\/div>\n<\/div>\n<div class=\"magic-12\">\n<div class=\"magic-13\">\n<div class=\"magic-13\">\n<div class=\"magic-14\"><img class=\"magic-19\" alt=\"Filtro de cartucho PP Meltblown SWRO de grande di\u00e2metro com design de n\u00facleo pr\u00f3prio para pr\u00e9-filtragem RO de \u00e1gua do mar 25\" data-id=\"img2\" data-lazy=\"0\" \/><\/div>\n<\/div>\n<\/div>\n<div class=\"magic-3\">\n<div class=\"magic-4\" data-id=\"paragraph2\">\n<p class=\"magic-11\">Personalizar o n\u00facleo PP ou o cartucho de filtro pp com casca\/n\u00facleo de a\u00e7o inoxid\u00e1vel<\/p>\n<\/div>\n<\/div>\n<\/div>\n<\/div>\n<\/div>\n<div class=\"detail-decorate-json-renderer-container\">\n<div class=\"magic-0\">\n<div class=\"magic-12\">\n<div class=\"magic-13\">\n<div class=\"magic-13\">\n<div class=\"magic-14\"><img decoding=\"async\" class=\"magic-20\" src=\"https:\/\/img.yfisher.com\/m6076\/1725726789z0e\/jpg70-t3-scale100.webp\" alt=\"Filtro de cartucho PP Meltblown SWRO de grande di\u00e2metro com design de n\u00facleo pr\u00f3prio para pr\u00e9-filtragem RO de \u00e1gua do mar 27\" data-id=\"img0\" data-lazy=\"2\" title=\"\"><\/div>\n<\/div>\n<\/div>\n<div class=\"magic-3\">\n<div class=\"magic-4\" data-id=\"paragraph0\">\n<p class=\"magic-11\">Cartucho de filtro fundido soprado de polipropileno com inv\u00f3lucro em PP<\/p>\n<\/div>\n<\/div>\n<\/div>\n<div class=\"magic-12\">\n<div class=\"magic-13\">\n<div class=\"magic-13\">\n<div class=\"magic-14\"><img decoding=\"async\" class=\"magic-21\" src=\"https:\/\/img.yfisher.com\/m6076\/1725726790iyg\/jpg70-t3-scale100.webp\" alt=\"Filtro de cartucho PP Meltblown SWRO de grande di\u00e2metro com design de n\u00facleo pr\u00f3prio para pr\u00e9-filtragem RO de \u00e1gua do mar 29\" data-id=\"img1\" data-lazy=\"2\" title=\"\"><\/div>\n<\/div>\n<\/div>\n<div class=\"magic-3\">\n<div class=\"magic-4\" data-id=\"paragraph1\">\n<p class=\"magic-11\">OEM Cartucho de filtro fundido soprado de PP\/Nylon de v\u00e1rios tamanhos para filtragem de \u00e1gua\/ar<\/p>\n<\/div>\n<\/div>\n<\/div>\n<div class=\"magic-12\">\n<div class=\"magic-13\">\n<div class=\"magic-13\">\n<div class=\"magic-14\"><img decoding=\"async\" class=\"magic-17\" src=\"https:\/\/img.yfisher.com\/m6076\/17257267909q6\/jpg70-t3-scale100.webp\" alt=\"Filtro de cartucho PP Meltblown SWRO de grande di\u00e2metro com design de n\u00facleo pr\u00f3prio para pr\u00e9-filtragem RO de \u00e1gua do mar 31\" data-id=\"img2\" data-lazy=\"2\" title=\"\"><\/div>\n<\/div>\n<\/div>\n<div class=\"magic-3\">\n<div class=\"magic-4\" data-id=\"paragraph2\">\n<p class=\"magic-11\">Cartucho de filtro fundido por sopro PP de grande fluxo com comprimento e di\u00e2metros OEM<\/p>\n<\/div>\n<\/div>\n<\/div>\n<\/div>\n<\/div>\n<div id=\"ali-anchor-AliMagic-vmkxor\" class=\"magic-5\" data-section=\"AliMagic-vmkxor\" data-section-title=\"Specification\">Especifica\u00e7\u00e3o<\/div>\n<div class=\"ife-detail-decorate-table\">\n<div class=\"table-responsive\">\n<table class=\"all magic-22\">\n<tbody>\n<tr>\n<td>\n<div class=\"magic-23\">Nome do produto<\/div>\n<\/td>\n<td>\n<div class=\"magic-24\">Cartucho de filtro de sedimentos PP Melt Blown<\/div>\n<\/td>\n<\/tr>\n<tr>\n<td>\n<div class=\"magic-23\">Comprimento<\/div>\n<\/td>\n<td>\n<div class=\"magic-24\">5, 10, 20, 30, 40\u2033, 50\u201d, 60\u201d polegadas ou personalizado<\/div>\n<\/td>\n<\/tr>\n<tr>\n<td>\n<div class=\"magic-23\">Taxa de microns<\/div>\n<\/td>\n<td>\n<div class=\"magic-24\">1, 3 ,5 ,10 ,20 ,25 ,30 ,50 ,75, 100 microns<\/div>\n<\/td>\n<\/tr>\n<tr>\n<td>\n<div class=\"magic-23\">Tampa da extremidade<\/div>\n<\/td>\n<td>\n<div class=\"magic-24\">DOE\/SOE, 222+Fin, 222+Flat, 226+Fin, 226+Flat, 215+Flat\/Fin<\/div>\n<\/td>\n<\/tr>\n<tr>\n<td>\n<div class=\"magic-23\">Di\u00e2metro interno<\/div>\n<\/td>\n<td>\n<div class=\"magic-24\">28~30mm, ou OEM<\/div>\n<\/td>\n<\/tr>\n<tr>\n<td>\n<div class=\"magic-23\">Di\u00e2metro exterior<\/div>\n<\/td>\n<td>\n<div class=\"magic-24\">60~65mm, Jumbo 110~115mm, ou OEM<\/div>\n<\/td>\n<\/tr>\n<tr>\n<td>\n<div class=\"magic-23\">Material da junta\/anel<\/div>\n<\/td>\n<td>\n<div class=\"magic-24\">Sil\u00edcio\/EPDM\/NBR\/Viton<\/div>\n<\/td>\n<\/tr>\n<tr>\n<td>\n<div class=\"magic-23\">Material<\/div>\n<\/td>\n<td>\n<div class=\"magic-24\">100% polipropileno ou nylon puro<\/div>\n<\/td>\n<\/tr>\n<tr>\n<td>\n<div class=\"magic-23\">Superf\u00edcie<\/div>\n<\/td>\n<td>\n<div class=\"magic-24\">Ranhura, Pontos de press\u00e3o, Plano, Entrela\u00e7amento, Casca de laranja<\/div>\n<\/td>\n<\/tr>\n<tr>\n<td>\n<div class=\"magic-23\">N\u00facleo interno<\/div>\n<\/td>\n<td>\n<div class=\"magic-24\">Nenhum, PP ou a\u00e7o inoxid\u00e1vel<\/div>\n<\/td>\n<\/tr>\n<tr>\n<td>\n<div class=\"magic-23\">Interface<\/div>\n<\/td>\n<td>\n<div class=\"magic-24\">Plano ou de inser\u00e7\u00e3o<\/div>\n<\/td>\n<\/tr>\n<tr>\n<td>\n<div class=\"magic-23\">M\u00e1x. Diferen\u00e7a de press\u00e3o de funcionamento:<\/div>\n<\/td>\n<td>\n<div class=\"magic-24\">- 80\u00b0C: 1,2 kg\/cm2<br \/>\n- 60\u00b0C: 2,1 kg\/cm2<br \/>\n- 20\u00b0C: 4,2kg\/cm2<\/div>\n<\/td>\n<\/tr>\n<tr>\n<td>\n<div class=\"magic-23\">M\u00e1x. Temperatura de funcionamento<\/div>\n<\/td>\n<td>\n<div class=\"magic-24\">80\u00b0C<\/div>\n<\/td>\n<\/tr>\n<tr>\n<td>\n<div class=\"magic-23\">Diferen\u00e7a de press\u00e3o de substitui\u00e7\u00e3o recomendada<\/div>\n<\/td>\n<td>\n<div class=\"magic-24\">2,1 bar (kg\/cm2)<\/div>\n<\/td>\n<\/tr>\n<tr>\n<td>\n<div class=\"magic-23\">Peso comum<\/div>\n<\/td>\n<td>\n<div class=\"magic-24\">100- 120g\/10\u2033 (pode ser personalizado)<\/div>\n<\/td>\n<\/tr>\n<\/tbody>\n<\/table>\n<\/div>\n<\/div>\n<div id=\"ali-anchor-AliMagic-wx3ija\" class=\"magic-5\" data-section=\"AliMagic-wx3ija\" data-section-title=\"Application\">Aplica\u00e7\u00e3o<\/div>\n<div class=\"icbu-pc-images magic-6\">\n<div>\n<div class=\"flex-layout-v\">\n<div class=\"flex-layout-h magic-6\">\n<div class=\"magic-25\"><img decoding=\"async\" class=\"magic-26\" src=\"https:\/\/img.yfisher.com\/m6076\/1725726790j45\/jpg70-t3-scale100.webp\" alt=\"Filtro de cartucho de PP fundido e soprado de grande di\u00e2metro SWRO Filtro de cartucho de alto fluxo com design de n\u00facleo pr\u00f3prio para \u00e1gua do mar RO Pr\u00e9-filtragem 33\" data-lazy=\"2\" title=\"\"><\/div>\n<\/div>\n<\/div>\n<\/div>\n<\/div>\n<div class=\"detail-decorate-json-renderer-container\">\n<div class=\"magic-0\">\n<div class=\"magic-2\">\n<div class=\"magic-3\">\n<div class=\"magic-4\">\n<p class=\"magic-11\">1. Tratamento de \u00e1gua pot\u00e1vel<br \/>\n2. Tratamento de \u00e1guas industriais, como a ind\u00fastria eletr\u00f3nica, energ\u00e9tica, de revestimento e petrol\u00edfera.<br \/>\n3. Pr\u00e9-filtragem do sistema RO\/DI<br \/>\n4. Alimenta\u00e7\u00e3o e bebidas<br \/>\n5. Dessaliniza\u00e7\u00e3o da \u00e1gua do mar<br \/>\n6. Produto qu\u00edmico, solvente, vinho, etc.<\/p>\n<\/div>\n<\/div>\n<\/div>\n<\/div>\n<\/div>\n<div id=\"ali-anchor-AliMagic-37ol3s\" class=\"magic-5\" data-section=\"AliMagic-37ol3s\" data-section-title=\"Related Products\">Produtos relacionados<\/div>\n<div class=\"icbu-pc-images magic-6\">\n<div>\n<div class=\"flex-layout-v\">\n<div class=\"flex-layout-h magic-6\">\n<div class=\"magic-27\"><img decoding=\"async\" class=\"magic-28\" src=\"https:\/\/img.yfisher.com\/m6076\/1725286991npi\/jpg70-t3-scale100.webp\" alt=\"Filtro de cartucho PP Meltblown SWRO de grande di\u00e2metro com design de n\u00facleo pr\u00f3prio para pr\u00e9-filtragem RO de \u00e1gua do mar 35\" data-lazy=\"2\" title=\"\"><\/div>\n<\/div>\n<\/div>\n<\/div>\n<\/div>\n<div id=\"ali-anchor-AliMagic-ipngng\" class=\"magic-5\" data-section=\"AliMagic-ipngng\" data-section-title=\"Our Company\">A nossa empresa<\/div>\n<div class=\"icbu-pc-images magic-6\">\n<div>\n<div class=\"flex-layout-v\">\n<div class=\"flex-layout-h magic-6\">\n<div class=\"magic-29\"><img decoding=\"async\" class=\"magic-30\" src=\"https:\/\/img.yfisher.com\/m6076\/17252869910zy\/jpg70-t3-scale100.webp\" alt=\"Filtro de cartucho PP Meltblown SWRO de grande di\u00e2metro com design de n\u00facleo pr\u00f3prio para pr\u00e9-filtragem RO de \u00e1gua do mar 37\" data-lazy=\"2\" title=\"\"><\/div>\n<\/div>\n<\/div>\n<\/div>\n<\/div>\n<div class=\"icbu-pc-images magic-6\">\n<div>\n<div class=\"flex-layout-v\">\n<div class=\"flex-layout-h magic-6\">\n<div class=\"magic-31\"><img decoding=\"async\" class=\"magic-32\" src=\"https:\/\/img.yfisher.com\/m6076\/1725726784cdv\/jpg70-t3-scale100.webp\" alt=\"Filtro de cartucho PP Meltblown SWRO de grande di\u00e2metro com design de n\u00facleo pr\u00f3prio para pr\u00e9-filtragem RO de \u00e1gua do mar 39\" data-lazy=\"2\" title=\"\"><\/div>\n<\/div>\n<\/div>\n<\/div>\n<\/div>\n<div class=\"icbu-pc-images magic-6\">\n<div>\n<div class=\"flex-layout-v\">\n<div class=\"flex-layout-h magic-6\">\n<div class=\"magic-33\"><img decoding=\"async\" class=\"magic-34\" src=\"https:\/\/img.yfisher.com\/m6076\/172528699264c\/jpg70-t3-scale100.webp\" alt=\"Filtro de Cartucho PP Meltblown SWRO de grande di\u00e2metro com design de n\u00facleo pr\u00f3prio para pr\u00e9-filtragem RO de \u00e1gua do mar 41\" data-lazy=\"2\" title=\"\"><\/div>\n<\/div>\n<\/div>\n<\/div>\n<\/div>\n<div id=\"ali-anchor-AliMagic-sg0gq4\" class=\"magic-5\" data-section=\"AliMagic-sg0gq4\" data-section-title=\"Certification\">Certifica\u00e7\u00e3o<\/div>\n<div class=\"icbu-pc-images magic-6\">\n<div>\n<div class=\"flex-layout-v\">\n<div class=\"flex-layout-h magic-6\">\n<div class=\"magic-35\"><img decoding=\"async\" class=\"magic-36\" src=\"https:\/\/img.yfisher.com\/m6076\/1725286992mhb\/jpg70-t3-scale100.webp\" alt=\"Filtro de cartucho PP Meltblown SWRO de grande di\u00e2metro com design de n\u00facleo pr\u00f3prio para pr\u00e9-filtragem RO de \u00e1gua do mar 43\" data-lazy=\"2\" title=\"\"><\/div>\n<\/div>\n<\/div>\n<\/div>\n<\/div>\n<div id=\"ali-anchor-AliMagic-pba5yx\" class=\"magic-5\" data-section=\"AliMagic-pba5yx\" data-section-title=\"Contact\">Contacto<\/div>\n<div class=\"icbu-pc-images magic-6\">\n<div>\n<div class=\"flex-layout-v\">\n<div class=\"flex-layout-h magic-6\">\n<div class=\"magic-37\"><img decoding=\"async\" class=\"magic-38\" src=\"https:\/\/img.yfisher.com\/m6076\/1725286992iz8\/jpg70-t3-scale100.webp\" alt=\"Filtro de cartucho PP Meltblown SWRO de grande di\u00e2metro com design de n\u00facleo pr\u00f3prio para pr\u00e9-filtragem RO de \u00e1gua do mar 45\" data-lazy=\"2\" title=\"\"><\/div>\n<\/div>\n<\/div>\n<\/div>\n<\/div>\n<\/div>\n<\/div>\n<\/div>\n<div data-module=\"detailMarketPackage\"><\/div>\n<div data-module=\"productAuth\"><\/div>\n<\/div>\n<\/div>\n<div class=\"diffStatement\">Com a melhoria cont\u00ednua do produto, este ter\u00e1 certamente uma maior aplica\u00e7\u00e3o. N\u00e3o confere sabor, odor ou cor ao produto filtrado. Este produto \u00e9 amplamente conhecido e bem aceite na ind\u00fastria. N\u00e3o confere sabor, odor ou cor ao produto filtrado.<\/div>","protected":false},"excerpt":{"rendered":"<table>\n<thead>\n<tr>\n<th>Item<\/th>\n<th>Detalhes<\/th>\n<\/tr>\n<\/thead>\n<tbody>\n<tr>\n<td>Estado<\/td>\n<td>Novo<\/td>\n<\/tr>\n<tr>\n<td>Sectores aplic\u00e1veis<\/td>\n<td>Hot\u00e9is, lojas de vestu\u00e1rio, lojas de materiais de constru\u00e7\u00e3o, f\u00e1bricas, lojas de repara\u00e7\u00e3o de m\u00e1quinas, f\u00e1bricas de alimentos e bebidas, quintas, restaurantes, uso dom\u00e9stico, com\u00e9rcio a retalho, lojas de alimentos, gr\u00e1ficas, obras de constru\u00e7\u00e3o, energia e minas, lojas de alimentos e bebidas, empresas de publicidade<\/td>\n<\/tr>\n<tr>\n<td>Servi\u00e7o p\u00f3s-garantia<\/td>\n<td>Apoio em linha<\/td>\n<\/tr>\n<tr>\n<td>Localiza\u00e7\u00e3o do servi\u00e7o local<\/td>\n<td>Nenhum<\/td>\n<\/tr>\n<tr>\n<td>Localiza\u00e7\u00e3o da sala de exposi\u00e7\u00f5es<\/td>\n<td>Nenhum<\/td>\n<\/tr>\n<tr>\n<td>Local de origem<\/td>\n<td>Guangdong, China<\/td>\n<\/tr>\n<tr>\n<td>Nome da marca<\/td>\n<td>Lvyuan \/ OEM<\/td>\n<\/tr>\n<tr>\n<td>Material<\/td>\n<td>Polipropileno<\/td>\n<\/tr>\n<tr>\n<td>Peso<\/td>\n<td>Depende<\/td>\n<\/tr>\n<tr>\n<td>Tamanho<\/td>\n<td>Padr\u00e3o ou personaliza\u00e7\u00e3o<\/td>\n<\/tr>\n<tr>\n<td>Pot\u00eancia<\/td>\n<td>0<\/td>\n<\/tr>\n<tr>\n<td>Garantia<\/td>\n<td>N\u00e3o dispon\u00edvel<\/td>\n<\/tr>\n<tr>\n<td>Nome do produto<\/td>\n<td>Filtro de cartucho em polipropileno PP<\/td>\n<\/tr>\n<tr>\n<td>Taxa de microns<\/td>\n<td>Cartucho de filtros de 1\/3\/5\/10\/25\/50\/75\/100 m\u00edcrones<\/td>\n<\/tr>\n<tr>\n<td>Certifica\u00e7\u00e3o<\/td>\n<td>CE, SGS<\/td>\n<\/tr>\n<tr>\n<td>Aplica\u00e7\u00e3o<\/td>\n<td>Pe\u00e7as para filtros de \u00e1gua, Osmose inversa<\/td>\n<\/tr>\n<tr>\n<td>Comprimento<\/td>\n<td>5\u2033, 10\u2033, 20\u2033, 30\u2033, 40\u2033, 50\u2033 polegadas<\/td>\n<\/tr>\n<tr>\n<td>Meios filtrantes<\/td>\n<td>Polipropileno PP fiado<\/td>\n<\/tr>\n<tr>\n<td>Tampa da extremidade<\/td>\n<td>DOE \/ 222Fin \/ 226Fin \/ 222Flat \/ 226Flat<\/td>\n<\/tr>\n<tr>\n<td>Material da junta\/anel<\/td>\n<td>Silicone \/ EPDM \/ Viton<\/td>\n<\/tr>\n<tr>\n<td>Utiliza\u00e7\u00e3o<\/td>\n<td>Filtro de cartucho para l\u00edquidos<\/td>\n<\/tr>\n<tr>\n<td>N\u00facleo interno<\/td>\n<td>PP, a\u00e7o inoxid\u00e1vel, nenhum<\/td>\n<\/tr>\n<\/tbody>\n<\/table>","protected":false},"featured_media":703,"comment_status":"open","ping_status":"closed","template":"","meta":{"_gspb_post_css":""},"product_brand":[],"product_cat":[23,17],"product_tag":[297,299,298,294,295,296],"class_list":{"0":"post-701","1":"product","2":"type-product","3":"status-publish","4":"has-post-thumbnail","6":"product_cat-pp-filter-cartridge","7":"product_cat-sediment-filter","8":"product_tag-1-100-micron-cartridge","9":"product_tag-ce-sgs-certified","10":"product_tag-lvyuan-oem","11":"product_tag-polypropylene-pp-cartridge-filter","12":"product_tag-pp-spun-filter","13":"product_tag-reverse-osmosis-filter-parts","15":"first","16":"instock","17":"shipping-taxable","18":"product-type-simple"},"_links":{"self":[{"href":"https:\/\/lyfilter.com\/pt\/wp-json\/wp\/v2\/product\/701","targetHints":{"allow":["GET"]}}],"collection":[{"href":"https:\/\/lyfilter.com\/pt\/wp-json\/wp\/v2\/product"}],"about":[{"href":"https:\/\/lyfilter.com\/pt\/wp-json\/wp\/v2\/types\/product"}],"replies":[{"embeddable":true,"href":"https:\/\/lyfilter.com\/pt\/wp-json\/wp\/v2\/comments?post=701"}],"wp:featuredmedia":[{"embeddable":true,"href":"https:\/\/lyfilter.com\/pt\/wp-json\/wp\/v2\/media\/703"}],"wp:attachment":[{"href":"https:\/\/lyfilter.com\/pt\/wp-json\/wp\/v2\/media?parent=701"}],"wp:term":[{"taxonomy":"product_brand","embeddable":true,"href":"https:\/\/lyfilter.com\/pt\/wp-json\/wp\/v2\/product_brand?post=701"},{"taxonomy":"product_cat","embeddable":true,"href":"https:\/\/lyfilter.com\/pt\/wp-json\/wp\/v2\/product_cat?post=701"},{"taxonomy":"product_tag","embeddable":true,"href":"https:\/\/lyfilter.com\/pt\/wp-json\/wp\/v2\/product_tag?post=701"}],"curies":[{"name":"wp","href":"https:\/\/api.w.org\/{rel}","templated":true}]}}