{"id":680,"date":"2025-12-24T06:21:24","date_gmt":"2025-12-24T06:21:24","guid":{"rendered":"https:\/\/lyfilter.com\/?post_type=product&#038;p=680"},"modified":"2025-12-24T06:21:24","modified_gmt":"2025-12-24T06:21:24","slug":"factory-price-porous-pe-frit-disc-with-custom-size","status":"publish","type":"product","link":"https:\/\/lyfilter.com\/pt\/factory-price-porous-pe-frit-disc-with-custom-size\/","title":{"rendered":"Pre\u00e7o de f\u00e1brica Disco de frita de PE poroso com tamanho personalizado"},"content":{"rendered":"<div class=\"d-tem11-graphic tem11-graphic mockup\" data-detail=\"wrap\">\n<div class=\"tab_row\">\n<div class=\"img\"><img decoding=\"async\" src=\"https:\/\/img.yfisher.com\/m6076\/1725726704dwx\/jpg70-t3-scale100.webp\" alt=\"Pre\u00e7o de f\u00e1brica Disco de frita de PE poroso com tamanho personalizado 2\" data-lazy=\"2\" title=\"\"><\/div>\n<div class=\"text_box\">\n<div class=\"txt\">\n<div class=\"title\">A Lvyuan produz uma vasta gama de\u00a0<a href=\"https:\/\/lyfilter.com\/pt\/sintered-porous-plastic.html\/\">pl\u00e1stico poroso sinterizado<\/a>\u00a0produtos de filtragem, incluindo PE poroso, HDPE, PTFE, PVDF, PA, Nylon 6, com formas de tubo, vareta, vela, folha, etc. Com v\u00e1rias taxas de filtragem, formas e carater\u00edsticas, os cartuchos de filtro de pl\u00e1stico poroso sinterizado s\u00e3o amplamente utilizados no tratamento de \u00e1gua, engenharia qu\u00edmica, tratamento m\u00e9dico, autom\u00f3vel, prote\u00e7\u00e3o ambiental e outras ind\u00fastrias, tais como separador e silenciador de \u00e1gua de \u00f3leo, testador de condu\u00e7\u00e3o embriagado, tamp\u00e3o cego para tratamento m\u00e9dico, dispositivo de filtragem de xarope e gordura, fatias anti-explos\u00e3o para bateria industrial, fatias \u00e0 prova de \u00e1cido para bateria de autom\u00f3vel, tratamento de \u00e1guas residuais, sistema de filtro de purifica\u00e7\u00e3o de \u00e1gua e muito mais.<\/div>\n<\/div>\n<\/div>\n<\/div>\n<\/div>\n<div class=\"er-fangkuang1\">\n<p>\u25c6\u25c6 Os filtros de pl\u00e1sticos porosos sinterizados Lvyuan podem atender aos requisitos de diferentes clientes. Formas moldadas personalizadas est\u00e3o dispon\u00edveis.<\/p>\n<p>PE e PEAD\u00a0<a href=\"https:\/\/lyfilter.com\/pt\/sintered-filter-cartridge.html\/\">Cartucho de filtro sinterizado<\/a>\uff1a<br \/>\nOs produtos de polietileno poroso sinterizado (PE) s\u00e3o os pl\u00e1sticos mais utilizados\u00a0<a href=\"https:\/\/lyfilter.com\/pt\/products.html\/\">elemento filtrante<\/a>\u00a0no mundo. O pl\u00e1stico PE poroso \u00e9 um termopl\u00e1stico forte e leve, com uma forte resist\u00eancia qu\u00edmica (\u00e1cidos e \u00e1lcalis) e uma ampla gama de microns de 1 a 200um. O polietileno de ultra-alto peso molecular (UHMWPE) e o polietileno de alta densidade (HDPE) est\u00e3o dispon\u00edveis em tubos, folhas, varetas e formas moldadas para diferentes aplica\u00e7\u00f5es.<\/p>\n<p>Cartucho de filtro sinterizado em PTFE:<br \/>\nOs elementos filtrantes microporosos de PTFE s\u00e3o produzidos atrav\u00e9s da sinteriza\u00e7\u00e3o de gr\u00e2nulos de PTFE (Politetrafluoroetileno) puro, n\u00e3o sendo utilizadas quaisquer outras subst\u00e2ncias na sua constru\u00e7\u00e3o. Estes elementos filtrantes s\u00e3o normalmente propostos quando apenas pode ser utilizado PTFE puro descart\u00e1vel 100%. A vantagem do PTFE \u00e9 uma temperatura m\u00e1xima mais alta, at\u00e9 200 \u2103, e uma resist\u00eancia qu\u00edmica um pouco melhor. Esses elementos filtrantes devem ser limpos por ultrassom para obter melhores resultados.<\/p>\n<p>Cartucho de filtro sinterizado PVDF:<br \/>\nOs produtos de PVDF (fluoreto de polivinilideno) poroso sinterizado s\u00e3o uma boa escolha quando expostos a condi\u00e7\u00f5es t\u00e9rmicas, ultravioletas, de ozono e qu\u00edmicas adversas. Os produtos de PVDF poroso s\u00e3o extremamente duros e t\u00eam um tamanho m\u00e9dio de poro de 25 m\u00edcrones. Pode trabalhar em temperatura de -62 a 149 \u2103.<\/p>\n<p>Cartucho de filtro sinterizado PA\/Nylon:<br \/>\nO nylon, nome comercial das poliamidas (PA), \u00e9 um pol\u00edmero semi-cristalino que cont\u00e9m grupos amina e carbonilo. Existem v\u00e1rias vers\u00f5es. Nylon \/ PA tem alta resist\u00eancia e resist\u00eancia t\u00e9rmica com uma termperatura de amolecimento de 190 \u2103. Temperatura de trabalho de -40 \u2103 a 121 \u2103, produtos porosos de PA \/ Nylon sinterizados t\u00eam resist\u00eancia \u00e0 tra\u00e7\u00e3o muito alta, boa resist\u00eancia \u00e0 abras\u00e3o e qu\u00edmica e baixo coeficiente de atrito.<\/p>\n<\/div>\n<div class=\"er-fangkuang1\">\n<p>\u00a0 Carater\u00edstica do produto<\/p>\n<div class=\"description\">\n<ul>\n<li><span class=\"font-color\">\u25ea \u00a0\u00a0<\/span>Elevada porosidade (60%) para assegurar um maior fluxo por unidade de \u00e1rea;<\/li>\n<li><span class=\"font-color\">\u25ea\u00a0 \u00a0<\/span>Superf\u00edcie exterior lisa, as impurezas n\u00e3o s\u00e3o f\u00e1ceis de aderir, a lavagem das costas \u00e9 f\u00e1cil e completa;<\/li>\n<li><span class=\"font-color\">\u25ea\u00a0 \u00a0<\/span>Capacidade anti-incrustante: a pequena dimens\u00e3o do filtro impede que as impurezas fiquem retidas no corpo do filtro;<\/li>\n<li><span class=\"font-color\">\u25ea\u00a0 \u00a0<\/span>Resist\u00eancia a \u00e1cidos fortes, corros\u00e3o alcalina, resist\u00eancia a solventes org\u00e2nicos;<\/li>\n<li><span class=\"font-color\">\u25ea\u00a0 \u00a0<\/span>Excelentes propriedades mec\u00e2nicas;<\/li>\n<li><span class=\"font-color\">\u25ea\u00a0 \u00a0<\/span>N\u00e3o h\u00e1 liberta\u00e7\u00e3o de part\u00edculas.<\/li>\n<li><span class=\"font-color\">\u25ea\u00a0 \u00a0<\/span>Gama de produtos e vasto \u00e2mbito de aplica\u00e7\u00e3o<\/li>\n<\/ul>\n<\/div>\n<\/div>\n<div class=\"d-tem04-title text-left d-interval manS\" data-detail=\"wrap\">\n<h2 class=\"heading\">Par\u00e2metro do produto<\/h2>\n<\/div>\n<div class=\"table-responsive\">\n<table class=\"table table-bordered table-hover\">\n<tbody>\n<tr class=\"firstRow\">\n<td colspan=\"2\"><strong>Dimens\u00f5es do cartucho Fiter<\/strong><\/td>\n<\/tr>\n<tr>\n<td width=\"284\">Tamanho normal (mm)<\/td>\n<td width=\"660\">31x12x1000, 31x20x1000, 38x20x1000, 38x18x1000, 38x20x1200, 38x20x1300, 38x20x150, 38x20x400, 38x20x250, 38x20x200, 38x20x180, 38x20x150, 50x20x1000, 50x31x1000, 50x38x1000, 65x31x1000, 65x38x1000, 64x44x1000, 78x62x750mm, etc.<\/td>\n<\/tr>\n<tr>\n<td width=\"193\">Outras dimens\u00f5es<\/td>\n<td width=\"659\">Personalizado a pedido do cliente.<\/td>\n<\/tr>\n<tr>\n<td colspan=\"2\"><strong>Material de constru\u00e7\u00e3o<\/strong><\/td>\n<\/tr>\n<tr>\n<td width=\"193\">Op\u00e7\u00e3o de meio filtrante<\/td>\n<td width=\"659\">PE, HDPE, PTFE, PVDF, PA\/Nylon, etc.<\/td>\n<\/tr>\n<tr>\n<td width=\"193\">Tipo de conetor<\/td>\n<td width=\"659\">Plano, Tipo de inser\u00e7\u00e3o, Tipo de rosca, Barbatana<\/td>\n<\/tr>\n<tr>\n<td width=\"193\">Tampas de extremidade<\/td>\n<td width=\"659\">PP, M36, M30, M25, M22, M14, M12, ou a pedido.<\/td>\n<\/tr>\n<tr>\n<td colspan=\"2\"><strong>Desempenho<\/strong><\/td>\n<\/tr>\n<tr>\n<td width=\"193\">Taxa de remo\u00e7\u00e3o<\/td>\n<td width=\"659\">0,3, 0,45, 1, 3, 5, 10,20, 30, 40, 50 \u03bcm<\/td>\n<\/tr>\n<tr>\n<td width=\"193\">Temperatura m\u00e1xima de funcionamento<\/td>\n<td width=\"659\">\u2266 82 \u2103<\/td>\n<\/tr>\n<tr>\n<td width=\"193\">Press\u00e3o m\u00e1xima de funcionamento<\/td>\n<td width=\"659\">6,0 bar<\/td>\n<\/tr>\n<\/tbody>\n<\/table>\n<\/div>","protected":false},"excerpt":{"rendered":"<table>\n<thead>\n<tr>\n<th>Item<\/th>\n<th>Detalhes<\/th>\n<\/tr>\n<\/thead>\n<tbody>\n<tr>\n<td>Porto de in\u00edcio<\/td>\n<td>Guangzhou<\/td>\n<\/tr>\n<tr>\n<td>Capacidade de produ\u00e7\u00e3o<\/td>\n<td>10.000 unidades\/m\u00eas<\/td>\n<\/tr>\n<tr>\n<td>Local de origem<\/td>\n<td>Guangdong, China<\/td>\n<\/tr>\n<tr>\n<td>Pagamento<\/td>\n<td>L\/C, D\/P, Garantia de com\u00e9rcio de Alibaba, PayPal<\/td>\n<\/tr>\n<tr>\n<td>Modelo<\/td>\n<td>LY-HFPL-7<\/td>\n<\/tr>\n<tr>\n<td>Prazo de entrega<\/td>\n<td>No prazo de 7 dias \u00fateis<\/td>\n<\/tr>\n<tr>\n<td>Certifica\u00e7\u00e3o<\/td>\n<td>ISO 9001<\/td>\n<\/tr>\n<tr>\n<td>Marca<\/td>\n<td>OEM\/Lvyuan<\/td>\n<\/tr>\n<\/tbody>\n<\/table>","protected":false},"featured_media":681,"comment_status":"open","ping_status":"closed","template":"","meta":{"_gspb_post_css":""},"product_brand":[],"product_cat":[17,22],"product_tag":[279,261,289,260,278,282],"class_list":{"0":"post-680","1":"product","2":"type-product","3":"status-publish","4":"has-post-thumbnail","6":"product_cat-sediment-filter","7":"product_cat-sintered-filter-cartridge","8":"product_tag-alibaba-trade-assurance","9":"product_tag-guangdong-china","10":"product_tag-guangzhou-shipping","11":"product_tag-iso-9001","12":"product_tag-ly-hfpl-7","13":"product_tag-oem-lvyuan","15":"first","16":"instock","17":"shipping-taxable","18":"product-type-simple"},"_links":{"self":[{"href":"https:\/\/lyfilter.com\/pt\/wp-json\/wp\/v2\/product\/680","targetHints":{"allow":["GET"]}}],"collection":[{"href":"https:\/\/lyfilter.com\/pt\/wp-json\/wp\/v2\/product"}],"about":[{"href":"https:\/\/lyfilter.com\/pt\/wp-json\/wp\/v2\/types\/product"}],"replies":[{"embeddable":true,"href":"https:\/\/lyfilter.com\/pt\/wp-json\/wp\/v2\/comments?post=680"}],"wp:featuredmedia":[{"embeddable":true,"href":"https:\/\/lyfilter.com\/pt\/wp-json\/wp\/v2\/media\/681"}],"wp:attachment":[{"href":"https:\/\/lyfilter.com\/pt\/wp-json\/wp\/v2\/media?parent=680"}],"wp:term":[{"taxonomy":"product_brand","embeddable":true,"href":"https:\/\/lyfilter.com\/pt\/wp-json\/wp\/v2\/product_brand?post=680"},{"taxonomy":"product_cat","embeddable":true,"href":"https:\/\/lyfilter.com\/pt\/wp-json\/wp\/v2\/product_cat?post=680"},{"taxonomy":"product_tag","embeddable":true,"href":"https:\/\/lyfilter.com\/pt\/wp-json\/wp\/v2\/product_tag?post=680"}],"curies":[{"name":"wp","href":"https:\/\/api.w.org\/{rel}","templated":true}]}}