{"id":661,"date":"2025-12-24T06:06:07","date_gmt":"2025-12-24T06:06:07","guid":{"rendered":"https:\/\/lyfilter.com\/?post_type=product&#038;p=661"},"modified":"2026-04-16T11:50:33","modified_gmt":"2026-04-16T11:50:33","slug":"10-inch-1-micron-stainless-steel-ss316-metal-porous-sintered-filter-cartridge-for-liquid-filtration","status":"publish","type":"product","link":"https:\/\/lyfilter.com\/pt\/10-inch-1-micron-stainless-steel-ss316-metal-porous-sintered-filter-cartridge-for-liquid-filtration\/","title":{"rendered":"Cartucho de filtro sinterizado poroso met\u00e1lico SS316 de 10 polegadas com 1 m\u00edcron de a\u00e7o inoxid\u00e1vel para filtra\u00e7\u00e3o de l\u00edquidos"},"content":{"rendered":"<div class=\"d-tem11-graphic tem11-graphic mockup\" data-detail=\"wrap\">\n<div class=\"tab_row\">\n<div class=\"img\"><img decoding=\"async\" title=\"Cartucho de filtro de metal sinterizado\" src=\"https:\/\/img.yfisher.com\/m6076\/1725286980bjf\/jpg70-t3-scale100.webp\" alt=\"Cartucho de filtro de metal sinterizado\" border=\"0\" vspace=\"0\" data-lazy=\"2\" \/><\/div>\n<div class=\"text_box\">\n<div class=\"txt\">\n<div class=\"title\">\n<p><strong>O cartucho de filtro de metal sinterizado \u00e9 feito por moldagem de p\u00f3 inoxid\u00e1vel atrav\u00e9s de sinteriza\u00e7\u00e3o a alta temperatura, tamb\u00e9m adopta uma tecnologia \u00fanica e controla rigorosamente a t\u00e9cnica de produ\u00e7\u00e3o (inclui distribui\u00e7\u00e3o de gr\u00e3os de energia, moldagem e sinteriza\u00e7\u00e3o).\u00a0<\/strong><\/p>\n<p><strong>Os filtros sinterizados de a\u00e7o inoxid\u00e1vel caracterizam-se pela elevada resist\u00eancia da maquinaria, as condi\u00e7\u00f5es elevadas podem ser ajustadas de modo a produzir o filtro sinterizado de metal poroso com um \u00e2mbito de precis\u00e3o mais alargado. Resist\u00eancia a altas temperaturas e boa permeabilidade ao ar.<\/strong><\/p>\n<p><strong>O cartucho de filtro de metal da Lvyuan Filter com excelente resist\u00eancia de maquinaria, aplic\u00e1vel \u00e0 alta temperatura, alta press\u00e3o e forte corrosividade.<\/strong><\/p>\n<\/div>\n<\/div>\n<\/div>\n<\/div>\n<\/div>\n<div class=\"er-fangkuang1\">\n<p>\u25c6\u25c6 Principais casos de aplica\u00e7\u00e3o<\/p>\n<p>1. Filtra\u00e7\u00e3o e recupera\u00e7\u00e3o do catalisador.<\/p>\n<p>2. Filtragem de gases quentes na ind\u00fastria petroqu\u00edmica<\/p>\n<p>3. Purifica\u00e7\u00e3o de gases de combust\u00e3o a alta temperatura da ind\u00fastria metal\u00fargica<\/p>\n<p>4. Recupera\u00e7\u00e3o de poeiras de leito emulado s\u00f3lido e g\u00e1s<\/p>\n<p>5. Purifica\u00e7\u00e3o de poeiras e gases finais da produ\u00e7\u00e3o de energia el\u00e9ctrica t\u00e9rmica e nuclear.<\/p>\n<p>&nbsp;<\/p>\n<\/div>\n<div class=\"er-fangkuang1\">\n<p>\u00a0 Carater\u00edstica do produto<\/p>\n<div class=\"description\">\n<ul>\n<li><span class=\"font-color\">Alta porosidade e boa permeabilidade ao ar, sem migra\u00e7\u00e3o de meios.<\/span><\/li>\n<li><span class=\"font-color\">\u25ea\u00a0 \u00a0<\/span>Elevada capacidade de reten\u00e7\u00e3o de sujidade.<\/li>\n<li><span class=\"font-color\">\u25ea\u00a0 \u00a0<\/span>Resist\u00eancia a altas press\u00f5es, capacidade de carga e baixa queda de press\u00e3o.<\/li>\n<li><span class=\"font-color\">\u25ea\u00a0 \u00a0<\/span>Resist\u00eancia a altas temperaturas \uff0c Especialmente aplic\u00e1vel \u00e0 filtragem de g\u00e1s quente<\/li>\n<li><span class=\"font-color\">\u25ea\u00a0 \u00a0<\/span>V\u00e1rias classifica\u00e7\u00f5es de microns dispon\u00edveis de 1 \u03bcm a 200 \u03bcm nominais.<\/li>\n<li><span class=\"font-color\">\u25ea\u00a0 \u00a0<\/span>Forte resist\u00eancia \u00e0 corros\u00e3o para uma ampla compatibilidade qu\u00edmica.<\/li>\n<li><span class=\"font-color\">\u25ea<\/span>\u00a0\u00a0Fabricado inteiramente em SS316 ou SS316L, lav\u00e1vel e reutiliz\u00e1vel<\/li>\n<li><span class=\"font-color\">\u25ea\u00a0 \u00a0<\/span>Dimens\u00f5es personalizadas s\u00e3o bem-vindas.<\/li>\n<\/ul>\n<\/div>\n<\/div>\n<div class=\"d-tem04-title text-left d-interval manS\" data-detail=\"wrap\">\n<h2 class=\"heading\">Par\u00e2metro do produto<\/h2>\n<\/div>\n<p>Os cartuchos de filtro sinterizados da Lvyuan Filter s\u00e3o fabricados atrav\u00e9s de um processo de fus\u00e3o de v\u00e1rias camadas de fibras de metal ou pol\u00edmero sob calor e press\u00e3o intensos, estes cartuchos de filtro sinterizados oferecem uma durabilidade e um desempenho excepcionais. Com uma estrutura porosa, os cartuchos de filtro SS sinterizados s\u00e3o excelentes na reten\u00e7\u00e3o de part\u00edculas finas, mantendo elevados caudais.<\/p>\n<div class=\"table-responsive\">\n<table class=\"table table-bordered table-hover\">\n<tbody>\n<tr class=\"firstRow\">\n<td colspan=\"2\"><strong>Dimens\u00f5es do cartucho Fiter<\/strong><\/td>\n<\/tr>\n<tr>\n<td>Comprimento<\/td>\n<td>5\u2019\u2019 (125mm), 10\u2019\u2019 (250mm), 20\u2019\u2019 (500mm), 30\u2019\u2019 (750mm), 40\u2019\u2019 (1000mm)<\/td>\n<\/tr>\n<tr>\n<td>Di\u00e2metro<\/td>\n<td>\u00d860, 65, 70, 80 mm<\/td>\n<\/tr>\n<tr>\n<td>Outras dimens\u00f5es<\/td>\n<td>Personalizado a pedido do cliente.<\/td>\n<\/tr>\n<tr>\n<td colspan=\"2\"><strong>Material de constru\u00e7\u00e3o<\/strong><\/td>\n<\/tr>\n<tr>\n<td>Meios filtrantes<\/td>\n<td>SUS316\uff0c A\u00e7o inoxid\u00e1vel 316L<\/td>\n<\/tr>\n<tr>\n<td>Tipo de conetor<\/td>\n<td>Plano, Tipo de inser\u00e7\u00e3o, Tipo de rosca, Barbatana<\/td>\n<\/tr>\n<tr>\n<td>Tampas de extremidade<\/td>\n<td>DOE, SOE, 215, 222, 226, M20, M30, M42, 1\u2019\u2019 NPT\/BSP ou conforme pedido.<\/td>\n<\/tr>\n<tr>\n<td>Material de veda\u00e7\u00e3o<\/td>\n<td>Silicone, NBR, EPDM, Buna, Teflon, etc<\/td>\n<\/tr>\n<tr>\n<td colspan=\"2\"><strong>Desempenho<\/strong><\/td>\n<\/tr>\n<tr>\n<td>Taxa de remo\u00e7\u00e3o<\/td>\n<td>0,2-200 \u03bcm, etc<\/td>\n<\/tr>\n<tr>\n<td>Temperatura de funcionamento<\/td>\n<td>\u2265 -270\u00baC, \u2264500\u00baC<\/td>\n<\/tr>\n<tr>\n<td>M\u00e9todo de limpeza<\/td>\n<td>retrolavagem, limpeza ultra-s\u00f3nica ou outra limpeza n\u00e3o abrasiva<\/td>\n<\/tr>\n<tr>\n<td>Press\u00e3o diferencial m\u00e1xima de funcionamento<\/td>\n<td>4,0 bar<\/td>\n<\/tr>\n<\/tbody>\n<\/table>\n<\/div>\n<div class=\"d-tem04-title text-left d-interval manS\" data-detail=\"wrap\">\n<h2 class=\"heading\">Detalhes do produto<\/h2>\n<\/div>\n<div class=\"d-tem05-technology mockup\" data-detail=\"wrap\">\n<div class=\"items\">\n<div class=\"item tab_row bg-color-before\">\n<div class=\"img d-font-size-fix\"><img decoding=\"async\" title=\"Filtro de a\u00e7o inoxid\u00e1vel poroso\" src=\"https:\/\/img.yfisher.com\/m6076\/1725286980kcb\/jpg70-t3-scale100.webp\" alt=\"Filtro de a\u00e7o inoxid\u00e1vel poroso\" border=\"0\" vspace=\"0\" data-lazy=\"1\" \/><\/div>\n<div class=\"text_box\">\n<div class=\"txt font-color d-font-size-fix\">\n<div class=\"numbox\">parte.1<\/div>\n<div class=\"title\">\n<p>O tamanho do gr\u00e3o do p\u00f3 e as condi\u00e7\u00f5es t\u00e9cnicas podem ser ajustados de modo a produzir o filtro de a\u00e7o inoxid\u00e1vel poroso com um \u00e2mbito de precis\u00e3o mais alargado.<\/p>\n<\/div>\n<\/div>\n<\/div>\n<\/div>\n<div class=\"item tab_row bg-color-before\">\n<div class=\"img d-font-size-fix\"><img decoding=\"async\" title=\"Cartucho de filtro em a\u00e7o inoxid\u00e1vel\" src=\"https:\/\/img.yfisher.com\/m6076\/1725286980nty\/jpg70-t3-scale100.webp\" alt=\"Cartucho de filtro em a\u00e7o inoxid\u00e1vel\" border=\"0\" vspace=\"0\" data-lazy=\"1\" \/><\/div>\n<div class=\"text_box\">\n<div class=\"txt font-color d-font-size-fix\">\n<div class=\"numbox\">parte.2<\/div>\n<div class=\"title\">A forma est\u00e1vel, a elevada resist\u00eancia ao choque e a capacidade de carga alternada s\u00e3o superiores a outros metais.<\/div>\n<\/div>\n<\/div>\n<\/div>\n<div class=\"item tab_row bg-color-before\">\n<div class=\"img d-font-size-fix\"><img decoding=\"async\" title=\"Cartucho de filtro met\u00e1lico\" src=\"https:\/\/img.yfisher.com\/m6076\/17252869809sj\/jpg70-t3-scale100.webp\" alt=\"Cartucho de filtro met\u00e1lico\" border=\"0\" vspace=\"0\" data-lazy=\"1\" \/><\/div>\n<div class=\"text_box\">\n<div class=\"txt font-color d-font-size-fix\">\n<div class=\"numbox\">parte.3<\/div>\n<div class=\"title\">Pode ser fabricado como diferentes produtos de cartucho de filtro de metal com diferentes formas e precis\u00e3o. Tamb\u00e9m pode ser combinado com v\u00e1rias interfaces atrav\u00e9s do processo de soldadura.<\/div>\n<\/div>\n<\/div>\n<\/div>\n<\/div>\n<\/div>","protected":false},"excerpt":{"rendered":"<table>\n<thead>\n<tr>\n<th>Porta de in\u00edcio:<\/th>\n<th>Guangzhou<\/th>\n<\/tr>\n<\/thead>\n<tbody>\n<tr>\n<td>Capacidade de produ\u00e7\u00e3o:<\/td>\n<td>400 unidades\/m\u00eas<\/td>\n<\/tr>\n<tr>\n<td>Local de origem:<\/td>\n<td>Guangdong, China<\/td>\n<\/tr>\n<tr>\n<td>Pagamento:<\/td>\n<td>D\/P, T\/T, Western Union, MoneyGram, Alibaba Trade Assurance, paypal<\/td>\n<\/tr>\n<tr>\n<td>MOQ:<\/td>\n<td>1 unidade<\/td>\n<\/tr>\n<tr>\n<td>Prazo de entrega:<\/td>\n<td>No prazo de 7 dias \u00fateis<\/td>\n<\/tr>\n<tr>\n<td>Certifica\u00e7\u00e3o:<\/td>\n<td>ISO 9001<\/td>\n<\/tr>\n<tr>\n<td>Marca:<\/td>\n<td>OEM\/Lvyuan<\/td>\n<\/tr>\n<\/tbody>\n<\/table>","protected":false},"featured_media":664,"comment_status":"open","ping_status":"closed","template":"","meta":{"_gspb_post_css":""},"product_brand":[],"product_cat":[17,22],"product_tag":[263,261,266,260,265,259],"class_list":{"0":"post-661","1":"product","2":"type-product","3":"status-publish","4":"has-post-thumbnail","6":"product_cat-sediment-filter","7":"product_cat-sintered-filter-cartridge","8":"product_tag-fast-delivery","9":"product_tag-guangdong-china","10":"product_tag-guangzhou","11":"product_tag-iso-9001","12":"product_tag-lvyuan","13":"product_tag-oem","15":"first","16":"instock","17":"shipping-taxable","18":"product-type-simple"},"_links":{"self":[{"href":"https:\/\/lyfilter.com\/pt\/wp-json\/wp\/v2\/product\/661","targetHints":{"allow":["GET"]}}],"collection":[{"href":"https:\/\/lyfilter.com\/pt\/wp-json\/wp\/v2\/product"}],"about":[{"href":"https:\/\/lyfilter.com\/pt\/wp-json\/wp\/v2\/types\/product"}],"replies":[{"embeddable":true,"href":"https:\/\/lyfilter.com\/pt\/wp-json\/wp\/v2\/comments?post=661"}],"wp:featuredmedia":[{"embeddable":true,"href":"https:\/\/lyfilter.com\/pt\/wp-json\/wp\/v2\/media\/664"}],"wp:attachment":[{"href":"https:\/\/lyfilter.com\/pt\/wp-json\/wp\/v2\/media?parent=661"}],"wp:term":[{"taxonomy":"product_brand","embeddable":true,"href":"https:\/\/lyfilter.com\/pt\/wp-json\/wp\/v2\/product_brand?post=661"},{"taxonomy":"product_cat","embeddable":true,"href":"https:\/\/lyfilter.com\/pt\/wp-json\/wp\/v2\/product_cat?post=661"},{"taxonomy":"product_tag","embeddable":true,"href":"https:\/\/lyfilter.com\/pt\/wp-json\/wp\/v2\/product_tag?post=661"}],"curies":[{"name":"wp","href":"https:\/\/api.w.org\/{rel}","templated":true}]}}