{"id":647,"date":"2025-12-24T03:37:00","date_gmt":"2025-12-24T03:37:00","guid":{"rendered":"https:\/\/lyfilter.com\/?post_type=product&#038;p=647"},"modified":"2025-12-24T06:31:18","modified_gmt":"2025-12-24T06:31:18","slug":"sintered-metal-filters-suppliers-porous-titanium-rod-filter-cartridge-titanium-water-filter","status":"publish","type":"product","link":"https:\/\/lyfilter.com\/pt\/sintered-metal-filters-suppliers-porous-titanium-rod-filter-cartridge-titanium-water-filter\/","title":{"rendered":"Fornecedores de filtros de metal sinterizado cartucho de filtro de haste de tit\u00e2nio poroso filtro de \u00e1gua de tit\u00e2nio"},"content":{"rendered":"<div class=\"d-tem11-graphic tem11-graphic mockup\" data-detail=\"wrap\">\n<div class=\"tab_row\">\n<div class=\"img\"><img decoding=\"async\" title=\"\" src=\"https:\/\/img.yfisher.com\/m6076\/1725726659fo8\/jpg70-t3-scale100.webp\" alt=\"Fornecedores de filtros de metal sinterizado cartucho de filtro de haste de tit\u00e2nio poroso 5\" data-lazy=\"2\"><\/div>\n<div class=\"text_box\">\n<div class=\"txt\">\n<div class=\"title\">O cartucho de filtro de \u00e1gua de tit\u00e2nio sinterizado baseia-se em p\u00f3 de tit\u00e2nio puro (99,7% ou superior) como principal mat\u00e9ria-prima, fabricado atrav\u00e9s de um processo de sinteriza\u00e7\u00e3o a alta temperatura. A estrutura uniforme, a densidade de poros pequenos \u00e9 elevada, a resist\u00eancia \u00e0 filtra\u00e7\u00e3o, boa permeabilidade. Tamb\u00e9m tem alta precis\u00e3o de filtra\u00e7\u00e3o, corros\u00e3o \u00e1cida e alcalina, carater\u00edstica de resist\u00eancia a altas temperaturas. Pode ser usado para l\u00edquido s\u00f3lido, separa\u00e7\u00e3o de g\u00e1s e purifica\u00e7\u00e3o. O desempenho do servi\u00e7o \u00e9 excelente, mas o filtro de suc\u00e7\u00e3o e o filtro-prensa n\u00e3o formar\u00e3o polui\u00e7\u00e3o secund\u00e1ria, opera\u00e7\u00e3o simples, pode ser regenera\u00e7\u00e3o on-line, f\u00e1cil de limpar e longa vida \u00fatil.<\/div>\n<\/div>\n<\/div>\n<\/div>\n<\/div>\n<div class=\"er-fangkuang1\">\n<p>\u00a0 Carater\u00edstica do produto<\/p>\n<div class=\"description\">\n<ul>\n<li style=\"list-style-type: none;\">\n<ul>\n<li><\/li>\n<li><span class=\"font-color\">\u25ea \u00a0\u00a0<\/span>Estrutura uniforme, distribui\u00e7\u00e3o estreita do tamanho dos poros e elevada efici\u00eancia de separa\u00e7\u00e3o.<\/li>\n<li><span class=\"font-color\">\u25ea\u00a0 \u00a0<\/span>Elevada porosidade, a resist\u00eancia \u00e0 filtra\u00e7\u00e3o \u00e9 menor e a efic\u00e1cia da penetra\u00e7\u00e3o \u00e9 elevada.<\/li>\n<li><span class=\"font-color\">\u25ea\u00a0 \u00a0<\/span>Resistente a altas temperaturas, pode ser utilizado normalmente abaixo dos 280 graus.<\/li>\n<li><span class=\"font-color\">\u25ea\u00a0 \u00a0<\/span>Boa estabilidade qu\u00edmica, resist\u00eancia \u00e0 corros\u00e3o \u00e1cida e alcalina e resist\u00eancia \u00e0 oxida\u00e7\u00e3o.<\/li>\n<\/ul>\n<\/li>\n<\/ul>\n<p><span class=\"font-color\">\u25ea\u00a0 \u00a0<\/span>N\u00e3o h\u00e1 queda de part\u00edculas, n\u00e3o faz com que o concentrado forme polui\u00e7\u00e3o secund\u00e1ria, est\u00e1 em conformidade com os requisitos de higiene alimentar e GMP farmac\u00eautico.<\/p>\n<ul>\n<li><span class=\"font-color\">\u25ea\u00a0 \u00a0<\/span>Bom desempenho mec\u00e2nico, pode ter a filtra\u00e7\u00e3o por suc\u00e7\u00e3o e a filtra\u00e7\u00e3o por press\u00e3o, opera\u00e7\u00e3o simples.<\/li>\n<li><span class=\"font-color\">\u25ea\u00a0 \u00a0<\/span>Baixa press\u00e3o diferencial, a \u00e1rea de cobertura \u00e9 pequena e o caudal de \u00e1gua \u00e9 grande; desempenho mec\u00e2nico fraco, pode ter filtragem por suc\u00e7\u00e3o e filtragem por press\u00e3o, funcionamento simples.<\/li>\n<li><span class=\"font-color\">\u25ea\u00a0 \u00a0<\/span>Forte capacidade antimicrobiana, sem micr\u00f3bios.<\/li>\n<li><span class=\"font-color\">\u25ea\u00a0 \u00a0<\/span>A tecnologia dos produtos acabados \u00e9 boa, o comprimento total pode ser alcan\u00e7ado at\u00e9 1000mm.<\/li>\n<li><span class=\"font-color\">\u25ea\u00a0 \u00a0<\/span>Pode ser regenerado em linha, \u00e9 f\u00e1cil de limpar e tem uma longa vida \u00fatil.<\/li>\n<\/ul>\n<\/div>\n<\/div>\n<div class=\"d-tem04-title text-left d-interval manS\" data-detail=\"wrap\">\n<h2 class=\"heading\">Par\u00e2metro do produto<\/h2>\n<\/div>\n<div class=\"table-responsive\">\n<table class=\"table table-bordered table-hover\">\n<tbody>\n<tr class=\"firstRow\">\n<td colspan=\"2\"><strong>Dimens\u00f5es do cartucho Fiter<\/strong><\/td>\n<\/tr>\n<tr>\n<td>Comprimento<\/td>\n<td>5\u2019\u2019 (125mm), 10\u2019\u2019 (250mm), 20\u2019\u2019 (500mm), 30\u2019\u2019 (750mm), 40\u2019\u2019 (1000mm\uff09<\/td>\n<\/tr>\n<tr>\n<td>Di\u00e2metro<\/td>\n<td>\u00d822, 30, 50, 60, 70, 80, 100, 120mm<\/td>\n<\/tr>\n<tr>\n<td>Outras dimens\u00f5es<\/td>\n<td>Personalizado a pedido do cliente.<\/td>\n<\/tr>\n<tr>\n<td colspan=\"2\"><strong>Material de constru\u00e7\u00e3o<\/strong><\/td>\n<\/tr>\n<tr>\n<td>Meios filtrantes<\/td>\n<td>Tit\u00e2nio<\/td>\n<\/tr>\n<tr>\n<td>Tipo de conetor<\/td>\n<td>Plano, Tipo de inser\u00e7\u00e3o, Tipo de rosca, Barbatana<\/td>\n<\/tr>\n<tr>\n<td>Tampas de extremidade<\/td>\n<td>DOE, 215, 222, 226, M20, M30, M42 ou a pedido.<\/td>\n<\/tr>\n<tr>\n<td>Material de veda\u00e7\u00e3o<\/td>\n<td>Silicone, NBR, EPDM, borracha fluorada, etc<\/td>\n<\/tr>\n<tr>\n<td colspan=\"2\"><strong>Desempenho<\/strong><\/td>\n<\/tr>\n<tr>\n<td>Taxa de remo\u00e7\u00e3o<\/td>\n<td>0,1, 0,45, 1, 3, 5, 10,20, 30, 40, 50, 100um<\/td>\n<\/tr>\n<tr>\n<td>Porosidade<\/td>\n<td>28-50%<\/td>\n<\/tr>\n<tr>\n<td>Toler\u00e2ncia de temperatura<\/td>\n<td>\u2266 300\u2103 h\u00famido<\/td>\n<\/tr>\n<tr>\n<td>Permeabilidade<\/td>\n<td>0,02-20L\/cm2 min Pa<\/td>\n<\/tr>\n<tr>\n<td>Press\u00e3o diferencial m\u00e1xima de funcionamento<\/td>\n<td>6,0 bar<\/td>\n<\/tr>\n<tr>\n<td>Caudal (L\/H)<\/td>\n<td>180, 200, 250, 280, 300, 350, 500, 800, 1000, 1500, 1600<\/td>\n<\/tr>\n<\/tbody>\n<\/table>\n<\/div>\n<p>Tabela de refer\u00eancia do caudal de \u00e1gua pura: o valor inicial do cartucho de tit\u00e2nio sinterizado de 10\u201d (P=0,2 MPa, 1cP, 25\u2103)<\/p>\n<div class=\"table-responsive\">\n<table class=\"table table-bordered table-hover\">\n<tbody>\n<tr class=\"firstRow\">\n<td>Taxa de microns (\u03bcm)<\/td>\n<td>0.2<\/td>\n<td>0.45<\/td>\n<td>1<\/td>\n<td>2<\/td>\n<td>3<\/td>\n<td>5<\/td>\n<td>10<\/td>\n<td>20<\/td>\n<td>30<\/td>\n<\/tr>\n<tr>\n<td>Caudal (L\/H)<\/td>\n<td>180<\/td>\n<td>200<\/td>\n<td>250<\/td>\n<td>280<\/td>\n<td>300<\/td>\n<td>350<\/td>\n<td>500<\/td>\n<td>800<\/td>\n<td>1000<\/td>\n<\/tr>\n<\/tbody>\n<\/table>\n<\/div>","protected":false},"excerpt":{"rendered":"<table>\n<thead>\n<tr>\n<th>Porta de in\u00edcio:<\/th>\n<th>Guangzhou<\/th>\n<\/tr>\n<\/thead>\n<tbody>\n<tr>\n<td>Capacidade de produ\u00e7\u00e3o:<\/td>\n<td>400 unidades\/m\u00eas<\/td>\n<\/tr>\n<tr>\n<td>Local de origem:<\/td>\n<td>Guangdong, China<\/td>\n<\/tr>\n<tr>\n<td>Pagamento:<\/td>\n<td>T\/T, garantia de com\u00e9rcio Alibaba, paypal<\/td>\n<\/tr>\n<tr>\n<td>MOQ:<\/td>\n<td>10 unidades<\/td>\n<\/tr>\n<tr>\n<td>Modelo:<\/td>\n<td>LY-TIC<\/td>\n<\/tr>\n<tr>\n<td>Prazo de entrega:<\/td>\n<td>Em 7 a 15 dias \u00fateis<\/td>\n<\/tr>\n<tr>\n<td>Certifica\u00e7\u00e3o:<\/td>\n<td>SGS, ISO 9001<\/td>\n<\/tr>\n<tr>\n<td>Marca:<\/td>\n<td>OEM\/Lvyuan<\/td>\n<\/tr>\n<\/tbody>\n<\/table>","protected":false},"featured_media":651,"comment_status":"open","ping_status":"closed","template":"","meta":{"_gspb_post_css":""},"product_brand":[],"product_cat":[17,22],"product_tag":[266,260,265,277,259,269],"class_list":{"0":"post-647","1":"product","2":"type-product","3":"status-publish","4":"has-post-thumbnail","6":"product_cat-sediment-filter","7":"product_cat-sintered-filter-cartridge","8":"product_tag-guangzhou","9":"product_tag-iso-9001","10":"product_tag-lvyuan","11":"product_tag-ly-tic","12":"product_tag-oem","13":"product_tag-sgs","15":"first","16":"instock","17":"shipping-taxable","18":"product-type-simple"},"_links":{"self":[{"href":"https:\/\/lyfilter.com\/pt\/wp-json\/wp\/v2\/product\/647","targetHints":{"allow":["GET"]}}],"collection":[{"href":"https:\/\/lyfilter.com\/pt\/wp-json\/wp\/v2\/product"}],"about":[{"href":"https:\/\/lyfilter.com\/pt\/wp-json\/wp\/v2\/types\/product"}],"replies":[{"embeddable":true,"href":"https:\/\/lyfilter.com\/pt\/wp-json\/wp\/v2\/comments?post=647"}],"wp:featuredmedia":[{"embeddable":true,"href":"https:\/\/lyfilter.com\/pt\/wp-json\/wp\/v2\/media\/651"}],"wp:attachment":[{"href":"https:\/\/lyfilter.com\/pt\/wp-json\/wp\/v2\/media?parent=647"}],"wp:term":[{"taxonomy":"product_brand","embeddable":true,"href":"https:\/\/lyfilter.com\/pt\/wp-json\/wp\/v2\/product_brand?post=647"},{"taxonomy":"product_cat","embeddable":true,"href":"https:\/\/lyfilter.com\/pt\/wp-json\/wp\/v2\/product_cat?post=647"},{"taxonomy":"product_tag","embeddable":true,"href":"https:\/\/lyfilter.com\/pt\/wp-json\/wp\/v2\/product_tag?post=647"}],"curies":[{"name":"wp","href":"https:\/\/api.w.org\/{rel}","templated":true}]}}