{"id":643,"date":"2025-12-24T03:34:26","date_gmt":"2025-12-24T03:34:26","guid":{"rendered":"https:\/\/lyfilter.com\/?post_type=product&#038;p=643"},"modified":"2025-12-24T06:38:59","modified_gmt":"2025-12-24T06:38:59","slug":"ss-sintered-filter-cartridge-metal-mesh-filter-suppliers","status":"publish","type":"product","link":"https:\/\/lyfilter.com\/pt\/ss-sintered-filter-cartridge-metal-mesh-filter-suppliers\/","title":{"rendered":"Filtro de malha met\u00e1lica de cartucho de filtro sinterizado SS Fornecedores"},"content":{"rendered":"<div class=\"d-tem11-graphic tem11-graphic mockup\" data-detail=\"wrap\">\n<div class=\"tab_row\">\n<div class=\"img\"><\/div>\n<div class=\"text_box\">\n<div class=\"txt\">\n<div class=\"title\">\n<p>O elemento filtrante de a\u00e7o inoxid\u00e1vel pode obter uma grande \u00e1rea de filtragem e um elevado caudal. Aumenta a vida \u00fatil do cartucho e tem maior capacidade de reten\u00e7\u00e3o de sujidade.<\/p>\n<p>Al\u00e9m disso, os cartuchos de filtro de a\u00e7o inoxid\u00e1vel s\u00e3o concebidos para aplica\u00e7\u00f5es lav\u00e1veis e reutiliz\u00e1veis, eliminando assim a substitui\u00e7\u00e3o frequente dos cartuchos, o que pode reduzir significativamente os custos de elimina\u00e7\u00e3o.<\/p>\n<p>Os cartuchos de filtro de a\u00e7o inoxid\u00e1vel n\u00e3o padronizados podem ser facilmente personalizados com v\u00e1rias dimens\u00f5es, tampa de extremidade, padr\u00e3o de gaiola externa, etc. Assim, desde que o cliente nos d\u00ea a imagem e o desenho do cartucho de filtro ss, podemos personalizar o elemento de filtro ss exato para si.<\/p>\n<\/div>\n<\/div>\n<\/div>\n<\/div>\n<\/div>\n<div class=\"er-fangkuang1\">\n<p>Os cartuchos de filtro de a\u00e7o inoxid\u00e1vel sinterizado s\u00e3o a escolha perfeita para aplica\u00e7\u00f5es de alta temperatura, alta press\u00e3o diferencial e alta viscosidade. Fabricado com material 304, 316 ou 316L, existem principalmente 3 tipos de designs de cartuchos de a\u00e7o inoxid\u00e1vel que s\u00e3o amplamente utilizados na ind\u00fastria.<\/p>\n<p>1. Cartucho de filtro de malha de arame SS de design cil\u00edndrico simples.<br \/>\n2. Cartucho de filtro de malha dobrada SS com configura\u00e7\u00e3o plissada.<br \/>\n3. Cartucho de filtro SS316 sinterizado do tipo p\u00f3 met\u00e1lico.<\/p>\n<\/div>\n<div class=\"er-fangkuang1\">\n<p>\u00a0 Carater\u00edstica do produto<\/p>\n<div class=\"description\">\n<ul>\n<li><span class=\"font-color\">\u00a0<\/span>Excelente resist\u00eancia mec\u00e2nica.<\/li>\n<li>Elevada capacidade de reten\u00e7\u00e3o de sujidade.<\/li>\n<li><span class=\"font-color\">\u00a0<\/span>Resist\u00eancia a altas press\u00f5es, capacidade de carga e baixa queda de press\u00e3o.<\/li>\n<li>Temperaturas nominais de -73\u00b0C a 480\u00b0C.<\/li>\n<li>V\u00e1rias classifica\u00e7\u00f5es de microns dispon\u00edveis de 2um a 1000um nominal.<\/li>\n<li>Lavagem posterior e limpeza para uma longa vida \u00fatil.<\/li>\n<li>Forte resist\u00eancia \u00e0 corros\u00e3o para uma ampla compatibilidade qu\u00edmica.<\/li>\n<li>Elevada permeabilidade, sem migra\u00e7\u00e3o de meios.<\/li>\n<li>Dimens\u00f5es personalizadas s\u00e3o bem-vindas.<\/li>\n<\/ul>\n<\/div>\n<\/div>\n<div class=\"d-tem04-title text-left d-interval manS\" data-detail=\"wrap\">\n<h2 class=\"heading\">Par\u00e2metro do produto<\/h2>\n<\/div>\n<div class=\"table-responsive\">\n<table class=\"table table-bordered table-hover\">\n<tbody>\n<tr class=\"firstRow\">\n<td colspan=\"2\"><strong>Dimens\u00f5es do cartucho Fiter<\/strong><\/td>\n<\/tr>\n<tr>\n<td>Comprimento<\/td>\n<td>5\u2019\u2019 (125mm), 10\u2019\u2019 (250mm), 20\u2019\u2019 (500mm), 30\u2019\u2019 (750mm), 40\u2019\u2019 (1000mm)<\/td>\n<\/tr>\n<tr>\n<td>Di\u00e2metro<\/td>\n<td>\u00d825, 30, 50, 60, 65, 70mm<\/td>\n<\/tr>\n<tr>\n<td>Outras dimens\u00f5es<\/td>\n<td>Personalizado a pedido do cliente.<\/td>\n<\/tr>\n<tr>\n<td colspan=\"2\"><strong>Material de constru\u00e7\u00e3o<\/strong><\/td>\n<\/tr>\n<tr>\n<td>Meios filtrantes<\/td>\n<td>SUS304, 316\uff0c A\u00e7o inoxid\u00e1vel 316L<\/td>\n<\/tr>\n<tr>\n<td>Tipo de conetor<\/td>\n<td>Plano, Tipo de inser\u00e7\u00e3o, Tipo de rosca, Barbatana<\/td>\n<\/tr>\n<tr>\n<td>Tampas de extremidade<\/td>\n<td>DOE, SOE, 215, 222, 226, M20, M30, M42, 1\u2019\u2019 NPT\/BSP ou conforme pedido.<\/td>\n<\/tr>\n<tr>\n<td>Rede de prote\u00e7\u00e3o exterior<\/td>\n<td>Opcional<\/td>\n<\/tr>\n<tr>\n<td>Material de veda\u00e7\u00e3o<\/td>\n<td>Silicone, NBR, EPDM, Buna, Teflon, etc<\/td>\n<\/tr>\n<tr>\n<td colspan=\"2\"><strong>Desempenho<\/strong><\/td>\n<\/tr>\n<tr>\n<td>Taxa de remo\u00e7\u00e3o<\/td>\n<td>1, 3, 5, 10,20, 30, 40, 50, 100um, etc<\/td>\n<\/tr>\n<tr>\n<td>\u00c1rea de superf\u00edcie efectiva<\/td>\n<td>0,65 m2 por elemento de cartucho de 10<\/td>\n<\/tr>\n<tr>\n<td>Temperatura de funcionamento<\/td>\n<td>\u2266 480\u2103<\/td>\n<\/tr>\n<tr>\n<td>M\u00e9todo de limpeza<\/td>\n<td>retrolavagem, limpeza ultra-s\u00f3nica ou outra limpeza n\u00e3o abrasiva<\/td>\n<\/tr>\n<tr>\n<td>Press\u00e3o diferencial m\u00e1xima de funcionamento<\/td>\n<td>4,0 bar<\/td>\n<\/tr>\n<\/tbody>\n<\/table>\n<\/div>\n<div class=\"d-tem04-title text-left d-interval manS\" data-detail=\"wrap\">\n<h2 class=\"heading\">Detalhes do produto<\/h2>\n<\/div>\n<div class=\"d-tem05-technology mockup\" data-detail=\"wrap\">\n<div class=\"items\">\n<div class=\"item tab_row bg-color-before\">\n<div class=\"text_box\">\n<div class=\"txt font-color d-font-size-fix\">\n<div class=\"numbox\">parte.1<\/div>\n<div class=\"title\">5 camadas de malha de a\u00e7o inoxid\u00e1vel sinterizado para uma elevada capacidade de reten\u00e7\u00e3o de sujidade, incluindo camada protetora, camada de filtro, camada de dispers\u00e3o, 1\u00aa camada de refor\u00e7o e 2\u00aa camada de refor\u00e7o.<\/div>\n<\/div>\n<\/div>\n<\/div>\n<div class=\"item tab_row bg-color-before\">\n<div class=\"img d-font-size-fix\"><img decoding=\"async\" title=\"\" src=\"https:\/\/img.yfisher.com\/m6076\/1725726657xnp\/jpg70-t3-scale100.webp\" alt=\"Filtro de malha met\u00e1lica de cartucho de filtro sinterizado SS Fornecedores 6\" data-lazy=\"1\"><\/div>\n<div class=\"text_box\">\n<div class=\"txt font-color d-font-size-fix\">\n<div class=\"numbox\">parte.2<\/div>\n<div class=\"title\">A rede de prote\u00e7\u00e3o exterior em a\u00e7o inoxid\u00e1vel \u00e9 opcional para evitar amolgadelas e danos na superf\u00edcie plissada.<\/div>\n<\/div>\n<\/div>\n<\/div>\n<div class=\"item tab_row bg-color-before\">\n<div class=\"img d-font-size-fix\"><img decoding=\"async\" title=\"\" src=\"https:\/\/img.yfisher.com\/m6076\/1725726657v6o\/jpg70-t3-scale100.webp\" alt=\"Filtro de malha met\u00e1lica de cartucho de filtro sinterizado SS Fornecedores 7\" data-lazy=\"1\"><\/div>\n<div class=\"text_box\">\n<div class=\"txt font-color d-font-size-fix\">\n<div class=\"numbox\">parte.3<\/div>\n<div class=\"title\">Est\u00e3o dispon\u00edveis v\u00e1rias dimens\u00f5es e v\u00e1rias tampas de extremidade.<\/div>\n<\/div>\n<\/div>\n<\/div>\n<\/div>\n<\/div>","protected":false},"excerpt":{"rendered":"<table>\n<thead>\n<tr>\n<th>Porta de in\u00edcio:<\/th>\n<th>Guangzhou<\/th>\n<\/tr>\n<\/thead>\n<tbody>\n<tr>\n<td>Capacidade de produ\u00e7\u00e3o:<\/td>\n<td>400 unidades\/m\u00eas<\/td>\n<\/tr>\n<tr>\n<td>Local de origem:<\/td>\n<td>Guangdong, China<\/td>\n<\/tr>\n<tr>\n<td>Pagamento:<\/td>\n<td>T\/T, garantia de com\u00e9rcio Alibaba, paypal<\/td>\n<\/tr>\n<tr>\n<td>MOQ:<\/td>\n<td>10 unidades<\/td>\n<\/tr>\n<tr>\n<td>Prazo de entrega:<\/td>\n<td>Em 7 a 15 dias \u00fateis<\/td>\n<\/tr>\n<tr>\n<td>Certifica\u00e7\u00e3o:<\/td>\n<td>SGS, ISO 9001<\/td>\n<\/tr>\n<tr>\n<td>Marca:<\/td>\n<td>OEM\/Lvyuan<\/td>\n<\/tr>\n<\/tbody>\n<\/table>","protected":false},"featured_media":646,"comment_status":"open","ping_status":"closed","template":"","meta":{"_gspb_post_css":""},"product_brand":[],"product_cat":[17,22],"product_tag":[261,266,260,265,259,269],"class_list":{"0":"post-643","1":"product","2":"type-product","3":"status-publish","4":"has-post-thumbnail","6":"product_cat-sediment-filter","7":"product_cat-sintered-filter-cartridge","8":"product_tag-guangdong-china","9":"product_tag-guangzhou","10":"product_tag-iso-9001","11":"product_tag-lvyuan","12":"product_tag-oem","13":"product_tag-sgs","15":"first","16":"instock","17":"shipping-taxable","18":"product-type-simple"},"_links":{"self":[{"href":"https:\/\/lyfilter.com\/pt\/wp-json\/wp\/v2\/product\/643","targetHints":{"allow":["GET"]}}],"collection":[{"href":"https:\/\/lyfilter.com\/pt\/wp-json\/wp\/v2\/product"}],"about":[{"href":"https:\/\/lyfilter.com\/pt\/wp-json\/wp\/v2\/types\/product"}],"replies":[{"embeddable":true,"href":"https:\/\/lyfilter.com\/pt\/wp-json\/wp\/v2\/comments?post=643"}],"wp:featuredmedia":[{"embeddable":true,"href":"https:\/\/lyfilter.com\/pt\/wp-json\/wp\/v2\/media\/646"}],"wp:attachment":[{"href":"https:\/\/lyfilter.com\/pt\/wp-json\/wp\/v2\/media?parent=643"}],"wp:term":[{"taxonomy":"product_brand","embeddable":true,"href":"https:\/\/lyfilter.com\/pt\/wp-json\/wp\/v2\/product_brand?post=643"},{"taxonomy":"product_cat","embeddable":true,"href":"https:\/\/lyfilter.com\/pt\/wp-json\/wp\/v2\/product_cat?post=643"},{"taxonomy":"product_tag","embeddable":true,"href":"https:\/\/lyfilter.com\/pt\/wp-json\/wp\/v2\/product_tag?post=643"}],"curies":[{"name":"wp","href":"https:\/\/api.w.org\/{rel}","templated":true}]}}