{"id":633,"date":"2025-12-24T03:28:01","date_gmt":"2025-12-24T03:28:01","guid":{"rendered":"https:\/\/lyfilter.com\/?post_type=product&#038;p=633"},"modified":"2026-04-22T00:51:55","modified_gmt":"2026-04-22T00:51:55","slug":"sintered-activated-carbon-block-filter-cartridge-customized-specification-activated-carbon-water-filter","status":"publish","type":"product","link":"https:\/\/lyfilter.com\/pt\/sintered-activated-carbon-block-filter-cartridge-customized-specification-activated-carbon-water-filter\/","title":{"rendered":"Cartucho de filtro de bloco de carv\u00e3o ativado sinterizado Especifica\u00e7\u00e3o personalizada filtro de \u00e1gua de carv\u00e3o ativado"},"content":{"rendered":"<div class=\"d-tem11-graphic tem11-graphic mockup\" data-detail=\"wrap\">\n<div class=\"tab_row\">\n<div class=\"img\"><img decoding=\"async\" title=\"\" src=\"https:\/\/img.yfisher.com\/m6076\/1725726651oda\/jpg70-t3-scale100.webp\" alt=\"Cartucho de filtro de bloco de carv\u00e3o ativado sinterizado 5\" data-lazy=\"2\"><\/div>\n<div class=\"text_box\">\n<div class=\"txt\">\n<div class=\"title\">O cartucho de filtro de bloco de carbono sinterizado Lvyuan \u00e9 feito de materiais de carbono ativado de alta qualidade e alto valor de iodo, como casca de coco, carv\u00e3o. Os filtros de bloco de carbono CTO do tipo de moldagem por sinteriza\u00e7\u00e3o t\u00eam uma forte capacidade de adsor\u00e7\u00e3o e uma boa estrutura r\u00edgida. O cartucho de filtro de bloco de carbono sinterizado tem uma elevada efici\u00eancia de filtra\u00e7\u00e3o. Pode remover cloro, mau gosto e odor, cloramina, sedimentos, produtos qu\u00edmicos org\u00e2nicos e metais pesados, etc. Al\u00e9m disso, os filtros de bloco de carbono sinterizado s\u00e3o mais est\u00e1veis e mais fi\u00e1veis, com uma vida \u00fatil mais longa do que os cartuchos de filtro de \u00e1gua de carbono CTO do tipo extrudido normal.<\/div>\n<\/div>\n<\/div>\n<\/div>\n<\/div>\n<div class=\"er-fangkuang1\">\n<p>\u00a0 Carater\u00edstica do produto<\/p>\n<div class=\"description\">\n<ul>\n<li><span class=\"font-color\">\u25ea \u00a0\u00a0<\/span>Grande \u00e1rea de filtragem, forte capacidade de absor\u00e7\u00e3o, elevado caudal.<\/li>\n<li><span class=\"font-color\">\u25ea\u00a0 \u00a0<\/span>Elevada capacidade de reten\u00e7\u00e3o de sujidade, baixa queda, elevada efici\u00eancia de filtragem.<\/li>\n<li><span class=\"font-color\">\u25ea\u00a0 \u00a0<\/span>Adapta-se a todas as carca\u00e7as de filtro padr\u00e3o ou garrafas desportivas.<\/li>\n<li><span class=\"font-color\">\u25ea\u00a0 \u00a0<\/span>Materiais de carv\u00e3o ativado com elevado \u00edndice de iodo<\/li>\n<li><span class=\"font-color\">\u25ea\u00a0 \u00a0<\/span>Remove eficazmente os maus cheiros, cores, compostos clorados, VOCS e THMS;<\/li>\n<li><span class=\"font-color\">\u25ea\u00a0 \u00a0<\/span>Longa vida \u00fatil<\/li>\n<\/ul>\n<\/div>\n<\/div>\n<div class=\"d-tem04-title text-left d-interval manS\" data-detail=\"wrap\">\n<h2 class=\"heading\">Par\u00e2metro do produto<\/h2>\n<\/div>\n<div class=\"table-responsive\">\n<table class=\"table table-bordered table-hover\">\n<tbody>\n<tr class=\"firstRow\">\n<td colspan=\"2\" align=\"left\" valign=\"top\"><strong>Dimens\u00f5es do cartucho Fiter<\/strong><\/td>\n<\/tr>\n<tr>\n<td>Di\u00e2metro exterior<\/td>\n<td>14, 16, 19, 25, 28, 30, 35, 38, 40, 45, 46, 50, 53, 55, 60, 63, 64, 67, 70, 76, 90, 96,5, 103, 105, 121 mm<\/td>\n<\/tr>\n<tr>\n<td>Di\u00e2metro interior<\/td>\n<td>6, 8, 10, 12, 14, 16, 18, 20, 22, 25, 28, 30, 32, 35, 38, 40, 45, 50 mm<\/td>\n<\/tr>\n<tr>\n<td>Comprimento<\/td>\n<td>5\u2019\u2019 (125mm), 10\u2019\u2019 (250mm), 20\u2019\u2019 (500mm), 30\u2019\u2019 (750mm), 40\u2019\u2019 (1000mm)<\/td>\n<\/tr>\n<tr>\n<td>Outras dimens\u00f5es<\/td>\n<td>Personalizado a pedido do cliente.<\/td>\n<\/tr>\n<tr>\n<td colspan=\"2\" align=\"left\" valign=\"top\"><strong>Material de constru\u00e7\u00e3o<\/strong><\/td>\n<\/tr>\n<tr>\n<td>Meios filtrantes<\/td>\n<td>Carv\u00e3o de casca de coco, carv\u00e3o vegetal<\/td>\n<\/tr>\n<tr>\n<td>Enc caps<\/td>\n<td>Polipropileno<\/td>\n<\/tr>\n<tr>\n<td>Rede<\/td>\n<td>Polipropileno<\/td>\n<\/tr>\n<tr>\n<td>Material da junta\/oring<\/td>\n<td>Silicone, EPDM, NBR, Viton<\/td>\n<\/tr>\n<tr>\n<td colspan=\"2\" align=\"left\" valign=\"top\"><strong>Desempenho<\/strong><\/td>\n<\/tr>\n<tr>\n<td>Taxa de remo\u00e7\u00e3o<\/td>\n<td>5, 10, 25 um<\/td>\n<\/tr>\n<tr>\n<td>Temperatura m\u00e1xima de funcionamento<\/td>\n<td>\u2266 80\u2103<\/td>\n<\/tr>\n<tr>\n<td>Press\u00e3o m\u00e1xima de funcionamento<\/td>\n<td>10 barras<\/td>\n<\/tr>\n<tr>\n<td>Press\u00e3o diferencial m\u00e1xima<\/td>\n<td>7 bar a 25\u2103<\/td>\n<\/tr>\n<\/tbody>\n<\/table>\n<\/div>\n<div class=\"d-tem04-title text-left d-interval manS\" data-detail=\"wrap\">\n<h2 class=\"heading\">Detalhes do produto<\/h2>\n<\/div>\n<div class=\"d-tem05-technology mockup\" data-detail=\"wrap\">\n<div class=\"items\">\n<div class=\"item tab_row bg-color-before\">\n<div class=\"img d-font-size-fix\"><img decoding=\"async\" title=\"\" src=\"https:\/\/img.yfisher.com\/m6076\/1725726651z3g\/jpg70-t3-scale100.webp\" alt=\"Cartucho de filtro de bloco de carv\u00e3o ativado sinterizado 6\" data-lazy=\"2\"><\/div>\n<div class=\"text_box\">\n<div class=\"txt font-color d-font-size-fix\">\n<div class=\"numbox\">parte.1<\/div>\n<div class=\"title\">V\u00e1rias dimens\u00f5es. A dimens\u00e3o pode ser personalizada a pedido.<\/div>\n<\/div>\n<\/div>\n<\/div>\n<div class=\"item tab_row bg-color-before\">\n<div class=\"img d-font-size-fix\"><img decoding=\"async\" title=\"\" src=\"https:\/\/img.yfisher.com\/m6076\/1725726651zjx\/jpg70-t3-scale100.webp\" alt=\"Cartucho de filtro de bloco de carv\u00e3o ativado sinterizado 7\" data-lazy=\"2\"><\/div>\n<div class=\"text_box\">\n<div class=\"txt font-color d-font-size-fix\">\n<div class=\"numbox\">parte.2<\/div>\n<div class=\"title\">Combina\u00e7\u00e3o de carv\u00e3o ativado sinterizado com meio filtrante fundido por sopro PP (op\u00e7\u00e3o).<\/div>\n<\/div>\n<\/div>\n<\/div>\n<div class=\"item tab_row bg-color-before\">\n<div class=\"img d-font-size-fix\"><img decoding=\"async\" title=\"\" src=\"https:\/\/img.yfisher.com\/m6076\/1725726651ofi\/jpg70-t3-scale100.webp\" alt=\"Cartucho de filtro de bloco de carv\u00e3o ativado sinterizado 8\" data-lazy=\"2\"><\/div>\n<div class=\"text_box\">\n<div class=\"txt font-color d-font-size-fix\">\n<div class=\"numbox\">parte.3<\/div>\n<div class=\"title\">A tecnologia inovadora actualiza as fun\u00e7\u00f5es do filtro de carv\u00e3o sinterizado com anti-calc\u00e1rio, remo\u00e7\u00e3o de metais pesados, anti-bacteriano, remo\u00e7\u00e3o de fl\u00faor e azoto amoniacal, etc.<\/div>\n<\/div>\n<\/div>\n<\/div>\n<div class=\"d-tem04-title text-left d-interval manS\" data-detail=\"wrap\">\n<h2 class=\"heading\">Aplica\u00e7\u00f5es de produtos<\/h2>\n<\/div>\n<div class=\"d-tem15-graphic mockup\" data-detail=\"wrap\">\n<div class=\"clearfix d-clearfix\">\n<div class=\"col-sm-12 col-md-4 col-xs-6\">\n<div class=\"thumbnail\"><img decoding=\"async\" title=\"\" src=\"https:\/\/img.yfisher.com\/m6076\/172572665131t\/jpg70-t3-scale100.webp\" alt=\"Cartucho de filtro de bloco de carv\u00e3o ativado sinterizado 9\" data-lazy=\"2\"><\/div>\n<div class=\"description\">Tratamento da \u00e1gua<\/div>\n<\/div>\n<div class=\"col-sm-12 col-md-4 col-xs-6\">\n<div class=\"thumbnail\"><img decoding=\"async\" title=\"\" src=\"https:\/\/img.yfisher.com\/m6076\/17257266517x1\/jpg70-t3-scale100.webp\" alt=\"Cartucho de filtro de bloco de carv\u00e3o ativado sinterizado 10\" data-lazy=\"2\"><\/div>\n<div class=\"description\">Purifica\u00e7\u00e3o de ar e g\u00e1s<\/div>\n<\/div>\n<div class=\"col-sm-12 col-md-4 col-xs-6\">\n<div class=\"thumbnail\"><img decoding=\"async\" title=\"\" src=\"https:\/\/img.yfisher.com\/m6076\/1725726651qv5\/jpg70-t3-scale100.webp\" alt=\"Cartucho de filtro de bloco de carv\u00e3o ativado sinterizado 11\" data-lazy=\"2\"><\/div>\n<div class=\"description\">Produtos farmac\u00eauticos e m\u00e9dicos<\/div>\n<\/div>\n<\/div>\n<\/div>\n<div class=\"d-tem15-graphic mockup\" data-detail=\"wrap\">\n<div class=\"clearfix d-clearfix\">\n<div class=\"col-sm-12 col-md-4 col-xs-6\">\n<div class=\"thumbnail\"><img decoding=\"async\" title=\"\" src=\"https:\/\/img.yfisher.com\/m6076\/1725726651xzi\/jpg70-t3-scale100.webp\" alt=\"Cartucho de filtro de bloco de carv\u00e3o ativado sinterizado 12\" data-lazy=\"2\"><\/div>\n<div class=\"description\">Transforma\u00e7\u00e3o de alimentos e bebidas<\/div>\n<\/div>\n<div class=\"col-sm-12 col-md-4 col-xs-6\">\n<div class=\"thumbnail\"><img decoding=\"async\" title=\"\" src=\"https:\/\/img.yfisher.com\/m6076\/17257266517ey\/jpg70-t3-scale100.webp\" alt=\"Cartucho de filtro de bloco de carv\u00e3o ativado sinterizado 13\" data-lazy=\"2\"><\/div>\n<div class=\"description\">Autom\u00f3vel<\/div>\n<\/div>\n<div class=\"col-sm-12 col-md-4 col-xs-6\">\n<div class=\"thumbnail\"><img decoding=\"async\" title=\"\" src=\"https:\/\/img.yfisher.com\/m6076\/1725726651ig2\/jpg70-t3-scale100.webp\" alt=\"Cartucho de filtro de bloco de carv\u00e3o ativado sinterizado 14\" data-lazy=\"2\"><\/div>\n<div class=\"description\">Ind\u00fastria de revestimento<\/div>\n<\/div>\n<\/div>\n<\/div>\n<\/div>\n<\/div>","protected":false},"excerpt":{"rendered":"<table>\n<thead>\n<tr>\n<th>Porta de in\u00edcio:<\/th>\n<th>Guangzhou<\/th>\n<\/tr>\n<\/thead>\n<tbody>\n<tr>\n<td>Capacidade de produ\u00e7\u00e3o:<\/td>\n<td>5000 unidades\/m\u00eas<\/td>\n<\/tr>\n<tr>\n<td>Local de origem:<\/td>\n<td>Guangdong, China<\/td>\n<\/tr>\n<tr>\n<td>Pagamento:<\/td>\n<td>T\/T, garantia de com\u00e9rcio Alibaba, paypal<\/td>\n<\/tr>\n<tr>\n<td>MOQ:<\/td>\n<td>10 unidades<\/td>\n<\/tr>\n<tr>\n<td>Prazo de entrega:<\/td>\n<td>Em 7 a 15 dias \u00fateis<\/td>\n<\/tr>\n<tr>\n<td>Certifica\u00e7\u00e3o:<\/td>\n<td>SGS, ISO 9001<\/td>\n<\/tr>\n<tr>\n<td>Marca:<\/td>\n<td>LVYUAN<\/td>\n<\/tr>\n<\/tbody>\n<\/table>","protected":false},"featured_media":634,"comment_status":"open","ping_status":"closed","template":"","meta":{"_gspb_post_css":""},"product_brand":[],"product_cat":[17,22],"product_tag":[275,261,266,260,265,269],"class_list":{"0":"post-633","1":"product","2":"type-product","3":"status-publish","4":"has-post-thumbnail","6":"product_cat-sediment-filter","7":"product_cat-sintered-filter-cartridge","8":"product_tag-fast-shipping","9":"product_tag-guangdong-china","10":"product_tag-guangzhou","11":"product_tag-iso-9001","12":"product_tag-lvyuan","13":"product_tag-sgs","15":"first","16":"instock","17":"shipping-taxable","18":"product-type-simple"},"_links":{"self":[{"href":"https:\/\/lyfilter.com\/pt\/wp-json\/wp\/v2\/product\/633","targetHints":{"allow":["GET"]}}],"collection":[{"href":"https:\/\/lyfilter.com\/pt\/wp-json\/wp\/v2\/product"}],"about":[{"href":"https:\/\/lyfilter.com\/pt\/wp-json\/wp\/v2\/types\/product"}],"replies":[{"embeddable":true,"href":"https:\/\/lyfilter.com\/pt\/wp-json\/wp\/v2\/comments?post=633"}],"wp:featuredmedia":[{"embeddable":true,"href":"https:\/\/lyfilter.com\/pt\/wp-json\/wp\/v2\/media\/634"}],"wp:attachment":[{"href":"https:\/\/lyfilter.com\/pt\/wp-json\/wp\/v2\/media?parent=633"}],"wp:term":[{"taxonomy":"product_brand","embeddable":true,"href":"https:\/\/lyfilter.com\/pt\/wp-json\/wp\/v2\/product_brand?post=633"},{"taxonomy":"product_cat","embeddable":true,"href":"https:\/\/lyfilter.com\/pt\/wp-json\/wp\/v2\/product_cat?post=633"},{"taxonomy":"product_tag","embeddable":true,"href":"https:\/\/lyfilter.com\/pt\/wp-json\/wp\/v2\/product_tag?post=633"}],"curies":[{"name":"wp","href":"https:\/\/api.w.org\/{rel}","templated":true}]}}