{"id":627,"date":"2025-12-24T03:24:18","date_gmt":"2025-12-24T03:24:18","guid":{"rendered":"https:\/\/lyfilter.com\/?post_type=product&#038;p=627"},"modified":"2025-12-24T06:49:44","modified_gmt":"2025-12-24T06:49:44","slug":"ptfe-membrane-pleated-water-filter-cartridge-with-internal-stainless-steel-reinforcing-ring","status":"publish","type":"product","link":"https:\/\/lyfilter.com\/pt\/ptfe-membrane-pleated-water-filter-cartridge-with-internal-stainless-steel-reinforcing-ring\/","title":{"rendered":"Cartucho de filtro de \u00e1gua com membrana de PTFE plissada com anel de refor\u00e7o interno em a\u00e7o inoxid\u00e1vel"},"content":{"rendered":"<div class=\"d-tem11-graphic tem11-graphic mockup\" data-detail=\"wrap\">\n<div class=\"tab_row\">\n<div class=\"img\"><img decoding=\"async\" title=\"\" src=\"https:\/\/img.yfisher.com\/m6076\/17252869725dl\/jpg70-t3-scale100.webp\" alt=\"Cartucho filtrante de \u00e1gua com membrana de PTFE plissada com anel de refor\u00e7o interno em a\u00e7o inoxid\u00e1vel 6\" data-lazy=\"2\"><\/div>\n<div class=\"text_box\">\n<div class=\"txt\">\n<div class=\"title\">O filtro de cartucho com membrana de PTFE \u00e9 constru\u00eddo com materiais naturais importados<br \/>\nmembrana hidrof\u00f3bica de PTFE (politetrafluoroetileno) e materiais de suporte n\u00e3o tecidos. Os adaptadores s\u00e3o soldados termicamente sem a utiliza\u00e7\u00e3o de colas ou adesivos para evitar qualquer possibilidade de polui\u00e7\u00e3o. Estes filtros de cartucho de membrana PTFE econ\u00f3micos proporcionam uma hidrofobicidade superior \u00e0 dos filtros de polipropileno normalmente utilizados em aplica\u00e7\u00f5es de ar comprimido, tornando-os ideais para aplica\u00e7\u00f5es utilit\u00e1rias e de ventila\u00e7\u00e3o de reservat\u00f3rios, sem os custos mais elevados dos filtros PTFE t\u00edpicos.<\/div>\n<\/div>\n<\/div>\n<\/div>\n<\/div>\n<div class=\"er-fangkuang1\">\n<p>\u00a0 Carater\u00edstica do produto<\/p>\n<div class=\"description\">\n<ul>\n<li><span class=\"font-color\">\u25ea \u00a0\u00a0<\/span>Excelente desempenho hidrof\u00f3bico, a eros\u00e3o da \u00e1gua \u00e9 mais resistente do que a membrana PVDF comum.<\/li>\n<li><span class=\"font-color\">\u25ea\u00a0 \u00a0<\/span>Suporta choques de \u00e1gua, contrapress\u00e3o e esteriliza\u00e7\u00e3o repetida a alta temperatura.<\/li>\n<li><span class=\"font-color\">\u25ea\u00a0 \u00a0<\/span>100% reten\u00e7\u00e3o de bact\u00e9rias e filtragem eficaz at\u00e9 0,2 \u03bcm de part\u00edculas.<\/li>\n<li><span class=\"font-color\">\u25ea\u00a0 \u00a0<\/span>100% integridade testada.<\/li>\n<li><span class=\"font-color\">\u25ea\u00a0 \u00a0<\/span>\u00c9 constru\u00eddo com 2 tipos de materiais de soldadura a quente (PTFE e PP), sem quaisquer adesivos, limpo e est\u00e1vel, satisfazendo os elevados padr\u00f5es da ind\u00fastria farmac\u00eautica.<\/li>\n<\/ul>\n<\/div>\n<\/div>\n<div class=\"d-tem04-title text-left d-interval manS\" data-detail=\"wrap\">\n<h2 class=\"heading\">Par\u00e2metro do produto<\/h2>\n<\/div>\n<div class=\"table-responsive\">\n<table class=\"table table-bordered table-hover\">\n<tbody>\n<tr class=\"firstRow\">\n<td>Nome do produto<\/td>\n<td>Cartucho de filtro plissado com membrana de PTFE de 10 polegadas com a\u00e7o inoxid\u00e1vel 222<\/td>\n<\/tr>\n<tr>\n<td>Meios filtrantes<\/td>\n<td>Membrana PTFE<\/td>\n<\/tr>\n<tr>\n<td>Apoio<\/td>\n<td>PP\/Polipropileno<\/td>\n<\/tr>\n<tr>\n<td>N\u00facleo\/tampa final<\/td>\n<td>PP\/Polipropileno<\/td>\n<\/tr>\n<tr>\n<td>Material de veda\u00e7\u00e3o<\/td>\n<td>Silicone\/EPDM\/VITON\/PTFE\/NBR\/TEFLON<\/td>\n<\/tr>\n<tr>\n<td>Di\u00e2metro exterior<\/td>\n<td>2,7\u2018\u2019 (69 mm)<\/td>\n<\/tr>\n<tr>\n<td>Comprimento<\/td>\n<td>9,75\u201d, 10\u201d, 20\u201d, 30\u201d, 40\u201d, Personalizado<\/td>\n<\/tr>\n<tr>\n<td>Tampa da extremidade<\/td>\n<td>215\/222\/226\/FIN\/DOE\/SS<\/td>\n<\/tr>\n<tr>\n<td>\u00c1rea de filtragem<\/td>\n<td>\u22650.72m\u00b2<\/td>\n<\/tr>\n<tr>\n<td>Temperatura m\u00e1xima de funcionamento<\/td>\n<td>80\u2103, 0.173Mpa<\/td>\n<\/tr>\n<tr>\n<td>Classifica\u00e7\u00e3o em microns (\u03bcm)<\/td>\n<td>0.2, 0.45<\/td>\n<\/tr>\n<\/tbody>\n<\/table>\n<\/div>\n<div class=\"d-tem04-title text-left d-interval manS\" data-detail=\"wrap\">\n<h2 class=\"heading\">Detalhes do produto<\/h2>\n<\/div>\n<div class=\"d-tem05-technology mockup\" data-detail=\"wrap\">\n<div class=\"items\">\n<div class=\"item tab_row bg-color-before\">\n<div class=\"img d-font-size-fix\"><img decoding=\"async\" title=\"\" src=\"https:\/\/img.yfisher.com\/m6076\/1725286972l2c\/jpg70-t3-scale100.webp\" alt=\"Cartucho filtrante de \u00e1gua com membrana de PTFE plissada com anel de refor\u00e7o interno em a\u00e7o inoxid\u00e1vel 7\" data-lazy=\"2\"><\/div>\n<div class=\"text_box\">\n<div class=\"txt font-color d-font-size-fix\">\n<div class=\"numbox\">parte.1<\/div>\n<div class=\"title\">\u00c9 constru\u00eddo com 2 tipos de materiais de soldadura a quente (PTFE e PP), sem quaisquer adesivos, limpo e est\u00e1vel.<\/div>\n<\/div>\n<\/div>\n<\/div>\n<div class=\"item tab_row bg-color-before\">\n<div class=\"img d-font-size-fix\"><img decoding=\"async\" title=\"\" src=\"https:\/\/img.yfisher.com\/m6076\/1725286972qrm\/jpg70-t3-scale100.webp\" alt=\"Cartucho filtrante de \u00e1gua com membrana de PTFE plissada com anel de refor\u00e7o interno em a\u00e7o inoxid\u00e1vel 8\" data-lazy=\"2\"><\/div>\n<div class=\"text_box\">\n<div class=\"txt font-color d-font-size-fix\">\n<div class=\"numbox\">parte.2<\/div>\n<div class=\"title\">Filtro de membrana de PTFE de abertura dupla DOE com junta de PTFE. \u00c9 uma boa escolha para aplica\u00e7\u00f5es farmac\u00eauticas e outras aplica\u00e7\u00f5es rigorosas.<\/div>\n<\/div>\n<\/div>\n<\/div>\n<div class=\"item tab_row bg-color-before\">\n<div class=\"img d-font-size-fix\"><img decoding=\"async\" title=\"\" src=\"https:\/\/img.yfisher.com\/m6076\/1725286972wr5\/jpg70-t3-scale100.webp\" alt=\"Cartucho filtrante de \u00e1gua com membrana de PTFE plissada com anel de refor\u00e7o interno em a\u00e7o inoxid\u00e1vel 9\" data-lazy=\"2\"><\/div>\n<div class=\"text_box\">\n<div class=\"txt font-color d-font-size-fix\">\n<div class=\"numbox\">parte.3<\/div>\n<div class=\"title\">Os adaptadores s\u00e3o soldados termicamente sem a utiliza\u00e7\u00e3o de colas ou adesivos para evitar qualquer possibilidade de polui\u00e7\u00e3o.<\/div>\n<\/div>\n<\/div>\n<\/div>\n<div class=\"item tab_row bg-color-before\">\n<div class=\"img d-font-size-fix\"><img decoding=\"async\" title=\"\" src=\"https:\/\/img.yfisher.com\/m6076\/17252869724na\/jpg70-t3-scale100.webp\" alt=\"Cartucho filtrante de \u00e1gua com membrana de PTFE plissada com anel de refor\u00e7o interno em a\u00e7o inoxid\u00e1vel 10\" data-lazy=\"2\"><\/div>\n<div class=\"text_box\">\n<div class=\"txt font-color d-font-size-fix\">\n<div class=\"numbox\">parte.4<\/div>\n<div class=\"title\">Comprimento diferente e tampa de extremidade variada s\u00e3o opcionais.<\/div>\n<\/div>\n<\/div>\n<\/div>\n<div class=\"d-tem04-title text-left d-interval manS\" data-detail=\"wrap\">\n<h2 class=\"heading\">Aplica\u00e7\u00f5es de produtos<\/h2>\n<\/div>\n<div class=\"d-tem15-graphic mockup\" data-detail=\"wrap\">\n<div class=\"clearfix d-clearfix\">\n<div class=\"col-sm-12 col-md-4 col-xs-6\">\n<div class=\"thumbnail\"><img decoding=\"async\" title=\"\" src=\"https:\/\/img.yfisher.com\/m6076\/1725286972eol\/jpg70-t3-scale100.webp\" alt=\"Cartucho filtrante de \u00e1gua com membrana de PTFE plissada com anel de refor\u00e7o interno em a\u00e7o inoxid\u00e1vel 11\" data-lazy=\"2\"><\/div>\n<div class=\"description\">\n<p>Pr\u00e9-filtragem do sistema de \u00e1gua por osmose inversa<\/p>\n<\/div>\n<\/div>\n<div class=\"col-sm-12 col-md-4 col-xs-6\">\n<div class=\"thumbnail\"><img decoding=\"async\" title=\"\" src=\"https:\/\/img.yfisher.com\/m6076\/1725286972xbs\/jpg70-t3-scale100.webp\" alt=\"Cartucho filtrante de \u00e1gua com membrana de PTFE plissada com anel de refor\u00e7o interno em a\u00e7o inoxid\u00e1vel 12\" data-lazy=\"2\"><\/div>\n<div class=\"description\">Ind\u00fastria eletr\u00f3nica l<\/div>\n<\/div>\n<div class=\"col-sm-12 col-md-4 col-xs-6\">\n<div class=\"thumbnail\"><img decoding=\"async\" title=\"\" src=\"https:\/\/img.yfisher.com\/m6076\/1725286973s9v\/png70-t3-scale100.webp\" alt=\"Cartucho filtrante de \u00e1gua com membrana de PTFE plissada com anel de refor\u00e7o interno em a\u00e7o inoxid\u00e1vel 13\" data-lazy=\"2\"><\/div>\n<div class=\"description\">Filtragem de \u00e1gua mineral<\/div>\n<\/div>\n<\/div>\n<\/div>\n<div class=\"d-tem15-graphic mockup\" data-detail=\"wrap\">\n<div class=\"clearfix d-clearfix\">\n<div class=\"col-sm-12 col-md-4 col-xs-6\">\n<div class=\"thumbnail\"><img decoding=\"async\" title=\"\" src=\"https:\/\/img.yfisher.com\/m6076\/1725286973jsc\/png70-t3-scale100.webp\" alt=\"Cartucho filtrante de \u00e1gua com membrana de PTFE plissada com anel de refor\u00e7o interno em a\u00e7o inoxid\u00e1vel 14\" data-lazy=\"2\"><\/div>\n<div class=\"description\">Filtragem de solventes org\u00e2nicos e tintas<\/div>\n<\/div>\n<div class=\"col-sm-12 col-md-4 col-xs-6\">\n<div class=\"thumbnail\"><img decoding=\"async\" title=\"\" src=\"https:\/\/img.yfisher.com\/m6076\/1725286973e46\/jpg70-t3-scale100.webp\" alt=\"Cartucho filtrante de \u00e1gua com membrana de PTFE plissada com anel de refor\u00e7o interno em a\u00e7o inoxid\u00e1vel 15\" data-lazy=\"2\"><\/div>\n<div class=\"description\">Filtra\u00e7\u00e3o de produtos farmac\u00eauticos<\/div>\n<\/div>\n<div class=\"col-sm-12 col-md-4 col-xs-6\">\n<div class=\"thumbnail\"><img decoding=\"async\" title=\"\" src=\"https:\/\/img.yfisher.com\/m6076\/172528697395f\/jpg70-t3-scale100.webp\" alt=\"Cartucho filtrante de \u00e1gua com membrana de PTFE plissada com anel de refor\u00e7o interno em a\u00e7o inoxid\u00e1vel 16\" data-lazy=\"2\"><\/div>\n<div class=\"description\">Filtra\u00e7\u00e3o de produtos biol\u00f3gicos<\/div>\n<\/div>\n<\/div>\n<\/div>\n<\/div>\n<\/div>","protected":false},"excerpt":{"rendered":"<table>\n<thead>\n<tr>\n<th>Porta de in\u00edcio:<\/th>\n<th>Guangzhou<\/th>\n<\/tr>\n<\/thead>\n<tbody>\n<tr>\n<td>Capacidade de produ\u00e7\u00e3o:<\/td>\n<td>500 unidades\/m\u00eas<\/td>\n<\/tr>\n<tr>\n<td>Local de origem:<\/td>\n<td>Guangdong, China<\/td>\n<\/tr>\n<tr>\n<td>Pagamento:<\/td>\n<td>T\/T, Western Union, MoneyGram, Alibaba Trade Assurance, paypal<\/td>\n<\/tr>\n<tr>\n<td>MOQ:<\/td>\n<td>10 unidades<\/td>\n<\/tr>\n<tr>\n<td>Modelo:<\/td>\n<td>LY-PL-PTFE<\/td>\n<\/tr>\n<tr>\n<td>Prazo de entrega:<\/td>\n<td>No prazo de 7 dias \u00fateis<\/td>\n<\/tr>\n<tr>\n<td>Certifica\u00e7\u00e3o:<\/td>\n<td>SGS, ISO 9001<\/td>\n<\/tr>\n<tr>\n<td>Marca:<\/td>\n<td>LVYUAN<\/td>\n<\/tr>\n<\/tbody>\n<\/table>","protected":false},"featured_media":629,"comment_status":"open","ping_status":"closed","template":"","meta":{"_gspb_post_css":""},"product_brand":[],"product_cat":[17,21],"product_tag":[261,266,260,265,274,269],"class_list":{"0":"post-627","1":"product","2":"type-product","3":"status-publish","4":"has-post-thumbnail","6":"product_cat-sediment-filter","7":"product_cat-pleated-filter-cartridge","8":"product_tag-guangdong-china","9":"product_tag-guangzhou","10":"product_tag-iso-9001","11":"product_tag-lvyuan","12":"product_tag-ly-pl-ptfe","13":"product_tag-sgs","15":"first","16":"instock","17":"shipping-taxable","18":"product-type-simple"},"_links":{"self":[{"href":"https:\/\/lyfilter.com\/pt\/wp-json\/wp\/v2\/product\/627","targetHints":{"allow":["GET"]}}],"collection":[{"href":"https:\/\/lyfilter.com\/pt\/wp-json\/wp\/v2\/product"}],"about":[{"href":"https:\/\/lyfilter.com\/pt\/wp-json\/wp\/v2\/types\/product"}],"replies":[{"embeddable":true,"href":"https:\/\/lyfilter.com\/pt\/wp-json\/wp\/v2\/comments?post=627"}],"wp:featuredmedia":[{"embeddable":true,"href":"https:\/\/lyfilter.com\/pt\/wp-json\/wp\/v2\/media\/629"}],"wp:attachment":[{"href":"https:\/\/lyfilter.com\/pt\/wp-json\/wp\/v2\/media?parent=627"}],"wp:term":[{"taxonomy":"product_brand","embeddable":true,"href":"https:\/\/lyfilter.com\/pt\/wp-json\/wp\/v2\/product_brand?post=627"},{"taxonomy":"product_cat","embeddable":true,"href":"https:\/\/lyfilter.com\/pt\/wp-json\/wp\/v2\/product_cat?post=627"},{"taxonomy":"product_tag","embeddable":true,"href":"https:\/\/lyfilter.com\/pt\/wp-json\/wp\/v2\/product_tag?post=627"}],"curies":[{"name":"wp","href":"https:\/\/api.w.org\/{rel}","templated":true}]}}