{"id":622,"date":"2025-12-24T03:22:19","date_gmt":"2025-12-24T03:22:19","guid":{"rendered":"https:\/\/lyfilter.com\/?post_type=product&#038;p=622"},"modified":"2025-12-24T06:44:10","modified_gmt":"2025-12-24T06:44:10","slug":"5-inch-10-inch-replacement-pp-pleated-water-filter-cartridge","status":"publish","type":"product","link":"https:\/\/lyfilter.com\/pt\/5-inch-10-inch-replacement-pp-pleated-water-filter-cartridge\/","title":{"rendered":"Cartucho de filtro de \u00e1gua plissado PP de substitui\u00e7\u00e3o de 5 polegadas e 10 polegadas"},"content":{"rendered":"<div class=\"d-tem11-graphic tem11-graphic mockup\" data-detail=\"wrap\">\n<div class=\"tab_row\">\n<div class=\"img\"><img decoding=\"async\" title=\"\" src=\"https:\/\/img.yfisher.com\/m6076\/1725726646o9l\/jpg70-t3-scale100.webp\" alt=\"Cartucho de filtro de \u00e1gua plissado PP de substitui\u00e7\u00e3o de 5 polegadas e 10 polegadas 5\" data-lazy=\"2\"><\/div>\n<div class=\"text_box\">\n<div class=\"txt\">\n<p>O cartucho de filtro plissado PP proporciona uma filtragem consistente e de elevada efici\u00eancia de fluidos numa vasta gama de aplica\u00e7\u00f5es cr\u00edticas.<\/p>\n<p>S\u00e3o constru\u00eddos com um meio filtrante de membrana plissada que permite a remo\u00e7\u00e3o de part\u00edculas de 0,1 a 60um, o tamanho dos poros n\u00e3o \u00e9 afetado pela vibra\u00e7\u00e3o da press\u00e3o de alimenta\u00e7\u00e3o, devido \u00e0 sua press\u00e3o diferencial \u00fanica baixa, elevado volume de fluxo, excelente filtragem de microns.<\/p>\n<p>A elevada \u00e1rea de superf\u00edcie assegura uma longa vida \u00fatil e baixas quedas de press\u00e3o inicial. Todos os componentes de hardware dos cartuchos s\u00e3o feitos de materiais de polipropileno de alta pureza para uso em aplica\u00e7\u00f5es de processos cr\u00edticos. Todos os cartuchos s\u00e3o fabricados e montados num ambiente de sala limpa para minimizar a possibilidade de contamina\u00e7\u00e3o.<\/p>\n<p>Este tipo de cartuchos est\u00e1 dispon\u00edvel numa vasta gama de configura\u00e7\u00f5es para se adaptar \u00e0 maioria das caixas de filtros dispon\u00edveis no mercado.<\/p>\n<\/div>\n<\/div>\n<\/div>\n<\/div>\n<div class=\"er-fangkuang1\">\n<p>\u00a0 Carater\u00edstica do produto<\/p>\n<div class=\"description\">\n<ul>\n<li><span class=\"font-color\">\u25ea \u00a0 \u00a0<\/span>Excelente compatibilidade qu\u00edmica. Adequado para filtrar solventes org\u00e2nicos, bases \u00e1cidas.<\/li>\n<li><span class=\"font-color\">\u25ea\u00a0 \u00a0<\/span>A estrutura da membrana de PP com v\u00e1rias camadas permite uma filtragem de tamanhos de poros graduados e aumenta a capacidade de reten\u00e7\u00e3o de sujidade dos filtros de cartucho de \u00e1gua plissados em PP.<\/li>\n<li><span class=\"font-color\">\u25ea\u00a0 \u00a0<\/span>Grande volume de caudal, baixa press\u00e3o diferencial e longa vida \u00fatil.<\/li>\n<li><span class=\"font-color\">\u25ea\u00a0 \u00a0<\/span>Membrana hidrof\u00edlica com elevado caudal.<\/li>\n<li><span class=\"font-color\">\u25ea\u00a0 \u00a0<\/span>O design plissado aumenta a \u00e1rea de filtragem para uma filtragem profunda.<\/li>\n<li><span class=\"font-color\">\u25ea\u00a0 \u00a0<\/span>Aplica\u00e7\u00e3o da t\u00e9cnica de liga\u00e7\u00e3o t\u00e9rmica, forte e sem qualquer polui\u00e7\u00e3o.<\/li>\n<li><span class=\"font-color\">\u25ea\u00a0 \u00a0<\/span>Gama completa de classifica\u00e7\u00f5es de microns de remo\u00e7\u00e3o.<\/li>\n<li><span class=\"font-color\">\u25ea\u00a0 \u00a0<\/span>Densidade de poros graduada para uma elevada capacidade de reten\u00e7\u00e3o de sujidade.<\/li>\n<li><span class=\"font-color\">\u25ea\u00a0 \u00a0<\/span>Utiliza\u00e7\u00e3o comum em limpeza e esteriliza\u00e7\u00e3o com arm\u00e1rio e vapor a alta press\u00e3o.<\/li>\n<\/ul>\n<\/div>\n<\/div>\n<div class=\"d-tem04-title text-left d-interval manS\" data-detail=\"wrap\">\n<h2 class=\"heading\">Par\u00e2metro do produto<\/h2>\n<\/div>\n<div class=\"table-responsive\">\n<table class=\"table table-bordered table-hover\">\n<tbody>\n<tr class=\"firstRow\">\n<td>Meios filtrantes<\/td>\n<td>PP\/Polipropileno<\/td>\n<\/tr>\n<tr>\n<td>Apoio<\/td>\n<td>PP\/Polipropileno<\/td>\n<\/tr>\n<tr>\n<td>N\u00facleo\/tampa final<\/td>\n<td>PP\/Polipropileno<\/td>\n<\/tr>\n<tr>\n<td>Material de veda\u00e7\u00e3o<\/td>\n<td>Silicone\/EPDM\/NBR\/Viton\/Teflon<\/td>\n<\/tr>\n<tr>\n<td>Di\u00e2metro exterior<\/td>\n<td>2,7\u201d , personalizado<\/td>\n<\/tr>\n<tr>\n<td>Comprimento<\/td>\n<td>9,75\u201d, 10\u201d, 20\u201d, 30\u201d, 40\u201d personalizados<\/td>\n<\/tr>\n<tr>\n<td>Tampa da extremidade<\/td>\n<td>DOE, 215, 222, 226, FIN, FLAT, A\u00e7o inoxid\u00e1vel ou personalizado.<\/td>\n<\/tr>\n<tr>\n<td>\u00c1rea de filtragem<\/td>\n<td>0.4-0.7m\u00b2 (10\u201d)<\/td>\n<\/tr>\n<tr>\n<td>Temperatura m\u00e1xima de funcionamento<\/td>\n<td>88\u2103, 0.28Mpa. 60\u2103, 0.42Mpa.<\/td>\n<\/tr>\n<tr>\n<td>Classifica\u00e7\u00e3o em microns (\u03bcm)<\/td>\n<td>0.1, 0.2, 0.45, 0.65, 1, 2, 3, 5, 10, 20, 25, 30, 50, 60<\/td>\n<\/tr>\n<\/tbody>\n<\/table>\n<\/div>\n<div class=\"d-tem04-title text-left d-interval manS\" data-detail=\"wrap\">\n<h2 class=\"heading\">Detalhes do produto<\/h2>\n<\/div>\n<div class=\"d-tem05-technology mockup\" data-detail=\"wrap\">\n<div class=\"items\">\n<div class=\"item tab_row bg-color-before\">\n<div class=\"img d-font-size-fix\"><img decoding=\"async\" title=\"\" src=\"https:\/\/img.yfisher.com\/m6076\/1725726646zs0\/jpg70-t3-scale100.webp\" alt=\"Cartucho de filtro de \u00e1gua plissado PP de substitui\u00e7\u00e3o de 5 polegadas e 10 polegadas 6\" data-lazy=\"2\"><\/div>\n<div class=\"text_box\">\n<div class=\"txt font-color d-font-size-fix\">\n<div class=\"numbox\">parte.1<\/div>\n<div class=\"title\">As tampas de polipropileno s\u00e3o termicamente ligadas aos pacotes de meios, eliminando qualquer necessidade de adesivos que possam reagir ou contaminar os fluidos cr\u00edticos do processo. Resistentes e sem qualquer polui\u00e7\u00e3o.<\/div>\n<\/div>\n<\/div>\n<\/div>\n<div class=\"item tab_row bg-color-before\">\n<div class=\"img d-font-size-fix\"><img decoding=\"async\" title=\"\" src=\"https:\/\/img.yfisher.com\/m6076\/17257266461qh\/jpg70-t3-scale100.webp\" alt=\"Cartucho de filtro de \u00e1gua plissado PP de substitui\u00e7\u00e3o de 5 polegadas e 10 polegadas 7\" data-lazy=\"2\"><\/div>\n<div class=\"text_box\">\n<div class=\"txt font-color d-font-size-fix\">\n<div class=\"numbox\">parte.2<\/div>\n<div class=\"title\">Alta efici\u00eancia 100% todos os cartuchos de polipropileno com n\u00facleo interno e n\u00facleo externo de suporte de polipropileno duro. Fornecemos tamanhos personalizados para atender \u00e0s necessidades de diferentes clientes.<\/div>\n<\/div>\n<\/div>\n<\/div>\n<div class=\"item tab_row bg-color-before\">\n<div class=\"img d-font-size-fix\"><img decoding=\"async\" title=\"\" src=\"https:\/\/img.yfisher.com\/m6076\/1725726646n2s\/jpg70-t3-scale100.webp\" alt=\"Cartucho de filtro de \u00e1gua plissado PP de substitui\u00e7\u00e3o de 5 polegadas e 10 polegadas 8\" data-lazy=\"2\"><\/div>\n<div class=\"text_box\">\n<div class=\"txt font-color d-font-size-fix\">\n<div class=\"numbox\">parte.3<\/div>\n<div class=\"title\">Tampas de extremidade diferentes para se adaptarem a qualquer caixa de filtro e ind\u00fastria de filtra\u00e7\u00e3o, 100% todo o material plissado de polipropileno puro sem qualquer aglutinante org\u00e2nico.<\/div>\n<\/div>\n<\/div>\n<\/div>\n<div class=\"item tab_row bg-color-before\">\n<div class=\"img d-font-size-fix\"><img decoding=\"async\" title=\"\" src=\"https:\/\/img.yfisher.com\/m6076\/1725726646s6k\/jpg70-t3-scale100.webp\" alt=\"Cartucho de filtro de \u00e1gua plissado PP de substitui\u00e7\u00e3o de 5 polegadas e 10 polegadas 9\" data-lazy=\"2\"><\/div>\n<div class=\"text_box\">\n<div class=\"txt font-color d-font-size-fix\">\n<div class=\"numbox\">parte.4<\/div>\n<div class=\"title\">Cartucho de filtro plissado de material PP de 20 polegadas DOE com junta EPDM, multi-camada de porosidade graduada.<\/div>\n<\/div>\n<\/div>\n<\/div>\n<div class=\"d-tem04-title text-left d-interval manS\" data-detail=\"wrap\">\n<h2 class=\"heading\">Aplica\u00e7\u00f5es de produtos<\/h2>\n<\/div>\n<div class=\"d-tem15-graphic mockup\" data-detail=\"wrap\">\n<div class=\"clearfix d-clearfix\">\n<div class=\"col-sm-12 col-md-4 col-xs-6\">\n<div class=\"thumbnail\"><img decoding=\"async\" title=\"\" src=\"https:\/\/img.yfisher.com\/m6076\/1725286972eol\/jpg70-t3-scale100.webp\" alt=\"Cartucho de filtro de \u00e1gua plissado PP de substitui\u00e7\u00e3o de 5 polegadas e 10 polegadas 10\" data-lazy=\"2\"><\/div>\n<div class=\"description\">\n<p>Pr\u00e9-filtragem do sistema de \u00e1gua por osmose inversa<\/p>\n<\/div>\n<\/div>\n<div class=\"col-sm-12 col-md-4 col-xs-6\">\n<div class=\"thumbnail\"><img decoding=\"async\" title=\"\" src=\"https:\/\/img.yfisher.com\/m6076\/1725726646jx2\/jpg70-t3-scale100.webp\" alt=\"Cartucho de filtro de \u00e1gua plissado PP de substitui\u00e7\u00e3o de 5 polegadas e 10 polegadas 11\" data-lazy=\"2\"><\/div>\n<div class=\"description\">Filtragem de bebidas<\/div>\n<\/div>\n<div class=\"col-sm-12 col-md-4 col-xs-6\">\n<div class=\"thumbnail\"><img decoding=\"async\" title=\"\" src=\"https:\/\/img.yfisher.com\/m6076\/1725286973s9v\/png70-t3-scale100.webp\" alt=\"Cartucho de filtro de \u00e1gua plissado PP de substitui\u00e7\u00e3o de 5 polegadas e 10 polegadas 12\" data-lazy=\"2\"><\/div>\n<div class=\"description\">Filtragem de \u00e1gua mineral<\/div>\n<\/div>\n<\/div>\n<\/div>\n<div class=\"d-tem15-graphic mockup\" data-detail=\"wrap\">\n<div class=\"clearfix d-clearfix\">\n<div class=\"col-sm-12 col-md-4 col-xs-6\">\n<div class=\"thumbnail\"><img decoding=\"async\" title=\"\" src=\"https:\/\/img.yfisher.com\/m6076\/1725286973jsc\/png70-t3-scale100.webp\" alt=\"Cartucho de filtro de \u00e1gua plissado PP de substitui\u00e7\u00e3o de 5 polegadas e 10 polegadas 13\" data-lazy=\"2\"><\/div>\n<div class=\"description\">Filtragem de solventes org\u00e2nicos e tintas<\/div>\n<\/div>\n<div class=\"col-sm-12 col-md-4 col-xs-6\">\n<div class=\"thumbnail\"><img decoding=\"async\" title=\"\" src=\"https:\/\/img.yfisher.com\/m6076\/1725286973e46\/jpg70-t3-scale100.webp\" alt=\"Cartucho de filtro de \u00e1gua plissado PP de substitui\u00e7\u00e3o de 5 polegadas e 10 polegadas 14\" data-lazy=\"2\"><\/div>\n<div class=\"description\">Filtra\u00e7\u00e3o de produtos farmac\u00eauticos<\/div>\n<\/div>\n<div class=\"col-sm-12 col-md-4 col-xs-6\">\n<div class=\"thumbnail\"><img decoding=\"async\" title=\"\" src=\"https:\/\/img.yfisher.com\/m6076\/172528697395f\/jpg70-t3-scale100.webp\" alt=\"Cartucho de filtro de \u00e1gua plissado PP de substitui\u00e7\u00e3o de 5 polegadas e 10 polegadas 15\" data-lazy=\"2\"><\/div>\n<div class=\"description\">Filtra\u00e7\u00e3o de produtos biol\u00f3gicos<\/div>\n<\/div>\n<\/div>\n<\/div>\n<\/div>\n<\/div>","protected":false},"excerpt":{"rendered":"<table>\n<thead>\n<tr>\n<th>Porta de in\u00edcio:<\/th>\n<th>Guangzhou<\/th>\n<\/tr>\n<\/thead>\n<tbody>\n<tr>\n<td>Capacidade de produ\u00e7\u00e3o:<\/td>\n<td>500 unidades\/m\u00eas<\/td>\n<\/tr>\n<tr>\n<td>Local de origem:<\/td>\n<td>Guangdong, China<\/td>\n<\/tr>\n<tr>\n<td>Pagamento:<\/td>\n<td>T\/T, garantia de com\u00e9rcio Alibaba, paypal<\/td>\n<\/tr>\n<tr>\n<td>MOQ:<\/td>\n<td>10 unidades<\/td>\n<\/tr>\n<tr>\n<td>Modelo:<\/td>\n<td>LY-PL-PP<\/td>\n<\/tr>\n<tr>\n<td>Prazo de entrega:<\/td>\n<td>No prazo de 7 dias \u00fateis<\/td>\n<\/tr>\n<tr>\n<td>Certifica\u00e7\u00e3o:<\/td>\n<td>SGS, ISO 9001<\/td>\n<\/tr>\n<tr>\n<td>Marca:<\/td>\n<td>OEM\/Lvyuan<\/td>\n<\/tr>\n<\/tbody>\n<\/table>","protected":false},"featured_media":624,"comment_status":"open","ping_status":"closed","template":"","meta":{"_gspb_post_css":""},"product_brand":[],"product_cat":[21,17],"product_tag":[261,266,260,265,273,259],"class_list":{"0":"post-622","1":"product","2":"type-product","3":"status-publish","4":"has-post-thumbnail","6":"product_cat-pleated-filter-cartridge","7":"product_cat-sediment-filter","8":"product_tag-guangdong-china","9":"product_tag-guangzhou","10":"product_tag-iso-9001","11":"product_tag-lvyuan","12":"product_tag-ly-pl-pp","13":"product_tag-oem","15":"first","16":"instock","17":"shipping-taxable","18":"product-type-simple"},"_links":{"self":[{"href":"https:\/\/lyfilter.com\/pt\/wp-json\/wp\/v2\/product\/622","targetHints":{"allow":["GET"]}}],"collection":[{"href":"https:\/\/lyfilter.com\/pt\/wp-json\/wp\/v2\/product"}],"about":[{"href":"https:\/\/lyfilter.com\/pt\/wp-json\/wp\/v2\/types\/product"}],"replies":[{"embeddable":true,"href":"https:\/\/lyfilter.com\/pt\/wp-json\/wp\/v2\/comments?post=622"}],"wp:featuredmedia":[{"embeddable":true,"href":"https:\/\/lyfilter.com\/pt\/wp-json\/wp\/v2\/media\/624"}],"wp:attachment":[{"href":"https:\/\/lyfilter.com\/pt\/wp-json\/wp\/v2\/media?parent=622"}],"wp:term":[{"taxonomy":"product_brand","embeddable":true,"href":"https:\/\/lyfilter.com\/pt\/wp-json\/wp\/v2\/product_brand?post=622"},{"taxonomy":"product_cat","embeddable":true,"href":"https:\/\/lyfilter.com\/pt\/wp-json\/wp\/v2\/product_cat?post=622"},{"taxonomy":"product_tag","embeddable":true,"href":"https:\/\/lyfilter.com\/pt\/wp-json\/wp\/v2\/product_tag?post=622"}],"curies":[{"name":"wp","href":"https:\/\/api.w.org\/{rel}","templated":true}]}}