{"id":617,"date":"2025-12-24T03:20:08","date_gmt":"2025-12-24T03:20:08","guid":{"rendered":"https:\/\/lyfilter.com\/?post_type=product&#038;p=617"},"modified":"2025-12-24T06:44:20","modified_gmt":"2025-12-24T06:44:20","slug":"0-2-%ce%bcm-5-inch-pes-membrane-pleated-cartridge-filters-manufacturer","status":"publish","type":"product","link":"https:\/\/lyfilter.com\/pt\/0-2-%ce%bcm-5-inch-pes-membrane-pleated-cartridge-filters-manufacturer\/","title":{"rendered":"Fabricante de filtros de cartucho plissado com membrana PES de 0,2 \u03bcm e 5 polegadas"},"content":{"rendered":"<div class=\"d-tem11-graphic tem11-graphic mockup\" data-detail=\"wrap\">\n<div class=\"tab_row\">\n<div class=\"img\"><img decoding=\"async\" title=\"\" src=\"https:\/\/img.yfisher.com\/m6076\/1725726643y2e\/png70-t3-scale100.webp\" alt=\"Filtros de cartucho plissado com membrana PES de 0,2 \u03bcm e 5 polegadas fabricante 5\" data-lazy=\"2\"><\/div>\n<div class=\"text_box\">\n<div class=\"txt\">\n<p>O cartucho de filtro plissado PES \u00e9 fabricado com meios de membrana de polietersulfona (PES) importados e materiais de suporte n\u00e3o tecidos, sendo o material do n\u00facleo da gaiola e das tampas das extremidades em polipropileno. Os cartuchos filtrantes de membrana de polietersulfona (PES) de precis\u00e3o absoluta e os adaptadores s\u00e3o soldados termicamente com os meios filtrantes sem utilizar qualquer cola, sem qualquer polui\u00e7\u00e3o.<\/p>\n<p>O cartucho de filtro PES \u00e9 ideal para pr\u00e9-filtragem cr\u00edtica para aplica\u00e7\u00f5es de esteriliza\u00e7\u00e3o e filtragem final numa vasta gama de aplica\u00e7\u00f5es exigentes n\u00e3o est\u00e9reis. A membrana inerentemente hidrof\u00edlica n\u00e3o cont\u00e9m agentes tensioactivos ou molhantes, o que conduz a uma filtra\u00e7\u00e3o eficaz e a taxas de fluxo<\/p>\n<p>Devido \u00e0 sua vasta gama de valores de PH e \u00e0 menor adsor\u00e7\u00e3o de prote\u00ednas do que a membrana de nylon, tornou-se o cartucho filtrante preferido para a filtra\u00e7\u00e3o final nas ind\u00fastrias farmac\u00eautica, alimentar e qu\u00edmica.<\/p>\n<\/div>\n<\/div>\n<\/div>\n<\/div>\n<div class=\"er-fangkuang1\">\n<p>\u00a0 Carater\u00edstica do produto<\/p>\n<div class=\"description\">\n<ul>\n<li><span class=\"font-color\">\u25ea \u00a0\u00a0<\/span>O produto oferece uma excelente efici\u00eancia de reten\u00e7\u00e3o e uma vida \u00fatil prolongada no fluxo, tornando-o um filtro ideal para a clarifica\u00e7\u00e3o de cerveja, vinho e \u00e1gua engarrafada.<\/li>\n<\/ul>\n<ul>\n<li><span class=\"font-color\">\u25ea\u00a0 \u00a0<\/span>Excelente desempenho em termos de compatibilidade qu\u00edmica.<\/li>\n<li><span class=\"font-color\">\u25ea\u00a0 \u00a0<\/span>Resist\u00eancia a altas temperaturas, resist\u00eancia a \u00e1cidos e \u00e1lcalis.<\/li>\n<li><span class=\"font-color\">\u25ea\u00a0 \u00a0<\/span>Membrana hidrof\u00edlica com elevado caudal.<\/li>\n<li><span class=\"font-color\">\u25ea\u00a0 \u00a0<\/span>Sem liberta\u00e7\u00e3o de fibras, cumpre os elevados requisitos da ind\u00fastria farmac\u00eautica e alimentar.<\/li>\n<li><span class=\"font-color\">\u25ea\u00a0 \u00a0<\/span>Os filtros de cartucho plissado PES s\u00e3o testados quanto \u00e0 integridade durante a produ\u00e7\u00e3o para garantir o desempenho e a consist\u00eancia.<\/li>\n<\/ul>\n<\/div>\n<\/div>\n<div class=\"d-tem04-title text-left d-interval manS\" data-detail=\"wrap\">\n<h2 class=\"heading\">Par\u00e2metro do produto<\/h2>\n<\/div>\n<div class=\"table-responsive\">\n<table class=\"table table-bordered table-hover\">\n<tbody>\n<tr class=\"firstRow\">\n<td>Nome do produto<\/td>\n<td>Filtro de cartucho plissado com membrana PES de 0,2 \u03bcm 5 polegadas<\/td>\n<\/tr>\n<tr>\n<td>Meios filtrantes<\/td>\n<td>PES (Polietersulfona)<\/td>\n<\/tr>\n<tr>\n<td>Apoio<\/td>\n<td>PP\/Polipropileno<\/td>\n<\/tr>\n<tr>\n<td>N\u00facleo\/tampa final<\/td>\n<td>PP\/Polipropileno<\/td>\n<\/tr>\n<tr>\n<td>Material de veda\u00e7\u00e3o<\/td>\n<td>Silicone\/EPDM\/VITON\/PTFE\/NBR\/TEFLON<\/td>\n<\/tr>\n<tr>\n<td>Di\u00e2metro exterior<\/td>\n<td>2,7\u201d (69 mm)<\/td>\n<\/tr>\n<tr>\n<td>Comprimento<\/td>\n<td>5\u201d, 9,75\u201d, 10\u201d, 20\u201d, 30\u201d, 40\u201d, Personalizado<\/td>\n<\/tr>\n<tr>\n<td>Tampa da extremidade<\/td>\n<td>215\/222\/226\/FIN\/DOE\/SS<\/td>\n<\/tr>\n<tr>\n<td>\u00c1rea de filtragem<\/td>\n<td>\u22650.6m\u00b2<\/td>\n<\/tr>\n<tr>\n<td>Temperatura m\u00e1xima de funcionamento<\/td>\n<td>\u2264140\u2103, 0.28Mpa<\/td>\n<\/tr>\n<tr>\n<td>Classifica\u00e7\u00e3o em microns (\u03bcm)<\/td>\n<td>0.1, 0.2, 0.45, 0.65<\/td>\n<\/tr>\n<\/tbody>\n<\/table>\n<\/div>\n<div class=\"d-tem04-title text-left d-interval manS\" data-detail=\"wrap\">\n<h2 class=\"heading\">Detalhes do produto<\/h2>\n<\/div>\n<div class=\"d-tem05-technology mockup\" data-detail=\"wrap\">\n<div class=\"items\">\n<div class=\"item tab_row bg-color-before\">\n<div class=\"img d-font-size-fix\"><img decoding=\"async\" title=\"\" src=\"https:\/\/img.yfisher.com\/m6076\/1725726643xgc\/png70-t3-scale100.webp\" alt=\"Filtros de cartucho plissado com membrana PES de 0,2 \u03bcm e 5 polegadas fabricante 6\" data-lazy=\"2\"><\/div>\n<div class=\"text_box\">\n<div class=\"txt font-color d-font-size-fix\">\n<div class=\"numbox\">parte.1<\/div>\n<div class=\"title\">A membrana de camada \u00fanica e de camada dupla \u00e9 testada quanto \u00e0 sua integridade durante a produ\u00e7\u00e3o para garantir o desempenho e a consist\u00eancia.<\/div>\n<\/div>\n<\/div>\n<\/div>\n<div class=\"item tab_row bg-color-before\">\n<div class=\"img d-font-size-fix\"><img decoding=\"async\" title=\"\" src=\"https:\/\/img.yfisher.com\/m6076\/1725726643w7c\/png70-t3-scale100.webp\" alt=\"Filtros de cartucho plissado com membrana PES de 0,2 \u03bcm e 5 polegadas fabricante 7\" data-lazy=\"2\"><\/div>\n<div class=\"text_box\">\n<div class=\"txt font-color d-font-size-fix\">\n<div class=\"numbox\">parte.2<\/div>\n<div class=\"title\">Com uma taxa de microns absolutos de 0,1 \u03bcm a 0,65 \u03bcm, a capacidade de caudal elevado reduz o investimento em habita\u00e7\u00e3o.<\/div>\n<\/div>\n<\/div>\n<\/div>\n<div class=\"item tab_row bg-color-before\">\n<div class=\"img d-font-size-fix\"><img decoding=\"async\" title=\"\" src=\"https:\/\/img.yfisher.com\/m6076\/1725726643ltg\/png70-t3-scale100.webp\" alt=\"Filtros de cartucho plissado com membrana PES de 0,2 \u03bcm e 5 polegadas fabricante 8\" data-lazy=\"2\"><\/div>\n<div class=\"text_box\">\n<div class=\"txt font-color d-font-size-fix\">\n<div class=\"numbox\">parte.3<\/div>\n<div class=\"title\">Ampla compatibilidade qu\u00edmica e boa resist\u00eancia ao calor, membrana PES econ\u00f3mica e importada para a sua escolha.<\/div>\n<\/div>\n<\/div>\n<\/div>\n<div class=\"item tab_row bg-color-before\">\n<div class=\"img d-font-size-fix\"><img decoding=\"async\" title=\"\" src=\"https:\/\/img.yfisher.com\/m6076\/1725726643we2\/png70-t3-scale100.webp\" alt=\"Filtros de cartucho plissado com membrana PES de 0,2 \u03bcm e 5 polegadas fabricante 9\" data-lazy=\"2\"><\/div>\n<div class=\"text_box\">\n<div class=\"txt font-color d-font-size-fix\">\n<div class=\"numbox\">parte.4<\/div>\n<div class=\"title\">As diferentes tampas das extremidades dos filtros de cartucho s\u00e3o opcionais. FIN\/215\/222\/FLAT\/226 e a\u00e7o inoxid\u00e1vel.<\/div>\n<\/div>\n<\/div>\n<\/div>\n<div class=\"d-tem04-title text-left d-interval manS\" data-detail=\"wrap\">\n<h2 class=\"heading\">Aplica\u00e7\u00f5es de produtos<\/h2>\n<\/div>\n<div class=\"d-tem15-graphic mockup\" data-detail=\"wrap\">\n<div class=\"clearfix d-clearfix\">\n<div class=\"col-sm-12 col-md-4 col-xs-6\">\n<div class=\"thumbnail\"><img decoding=\"async\" title=\"\" src=\"https:\/\/img.yfisher.com\/m6076\/1725726643idj\/png70-t3-scale100.webp\" alt=\"Filtros de cartucho plissado com membrana PES de 0,2 \u03bcm e 5 polegadas fabricante 10\" data-lazy=\"2\"><\/div>\n<div class=\"description\">\n<p>Medicina<\/p>\n<\/div>\n<\/div>\n<div class=\"col-sm-12 col-md-4 col-xs-6\">\n<div class=\"thumbnail\"><img decoding=\"async\" title=\"\" src=\"https:\/\/img.yfisher.com\/m6076\/1725726643og5\/png70-t3-scale100.webp\" alt=\"Filtros de cartucho plissado com membrana PES de 0,2 \u03bcm e 5 polegadas fabricante 11\" data-lazy=\"2\"><\/div>\n<div class=\"description\">Tecnologia biol\u00f3gica<\/div>\n<\/div>\n<div class=\"col-sm-12 col-md-4 col-xs-6\">\n<div class=\"thumbnail\"><img decoding=\"async\" title=\"\" src=\"https:\/\/img.yfisher.com\/m6076\/1725286973s9v\/png70-t3-scale100.webp\" alt=\"Filtros de cartucho plissado com membrana PES de 0,2 \u03bcm e 5 polegadas fabricante 12\" data-lazy=\"2\"><\/div>\n<div class=\"description\">\u00c1gua ultra-pura<\/div>\n<\/div>\n<\/div>\n<\/div>\n<div class=\"d-tem15-graphic mockup\" data-detail=\"wrap\">\n<div class=\"clearfix d-clearfix\">\n<div class=\"col-sm-12 col-md-4 col-xs-6\">\n<div class=\"thumbnail\"><img decoding=\"async\" title=\"\" src=\"https:\/\/img.yfisher.com\/m6076\/1725286973jsc\/png70-t3-scale100.webp\" alt=\"Filtros de cartucho plissado com membrana PES de 0,2 \u03bcm e 5 polegadas fabricante 13\" data-lazy=\"2\"><\/div>\n<div class=\"description\">filtragem de mat\u00e9rias-primas qu\u00edmicas<\/div>\n<\/div>\n<div class=\"col-sm-12 col-md-4 col-xs-6\">\n<div class=\"thumbnail\"><img decoding=\"async\" title=\"\" src=\"https:\/\/img.yfisher.com\/m6076\/1725726643we2\/jpg70-t3-scale100.webp\" alt=\"Filtros de cartucho plissado com membrana PES de 0,2 \u03bcm e 5 polegadas fabricante 14\" data-lazy=\"2\"><\/div>\n<div class=\"description\">Bebidas<\/div>\n<\/div>\n<div class=\"col-sm-12 col-md-4 col-xs-6\">\n<div class=\"thumbnail\"><img decoding=\"async\" title=\"\" src=\"https:\/\/img.yfisher.com\/m6076\/1725726643yla\/png70-t3-scale100.webp\" alt=\"Filtros de cartucho plissado com membrana PES de 0,2 \u03bcm e 5 polegadas fabricante 15\" data-lazy=\"2\"><\/div>\n<div class=\"description\">Cerveja<\/div>\n<\/div>\n<\/div>\n<\/div>\n<\/div>\n<\/div>","protected":false},"excerpt":{"rendered":"<table>\n<thead>\n<tr>\n<th>Porta de in\u00edcio:<\/th>\n<th>Guangzhou<\/th>\n<\/tr>\n<\/thead>\n<tbody>\n<tr>\n<td>Capacidade de produ\u00e7\u00e3o:<\/td>\n<td>500 unidades\/m\u00eas<\/td>\n<\/tr>\n<tr>\n<td>Local de origem:<\/td>\n<td>Guangdong, China<\/td>\n<\/tr>\n<tr>\n<td>Pagamento:<\/td>\n<td>T\/T, Western Union, MoneyGram, Alibaba Trade Assurance, paypal<\/td>\n<\/tr>\n<tr>\n<td>MOQ:<\/td>\n<td>10 unidades<\/td>\n<\/tr>\n<tr>\n<td>Modelo:<\/td>\n<td>LY-PL-PES<\/td>\n<\/tr>\n<tr>\n<td>Prazo de entrega:<\/td>\n<td>No prazo de 7 dias \u00fateis<\/td>\n<\/tr>\n<tr>\n<td>Certifica\u00e7\u00e3o:<\/td>\n<td>SGS<\/td>\n<\/tr>\n<tr>\n<td>Marca:<\/td>\n<td>OEM\/Lvyuan<\/td>\n<\/tr>\n<\/tbody>\n<\/table>","protected":false},"featured_media":618,"comment_status":"open","ping_status":"closed","template":"","meta":{"_gspb_post_css":""},"product_brand":[],"product_cat":[21,17],"product_tag":[261,266,265,272,259,269],"class_list":{"0":"post-617","1":"product","2":"type-product","3":"status-publish","4":"has-post-thumbnail","6":"product_cat-pleated-filter-cartridge","7":"product_cat-sediment-filter","8":"product_tag-guangdong-china","9":"product_tag-guangzhou","10":"product_tag-lvyuan","11":"product_tag-ly-pl-pes","12":"product_tag-oem","13":"product_tag-sgs","15":"first","16":"instock","17":"shipping-taxable","18":"product-type-simple"},"_links":{"self":[{"href":"https:\/\/lyfilter.com\/pt\/wp-json\/wp\/v2\/product\/617","targetHints":{"allow":["GET"]}}],"collection":[{"href":"https:\/\/lyfilter.com\/pt\/wp-json\/wp\/v2\/product"}],"about":[{"href":"https:\/\/lyfilter.com\/pt\/wp-json\/wp\/v2\/types\/product"}],"replies":[{"embeddable":true,"href":"https:\/\/lyfilter.com\/pt\/wp-json\/wp\/v2\/comments?post=617"}],"wp:featuredmedia":[{"embeddable":true,"href":"https:\/\/lyfilter.com\/pt\/wp-json\/wp\/v2\/media\/618"}],"wp:attachment":[{"href":"https:\/\/lyfilter.com\/pt\/wp-json\/wp\/v2\/media?parent=617"}],"wp:term":[{"taxonomy":"product_brand","embeddable":true,"href":"https:\/\/lyfilter.com\/pt\/wp-json\/wp\/v2\/product_brand?post=617"},{"taxonomy":"product_cat","embeddable":true,"href":"https:\/\/lyfilter.com\/pt\/wp-json\/wp\/v2\/product_cat?post=617"},{"taxonomy":"product_tag","embeddable":true,"href":"https:\/\/lyfilter.com\/pt\/wp-json\/wp\/v2\/product_tag?post=617"}],"curies":[{"name":"wp","href":"https:\/\/api.w.org\/{rel}","templated":true}]}}