{"id":611,"date":"2025-12-24T03:18:18","date_gmt":"2025-12-24T03:18:18","guid":{"rendered":"https:\/\/lyfilter.com\/?post_type=product&#038;p=611"},"modified":"2025-12-24T06:48:13","modified_gmt":"2025-12-24T06:48:13","slug":"30-inch-nylon-n66-membrane-pleated-water-filter-cartridge-suppliers","status":"publish","type":"product","link":"https:\/\/lyfilter.com\/pt\/30-inch-nylon-n66-membrane-pleated-water-filter-cartridge-suppliers\/","title":{"rendered":"Fornecedores de cartucho de filtro de \u00e1gua plissado com membrana de Nylon N66 de 30 polegadas"},"content":{"rendered":"<div class=\"d-tem11-graphic tem11-graphic mockup\" data-detail=\"wrap\">\n<div class=\"tab_row\">\n<div class=\"img\"><img decoding=\"async\" title=\"\" src=\"https:\/\/img.yfisher.com\/m6076\/17257266419wj\/jpg70-t3-scale100.webp\" alt=\"Cartucho de filtro de \u00e1gua plissado com membrana de Nylon N66 de 30 polegadas fornecedores 2\" data-lazy=\"2\"><\/div>\n<div class=\"text_box\">\n<div class=\"txt\">\n<div class=\"title\">O cartucho de filtro plissado N6 \u00e9 fabricado com um meio de Nylon 6 e materiais de suporte n\u00e3o tecidos. Os adaptadores s\u00e3o soldados termicamente com os suportes sem utilizar qualquer cola, sem qualquer polui\u00e7\u00e3o ou dejectos. Limpo e est\u00e1vel, cada cartucho de filtro passou por testes rigorosos de integridade 100%. O ambiente de produ\u00e7\u00e3o rigoroso e o melhor garante a seguran\u00e7a da filtragem. O cartucho de filtro plissado de nylon ou o filtro de cartucho plissado de membrana de nylon utiliza membranas de Nylon 66 de alto grau de pureza em meios de material de poli\u00e9ster n\u00e3o tecido. Destina-se principalmente a aplica\u00e7\u00f5es para a filtragem da fase final.<\/div>\n<\/div>\n<\/div>\n<\/div>\n<\/div>\n<div class=\"er-fangkuang1\">\n<p>\u00a0 Carater\u00edstica do produto<\/p>\n<div class=\"description\">\n<ul>\n<li><span class=\"font-color\">\u25ea \u00a0\u00a0<\/span>Elevada capacidade de reten\u00e7\u00e3o de sujidade e longa vida \u00fatil.<\/li>\n<li><span class=\"font-color\">\u25ea\u00a0\u00a0<\/span>\u00a0A membrana de nylon n\u00e3o necessita de humedecimento pr\u00e9vio devido ao seu car\u00e1cter hidrof\u00edlico.<\/li>\n<li><span class=\"font-color\">\u25ea\u00a0 \u00a0<\/span>O di\u00e2metro dos poros \u00e9 distribu\u00eddo uniformemente, com um bom efeito de filtragem.<\/li>\n<li><span class=\"font-color\">\u25ea\u00a0 \u00a0<\/span>Excelente compatibilidade qu\u00edmica, compat\u00edvel com a maioria dos reagentes sanit\u00e1rios, incluindo at\u00e9 50% H2O2 e at\u00e9 1,6% lix\u00edvia (800PPmNaClo).<\/li>\n<li><span class=\"font-color\">\u25ea\u00a0 \u00a0<\/span>Sem liberta\u00e7\u00e3o de fibras, em total conformidade com as normas da ind\u00fastria farmac\u00eautica.<\/li>\n<\/ul>\n<\/div>\n<\/div>\n<div class=\"d-tem04-title text-left d-interval manS\" data-detail=\"wrap\">\n<h2 class=\"heading\">Par\u00e2metro do produto<\/h2>\n<\/div>\n<div class=\"table-responsive\">\n<table class=\"table table-bordered table-hover\">\n<tbody>\n<tr class=\"firstRow\">\n<td>Nome do produto<\/td>\n<td>Elemento filtrante plissado de membrana de Nylon N66 de 30 polegadas com adaptador 226 (LY-PL-N66)<\/td>\n<\/tr>\n<tr>\n<td>Meios filtrantes<\/td>\n<td>Nylon (N66)<\/td>\n<\/tr>\n<tr>\n<td>Apoio<\/td>\n<td>PP\/Polipropileno<\/td>\n<\/tr>\n<tr>\n<td>N\u00facleo\/tampa final<\/td>\n<td>PP\/Polipropileno<\/td>\n<\/tr>\n<tr>\n<td>Material de veda\u00e7\u00e3o<\/td>\n<td>Silicone\/EPDM\/VITON\/PTFE\/NBR\/TEFLON<\/td>\n<\/tr>\n<tr>\n<td>Di\u00e2metro exterior<\/td>\n<td>2,7\u201d (69 mm)<\/td>\n<\/tr>\n<tr>\n<td>Comprimento<\/td>\n<td>5\u201d, 9,75\u201d, 10\u201d, 20\u201d, 30\u201d, 40\u201d, Personalizado<\/td>\n<\/tr>\n<tr>\n<td>Tampa da extremidade<\/td>\n<td>215\/222\/226\/FIN\/DOE\/SS<\/td>\n<\/tr>\n<tr>\n<td>\u00c1rea de filtragem<\/td>\n<td>\u22650.6m\u00b2<\/td>\n<\/tr>\n<tr>\n<td>Temperatura m\u00e1xima de funcionamento<\/td>\n<td>\u2264 49\u2103<\/td>\n<\/tr>\n<tr>\n<td>Classifica\u00e7\u00e3o em microns (\u03bcm)<\/td>\n<td>0.2, 0.45, 0.65, 1<\/td>\n<\/tr>\n<\/tbody>\n<\/table>\n<\/div>\n<div class=\"d-tem04-title text-left d-interval manS\" data-detail=\"wrap\">\n<h2 class=\"heading\">Detalhes do produto<\/h2>\n<\/div>\n<div class=\"d-tem05-technology mockup\" data-detail=\"wrap\">\n<div class=\"items\">\n<div class=\"item tab_row bg-color-before\">\n<div class=\"img d-font-size-fix\"><img decoding=\"async\" title=\"\" src=\"https:\/\/img.yfisher.com\/m6076\/1725726641vkd\/jpg70-t3-scale100.webp\" alt=\"Cartucho de filtro de \u00e1gua plissado com membrana de Nylon N66 de 30 polegadas fornecedores 3\" data-lazy=\"2\"><\/div>\n<div class=\"text_box\">\n<div class=\"txt font-color d-font-size-fix\">\n<div class=\"numbox\">parte.1<\/div>\n<div class=\"title\">A classifica\u00e7\u00e3o micr\u00f3nica da membrana \u00e9 opcional. As op\u00e7\u00f5es a encomendar para este local incluem 0,03 a 0,45 microns em 10 \"a 40\" de comprimento com.<\/div>\n<\/div>\n<\/div>\n<\/div>\n<div class=\"item tab_row bg-color-before\">\n<div class=\"img d-font-size-fix\"><img decoding=\"async\" title=\"\" src=\"https:\/\/img.yfisher.com\/m6076\/1725726641cip\/jpg70-t3-scale100.webp\" alt=\"30 polegadas Nylon N66 membrana plissada cartucho de filtro de \u00e1gua fornecedores 4\" data-lazy=\"2\"><\/div>\n<div class=\"text_box\">\n<div class=\"txt font-color d-font-size-fix\">\n<div class=\"numbox\">parte.2<\/div>\n<div class=\"title\">Configura\u00e7\u00f5es de extremidade aberta dupla (DOE), 222 ou 226, todas fornecidas de s\u00e9rie com vedantes EPDM\/PTFE\/SILICONE\/TEFLON.<\/div>\n<\/div>\n<\/div>\n<\/div>\n<div class=\"item tab_row bg-color-before\">\n<div class=\"img d-font-size-fix\"><img decoding=\"async\" title=\"\" src=\"https:\/\/img.yfisher.com\/m6076\/172572664168b\/jpg70-t3-scale100.webp\" alt=\"Fornecedores de cartucho de filtro de \u00e1gua plissado com membrana de Nylon N66 de 30 polegadas 5\" data-lazy=\"2\"><\/div>\n<div class=\"text_box\">\n<div class=\"txt font-color d-font-size-fix\">\n<div class=\"numbox\">parte.3<\/div>\n<div class=\"title\">O material do n\u00facleo do filtro e do anel de veda\u00e7\u00e3o, o n\u00famero de camadas de membrana oferece aos utilizadores mais op\u00e7\u00f5es<\/div>\n<\/div>\n<\/div>\n<\/div>\n<div class=\"item tab_row bg-color-before\">\n<div class=\"img d-font-size-fix\"><img decoding=\"async\" title=\"\" src=\"https:\/\/img.yfisher.com\/m6076\/1725726641jhy\/jpg70-t3-scale100.webp\" alt=\"Cartucho de filtro de \u00e1gua plissado com membrana de Nylon N66 de 30 polegadas fornecedores 6\" data-lazy=\"2\"><\/div>\n<div class=\"text_box\">\n<div class=\"txt font-color d-font-size-fix\">\n<div class=\"numbox\">parte.4<\/div>\n<div class=\"title\">Todas as pe\u00e7as dos cartuchos de filtro s\u00e3o de alta qualidade para satisfazer os requisitos da farm\u00e1cia.<\/div>\n<\/div>\n<\/div>\n<\/div>\n<div class=\"d-tem04-title text-left d-interval manS\" data-detail=\"wrap\">\n<h2 class=\"heading\">Aplica\u00e7\u00f5es de produtos<\/h2>\n<\/div>\n<div class=\"d-tem15-graphic mockup\" data-detail=\"wrap\">\n<div class=\"clearfix d-clearfix\">\n<div class=\"col-sm-12 col-md-4 col-xs-6\">\n<div class=\"thumbnail\"><img decoding=\"async\" title=\"\" src=\"https:\/\/img.yfisher.com\/m6076\/17252869702lg\/jpg70-t3-scale100.webp\" alt=\"Cartucho de filtro de \u00e1gua plissado com membrana de Nylon N66 de 30 polegadas fornecedores 7\" data-lazy=\"2\"><\/div>\n<div class=\"description\">\n<p>Pr\u00e9-tratamento da \u00e1gua RO na \u00e1gua da torneira municipal<\/p>\n<\/div>\n<\/div>\n<div class=\"col-sm-12 col-md-4 col-xs-6\">\n<div class=\"thumbnail\"><img decoding=\"async\" title=\"\" src=\"https:\/\/img.yfisher.com\/m6076\/1725286970srn\/jpg70-t3-scale100.webp\" alt=\"Cartucho de filtro de \u00e1gua plissado com membrana de Nylon N66 de 30 polegadas fornecedores 8\" data-lazy=\"2\"><\/div>\n<div class=\"description\">\u00c1gua industrial, filtragem de revestimento<\/div>\n<\/div>\n<div class=\"col-sm-12 col-md-4 col-xs-6\">\n<div class=\"thumbnail\"><img decoding=\"async\" title=\"\" src=\"https:\/\/img.yfisher.com\/m6076\/1725286970f8t\/jpg70-t3-scale100.webp\" alt=\"Cartucho de filtro de \u00e1gua plissado com membrana de Nylon N66 de 30 polegadas fornecedores 9\" data-lazy=\"2\"><\/div>\n<div class=\"description\">Alimenta\u00e7\u00e3o e bebidas<\/div>\n<\/div>\n<\/div>\n<\/div>\n<div class=\"d-tem15-graphic mockup\" data-detail=\"wrap\">\n<div class=\"clearfix d-clearfix\">\n<div class=\"col-sm-12 col-md-4 col-xs-6\">\n<div class=\"thumbnail\"><img decoding=\"async\" title=\"\" src=\"https:\/\/img.yfisher.com\/m6076\/1725286970bzw\/jpg70-t3-scale100.webp\" alt=\"Cartucho de filtro de \u00e1gua plissado com membrana de Nylon N66 de 30 polegadas fornecedores 10\" data-lazy=\"2\"><\/div>\n<div class=\"description\">Pr\u00e9-filtragem de \u00e1gua est\u00e9ril e de \u00e1gua ultra pura<\/div>\n<\/div>\n<div class=\"col-sm-12 col-md-4 col-xs-6\">\n<div class=\"thumbnail\"><img decoding=\"async\" title=\"\" src=\"https:\/\/img.yfisher.com\/m6076\/1725286970fd2\/jpg70-t3-scale100.webp\" alt=\"Cartucho de filtro de \u00e1gua plissado com membrana de Nylon N66 de 30 polegadas fornecedores 11\" data-lazy=\"2\"><\/div>\n<div class=\"description\">\u00c1gua qu\u00edmica e solvente<\/div>\n<\/div>\n<div class=\"col-sm-12 col-md-4 col-xs-6\">\n<div class=\"thumbnail\"><img decoding=\"async\" title=\"\" src=\"https:\/\/img.yfisher.com\/m6076\/1725286970v45\/jpg70-t3-scale100.webp\" alt=\"Cartucho de filtro de \u00e1gua plissado com membrana de Nylon N66 de 30 polegadas fornecedores 12\" data-lazy=\"2\"><\/div>\n<div class=\"description\">Dessaliniza\u00e7\u00e3o da \u00e1gua do mar<\/div>\n<\/div>\n<\/div>\n<\/div>\n<\/div>\n<\/div>","protected":false},"excerpt":{"rendered":"<table>\n<thead>\n<tr>\n<th>Porta de in\u00edcio:<\/th>\n<th>Guangzhou<\/th>\n<\/tr>\n<\/thead>\n<tbody>\n<tr>\n<td>Capacidade de produ\u00e7\u00e3o:<\/td>\n<td>500 unidades\/m\u00eas<\/td>\n<\/tr>\n<tr>\n<td>Local de origem:<\/td>\n<td>Guanddong, China<\/td>\n<\/tr>\n<tr>\n<td>Pagamento:<\/td>\n<td>T\/T, Western Union, Garantia de com\u00e9rcio de Alibaba, paypal<\/td>\n<\/tr>\n<tr>\n<td>MOQ:<\/td>\n<td>10 unidades<\/td>\n<\/tr>\n<tr>\n<td>Modelo:<\/td>\n<td>LY-PL-N66<\/td>\n<\/tr>\n<tr>\n<td>Prazo de entrega:<\/td>\n<td>No prazo de 7 dias ap\u00f3s o pagamento integral.<\/td>\n<\/tr>\n<tr>\n<td>Certifica\u00e7\u00e3o:<\/td>\n<td>SGS<\/td>\n<\/tr>\n<tr>\n<td>Marca:<\/td>\n<td>OEM\/Lvyuan<\/td>\n<\/tr>\n<\/tbody>\n<\/table>","protected":false},"featured_media":615,"comment_status":"open","ping_status":"closed","template":"","meta":{"_gspb_post_css":""},"product_brand":[],"product_cat":[17,21],"product_tag":[261,266,265,271,259,269],"class_list":{"0":"post-611","1":"product","2":"type-product","3":"status-publish","4":"has-post-thumbnail","6":"product_cat-sediment-filter","7":"product_cat-pleated-filter-cartridge","8":"product_tag-guangdong-china","9":"product_tag-guangzhou","10":"product_tag-lvyuan","11":"product_tag-ly-pl-n66","12":"product_tag-oem","13":"product_tag-sgs","15":"first","16":"instock","17":"shipping-taxable","18":"product-type-simple"},"_links":{"self":[{"href":"https:\/\/lyfilter.com\/pt\/wp-json\/wp\/v2\/product\/611","targetHints":{"allow":["GET"]}}],"collection":[{"href":"https:\/\/lyfilter.com\/pt\/wp-json\/wp\/v2\/product"}],"about":[{"href":"https:\/\/lyfilter.com\/pt\/wp-json\/wp\/v2\/types\/product"}],"replies":[{"embeddable":true,"href":"https:\/\/lyfilter.com\/pt\/wp-json\/wp\/v2\/comments?post=611"}],"wp:featuredmedia":[{"embeddable":true,"href":"https:\/\/lyfilter.com\/pt\/wp-json\/wp\/v2\/media\/615"}],"wp:attachment":[{"href":"https:\/\/lyfilter.com\/pt\/wp-json\/wp\/v2\/media?parent=611"}],"wp:term":[{"taxonomy":"product_brand","embeddable":true,"href":"https:\/\/lyfilter.com\/pt\/wp-json\/wp\/v2\/product_brand?post=611"},{"taxonomy":"product_cat","embeddable":true,"href":"https:\/\/lyfilter.com\/pt\/wp-json\/wp\/v2\/product_cat?post=611"},{"taxonomy":"product_tag","embeddable":true,"href":"https:\/\/lyfilter.com\/pt\/wp-json\/wp\/v2\/product_tag?post=611"}],"curies":[{"name":"wp","href":"https:\/\/api.w.org\/{rel}","templated":true}]}}