{"id":604,"date":"2025-12-24T03:15:40","date_gmt":"2025-12-24T03:15:40","guid":{"rendered":"https:\/\/lyfilter.com\/?post_type=product&#038;p=604"},"modified":"2025-12-24T03:15:40","modified_gmt":"2025-12-24T03:15:40","slug":"customized-specification-polypropylene-pp-melt-blown-filter-cartridge","status":"publish","type":"product","link":"https:\/\/lyfilter.com\/pt\/customized-specification-polypropylene-pp-melt-blown-filter-cartridge\/","title":{"rendered":"Especifica\u00e7\u00e3o personalizada Cartucho de filtro fundido por sopro de polipropileno PP"},"content":{"rendered":"<div class=\"d-tem11-graphic tem11-graphic mockup\" data-detail=\"wrap\">\n<div class=\"tab_row\">\n<div class=\"img\"><img decoding=\"async\" title=\"\" src=\"https:\/\/img.yfisher.com\/m6076\/1725286970vgl\/jpg70-t3-scale100.webp\" alt=\"Especifica\u00e7\u00e3o personalizada Cartucho de filtro fundido por sopro de polipropileno PP 6\" data-lazy=\"2\"><\/div>\n<div class=\"text_box\">\n<div class=\"txt\">\n<div class=\"title\">\n<p>A s\u00e9rie de cartucho de filtro fundido soprado Lvyuan pp \u00e9 um tipo de cartucho de filtro padr\u00e3o e simples para purifica\u00e7\u00e3o de \u00e1gua.<\/p>\n<p>\u00c9 fundido e entrela\u00e7ado de fibra de polipropileno sem quaisquer colas qu\u00edmicas. \u00c9 fabricado a partir de mat\u00e9ria-prima de polipropileno puro 100%. Este cartucho de filtro \u00e9 aleat\u00f3rio para formar micro poros 3D, o que far\u00e1 com que o cartucho tenha 3 camadas com fibras finas na superf\u00edcie e fibras grossas e filtra\u00e7\u00e3o profunda.<\/p>\n<p>Como a fibra e a densidade de alta classifica\u00e7\u00e3o de filtra\u00e7\u00e3o e capacidade de reten\u00e7\u00e3o de poluentes no di\u00e2metro do cartucho de filtro, baixa queda de press\u00e3o, mudan\u00e7a gradual da estrutura de filtra\u00e7\u00e3o profunda com exterior solto e interior fechado, forte capacidade de reten\u00e7\u00e3o de poluentes, pode remover contaminantes de forma eficaz, como subst\u00e2ncia suspensa, part\u00edculas e ferrugem, proporcionando filtra\u00e7\u00e3o eficiente e longa vida \u00fatil.<\/p>\n<\/div>\n<\/div>\n<\/div>\n<\/div>\n<\/div>\n<div class=\"er-fangkuang1\">\n<p>\u00a0 Carater\u00edstica do produto<\/p>\n<div class=\"description\">\n<ul>\n<li><span class=\"font-color\">\u25ea \u00a0\u00a0<\/span>Elevada capacidade de reten\u00e7\u00e3o de sujidade e longa vida \u00fatil.<\/li>\n<li><span class=\"font-color\">\u25ea\u00a0 \u00a0<\/span>Selo de a\u00e7o de tamanho e log\u00f3tipo personalizados.<\/li>\n<li><span class=\"font-color\">\u25ea\u00a0 \u00a0<\/span>N\u00e3o provocaria a queda de fibras.<\/li>\n<li><span class=\"font-color\">\u25ea\u00a0 \u00a0<\/span>Grande compatibilidade qu\u00edmica.<\/li>\n<li><span class=\"font-color\">\u25ea\u00a0 \u00a0<\/span>Sem colas ou aditivos.<\/li>\n<li><span class=\"font-color\">\u25ea\u00a0 \u00a0<\/span>Personaliza\u00e7\u00e3o do peso em gramas.<\/li>\n<\/ul>\n<\/div>\n<\/div>\n<div class=\"d-tem04-title text-left d-interval manS\" data-detail=\"wrap\">\n<h2 class=\"heading\">Par\u00e2metro do produto<\/h2>\n<\/div>\n<div class=\"table-responsive\">\n<table class=\"table table-bordered table-hover\">\n<tbody>\n<tr class=\"firstRow\">\n<td>Material do meio filtrante<\/td>\n<td>PP\uff08polipropileno\uff09<\/td>\n<\/tr>\n<tr>\n<td>N\u00facleo central<\/td>\n<td>PP\/Nenhum<\/td>\n<\/tr>\n<tr>\n<td>Tampas de extremidade<\/td>\n<td>PP<\/td>\n<\/tr>\n<tr>\n<td>Material de veda\u00e7\u00e3o<\/td>\n<td>Silicone, EPDM, NBR, VITON, TEFLON, etc<\/td>\n<\/tr>\n<tr>\n<td>C\u00f3digo<\/td>\n<td>DOE, SOE, personalizado<\/td>\n<\/tr>\n<tr>\n<td>Superf\u00edcie<\/td>\n<td>Brilhante, estriado, agulhado para grava\u00e7\u00e3o, superf\u00edcie de casca de laranja<\/td>\n<\/tr>\n<tr>\n<td>Di\u00e2metro interior<\/td>\n<td>20 mm, 28 mm, 30 mm, 200 mm, personalizado<\/td>\n<\/tr>\n<tr>\n<td>Di\u00e2metro exterior<\/td>\n<td>60 mm, 63 mm , 65 mm, 110 mm, 115 mm, personalizado<\/td>\n<\/tr>\n<tr>\n<td>Comprimento<\/td>\n<td>10\/20\/30\/40 polegadas ou personalizado<\/td>\n<\/tr>\n<tr>\n<td>Press\u00e3o diferencial m\u00e1xima<\/td>\n<td>3,5 bar a 20\u2103<\/td>\n<\/tr>\n<tr>\n<td>Temperatura m\u00e1xima de funcionamento<\/td>\n<td>82\u2103<\/td>\n<\/tr>\n<tr>\n<td>Press\u00e3o diferencial de substitui\u00e7\u00e3o<\/td>\n<td>1-1,5 bar<\/td>\n<\/tr>\n<\/tbody>\n<\/table>\n<\/div>\n<div class=\"d-tem04-title text-left d-interval manS\" data-detail=\"wrap\">\n<h2 class=\"heading\">Detalhes do produto<\/h2>\n<\/div>\n<p>Com dez anos de experi\u00eancia em cartucho de filtro de sedimentos PP, podemos fornecer especifica\u00e7\u00f5es variadas como OD e comprimento diferentes, multi-adpator, apar\u00eancia diferente, duas precis\u00f5es, grama personalizada.<\/p>\n<div class=\"d-tem05-technology mockup\" data-detail=\"wrap\">\n<div class=\"items\">\n<div class=\"item tab_row bg-color-before\">\n<div class=\"img d-font-size-fix\"><img decoding=\"async\" title=\"\" src=\"https:\/\/img.yfisher.com\/m6076\/17252869705cs\/jpg70-t3-scale100.webp\" alt=\"Especifica\u00e7\u00e3o personalizada Cartucho de filtro soprado por fus\u00e3o de polipropileno PP 7\" data-lazy=\"2\"><\/div>\n<div class=\"text_box\">\n<div class=\"txt font-color d-font-size-fix\">\n<div class=\"numbox\">parte.1<\/div>\n<div class=\"title\">Aceitar tamanho e comprimento personalizados<\/div>\n<\/div>\n<\/div>\n<\/div>\n<div class=\"item tab_row bg-color-before\">\n<div class=\"img d-font-size-fix\"><img decoding=\"async\" title=\"\" src=\"https:\/\/img.yfisher.com\/m6076\/1725286970so1\/jpg70-t3-scale100.webp\" alt=\"Especifica\u00e7\u00e3o personalizada Cartucho de filtro fundido por sopro de polipropileno PP 8\" data-lazy=\"2\"><\/div>\n<div class=\"text_box\">\n<div class=\"txt font-color d-font-size-fix\">\n<div class=\"numbox\">parte.2<\/div>\n<div class=\"title\">Aceitar adpator personalizado<\/div>\n<\/div>\n<\/div>\n<\/div>\n<div class=\"item tab_row bg-color-before\">\n<div class=\"img d-font-size-fix\"><img decoding=\"async\" title=\"\" src=\"https:\/\/img.yfisher.com\/m6076\/17252869708eg\/jpg70-t3-scale100.webp\" alt=\"Especifica\u00e7\u00e3o personalizada Cartucho de filtro fundido por sopro de polipropileno PP 9\" data-lazy=\"2\"><\/div>\n<div class=\"text_box\">\n<div class=\"txt font-color d-font-size-fix\">\n<div class=\"numbox\">parte.3<\/div>\n<div class=\"title\">Aceitar a personaliza\u00e7\u00e3o do aspeto<\/div>\n<\/div>\n<\/div>\n<\/div>\n<div class=\"item tab_row bg-color-before\">\n<div class=\"img d-font-size-fix\"><img decoding=\"async\" title=\"\" src=\"https:\/\/img.yfisher.com\/m6076\/1725286970x78\/jpg70-t3-scale100.webp\" alt=\"Especifica\u00e7\u00e3o personalizada Cartucho de filtro fundido soprado de polipropileno PP 10\" data-lazy=\"2\"><\/div>\n<div class=\"text_box\">\n<div class=\"txt font-color d-font-size-fix\">\n<div class=\"numbox\">parte.4<\/div>\n<div class=\"title\">Aceitar duas precis\u00f5es<\/div>\n<\/div>\n<\/div>\n<\/div>\n<div class=\"item tab_row bg-color-before\">\n<div class=\"img d-font-size-fix\"><img decoding=\"async\" title=\"\" src=\"https:\/\/img.yfisher.com\/m6076\/1725286970i3a\/jpg70-t3-scale100.webp\" alt=\"Especifica\u00e7\u00e3o personalizada Cartucho de filtro soprado por fus\u00e3o de polipropileno PP 11\" data-lazy=\"2\"><\/div>\n<div class=\"text_box\">\n<div class=\"txt font-color d-font-size-fix\">\n<div class=\"numbox\">parte.5<\/div>\n<div class=\"title\">Aceitar grama personalizada<\/div>\n<\/div>\n<\/div>\n<\/div>\n<div class=\"d-tem04-title text-left d-interval manS\" data-detail=\"wrap\">\n<h2 class=\"heading\">Aplica\u00e7\u00f5es de produtos<\/h2>\n<\/div>\n<div class=\"d-tem15-graphic mockup\" data-detail=\"wrap\">\n<div class=\"clearfix d-clearfix\">\n<div class=\"col-sm-12 col-md-4 col-xs-6\">\n<div class=\"thumbnail\"><img decoding=\"async\" title=\"\" src=\"https:\/\/img.yfisher.com\/m6076\/17252869702lg\/jpg70-t3-scale100.webp\" alt=\"Especifica\u00e7\u00e3o personalizada Cartucho de filtro fundido por sopro de polipropileno PP 12\" data-lazy=\"2\"><\/div>\n<div class=\"description\">\n<p>Pr\u00e9-tratamento da \u00e1gua RO na \u00e1gua da torneira municipal<\/p>\n<\/div>\n<\/div>\n<div class=\"col-sm-12 col-md-4 col-xs-6\">\n<div class=\"thumbnail\"><img decoding=\"async\" title=\"\" src=\"https:\/\/img.yfisher.com\/m6076\/1725286970srn\/jpg70-t3-scale100.webp\" alt=\"Especifica\u00e7\u00e3o personalizada Cartucho de filtro fundido soprado de polipropileno PP 13\" data-lazy=\"2\"><\/div>\n<div class=\"description\">\u00c1gua industrial, filtragem de revestimento<\/div>\n<\/div>\n<div class=\"col-sm-12 col-md-4 col-xs-6\">\n<div class=\"thumbnail\"><img decoding=\"async\" title=\"\" src=\"https:\/\/img.yfisher.com\/m6076\/1725286970f8t\/jpg70-t3-scale100.webp\" alt=\"Especifica\u00e7\u00e3o personalizada Cartucho de filtro fundido por sopro de polipropileno PP 14\" data-lazy=\"2\"><\/div>\n<div class=\"description\">Alimenta\u00e7\u00e3o e bebidas<\/div>\n<\/div>\n<\/div>\n<\/div>\n<div class=\"d-tem15-graphic mockup\" data-detail=\"wrap\">\n<div class=\"clearfix d-clearfix\">\n<div class=\"col-sm-12 col-md-4 col-xs-6\">\n<div class=\"thumbnail\"><img decoding=\"async\" title=\"\" src=\"https:\/\/img.yfisher.com\/m6076\/1725286970bzw\/jpg70-t3-scale100.webp\" alt=\"Especifica\u00e7\u00e3o personalizada Cartucho de filtro fundido soprado de polipropileno PP 15\" data-lazy=\"2\"><\/div>\n<div class=\"description\">Pr\u00e9-filtragem de \u00e1gua est\u00e9ril e de \u00e1gua ultra pura<\/div>\n<\/div>\n<div class=\"col-sm-12 col-md-4 col-xs-6\">\n<div class=\"thumbnail\"><img decoding=\"async\" title=\"\" src=\"https:\/\/img.yfisher.com\/m6076\/1725286970fd2\/jpg70-t3-scale100.webp\" alt=\"Especifica\u00e7\u00e3o personalizada Cartucho de filtro fundido soprado de polipropileno PP 16\" data-lazy=\"2\"><\/div>\n<div class=\"description\">\u00c1gua qu\u00edmica e solvente<\/div>\n<\/div>\n<div class=\"col-sm-12 col-md-4 col-xs-6\">\n<div class=\"thumbnail\"><img decoding=\"async\" title=\"\" src=\"https:\/\/img.yfisher.com\/m6076\/1725286970v45\/jpg70-t3-scale100.webp\" alt=\"Especifica\u00e7\u00e3o personalizada Cartucho de filtro soprado por fus\u00e3o de polipropileno PP 17\" data-lazy=\"2\"><\/div>\n<div class=\"description\">Dessaliniza\u00e7\u00e3o da \u00e1gua do mar<\/div>\n<\/div>\n<\/div>\n<\/div>\n<\/div>\n<\/div>","protected":false},"excerpt":{"rendered":"<table>\n<thead>\n<tr>\n<th>Porta de in\u00edcio:<\/th>\n<th>Guangzhou<\/th>\n<\/tr>\n<\/thead>\n<tbody>\n<tr>\n<td>Capacidade de produ\u00e7\u00e3o:<\/td>\n<td>500 unidades\/m\u00eas<\/td>\n<\/tr>\n<tr>\n<td>Local de origem:<\/td>\n<td>Guangdong, China<\/td>\n<\/tr>\n<tr>\n<td>Pagamento:<\/td>\n<td>D\/P, T\/T, Western Union, MoneyGram, Alibaba Trade Assurance, paypal<\/td>\n<\/tr>\n<tr>\n<td>MOQ:<\/td>\n<td>100 unidades<\/td>\n<\/tr>\n<tr>\n<td>Modelo:<\/td>\n<td>LY-PP<\/td>\n<\/tr>\n<tr>\n<td>Prazo de entrega:<\/td>\n<td>No prazo de 7 dias \u00fateis<\/td>\n<\/tr>\n<tr>\n<td>Certifica\u00e7\u00e3o:<\/td>\n<td>SGS<\/td>\n<\/tr>\n<tr>\n<td>Marca:<\/td>\n<td>OEM\/Lvyuan<\/td>\n<\/tr>\n<\/tbody>\n<\/table>","protected":false},"featured_media":610,"comment_status":"open","ping_status":"closed","template":"","meta":{"_gspb_post_css":""},"product_brand":[],"product_cat":[23,17],"product_tag":[261,266,265,270,259,269],"class_list":{"0":"post-604","1":"product","2":"type-product","3":"status-publish","4":"has-post-thumbnail","6":"product_cat-pp-filter-cartridge","7":"product_cat-sediment-filter","8":"product_tag-guangdong-china","9":"product_tag-guangzhou","10":"product_tag-lvyuan","11":"product_tag-ly-pp","12":"product_tag-oem","13":"product_tag-sgs","15":"first","16":"instock","17":"shipping-taxable","18":"product-type-simple"},"_links":{"self":[{"href":"https:\/\/lyfilter.com\/pt\/wp-json\/wp\/v2\/product\/604","targetHints":{"allow":["GET"]}}],"collection":[{"href":"https:\/\/lyfilter.com\/pt\/wp-json\/wp\/v2\/product"}],"about":[{"href":"https:\/\/lyfilter.com\/pt\/wp-json\/wp\/v2\/types\/product"}],"replies":[{"embeddable":true,"href":"https:\/\/lyfilter.com\/pt\/wp-json\/wp\/v2\/comments?post=604"}],"wp:featuredmedia":[{"embeddable":true,"href":"https:\/\/lyfilter.com\/pt\/wp-json\/wp\/v2\/media\/610"}],"wp:attachment":[{"href":"https:\/\/lyfilter.com\/pt\/wp-json\/wp\/v2\/media?parent=604"}],"wp:term":[{"taxonomy":"product_brand","embeddable":true,"href":"https:\/\/lyfilter.com\/pt\/wp-json\/wp\/v2\/product_brand?post=604"},{"taxonomy":"product_cat","embeddable":true,"href":"https:\/\/lyfilter.com\/pt\/wp-json\/wp\/v2\/product_cat?post=604"},{"taxonomy":"product_tag","embeddable":true,"href":"https:\/\/lyfilter.com\/pt\/wp-json\/wp\/v2\/product_tag?post=604"}],"curies":[{"name":"wp","href":"https:\/\/api.w.org\/{rel}","templated":true}]}}