{"id":599,"date":"2025-12-24T03:12:25","date_gmt":"2025-12-24T03:12:25","guid":{"rendered":"https:\/\/lyfilter.com\/?post_type=product&#038;p=599"},"modified":"2025-12-24T06:47:29","modified_gmt":"2025-12-24T06:47:29","slug":"hf-series-5-10-micron-high-flow-filter-pleated-sediment-cartridge-for-water-filter-treatment","status":"publish","type":"product","link":"https:\/\/lyfilter.com\/pt\/hf-series-5-10-micron-high-flow-filter-pleated-sediment-cartridge-for-water-filter-treatment\/","title":{"rendered":"HF Series 5\/10 Micron Filtro de alto fluxo Cartucho de sedimento plissado para tratamento de filtro de \u00e1gua"},"content":{"rendered":"<div class=\"d-tem11-graphic tem11-graphic mockup\" data-detail=\"wrap\">\n<div class=\"tab_row\">\n<div class=\"img\"><img decoding=\"async\" title=\"\" src=\"https:\/\/img.yfisher.com\/m6076\/1725726639yas\/jpg70-t3-scale100.webp\" alt=\"HF Series 5\/10 Micron Filtro de alto fluxo Cartucho de sedimento plissado para tratamento de filtro de \u00e1gua 5\" data-lazy=\"2\"><\/div>\n<div class=\"text_box\">\n<div class=\"txt\">\n<div class=\"title\">O cartucho de filtro LY-HFPL \u00e9 um novo produto desenvolvido pela Lvyuan Water Purification Equipment Co.,Ltd. em Guangzhou, China. Tem um di\u00e2metro de 6 polegadas\/152mm. \u00c9 feito de meios de polipropileno 100%. A gaiola forte e r\u00edgida permite que os filtros de elevado caudal de \u00e1gua suportem uma maior press\u00e3o de funcionamento durante o processo de filtragem. O grande di\u00e2metro com grande \u00e1rea de filtragem assegura a redu\u00e7\u00e3o do n\u00famero de cartuchos de filtro e a dimens\u00e3o da caixa necess\u00e1ria. A longa vida \u00fatil e o elevado caudal resultam num investimento reduzido e em menos m\u00e3o de obra em muitas aplica\u00e7\u00f5es. Este tipo de produto LY-HFPL tem v\u00e1rias aplica\u00e7\u00f5es no tratamento de \u00e1gua.<\/div>\n<\/div>\n<\/div>\n<\/div>\n<\/div>\n<div class=\"er-fangkuang1\">\n<p>\u00a0 Carater\u00edstica do produto<\/p>\n<div class=\"description\">\n<ul>\n<li><span class=\"font-color\">\u25ea \u00a0 \u00a0<\/span>Todos os contaminantes podem ser removidos dentro dos cartuchos devido \u00e0 dire\u00e7\u00e3o do fluxo.<\/li>\n<li><span class=\"font-color\">\u25ea\u00a0 \u00a0<\/span>At\u00e9 110m\u00b3\/h de caudal por cartucho de filtro para filtragem de \u00e1gua.<\/li>\n<li><span class=\"font-color\">\u25ea\u00a0 \u00a0<\/span>M\u00e1x. 50% redu\u00e7\u00e3o do sistema de filtragem.<\/li>\n<li><span class=\"font-color\">\u25ea\u00a0 \u00a0<\/span>M\u00faltiplas camadas de membrana para uma grande reten\u00e7\u00e3o de sujidade nos elementos filtrantes de elevado caudal.<\/li>\n<li><span class=\"font-color\">\u25ea\u00a0 \u00a0<\/span>Constru\u00e7\u00e3o termicamente ligada para uma maior resist\u00eancia \u00e0 press\u00e3o.<\/li>\n<li><span class=\"font-color\">\u25ea\u00a0 \u00a0<\/span>Conce\u00e7\u00e3o da pega, instala\u00e7\u00e3o r\u00e1pida, seguran\u00e7a e redu\u00e7\u00e3o de custos.<\/li>\n<\/ul>\n<\/div>\n<\/div>\n<div class=\"d-tem04-title text-left d-interval manS\" data-detail=\"wrap\">\n<h2 class=\"heading\">Par\u00e2metro do produto<\/h2>\n<\/div>\n<div class=\"table-responsive\">\n<table class=\"table table-bordered table-hover\">\n<tbody>\n<tr class=\"firstRow\">\n<td>Nome do produto<\/td>\n<td>Repalcement Cartucho de filtro de \u00e1gua de caudal elevado de 60 polegadas (LY-HFPL)<\/td>\n<\/tr>\n<tr>\n<td>Meios filtrantes<\/td>\n<td>Membrana de PP\/Polipropileno<\/td>\n<\/tr>\n<tr>\n<td>Apoio<\/td>\n<td>PP\/Polipropileno<\/td>\n<\/tr>\n<tr>\n<td>N\u00facleo\/tampa final<\/td>\n<td>PP\/Polipropileno<\/td>\n<\/tr>\n<tr>\n<td>Material de veda\u00e7\u00e3o<\/td>\n<td>Silicone\/EPDM\/VITON\/PTFE\/NBR<\/td>\n<\/tr>\n<tr>\n<td>Di\u00e2metro exterior<\/td>\n<td>6\u201d (152 mm)<\/td>\n<\/tr>\n<tr>\n<td colspan=\"1\" rowspan=\"1\">Di\u00e2metro interior<\/td>\n<td colspan=\"1\" rowspan=\"1\">3,5 polegadas (89 mm)<\/td>\n<\/tr>\n<tr>\n<td>Comprimento<\/td>\n<td>20\u201d, 40\u201d, 60\u201d, Personalizado<\/td>\n<\/tr>\n<tr>\n<td>Temperatura m\u00e1xima de funcionamento<\/td>\n<td>82\u2103<\/td>\n<\/tr>\n<tr>\n<td>Classifica\u00e7\u00e3o em microns (\u03bcm)<\/td>\n<td>1, 4, 5, 10, 15, 20, 40, 70, 100<\/td>\n<\/tr>\n<\/tbody>\n<\/table>\n<\/div>\n<div class=\"d-tem04-title text-left d-interval manS\" data-detail=\"wrap\">\n<h2 class=\"heading\">Detalhes do produto<\/h2>\n<\/div>\n<div class=\"d-tem05-technology mockup\" data-detail=\"wrap\">\n<div class=\"items\">\n<div class=\"item tab_row bg-color-before\">\n<div class=\"img d-font-size-fix\"><img decoding=\"async\" title=\"\" src=\"https:\/\/img.yfisher.com\/m6076\/1725726639rle\/jpg70-t3-scale100.webp\" alt=\"HF Series 5\/10 Micron Filtro de alto fluxo Cartucho de sedimento plissado para tratamento de filtro de \u00e1gua 6\" data-lazy=\"2\"><\/div>\n<div class=\"text_box\">\n<div class=\"txt font-color d-font-size-fix\">\n<div class=\"numbox\">parte.1<\/div>\n<div class=\"description\">\n<p>Tamanhos de poros de filtra\u00e7\u00e3o graduados num elemento de elevado fluxo.<\/p>\n<p>Instala\u00e7\u00e3o e substitui\u00e7\u00e3o mais f\u00e1ceis e c\u00f3modas.<\/p>\n<p>Plissado com estrutura de membrana optimizada, melhor filtragem e efici\u00eancia.<\/p>\n<p>A ranhura de veda\u00e7\u00e3o em forma de U garante uma elevada efici\u00eancia de filtragem.<\/p>\n<p>Da filtragem interior para a filtragem exterior, todas as impurezas ficam retidas no interior do filtro.<\/p>\n<\/div>\n<\/div>\n<\/div>\n<\/div>\n<div class=\"d-tem04-title text-left d-interval manS\" data-detail=\"wrap\">\n<h2 class=\"heading\">Aplica\u00e7\u00f5es de produtos<\/h2>\n<\/div>\n<div class=\"d-tem15-graphic mockup\" data-detail=\"wrap\">\n<div class=\"clearfix d-clearfix\">\n<div class=\"col-sm-12 col-md-4 col-xs-6\">\n<div class=\"thumbnail\"><img decoding=\"async\" title=\"\" src=\"https:\/\/img.yfisher.com\/m6076\/1725726634yem\/jpg70-t3-scale100.webp\" alt=\"HF Series 5\/10 Micron Filtro de alto fluxo Cartucho de sedimento plissado para tratamento de filtro de \u00e1gua 7\" data-lazy=\"2\"><\/div>\n<div class=\"description\">\n<p>\u00c1gua da torneira municipal, Pr\u00e9-filtra\u00e7\u00e3o de RO, Pr\u00e9-tratamento da dessaliniza\u00e7\u00e3o da \u00e1gua do mar<\/p>\n<\/div>\n<\/div>\n<div class=\"col-sm-12 col-md-4 col-xs-6\">\n<div class=\"thumbnail\"><img decoding=\"async\" title=\"\" src=\"https:\/\/img.yfisher.com\/m6076\/1725726634jwi\/jpg70-t3-scale100.webp\" alt=\"HF Series 5\/10 Micron Filtro de alto fluxo Cartucho de sedimento plissado para tratamento de filtro de \u00e1gua 8\" data-lazy=\"2\"><\/div>\n<div class=\"description\">Filtragem de \u00e1gua condensada, recupera\u00e7\u00e3o de \u00e1gua quente na produ\u00e7\u00e3o de energia<\/div>\n<\/div>\n<div class=\"col-sm-12 col-md-4 col-xs-6\">\n<div class=\"thumbnail\"><img decoding=\"async\" title=\"\" src=\"https:\/\/img.yfisher.com\/m6076\/1725726636iet\/jpg70-t3-scale100.webp\" alt=\"HF Series 5\/10 Micron Filtro de alto fluxo Cartucho de sedimento plissado para tratamento de filtro de \u00e1gua 9\" data-lazy=\"2\"><\/div>\n<div class=\"description\">API, solventes e filtragem de \u00e1gua no mercado BioPharm<\/div>\n<\/div>\n<\/div>\n<\/div>\n<div class=\"d-tem15-graphic mockup\" data-detail=\"wrap\">\n<div class=\"clearfix d-clearfix\">\n<div class=\"col-sm-12 col-md-4 col-xs-6\">\n<div class=\"thumbnail\"><img decoding=\"async\" title=\"\" src=\"https:\/\/img.yfisher.com\/m6076\/1725726636pxa\/jpg70-t3-scale100.webp\" alt=\"HF Series 5\/10 Micron Filtro de alto fluxo Cartucho de sedimento plissado para tratamento de filtro de \u00e1gua 10\" data-lazy=\"2\"><\/div>\n<div class=\"description\">A filtragem de \u00e1gua engarrafada, com alto teor de frutose, \u00f3leo comest\u00edvel, refrigerantes e leite<\/div>\n<\/div>\n<div class=\"col-sm-12 col-md-4 col-xs-6\">\n<div class=\"thumbnail\"><img decoding=\"async\" title=\"\" src=\"https:\/\/img.yfisher.com\/m6076\/1725726636l6r\/jpg70-t3-scale100.webp\" alt=\"HF Series 5\/10 Micron Filtro de alto fluxo Cartucho de sedimento plissado para tratamento de filtro de \u00e1gua 11\" data-lazy=\"2\"><\/div>\n<div class=\"description\">Tintas e revestimentos, Petroqu\u00edmica, refinarias, CD\/DVD, suportes magn\u00e9ticos, Petroqu\u00edmica, Refinarias<\/div>\n<\/div>\n<div class=\"col-sm-12 col-md-4 col-xs-6\">\n<div class=\"thumbnail\"><img decoding=\"async\" title=\"\" src=\"https:\/\/img.yfisher.com\/m6076\/1725726636vx4\/jpg70-t3-scale100.webp\" alt=\"HF Series 5\/10 Micron Filtro de alto fluxo Cartucho de sedimento plissado para tratamento de filtro de \u00e1gua 12\" data-lazy=\"2\"><\/div>\n<div class=\"description\">Microeletr\u00f3nica, pel\u00edcula, fibra e resina<\/div>\n<\/div>\n<\/div>\n<\/div>\n<\/div>\n<\/div>","protected":false},"excerpt":{"rendered":"<table>\n<thead>\n<tr>\n<th>Porta de in\u00edcio:<\/th>\n<th>Guangzhou<\/th>\n<\/tr>\n<\/thead>\n<tbody>\n<tr>\n<td>Capacidade de produ\u00e7\u00e3o:<\/td>\n<td>10000 unidades\/m\u00eas<\/td>\n<\/tr>\n<tr>\n<td>Local de origem:<\/td>\n<td>Guangdong, China<\/td>\n<\/tr>\n<tr>\n<td>Pagamento:<\/td>\n<td>L\/C, T\/T, Western Union, garantia de com\u00e9rcio Alibaba, paypal<\/td>\n<\/tr>\n<tr>\n<td>MOQ:<\/td>\n<td>1 unidade<\/td>\n<\/tr>\n<tr>\n<td>Modelo:<\/td>\n<td>LY-HFPL<\/td>\n<\/tr>\n<tr>\n<td>Prazo de entrega:<\/td>\n<td>No prazo de 7 dias \u00fateis<\/td>\n<\/tr>\n<tr>\n<td>Certifica\u00e7\u00e3o:<\/td>\n<td>SGS, ISO 9001<\/td>\n<\/tr>\n<tr>\n<td>Marca:<\/td>\n<td>OEM\/Lvyuan<\/td>\n<\/tr>\n<\/tbody>\n<\/table>","protected":false},"featured_media":602,"comment_status":"open","ping_status":"closed","template":"","meta":{"_gspb_post_css":""},"product_brand":[],"product_cat":[20,17],"product_tag":[261,266,265,268,259,269],"class_list":{"0":"post-599","1":"product","2":"type-product","3":"status-publish","4":"has-post-thumbnail","6":"product_cat-high-flow-filter-cartridge","7":"product_cat-sediment-filter","8":"product_tag-guangdong-china","9":"product_tag-guangzhou","10":"product_tag-lvyuan","11":"product_tag-ly-hfpl","12":"product_tag-oem","13":"product_tag-sgs","15":"first","16":"instock","17":"shipping-taxable","18":"product-type-simple"},"_links":{"self":[{"href":"https:\/\/lyfilter.com\/pt\/wp-json\/wp\/v2\/product\/599","targetHints":{"allow":["GET"]}}],"collection":[{"href":"https:\/\/lyfilter.com\/pt\/wp-json\/wp\/v2\/product"}],"about":[{"href":"https:\/\/lyfilter.com\/pt\/wp-json\/wp\/v2\/types\/product"}],"replies":[{"embeddable":true,"href":"https:\/\/lyfilter.com\/pt\/wp-json\/wp\/v2\/comments?post=599"}],"wp:featuredmedia":[{"embeddable":true,"href":"https:\/\/lyfilter.com\/pt\/wp-json\/wp\/v2\/media\/602"}],"wp:attachment":[{"href":"https:\/\/lyfilter.com\/pt\/wp-json\/wp\/v2\/media?parent=599"}],"wp:term":[{"taxonomy":"product_brand","embeddable":true,"href":"https:\/\/lyfilter.com\/pt\/wp-json\/wp\/v2\/product_brand?post=599"},{"taxonomy":"product_cat","embeddable":true,"href":"https:\/\/lyfilter.com\/pt\/wp-json\/wp\/v2\/product_cat?post=599"},{"taxonomy":"product_tag","embeddable":true,"href":"https:\/\/lyfilter.com\/pt\/wp-json\/wp\/v2\/product_tag?post=599"}],"curies":[{"name":"wp","href":"https:\/\/api.w.org\/{rel}","templated":true}]}}