{"id":593,"date":"2025-12-24T03:09:58","date_gmt":"2025-12-24T03:09:58","guid":{"rendered":"https:\/\/lyfilter.com\/?post_type=product&#038;p=593"},"modified":"2025-12-24T06:47:10","modified_gmt":"2025-12-24T06:47:10","slug":"40-inch-high-flow-pleated-cartridge-filter-for-industrial-liquid-filtration","status":"publish","type":"product","link":"https:\/\/lyfilter.com\/pt\/40-inch-high-flow-pleated-cartridge-filter-for-industrial-liquid-filtration\/","title":{"rendered":"Filtro de cartucho plissado de 40 polegadas de alto caudal para filtra\u00e7\u00e3o de l\u00edquidos industriais"},"content":{"rendered":"<div class=\"d-tem11-graphic tem11-graphic mockup\" data-detail=\"wrap\">\n<div class=\"tab_row\">\n<div class=\"img\"><img decoding=\"async\" title=\"\" src=\"https:\/\/img.yfisher.com\/m6076\/1725726636j1b\/jpg70-t3-scale100.webp\" alt=\"Filtro de cartucho plissado de 40 polegadas de alto caudal para filtragem de l\u00edquidos industriais 6\" data-lazy=\"2\"><\/div>\n<div class=\"text_box\">\n<div class=\"txt\">\n<div class=\"title\">\n<p>A s\u00e9rie de cartuchos filtrantes LY-HFPK \u00e9 um cartucho de substitui\u00e7\u00e3o para a filtragem em profundidade e cartuchos de 2-1\/2\u201d de di\u00e2metro para as aplica\u00e7\u00f5es de caudal elevado. A pr\u00e9-filtragem para o sistema RO \u00e9 um exemplo. O design plissado do filtro Lvyuan com elevada \u00e1rea de fluxo e capacidade de remo\u00e7\u00e3o de contamina\u00e7\u00e3o.<\/p>\n<p>Esta conce\u00e7\u00e3o ajuda o utilizador final a reduzir o investimento de capital, a poupar espa\u00e7o e a facilitar a substitui\u00e7\u00e3o, etc. O caudal de at\u00e9 1300LPM por cartucho de filtro reduz o n\u00famero de cartuchos de filtro e a dimens\u00e3o da caixa do filtro necess\u00e1ria. O volume de tratamento de \u00e1gua por cartucho de filtro de caudal super elevado \u00e9 igual a 10\u00d740\u201d de comprimento, cartuchos de filtro de 2-1\/2\u201d de di\u00e2metro. O O-ring interior assegura que n\u00e3o h\u00e1 passagem e o design da pega facilita a instala\u00e7\u00e3o.<\/p>\n<\/div>\n<\/div>\n<\/div>\n<\/div>\n<\/div>\n<div class=\"er-fangkuang1\">\n<p>\u00a0 Carater\u00edstica do produto<\/p>\n<div class=\"description\">\n<ul>\n<li><span class=\"font-color\">\u25ea \u00a0 \u00a0<\/span>Elevada capacidade de reten\u00e7\u00e3o de sujidade e longa vida \u00fatil.<\/li>\n<li><span class=\"font-color\">\u25ea\u00a0 \u00a0<\/span>Todos os contaminantes podem ser removidos dentro dos cartuchos devido \u00e0 dire\u00e7\u00e3o do fluxo<\/li>\n<li><span class=\"font-color\">\u25ea\u00a0 \u00a0<\/span>At\u00e9 110m\u00b3\/h de caudal por cartucho filtrante para filtragem de \u00e1gua<\/li>\n<li><span class=\"font-color\">\u25ea\u00a0 \u00a0<\/span>Max. 50% redu\u00e7\u00e3o do sistema de filtragem<\/li>\n<li><span class=\"font-color\">\u25ea\u00a0 \u00a0<\/span>M\u00faltiplas camadas de membrana para uma maior reten\u00e7\u00e3o da sujidade<\/li>\n<li><span class=\"font-color\">\u25ea\u00a0 \u00a0<\/span>A veda\u00e7\u00e3o do o-ring assegura a integridade da filtragem<\/li>\n<li><span class=\"font-color\">\u25ea\u00a0 \u00a0<\/span>Design do punho, instala\u00e7\u00e3o r\u00e1pida, segura e redu\u00e7\u00e3o de custos<\/li>\n<\/ul>\n<\/div>\n<\/div>\n<div class=\"d-tem04-title text-left d-interval manS\" data-detail=\"wrap\">\n<h2 class=\"heading\">Par\u00e2metro do produto<\/h2>\n<\/div>\n<div class=\"table-responsive\">\n<table class=\"table table-bordered table-hover\">\n<tbody>\n<tr class=\"firstRow\">\n<td>Nome do produto<\/td>\n<td>Elemento filtrante de substitui\u00e7\u00e3o do filtro de cartucho plissado de caudal elevado da s\u00e9rie HFPK (LY-HFPK)<\/td>\n<\/tr>\n<tr>\n<td>Meios filtrantes<\/td>\n<td>Membrana de PP\/Polipropileno<\/td>\n<\/tr>\n<tr>\n<td>Apoio<\/td>\n<td>PP\/Polipropileno<\/td>\n<\/tr>\n<tr>\n<td>N\u00facleo\/tampa final<\/td>\n<td>PP\/Polipropileno<\/td>\n<\/tr>\n<tr>\n<td>Material de veda\u00e7\u00e3o<\/td>\n<td>Silicone\/EPDM\/VITON\/PTFE\/NBR<\/td>\n<\/tr>\n<tr>\n<td>Di\u00e2metro exterior<\/td>\n<td>6\u201d (152 mm)<\/td>\n<\/tr>\n<tr>\n<td>Comprimento<\/td>\n<td>20\u201d, 40\u201d, 60\u201d, Personalizado<\/td>\n<\/tr>\n<tr>\n<td>Temperatura m\u00e1xima de funcionamento<\/td>\n<td>82\u2103(PP plissado)<\/td>\n<\/tr>\n<tr>\n<td>Classifica\u00e7\u00e3o em microns (\u03bcm)<\/td>\n<td>1, 4, 5, 10, 15, 20, 40, 70, 100<\/td>\n<\/tr>\n<\/tbody>\n<\/table>\n<\/div>\n<div class=\"d-tem04-title text-left d-interval manS\" data-detail=\"wrap\">\n<h2 class=\"heading\">Detalhes do produto<\/h2>\n<\/div>\n<div class=\"d-tem05-technology mockup\" data-detail=\"wrap\">\n<div class=\"items\">\n<div class=\"item tab_row bg-color-before\">\n<div class=\"img d-font-size-fix\"><img decoding=\"async\" title=\"\" src=\"https:\/\/img.yfisher.com\/m6076\/17257266369n6\/jpg70-t3-scale100.webp\" alt=\"Filtro de cartucho plissado de 40 polegadas de alto caudal para filtragem de l\u00edquidos industriais 7\" data-lazy=\"2\"><\/div>\n<div class=\"text_box\">\n<div class=\"txt font-color d-font-size-fix\">\n<div class=\"numbox\">parte.1<\/div>\n<div class=\"description\">\n<p>Os materiais PP de polipropileno puro 100% para ampla compatibilidade qu\u00edmica, reduzem as quantidades de elementos filtrantes para uma grande taxa de fluxo de \u00e1gua.<\/p>\n<\/div>\n<\/div>\n<\/div>\n<\/div>\n<div class=\"item tab_row bg-color-before\">\n<div class=\"img d-font-size-fix\"><img decoding=\"async\" title=\"\" src=\"https:\/\/img.yfisher.com\/m6076\/1725726636jdi\/jpg70-t3-scale100.webp\" alt=\"Filtro de cartucho plissado de 40 polegadas de alto caudal para filtragem de l\u00edquidos industriais 8\" data-lazy=\"2\"><\/div>\n<div class=\"text_box\">\n<div class=\"txt font-color d-font-size-fix\">\n<div class=\"numbox\">parte.2<\/div>\n<div class=\"description\">O polipropileno termicamente ligado e o meio de suporte evitam o vazamento de part\u00edculas, a grande taxa de fluxo de \u00e1gua est\u00e1 em um elemento de filtro de alto fluxo, super efici\u00eancia de custo no processo de pr\u00e9-tratamento da planta de \u00e1gua RO.<\/div>\n<\/div>\n<\/div>\n<\/div>\n<\/div>\n<\/div>\n<div class=\"d-tem04-title text-left d-interval manS\" data-detail=\"wrap\">\n<h2 class=\"heading\">Aplica\u00e7\u00f5es de produtos<\/h2>\n<\/div>\n<div class=\"d-tem15-graphic mockup\" data-detail=\"wrap\">\n<div class=\"clearfix d-clearfix\">\n<div class=\"col-sm-12 col-md-4 col-xs-6\">\n<div class=\"thumbnail\"><img decoding=\"async\" title=\"\" src=\"https:\/\/img.yfisher.com\/m6076\/1725726634yem\/jpg70-t3-scale100.webp\" alt=\"Filtro de cartucho plissado de 40 polegadas de alto caudal para filtragem de l\u00edquidos industriais 9\" data-lazy=\"2\"><\/div>\n<div class=\"description\">\n<p>\u00c1gua da torneira municipal, Pr\u00e9-filtra\u00e7\u00e3o de RO, Pr\u00e9-tratamento da dessaliniza\u00e7\u00e3o da \u00e1gua do mar<\/p>\n<\/div>\n<\/div>\n<div class=\"col-sm-12 col-md-4 col-xs-6\">\n<div class=\"thumbnail\"><img decoding=\"async\" title=\"\" src=\"https:\/\/img.yfisher.com\/m6076\/1725726634jwi\/jpg70-t3-scale100.webp\" alt=\"Filtro de cartucho plissado de 40 polegadas de alto caudal para filtragem de l\u00edquidos industriais 10\" data-lazy=\"2\"><\/div>\n<div class=\"description\">Filtragem de \u00e1gua condensada, recupera\u00e7\u00e3o de \u00e1gua quente na produ\u00e7\u00e3o de energia<\/div>\n<\/div>\n<div class=\"col-sm-12 col-md-4 col-xs-6\">\n<div class=\"thumbnail\"><img decoding=\"async\" title=\"\" src=\"https:\/\/img.yfisher.com\/m6076\/1725726636iet\/jpg70-t3-scale100.webp\" alt=\"Filtro de cartucho plissado de 40 polegadas de alto caudal para filtragem de l\u00edquidos industriais 11\" data-lazy=\"2\"><\/div>\n<div class=\"description\">API, solventes e filtragem de \u00e1gua no mercado BioPharm<\/div>\n<\/div>\n<\/div>\n<\/div>\n<div class=\"d-tem15-graphic mockup\" data-detail=\"wrap\">\n<div class=\"clearfix d-clearfix\">\n<div class=\"col-sm-12 col-md-4 col-xs-6\">\n<div class=\"thumbnail\"><img decoding=\"async\" title=\"\" src=\"https:\/\/img.yfisher.com\/m6076\/1725726636pxa\/jpg70-t3-scale100.webp\" alt=\"Filtro de cartucho plissado de 40 polegadas de alto caudal para filtragem de l\u00edquidos industriais 12\" data-lazy=\"2\"><\/div>\n<div class=\"description\">A filtragem de \u00e1gua engarrafada, com alto teor de frutose, \u00f3leo comest\u00edvel, refrigerantes e leite<\/div>\n<\/div>\n<div class=\"col-sm-12 col-md-4 col-xs-6\">\n<div class=\"thumbnail\"><img decoding=\"async\" title=\"\" src=\"https:\/\/img.yfisher.com\/m6076\/1725726636l6r\/jpg70-t3-scale100.webp\" alt=\"Filtro de cartucho plissado de 40 polegadas de alto caudal para filtragem de l\u00edquidos industriais 13\" data-lazy=\"2\"><\/div>\n<div class=\"description\">Tintas e revestimentos, Petroqu\u00edmica, refinarias, CD\/DVD, suportes magn\u00e9ticos, Petroqu\u00edmica, Refinarias<\/div>\n<\/div>\n<div class=\"col-sm-12 col-md-4 col-xs-6\">\n<div class=\"thumbnail\"><img decoding=\"async\" title=\"\" src=\"https:\/\/img.yfisher.com\/m6076\/1725726636vx4\/jpg70-t3-scale100.webp\" alt=\"Filtro de cartucho plissado de 40 polegadas de alto caudal para filtragem de l\u00edquidos industriais 14\" data-lazy=\"2\"><\/div>\n<div class=\"description\">Microeletr\u00f3nica, pel\u00edcula, fibra e resina<\/div>\n<\/div>\n<\/div>\n<\/div>","protected":false},"excerpt":{"rendered":"<table>\n<thead>\n<tr>\n<th>Porta de in\u00edcio:<\/th>\n<th>Guangzhou<\/th>\n<\/tr>\n<\/thead>\n<tbody>\n<tr>\n<td>Capacidade de produ\u00e7\u00e3o:<\/td>\n<td>500 unidades\/m\u00eas<\/td>\n<\/tr>\n<tr>\n<td>Local de origem:<\/td>\n<td>Guangdong, China<\/td>\n<\/tr>\n<tr>\n<td>Pagamento:<\/td>\n<td>D\/P, T\/T, Garantia de com\u00e9rcio de Alibaba, paypal<\/td>\n<\/tr>\n<tr>\n<td>MOQ:<\/td>\n<td>4 pe\u00e7as<\/td>\n<\/tr>\n<tr>\n<td>Modelo:<\/td>\n<td>LY-HFPK<\/td>\n<\/tr>\n<tr>\n<td>Prazo de entrega:<\/td>\n<td>No prazo de 7 dias \u00fateis<\/td>\n<\/tr>\n<tr>\n<td>Certifica\u00e7\u00e3o:<\/td>\n<td>ISO 9001<\/td>\n<\/tr>\n<tr>\n<td>Marca:<\/td>\n<td>OEM\/Lvyuan<\/td>\n<\/tr>\n<\/tbody>\n<\/table>","protected":false},"featured_media":597,"comment_status":"open","ping_status":"closed","template":"","meta":{"_gspb_post_css":""},"product_brand":[],"product_cat":[20,17],"product_tag":[261,266,260,265,267,259],"class_list":{"0":"post-593","1":"product","2":"type-product","3":"status-publish","4":"has-post-thumbnail","6":"product_cat-high-flow-filter-cartridge","7":"product_cat-sediment-filter","8":"product_tag-guangdong-china","9":"product_tag-guangzhou","10":"product_tag-iso-9001","11":"product_tag-lvyuan","12":"product_tag-ly-hfpk","13":"product_tag-oem","15":"first","16":"instock","17":"shipping-taxable","18":"product-type-simple"},"_links":{"self":[{"href":"https:\/\/lyfilter.com\/pt\/wp-json\/wp\/v2\/product\/593","targetHints":{"allow":["GET"]}}],"collection":[{"href":"https:\/\/lyfilter.com\/pt\/wp-json\/wp\/v2\/product"}],"about":[{"href":"https:\/\/lyfilter.com\/pt\/wp-json\/wp\/v2\/types\/product"}],"replies":[{"embeddable":true,"href":"https:\/\/lyfilter.com\/pt\/wp-json\/wp\/v2\/comments?post=593"}],"wp:featuredmedia":[{"embeddable":true,"href":"https:\/\/lyfilter.com\/pt\/wp-json\/wp\/v2\/media\/597"}],"wp:attachment":[{"href":"https:\/\/lyfilter.com\/pt\/wp-json\/wp\/v2\/media?parent=593"}],"wp:term":[{"taxonomy":"product_brand","embeddable":true,"href":"https:\/\/lyfilter.com\/pt\/wp-json\/wp\/v2\/product_brand?post=593"},{"taxonomy":"product_cat","embeddable":true,"href":"https:\/\/lyfilter.com\/pt\/wp-json\/wp\/v2\/product_cat?post=593"},{"taxonomy":"product_tag","embeddable":true,"href":"https:\/\/lyfilter.com\/pt\/wp-json\/wp\/v2\/product_tag?post=593"}],"curies":[{"name":"wp","href":"https:\/\/api.w.org\/{rel}","templated":true}]}}