{"id":590,"date":"2025-12-24T03:05:57","date_gmt":"2025-12-24T03:05:57","guid":{"rendered":"https:\/\/lyfilter.com\/?post_type=product&#038;p=590"},"modified":"2025-12-24T03:05:57","modified_gmt":"2025-12-24T03:05:57","slug":"20-inch-replacement-high-flow-water-pleated-filter-cartridge","status":"publish","type":"product","link":"https:\/\/lyfilter.com\/pt\/20-inch-replacement-high-flow-water-pleated-filter-cartridge\/","title":{"rendered":"Cartucho de filtro plissado de \u00e1gua de alto caudal de substitui\u00e7\u00e3o de 20 polegadas"},"content":{"rendered":"<div class=\"d-tem11-graphic tem11-graphic mockup\" data-detail=\"wrap\">\n<div class=\"tab_row\">\n<div class=\"img\"><img decoding=\"async\" class=\"\" title=\"\" src=\"https:\/\/img.yfisher.com\/m6076\/17257266346yr\/jpg70-t3-scale100.webp\" alt=\"Cartucho de filtro plissado de \u00e1gua de alto caudal de substitui\u00e7\u00e3o de 20 polegadas 3\" data-lazy=\"2\"><\/div>\n<div class=\"text_box\">\n<div class=\"txt\">\n<div class=\"title\">\n<p>O cartucho de filtro LY-HFMH adopta a tecnologia de pregas horizontais e utiliza equipamento de maquinaria especializado para produzir produtos normalizados de forma eficiente.<\/p>\n<p>Isto reduz o tempo de produ\u00e7\u00e3o e faz com que os produtos tenham um pre\u00e7o competitivo.<\/p>\n<p>Esta s\u00e9rie de cartuchos de filtro foi concebida para ser utilizada em diferentes caixas de filtro que cont\u00eam 1-37 cartuchos de filtro. Pode ser utilizada para diferentes caudais. O grande di\u00e2metro com grande \u00e1rea de filtragem assegura a redu\u00e7\u00e3o do n\u00famero de cartuchos de filtro e a dimens\u00e3o da caixa necess\u00e1ria. Este cartucho de filtro tem v\u00e1rias aplica\u00e7\u00f5es no sistema de tratamento de \u00e1gua.<\/p>\n<\/div>\n<\/div>\n<\/div>\n<\/div>\n<\/div>\n<div class=\"er-fangkuang1\">\n<p>\u00a0 Carater\u00edstica do produto<\/p>\n<div class=\"description\">\n<ul>\n<li><span class=\"font-color\">\u25ea \u00a0\u00a0<\/span>Elevada capacidade de carga para uma filtragem de longa dura\u00e7\u00e3o e de baixo custo.<\/li>\n<li><span class=\"font-color\">\u25ea\u00a0 \u00a0<\/span>At\u00e9 110m\u00b3\/h de caudal por cartucho de filtro para filtragem de \u00e1gua.<\/li>\n<li><span class=\"font-color\">\u25ea\u00a0 \u00a0<\/span>Menos cartuchos para menos substitui\u00e7\u00f5es, logo menos custos de m\u00e3o de obra.<\/li>\n<li><span class=\"font-color\">\u25ea\u00a0 \u00a0<\/span>ampla compatibilidade qu\u00edmica para diferentes aplica\u00e7\u00f5es.<\/li>\n<li><span class=\"font-color\">\u25ea\u00a0 \u00a0<\/span>Local de instala\u00e7\u00e3o mais pequeno e substitui\u00e7\u00e3o f\u00e1cil.<\/li>\n<li><span class=\"font-color\">\u25ea\u00a0 \u00a0<\/span>O design da pega permite uma instala\u00e7\u00e3o r\u00e1pida, segura e reduz os custos.<\/li>\n<\/ul>\n<\/div>\n<\/div>\n<div class=\"d-tem04-title text-left d-interval manS\" data-detail=\"wrap\">\n<h2 class=\"heading\">Par\u00e2metro do produto<\/h2>\n<\/div>\n<div class=\"table-responsive\">\n<table class=\"table table-bordered table-hover\">\n<tbody>\n<tr class=\"firstRow\">\n<td>Nome do produto<\/td>\n<td>substitui\u00e7\u00e3o do filtro de cartucho plissado de \u00e1gua de caudal elevado (LY-HFMH)<\/td>\n<\/tr>\n<tr>\n<td>Meios filtrantes<\/td>\n<td>Membrana de polipropileno\/PP<\/td>\n<\/tr>\n<tr>\n<td>Apoio<\/td>\n<td>PP\/Polipropileno<\/td>\n<\/tr>\n<tr>\n<td>N\u00facleo\/tampa final<\/td>\n<td>PP\/Polipropileno<\/td>\n<\/tr>\n<tr>\n<td>Material de veda\u00e7\u00e3o<\/td>\n<td>Silicone\/EPDM\/VITON\/PTFE\/NBR<\/td>\n<\/tr>\n<tr>\n<td>Di\u00e2metro exterior<\/td>\n<td>6,5\u201d (165 mm)<\/td>\n<\/tr>\n<tr>\n<td>Comprimento<\/td>\n<td>20\u201d, 40\u201d, 60\u201d, ou Personalizado<\/td>\n<\/tr>\n<tr>\n<td>Temperatura m\u00e1xima de funcionamento<\/td>\n<td>82\u2103<\/td>\n<\/tr>\n<tr>\n<td>Classifica\u00e7\u00e3o em microns (\u03bcm)<\/td>\n<td>1, 4, 5, 10, 15, 20, 40, 70, 100<\/td>\n<\/tr>\n<\/tbody>\n<\/table>\n<\/div>\n<div class=\"d-tem04-title text-left d-interval manS\" data-detail=\"wrap\">\n<h2 class=\"heading\">Detalhes do produto<\/h2>\n<\/div>\n<div class=\"d-tem05-technology mockup\" data-detail=\"wrap\">\n<div class=\"items\">\n<div class=\"item tab_row bg-color-before\">\n<div class=\"img d-font-size-fix\"><img decoding=\"async\" title=\"\" src=\"https:\/\/img.yfisher.com\/m6076\/1725726634phq\/jpg70-t3-scale100.webp\" alt=\"Cartucho de filtro plissado de \u00e1gua de alto caudal de substitui\u00e7\u00e3o de 20 polegadas 4\" data-lazy=\"2\"><\/div>\n<div class=\"text_box\">\n<div class=\"txt font-color d-font-size-fix\">\n<div class=\"numbox\">parte.1<\/div>\n<div class=\"description\">\n<p>Design de pega amig\u00e1vel, f\u00e1cil de mudar para o operador.<\/p>\n<p>Desempenho altamente consistente e 100% constru\u00eddo por meios avan\u00e7ados de polipropileno.<\/p>\n<\/div>\n<\/div>\n<\/div>\n<\/div>\n<div class=\"item tab_row bg-color-before\">\n<div class=\"img d-font-size-fix\"><img decoding=\"async\" title=\"\" src=\"https:\/\/img.yfisher.com\/m6076\/1725726634diy\/jpg70-t3-scale100.webp\" alt=\"Cartucho de filtro plissado de \u00e1gua de alto caudal de substitui\u00e7\u00e3o de 20 polegadas 5\" data-lazy=\"2\"><\/div>\n<div class=\"text_box\">\n<div class=\"txt font-color d-font-size-fix\">\n<div class=\"numbox\">parte.2<\/div>\n<div class=\"description\">A membrana de boa qualidade e a estrutura de conce\u00e7\u00e3o cient\u00edfica tornam-na uma op\u00e7\u00e3o muito competitiva no mercado.<br \/>\n\u2605 100% constru\u00eddo por meios avan\u00e7ados de polipropileno e excelente capacidade qu\u00edmica.<\/div>\n<\/div>\n<\/div>\n<\/div>\n<\/div>\n<\/div>\n<div class=\"d-tem04-title text-left d-interval manS\" data-detail=\"wrap\">\n<h2 class=\"heading\">Aplica\u00e7\u00f5es de produtos<\/h2>\n<\/div>\n<div class=\"d-tem15-graphic mockup\" data-detail=\"wrap\">\n<div class=\"clearfix d-clearfix\">\n<div class=\"col-sm-12 col-md-4 col-xs-6\">\n<div class=\"thumbnail\"><img decoding=\"async\" title=\"\" src=\"https:\/\/img.yfisher.com\/m6076\/1725726634yem\/jpg70-t3-scale100.webp\" alt=\"Cartucho de filtro plissado de \u00e1gua de alto caudal de substitui\u00e7\u00e3o de 20 polegadas 6\" data-lazy=\"2\"><\/div>\n<div class=\"description\">\n<p>Tratamento de \u00e1gua Ro<\/p>\n<\/div>\n<\/div>\n<div class=\"col-sm-12 col-md-4 col-xs-6\">\n<div class=\"thumbnail\"><img decoding=\"async\" title=\"\" src=\"https:\/\/img.yfisher.com\/m6076\/1725726634jwi\/jpg70-t3-scale100.webp\" alt=\"Cartucho de filtro plissado de \u00e1gua de alto caudal de substitui\u00e7\u00e3o de 20 polegadas 7\" data-lazy=\"2\"><\/div>\n<div class=\"description\">\u00c1gua industrial, filtragem de revestimento<\/div>\n<\/div>\n<div class=\"col-sm-12 col-md-4 col-xs-6\">\n<div class=\"thumbnail\"><img decoding=\"async\" title=\"\" src=\"https:\/\/img.yfisher.com\/m6076\/1725726634rbx\/jpg70-t3-scale100.webp\" alt=\"Cartucho de filtro plissado de \u00e1gua de alto caudal de substitui\u00e7\u00e3o de 20 polegadas 8\" data-lazy=\"2\"><\/div>\n<div class=\"description\">Alimenta\u00e7\u00e3o e bebidas<\/div>\n<\/div>\n<\/div>\n<\/div>\n<div class=\"d-tem15-graphic mockup\" data-detail=\"wrap\">\n<div class=\"clearfix d-clearfix\">\n<div class=\"col-sm-12 col-md-4 col-xs-6\">\n<div class=\"thumbnail\"><img decoding=\"async\" title=\"\" src=\"https:\/\/img.yfisher.com\/m6076\/17257266342s7\/jpg70-t3-scale100.webp\" alt=\"Cartucho de filtro plissado de \u00e1gua de alto caudal de substitui\u00e7\u00e3o de 20 polegadas 9\" data-lazy=\"2\"><\/div>\n<div class=\"description\">Pr\u00e9-filtragem de \u00e1gua est\u00e9ril e de \u00e1gua ultra pura<\/div>\n<\/div>\n<div class=\"col-sm-12 col-md-4 col-xs-6\">\n<div class=\"thumbnail\"><img decoding=\"async\" title=\"\" src=\"https:\/\/img.yfisher.com\/m6076\/1725726634k4w\/jpg70-t3-scale100.webp\" alt=\"Cartucho de filtro plissado de \u00e1gua de alto caudal de substitui\u00e7\u00e3o de 20 polegadas 10\" data-lazy=\"2\"><\/div>\n<div class=\"description\">\u00c1gua qu\u00edmica e solvente<\/div>\n<\/div>\n<div class=\"col-sm-12 col-md-4 col-xs-6\">\n<div class=\"thumbnail\"><img decoding=\"async\" title=\"\" src=\"https:\/\/img.yfisher.com\/m6076\/1725726634aep\/jpg70-t3-scale100.webp\" alt=\"Cartucho de filtro plissado de \u00e1gua de alto caudal de substitui\u00e7\u00e3o de 20 polegadas 11\" data-lazy=\"2\"><\/div>\n<div class=\"description\">Dessaliniza\u00e7\u00e3o da \u00e1gua do mar<\/div>\n<\/div>\n<\/div>\n<\/div>","protected":false},"excerpt":{"rendered":"<table>\n<thead>\n<tr>\n<th>Porta de in\u00edcio:<\/th>\n<th>Guangzhou<\/th>\n<\/tr>\n<\/thead>\n<tbody>\n<tr>\n<td>Capacidade de produ\u00e7\u00e3o:<\/td>\n<td>500 unidades\/m\u00eas<\/td>\n<\/tr>\n<tr>\n<td>Local de origem:<\/td>\n<td>Guangdong, China<\/td>\n<\/tr>\n<tr>\n<td>Pagamento:<\/td>\n<td>T\/T, Western Union, Garantia de com\u00e9rcio de Alibaba, paypal<\/td>\n<\/tr>\n<tr>\n<td>MOQ:<\/td>\n<td>10 unidades<\/td>\n<\/tr>\n<tr>\n<td>Modelo:<\/td>\n<td>LY-HFMH<\/td>\n<\/tr>\n<tr>\n<td>Prazo de entrega:<\/td>\n<td>no prazo de 7 dias \u00fateis<\/td>\n<\/tr>\n<tr>\n<td>Marca:<\/td>\n<td>OEM\/Lvyuan<\/td>\n<\/tr>\n<\/tbody>\n<\/table>","protected":false},"featured_media":591,"comment_status":"open","ping_status":"closed","template":"","meta":{"_gspb_post_css":""},"product_brand":[],"product_cat":[20,17],"product_tag":[263,261,266,265,264,259],"class_list":{"0":"post-590","1":"product","2":"type-product","3":"status-publish","4":"has-post-thumbnail","6":"product_cat-high-flow-filter-cartridge","7":"product_cat-sediment-filter","8":"product_tag-fast-delivery","9":"product_tag-guangdong-china","10":"product_tag-guangzhou","11":"product_tag-lvyuan","12":"product_tag-ly-hfmh","13":"product_tag-oem","15":"first","16":"instock","17":"shipping-taxable","18":"product-type-simple"},"_links":{"self":[{"href":"https:\/\/lyfilter.com\/pt\/wp-json\/wp\/v2\/product\/590","targetHints":{"allow":["GET"]}}],"collection":[{"href":"https:\/\/lyfilter.com\/pt\/wp-json\/wp\/v2\/product"}],"about":[{"href":"https:\/\/lyfilter.com\/pt\/wp-json\/wp\/v2\/types\/product"}],"replies":[{"embeddable":true,"href":"https:\/\/lyfilter.com\/pt\/wp-json\/wp\/v2\/comments?post=590"}],"wp:featuredmedia":[{"embeddable":true,"href":"https:\/\/lyfilter.com\/pt\/wp-json\/wp\/v2\/media\/591"}],"wp:attachment":[{"href":"https:\/\/lyfilter.com\/pt\/wp-json\/wp\/v2\/media?parent=590"}],"wp:term":[{"taxonomy":"product_brand","embeddable":true,"href":"https:\/\/lyfilter.com\/pt\/wp-json\/wp\/v2\/product_brand?post=590"},{"taxonomy":"product_cat","embeddable":true,"href":"https:\/\/lyfilter.com\/pt\/wp-json\/wp\/v2\/product_cat?post=590"},{"taxonomy":"product_tag","embeddable":true,"href":"https:\/\/lyfilter.com\/pt\/wp-json\/wp\/v2\/product_tag?post=590"}],"curies":[{"name":"wp","href":"https:\/\/api.w.org\/{rel}","templated":true}]}}