{"id":578,"date":"2025-12-24T02:46:37","date_gmt":"2025-12-24T02:46:37","guid":{"rendered":"https:\/\/lyfilter.com\/?post_type=product&#038;p=578"},"modified":"2025-12-24T02:57:31","modified_gmt":"2025-12-24T02:57:31","slug":"high-performance-sanitary-filter-housings-in-stainless-steel","status":"publish","type":"product","link":"https:\/\/lyfilter.com\/pt\/high-performance-sanitary-filter-housings-in-stainless-steel\/","title":{"rendered":"Caixas de filtro sanit\u00e1rio de alto desempenho em a\u00e7o inoxid\u00e1vel"},"content":{"rendered":"<div class=\"unit-detail-html-tabs__content-attr\">\n<div class=\"unit-product-attrparam\">\n<div class=\"unit-product-attrparam__items row\">\n<div class=\"col-12 col-md-6\">\n<div class=\"unit-product-attrparam__item\">\n<table>\n<tbody>\n<tr data-start=\"335\" data-end=\"365\">\n<td data-start=\"335\" data-end=\"346\" data-col-size=\"sm\">Material<\/td>\n<td data-start=\"346\" data-end=\"365\" data-col-size=\"sm\">A\u00e7o inoxid\u00e1vel<\/td>\n<\/tr>\n<\/tbody>\n<\/table>\n<table>\n<tbody>\n<tr data-start=\"366\" data-end=\"392\" data-is-last-node=\"\">\n<td data-start=\"366\" data-end=\"381\" data-col-size=\"sm\">Disponibilidade<\/td>\n<td data-start=\"381\" data-end=\"392\" data-is-last-node=\"\" data-col-size=\"sm\">OEM\/ODM<\/td>\n<\/tr>\n<\/tbody>\n<\/table>\n<\/div>\n<\/div>\n<\/div>\n<\/div>\n<\/div>\n<div class=\"unit-detail-html-tabs__content-html\">\n<div id=\"module-74E4U0f4f3b0a\">\n<div class=\"ce-d-flex ce-flex-wrap\">\n<div class=\"ce-col-12\">\n<div id=\"unit-zzuNfqHeIMdKBT5\">\n<div class=\"ce-text_item\">\n<div class=\"ce-text\" data-qb-tmp-id=\"lt-270764\" data-gramm=\"false\">\n<div>\n<div class=\"ce-d-flex ce-flex-wrap\">\n<div class=\"ce-col-12\">\n<div id=\"unit-adi8SlZ2NA87g7x\">\n<div class=\"ce-text_item\">\n<div class=\"ce-text\">\n<p><strong>Caixas de filtro sanit\u00e1rio de alto desempenho em a\u00e7o inoxid\u00e1vel<\/strong><\/p>\n<p>&nbsp;<\/p>\n<p>Carater\u00edsticas para Caixas de Filtros Sanit\u00e1rios em A\u00e7o Inoxid\u00e1vel<\/p>\n<ul>\n<li>Design higi\u00e9nico: As nossas caixas de filtros sanit\u00e1rios em a\u00e7o inoxid\u00e1vel s\u00e3o fabricadas com um design higi\u00e9nico, garantindo que o processo de filtragem mant\u00e9m a pureza dos seus produtos.<\/li>\n<li>Resist\u00eancia \u00e0 corros\u00e3o: Constru\u00eddas com a\u00e7o inoxid\u00e1vel de alta qualidade, estas caixas oferecem uma resist\u00eancia excecional \u00e0 corros\u00e3o, tornando-as ideais para utiliza\u00e7\u00e3o em ambientes exigentes.<\/li>\n<li>Facilidade de limpeza: As superf\u00edcies lisas e polidas das nossas caixas de filtros sanit\u00e1rios facilitam a limpeza, permitindo uma manuten\u00e7\u00e3o r\u00e1pida e eficiente.<\/li>\n<li>Material de qualidade alimentar: Fabricadas com a\u00e7o inoxid\u00e1vel de qualidade alimentar, as nossas caixas de filtro cumprem as normas da ind\u00fastria, tornando-as adequadas para aplica\u00e7\u00f5es no sector alimentar e de bebidas.<\/li>\n<li>Op\u00e7\u00f5es personaliz\u00e1veis: Adapte estas caixas de filtro aos seus requisitos espec\u00edficos. Escolha entre v\u00e1rios tamanhos, configura\u00e7\u00f5es e tipos de conex\u00e3o para atender \u00e0s suas necessidades de filtragem.<\/li>\n<li>Integridade da veda\u00e7\u00e3o: O design da caixa assegura uma veda\u00e7\u00e3o segura, evitando qualquer fuga ou contamina\u00e7\u00e3o durante o processo de filtragem.<\/li>\n<li>Conformidade com os padr\u00f5es: As nossas caixas de filtros sanit\u00e1rios cumprem as normas e regulamentos da ind\u00fastria, proporcionando-lhe tranquilidade relativamente \u00e0 seguran\u00e7a e qualidade do produto.<\/li>\n<li>Vasta gama de aplica\u00e7\u00f5es: Quer se trate de produtos farmac\u00eauticos, cosm\u00e9ticos, processamento de alimentos ou outras ind\u00fastrias, estes\u00a0<a href=\"https:\/\/lyfilter.com\/pt\/stainless-steel-filter-housing.html\/\">caixa do filtro em a\u00e7o inoxid\u00e1vel<\/a>s oferecem solu\u00e7\u00f5es de filtragem vers\u00e1teis e fi\u00e1veis.<\/li>\n<li>Constru\u00e7\u00e3o dur\u00e1vel: Com constru\u00e7\u00e3o robusta e materiais dur\u00e1veis, nossas carca\u00e7as de filtros sanit\u00e1rios s\u00e3o constru\u00eddas para suportar os rigores da opera\u00e7\u00e3o cont\u00ednua em ambientes exigentes.<\/li>\n<li>F\u00e1cil instala\u00e7\u00e3o: Concebidas para uma instala\u00e7\u00e3o f\u00e1cil, estas caixas de filtro incluem carater\u00edsticas que simplificam o processo de instala\u00e7\u00e3o, garantindo um tempo de inatividade m\u00ednimo para as suas opera\u00e7\u00f5es.<\/li>\n<\/ul>\n<p><img decoding=\"async\" class=\"imageye-selected\" src=\"https:\/\/img.yfisher.com\/m6076\/1725286997w65.jpg\" alt=\"Caixas de filtro sanit\u00e1rio de alto desempenho em a\u00e7o inoxid\u00e1vel 7\" data-lazy=\"2\" title=\"\"><\/p>\n<p><img decoding=\"async\" class=\"imageye-selected\" src=\"https:\/\/img.yfisher.com\/m6076\/17252869974hs.jpg\" alt=\"Caixas de filtro sanit\u00e1rio de alto desempenho em a\u00e7o inoxid\u00e1vel 8\" data-lazy=\"2\" title=\"\"><\/p>\n<p>&nbsp;<\/p>\n<p>&nbsp;<\/p>\n<p>&nbsp;<\/p>\n<p>&nbsp;<\/p>\n<p>&nbsp;<\/p>\n<p>&nbsp;<\/p>\n<p>&nbsp;<\/p>\n<p>&nbsp;<\/p>\n<p>&nbsp;<\/p>\n<p>&nbsp;<\/p>\n<p>&nbsp;<\/p>\n<p>&nbsp;<\/p>\n<p><strong>Como personalizar as caixas de filtro sanit\u00e1rio em a\u00e7o inoxid\u00e1vel da lvyuan?<\/strong><\/p>\n<p>A personaliza\u00e7\u00e3o de carca\u00e7as de filtros sanit\u00e1rios em a\u00e7o inoxid\u00e1vel da Lvyuan \u00e9 um processo simplificado feito sob medida para atender \u00e0s suas necessidades exclusivas de filtragem. Comece especificando seus requisitos, como capacidade, press\u00e3o e taxa de fluxo, e selecione o tipo apropriado de a\u00e7o inoxid\u00e1vel, seja 304, 316 ou 316L. Determine a configura\u00e7\u00e3o da caixa, as dimens\u00f5es, o acabamento da superf\u00edcie, as op\u00e7\u00f5es de veda\u00e7\u00e3o, o mecanismo de fecho e quaisquer carater\u00edsticas adicionais, como man\u00f3metros.<\/p>\n<p>Assegurar a conformidade com as normas e certifica\u00e7\u00f5es do sector. Consultar a Lvyuan, fornecendo as suas especifica\u00e7\u00f5es e procurando obter informa\u00e7\u00f5es sobre o projeto. Depois de rever e aprovar o projeto proposto, a Lvyuan proceder\u00e1 \u00e0 produ\u00e7\u00e3o da sua caixa de filtro personalizada, fornecendo uma solu\u00e7\u00e3o de alta qualidade adaptada \u00e0s suas especifica\u00e7\u00f5es exactas.<\/p>\n<p><img decoding=\"async\" class=\"imageye-selected\" src=\"https:\/\/img.yfisher.com\/m6076\/1725286997m49.jpg\" alt=\"Caixas de filtro sanit\u00e1rio de alto desempenho em a\u00e7o inoxid\u00e1vel 9\" data-lazy=\"2\" title=\"\"><\/p>\n<p><img decoding=\"async\" class=\"imageye-selected\" src=\"https:\/\/img.yfisher.com\/m6076\/1725286997okv.jpg\" alt=\"Caixas de filtro sanit\u00e1rio de alto desempenho em a\u00e7o inoxid\u00e1vel 10\" data-lazy=\"2\" title=\"\"><\/p>\n<p><strong>Vantagens das carca\u00e7as de filtros sanit\u00e1rios em a\u00e7o inoxid\u00e1vel<\/strong><\/p>\n<ol>\n<li>Design higi\u00e9nico: As nossas caixas de filtros sanit\u00e1rios em a\u00e7o inoxid\u00e1vel s\u00e3o fabricadas com um design higi\u00e9nico, garantindo que o processo de filtragem mant\u00e9m a pureza dos seus produtos.<\/li>\n<li>Resist\u00eancia \u00e0 corros\u00e3o: Constru\u00eddas com a\u00e7o inoxid\u00e1vel de alta qualidade, estas caixas oferecem uma resist\u00eancia excecional \u00e0 corros\u00e3o, tornando-as ideais para utiliza\u00e7\u00e3o em ambientes exigentes.<\/li>\n<li>Facilidade de limpeza: As superf\u00edcies lisas e polidas das nossas caixas de filtros sanit\u00e1rios facilitam a limpeza, permitindo uma manuten\u00e7\u00e3o r\u00e1pida e eficiente.<\/li>\n<li>Material de qualidade alimentar: Fabricadas com a\u00e7o inoxid\u00e1vel de qualidade alimentar, as nossas caixas de filtro cumprem as normas da ind\u00fastria, tornando-as adequadas para aplica\u00e7\u00f5es no sector alimentar e de bebidas.<\/li>\n<li>Op\u00e7\u00f5es personaliz\u00e1veis: Adapte estas caixas de filtro aos seus requisitos espec\u00edficos. Escolha entre v\u00e1rios tamanhos, configura\u00e7\u00f5es e tipos de conex\u00e3o para atender \u00e0s suas necessidades de filtragem.<\/li>\n<li>Integridade da veda\u00e7\u00e3o: O design da caixa assegura uma veda\u00e7\u00e3o segura, evitando qualquer fuga ou contamina\u00e7\u00e3o durante o processo de filtragem.<\/li>\n<li>Conformidade com os padr\u00f5es: As nossas caixas de filtros sanit\u00e1rios cumprem as normas e regulamentos da ind\u00fastria, proporcionando-lhe tranquilidade relativamente \u00e0 seguran\u00e7a e qualidade do produto.<\/li>\n<li>Ampla gama de aplica\u00e7\u00f5es: Quer seja em produtos farmac\u00eauticos, cosm\u00e9ticos, processamento de alimentos ou outras ind\u00fastrias, estas caixas de filtro em a\u00e7o inoxid\u00e1vel oferecem solu\u00e7\u00f5es de filtragem vers\u00e1teis e fi\u00e1veis.<\/li>\n<li>Constru\u00e7\u00e3o dur\u00e1vel: Com constru\u00e7\u00e3o robusta e materiais dur\u00e1veis, nossas carca\u00e7as de filtros sanit\u00e1rios s\u00e3o constru\u00eddas para suportar os rigores da opera\u00e7\u00e3o cont\u00ednua em ambientes exigentes.<\/li>\n<li>F\u00e1cil instala\u00e7\u00e3o: Concebidas para uma instala\u00e7\u00e3o f\u00e1cil, estas caixas de filtro incluem carater\u00edsticas que simplificam o processo de instala\u00e7\u00e3o, garantindo um tempo de inatividade m\u00ednimo para as suas opera\u00e7\u00f5es.<\/li>\n<\/ol>\n<p>&nbsp;<\/p>\n<p>&nbsp;<\/p>\n<p><strong><img decoding=\"async\" class=\"imageye-selected\" src=\"https:\/\/img.yfisher.com\/m6076\/1725286997e13.jpg\" alt=\"Caixas de filtro sanit\u00e1rio de alto desempenho em a\u00e7o inoxid\u00e1vel 11\" data-lazy=\"2\" title=\"\"><\/strong><\/p>\n<\/div>\n<\/div>\n<\/div>\n<\/div>\n<\/div>\n<\/div>\n<\/div>\n<\/div>\n<\/div>\n<\/div>\n<\/div>\n<\/div>\n<\/div>","protected":false},"excerpt":{"rendered":"<table>\n<thead>\n<tr>\n<th>Campo<\/th>\n<th>Detalhes<\/th>\n<\/tr>\n<\/thead>\n<tbody>\n<tr>\n<td>Porto de in\u00edcio<\/td>\n<td>Guangzhou<\/td>\n<\/tr>\n<tr>\n<td>Capacidade de produ\u00e7\u00e3o<\/td>\n<td>10000 unidades\/m\u00eas<\/td>\n<\/tr>\n<tr>\n<td>Local de origem<\/td>\n<td>Guangdong, China<\/td>\n<\/tr>\n<tr>\n<td>Pagamento<\/td>\n<td>T\/T, Western Union, paypal<\/td>\n<\/tr>\n<tr>\n<td>QUANTIDADE M\u00c1XIMA DE ENCOMENDA<\/td>\n<td>1 unidade<\/td>\n<\/tr>\n<tr>\n<td>Modelo<\/td>\n<td>LY-FB<\/td>\n<\/tr>\n<tr>\n<td>Prazo de entrega<\/td>\n<td>No prazo de 7 dias \u00fateis<\/td>\n<\/tr>\n<tr>\n<td>Certifica\u00e7\u00e3o<\/td>\n<td>ISO 9001<\/td>\n<\/tr>\n<tr>\n<td>Marca<\/td>\n<td>OEM\/Lvyuan<\/td>\n<\/tr>\n<\/tbody>\n<\/table>","protected":false},"featured_media":580,"comment_status":"open","ping_status":"closed","template":"","meta":{"_gspb_post_css":""},"product_brand":[],"product_cat":[15],"product_tag":[263,261,262,260,258,259],"class_list":{"0":"post-578","1":"product","2":"type-product","3":"status-publish","4":"has-post-thumbnail","6":"product_cat-stainless-steel-filter-housing","7":"product_tag-fast-delivery","8":"product_tag-guangdong-china","9":"product_tag-guangzhou-port","10":"product_tag-iso-9001","11":"product_tag-ly-fb","12":"product_tag-oem","14":"first","15":"instock","16":"shipping-taxable","17":"product-type-simple"},"_links":{"self":[{"href":"https:\/\/lyfilter.com\/pt\/wp-json\/wp\/v2\/product\/578","targetHints":{"allow":["GET"]}}],"collection":[{"href":"https:\/\/lyfilter.com\/pt\/wp-json\/wp\/v2\/product"}],"about":[{"href":"https:\/\/lyfilter.com\/pt\/wp-json\/wp\/v2\/types\/product"}],"replies":[{"embeddable":true,"href":"https:\/\/lyfilter.com\/pt\/wp-json\/wp\/v2\/comments?post=578"}],"wp:featuredmedia":[{"embeddable":true,"href":"https:\/\/lyfilter.com\/pt\/wp-json\/wp\/v2\/media\/580"}],"wp:attachment":[{"href":"https:\/\/lyfilter.com\/pt\/wp-json\/wp\/v2\/media?parent=578"}],"wp:term":[{"taxonomy":"product_brand","embeddable":true,"href":"https:\/\/lyfilter.com\/pt\/wp-json\/wp\/v2\/product_brand?post=578"},{"taxonomy":"product_cat","embeddable":true,"href":"https:\/\/lyfilter.com\/pt\/wp-json\/wp\/v2\/product_cat?post=578"},{"taxonomy":"product_tag","embeddable":true,"href":"https:\/\/lyfilter.com\/pt\/wp-json\/wp\/v2\/product_tag?post=578"}],"curies":[{"name":"wp","href":"https:\/\/api.w.org\/{rel}","templated":true}]}}