{"id":5018,"date":"2026-04-07T07:50:24","date_gmt":"2026-04-07T07:50:24","guid":{"rendered":"https:\/\/lyfilter.com\/"},"modified":"2026-04-07T07:50:24","modified_gmt":"2026-04-07T07:50:24","slug":"lvyuan-filter-water-treatment-plant-manufacturers-high-safety-for-factory","status":"publish","type":"product","link":"https:\/\/lyfilter.com\/pt\/lvyuan-filter-water-treatment-plant-manufacturers-high-safety-for-factory\/","title":{"rendered":"Lvyuan filtro de tratamento de \u00e1gua fabricantes de alta seguran\u00e7a para a f\u00e1brica"},"content":{"rendered":"<table>\n<thead>\n<tr>\n<th>Local de origem<\/th>\n<th>Guangdong, China<\/th>\n<\/tr>\n<\/thead>\n<tbody>\n<tr>\n<td>Nome da marca<\/td>\n<td>Guangzhou Lvyuan<\/td>\n<\/tr>\n<tr>\n<td>N\u00famero do modelo<\/td>\n<td>LY-PV001<\/td>\n<\/tr>\n<tr>\n<td>Nome<\/td>\n<td>Recipientes sob press\u00e3o de membrana em a\u00e7o inoxid\u00e1vel 316<\/td>\n<\/tr>\n<tr>\n<td>material da caixa<\/td>\n<td>SS304, SS316<\/td>\n<\/tr>\n<tr>\n<td>tipo de habita\u00e7\u00e3o<\/td>\n<td>sem costura ou com costura<\/td>\n<\/tr>\n<tr>\n<td>material da tampa da extremidade<\/td>\n<td>ABS, a\u00e7o inoxid\u00e1vel<\/td>\n<\/tr>\n<tr>\n<td>taxa de press\u00e3o<\/td>\n<td>300psi, 400psi, 1000psi<\/td>\n<\/tr>\n<tr>\n<td>modo de entrada<\/td>\n<td>extremidade ou lado<\/td>\n<\/tr>\n<tr>\n<td>porta de entrada<\/td>\n<td>3\/4\u2033 f\u00eamea ou 1,5\u2033 f\u00eamea<\/td>\n<\/tr>\n<tr>\n<td>porta de sa\u00edda<\/td>\n<td>1\/2\u2033 f\u00eamea ou 1\u2033 f\u00eamea<\/td>\n<\/tr>\n<tr>\n<td>Certifica\u00e7\u00e3o<\/td>\n<td>Certificado CE<\/td>\n<\/tr>\n<tr>\n<td>Aplica\u00e7\u00e3o<\/td>\n<td>Recipiente sob press\u00e3o para osmose inversa RO<\/td>\n<\/tr>\n<tr>\n<td>Capacidade de fornecimento<\/td>\n<td>10000 Pe\u00e7as\/Pe\u00e7as por m\u00eas de vaso de press\u00e3o de a\u00e7o inoxid\u00e1vel<\/td>\n<\/tr>\n<\/tbody>\n<\/table>","protected":false},"excerpt":{"rendered":"<p>Vantagens da empresa<br \/>\n1. O filtro Lvyuan \u00e9 fabricado a partir de mat\u00e9rias-primas da melhor qualidade que garantem aos clientes a nossa autenticidade. N\u00e3o cont\u00e9m aglutinantes, agentes, solventes, materiais anti-est\u00e1ticos ou agentes molhantes<br \/>\n2. Com estas carater\u00edsticas, conquistou a prefer\u00eancia dos clientes de todo o mundo. O anel de veda\u00e7\u00e3o em forma de estrela torna o elemento filtrante f\u00e1cil de desmontar e manter<br \/>\n3. O produto \u00e9 resistente \u00e0 temperatura. A sua rigidez ou resist\u00eancia \u00e0 fadiga n\u00e3o ser\u00e1 facilmente alterada por varia\u00e7\u00f5es de temperatura. Pode fornecer an\u00e1lises e resultados precisos para cromatografia de i\u00f5es sens\u00edveis<\/p>\n<p>A Guangzhou Lvyuan fornece uma gama abrangente de alojamentos de membrana RO em a\u00e7o inoxid\u00e1vel para membranas RO de 2,5\u201d, 4\u201d e 8\u201d. As carca\u00e7as s\u00e3o projetadas em tipos de entrada final ou lateral, colocadas com v\u00e1rios tamanhos de portas de permeado e concentrado. As op\u00e7\u00f5es diversificadas proporcionam aos clientes muita conveni\u00eancia para atender a diferentes aplica\u00e7\u00f5es e economizar investimentos caros em coletores complicados. Todas as caixas de membrana RO em a\u00e7o inoxid\u00e1vel s\u00e3o testadas hidraulicamente para garantir uma qualidade consistente no ponto de utiliza\u00e7\u00e3o.<\/p>","protected":false},"featured_media":5019,"comment_status":"open","ping_status":"closed","template":"","meta":{"_gspb_post_css":""},"product_brand":[],"product_cat":[1202],"product_tag":[1942,1943,1717,1534,1941,1136],"class_list":{"0":"post-5018","1":"product","2":"type-product","3":"status-publish","4":"has-post-thumbnail","6":"product_cat-filter-cartridge","7":"product_tag-factory-water-filtration","8":"product_tag-high-safety-filtration-system","9":"product_tag-industrial-water-purification","10":"product_tag-inversafilterpurification","11":"product_tag-lvyuan-water-treatment-plant","12":"product_tag-water-filter-locks","14":"first","15":"instock","16":"shipping-taxable","17":"product-type-simple"},"_links":{"self":[{"href":"https:\/\/lyfilter.com\/pt\/wp-json\/wp\/v2\/product\/5018","targetHints":{"allow":["GET"]}}],"collection":[{"href":"https:\/\/lyfilter.com\/pt\/wp-json\/wp\/v2\/product"}],"about":[{"href":"https:\/\/lyfilter.com\/pt\/wp-json\/wp\/v2\/types\/product"}],"replies":[{"embeddable":true,"href":"https:\/\/lyfilter.com\/pt\/wp-json\/wp\/v2\/comments?post=5018"}],"wp:featuredmedia":[{"embeddable":true,"href":"https:\/\/lyfilter.com\/pt\/wp-json\/wp\/v2\/media\/5019"}],"wp:attachment":[{"href":"https:\/\/lyfilter.com\/pt\/wp-json\/wp\/v2\/media?parent=5018"}],"wp:term":[{"taxonomy":"product_brand","embeddable":true,"href":"https:\/\/lyfilter.com\/pt\/wp-json\/wp\/v2\/product_brand?post=5018"},{"taxonomy":"product_cat","embeddable":true,"href":"https:\/\/lyfilter.com\/pt\/wp-json\/wp\/v2\/product_cat?post=5018"},{"taxonomy":"product_tag","embeddable":true,"href":"https:\/\/lyfilter.com\/pt\/wp-json\/wp\/v2\/product_tag?post=5018"}],"curies":[{"name":"wp","href":"https:\/\/api.w.org\/{rel}","templated":true}]}}