{"id":5012,"date":"2026-04-07T07:47:34","date_gmt":"2026-04-07T07:47:34","guid":{"rendered":"https:\/\/lyfilter.com\/"},"modified":"2026-04-07T07:47:34","modified_gmt":"2026-04-07T07:47:34","slug":"stainless-steel-angle-filter-housing","status":"publish","type":"product","link":"https:\/\/lyfilter.com\/pt\/stainless-steel-angle-filter-housing\/","title":{"rendered":"Caixa de filtro angular em a\u00e7o inoxid\u00e1vel"},"content":{"rendered":"<table>\n<thead>\n<tr>\n<th>Porto de in\u00edcio<\/th>\n<th>Guangzhou<\/th>\n<\/tr>\n<\/thead>\n<tbody>\n<tr>\n<td>Capacidade de produ\u00e7\u00e3o<\/td>\n<td>10000 unidades\/m\u00eas<\/td>\n<\/tr>\n<tr>\n<td>Local de origem<\/td>\n<td>Guangdong, China<\/td>\n<\/tr>\n<tr>\n<td>Pagamento<\/td>\n<td>T\/T, garantia de com\u00e9rcio Alibaba, paypal<\/td>\n<\/tr>\n<tr>\n<td>QUANTIDADE M\u00c1XIMA DE ENCOMENDA<\/td>\n<td>1 unidade<\/td>\n<\/tr>\n<tr>\n<td>Prazo de entrega<\/td>\n<td>No prazo de 7 dias \u00fateis<\/td>\n<\/tr>\n<tr>\n<td>Certifica\u00e7\u00e3o<\/td>\n<td>ISO 9001<\/td>\n<\/tr>\n<tr>\n<td>Marca<\/td>\n<td>OEM\/Lvyuan<\/td>\n<\/tr>\n<\/tbody>\n<\/table>","protected":false},"excerpt":{"rendered":"<p>As caixas de filtro angular em a\u00e7o inoxid\u00e1vel s\u00e3o utilizadas para filtrar gases ou l\u00edquidos em sistemas de alta press\u00e3o. O\u00a0<a href=\"https:\/\/lyfilter.com\/pt\/products.html\/\">elemento filtrante<\/a>\u00a0podem ser facilmente substitu\u00eddos no terreno. O design especial permite que o cartucho do filtro seja substitu\u00eddo sem remover primeiro o filtro na parte da frente do tubo.<\/p>\n<p>As unidades de filtro s\u00e3o feitas de material sinterizado com tamanhos de poros de 7 \u03bcm, 40 \u03bcm ou 60 \u03bcm, respetivamente. Todos os filtros angulares s\u00e3o fornecidos com porcas e casquilhos.<\/p>","protected":false},"featured_media":5014,"comment_status":"open","ping_status":"closed","template":"","meta":{"_gspb_post_css":""},"product_brand":[],"product_cat":[15],"product_tag":[1939,1940,1534,1928,1938,1136],"class_list":{"0":"post-5012","1":"product","2":"type-product","3":"status-publish","4":"has-post-thumbnail","6":"product_cat-stainless-steel-filter-housing","7":"product_tag-angle-filter-housing","8":"product_tag-industrial-liquid-filter-housing","9":"product_tag-inversafilterpurification","10":"product_tag-sanitary-stainless-steel-filter","11":"product_tag-stainless-steel-angle-filter-housing","12":"product_tag-water-filter-locks","14":"first","15":"instock","16":"shipping-taxable","17":"product-type-simple"},"_links":{"self":[{"href":"https:\/\/lyfilter.com\/pt\/wp-json\/wp\/v2\/product\/5012","targetHints":{"allow":["GET"]}}],"collection":[{"href":"https:\/\/lyfilter.com\/pt\/wp-json\/wp\/v2\/product"}],"about":[{"href":"https:\/\/lyfilter.com\/pt\/wp-json\/wp\/v2\/types\/product"}],"replies":[{"embeddable":true,"href":"https:\/\/lyfilter.com\/pt\/wp-json\/wp\/v2\/comments?post=5012"}],"wp:featuredmedia":[{"embeddable":true,"href":"https:\/\/lyfilter.com\/pt\/wp-json\/wp\/v2\/media\/5014"}],"wp:attachment":[{"href":"https:\/\/lyfilter.com\/pt\/wp-json\/wp\/v2\/media?parent=5012"}],"wp:term":[{"taxonomy":"product_brand","embeddable":true,"href":"https:\/\/lyfilter.com\/pt\/wp-json\/wp\/v2\/product_brand?post=5012"},{"taxonomy":"product_cat","embeddable":true,"href":"https:\/\/lyfilter.com\/pt\/wp-json\/wp\/v2\/product_cat?post=5012"},{"taxonomy":"product_tag","embeddable":true,"href":"https:\/\/lyfilter.com\/pt\/wp-json\/wp\/v2\/product_tag?post=5012"}],"curies":[{"name":"wp","href":"https:\/\/api.w.org\/{rel}","templated":true}]}}