{"id":5001,"date":"2026-04-07T07:37:25","date_gmt":"2026-04-07T07:37:25","guid":{"rendered":"https:\/\/lyfilter.com\/"},"modified":"2026-04-07T07:37:25","modified_gmt":"2026-04-07T07:37:25","slug":"customized-device-sanitary-stainless-steel-liquid-filter-with-1-2-3-4-5-stages-cartridge-bag-purification","status":"publish","type":"product","link":"https:\/\/lyfilter.com\/pt\/customized-device-sanitary-stainless-steel-liquid-filter-with-1-2-3-4-5-stages-cartridge-bag-purification\/","title":{"rendered":"Dispositivo personalizado Filtro de l\u00edquido sanit\u00e1rio de a\u00e7o inoxid\u00e1vel com purifica\u00e7\u00e3o de cartucho\/saco de 1\/2\/3\/4\/5 est\u00e1gios"},"content":{"rendered":"<table>\n<thead>\n<tr>\n<th>Local de origem<\/th>\n<th>Guangdong, China<\/th>\n<\/tr>\n<\/thead>\n<tbody>\n<tr>\n<td>Nome da marca<\/td>\n<td>Lvyuan \/ OEM<\/td>\n<\/tr>\n<tr>\n<td>Garantia<\/td>\n<td>N\u00e3o dispon\u00edvel<\/td>\n<\/tr>\n<tr>\n<td>Servi\u00e7o p\u00f3s-venda prestado<\/td>\n<td>Apoio em linha<\/td>\n<\/tr>\n<tr>\n<td>Nome do produto<\/td>\n<td>Filtro de l\u00edquidos em a\u00e7o inoxid\u00e1vel<\/td>\n<\/tr>\n<tr>\n<td>material da caixa<\/td>\n<td>ss304, sus 316, ss316L<\/td>\n<\/tr>\n<tr>\n<td>quantidade de filtros de saco<\/td>\n<td>Sacos individuais ou m\u00faltiplos personalizados<\/td>\n<\/tr>\n<tr>\n<td>Tamanho do saco<\/td>\n<td>180<em>450 mm ou 180<\/em>810 mm, outros<\/td>\n<\/tr>\n<tr>\n<td>Tipo de entrada e de sa\u00edda<\/td>\n<td>Liga\u00e7\u00e3o flangeada\/roscada<\/td>\n<\/tr>\n<tr>\n<td>Material do saco de filtro<\/td>\n<td>PP, PE, personalizado<\/td>\n<\/tr>\n<tr>\n<td>Press\u00e3o m\u00e1xima de trabalho<\/td>\n<td>100\/150\/300 Psi<\/td>\n<\/tr>\n<tr>\n<td>Utiliza\u00e7\u00e3o<\/td>\n<td>filtragem de l\u00edquidos<\/td>\n<\/tr>\n<tr>\n<td>N\u00famero do saco<\/td>\n<td>#1, 2, 3, 4, 5, OEM<\/td>\n<\/tr>\n<tr>\n<td>clausura de habita\u00e7\u00e3o por<\/td>\n<td>parafuso r\u00e1pido, bra\u00e7adeira, flange<\/td>\n<\/tr>\n<tr>\n<td>Capacidade de fornecimento<\/td>\n<td>1500 pe\u00e7as\/pe\u00e7as por m\u00eas Filtro de l\u00edquido<\/td>\n<\/tr>\n<\/tbody>\n<\/table>","protected":false},"excerpt":{"rendered":"<p>Constru\u00eddo para uma purifica\u00e7\u00e3o fi\u00e1vel de l\u00edquidos, este filtro sanit\u00e1rio personalizado em a\u00e7o inoxid\u00e1vel suporta 1 a 5 fases com op\u00e7\u00f5es de cartucho ou saco. Proporciona um fluxo mais limpo, um processamento mais seguro e uma filtragem flex\u00edvel para muitas necessidades.<\/p>","protected":false},"featured_media":4641,"comment_status":"open","ping_status":"closed","template":"","meta":{"_gspb_post_css":""},"product_brand":[],"product_cat":[1135],"product_tag":[1930,1534,1929,1931,1928,1136],"class_list":{"0":"post-5001","1":"product","2":"type-product","3":"status-publish","4":"has-post-thumbnail","6":"product_cat-stainless-steel-bag-filter-housing","7":"product_tag-cartridge-bag-purification","8":"product_tag-inversafilterpurification","9":"product_tag-liquid-filter-system","10":"product_tag-multi-stage-filtration","11":"product_tag-sanitary-stainless-steel-filter","12":"product_tag-water-filter-locks","14":"first","15":"instock","16":"shipping-taxable","17":"product-type-simple"},"_links":{"self":[{"href":"https:\/\/lyfilter.com\/pt\/wp-json\/wp\/v2\/product\/5001","targetHints":{"allow":["GET"]}}],"collection":[{"href":"https:\/\/lyfilter.com\/pt\/wp-json\/wp\/v2\/product"}],"about":[{"href":"https:\/\/lyfilter.com\/pt\/wp-json\/wp\/v2\/types\/product"}],"replies":[{"embeddable":true,"href":"https:\/\/lyfilter.com\/pt\/wp-json\/wp\/v2\/comments?post=5001"}],"wp:featuredmedia":[{"embeddable":true,"href":"https:\/\/lyfilter.com\/pt\/wp-json\/wp\/v2\/media\/4641"}],"wp:attachment":[{"href":"https:\/\/lyfilter.com\/pt\/wp-json\/wp\/v2\/media?parent=5001"}],"wp:term":[{"taxonomy":"product_brand","embeddable":true,"href":"https:\/\/lyfilter.com\/pt\/wp-json\/wp\/v2\/product_brand?post=5001"},{"taxonomy":"product_cat","embeddable":true,"href":"https:\/\/lyfilter.com\/pt\/wp-json\/wp\/v2\/product_cat?post=5001"},{"taxonomy":"product_tag","embeddable":true,"href":"https:\/\/lyfilter.com\/pt\/wp-json\/wp\/v2\/product_tag?post=5001"}],"curies":[{"name":"wp","href":"https:\/\/api.w.org\/{rel}","templated":true}]}}