{"id":4974,"date":"2026-04-07T07:03:58","date_gmt":"2026-04-07T07:03:58","guid":{"rendered":"https:\/\/lyfilter.com\/"},"modified":"2026-04-07T07:03:58","modified_gmt":"2026-04-07T07:03:58","slug":"lvyuan-stainless-steel-cartridge-filter-housing-wholesaler-for-water-purifier","status":"publish","type":"product","link":"https:\/\/lyfilter.com\/pt\/lvyuan-stainless-steel-cartridge-filter-housing-wholesaler-for-water-purifier\/","title":{"rendered":"Lvyuan Caixa de filtro de cartucho de a\u00e7o inoxid\u00e1vel atacadista para purificador de \u00e1gua"},"content":{"rendered":"<table>\n<thead>\n<tr>\n<th>Local de origem<\/th>\n<th>Guangdong, China<\/th>\n<\/tr>\n<\/thead>\n<tbody>\n<tr>\n<td>Nome da marca<\/td>\n<td>Lvyuan \/ OEM<\/td>\n<\/tr>\n<tr>\n<td>Material<\/td>\n<td>a\u00e7o inoxid\u00e1vel<\/td>\n<\/tr>\n<tr>\n<td>Peso<\/td>\n<td>depende<\/td>\n<\/tr>\n<tr>\n<td>Tamanho<\/td>\n<td>depende<\/td>\n<\/tr>\n<tr>\n<td>Pot\u00eancia<\/td>\n<td>0<\/td>\n<\/tr>\n<tr>\n<td>Garantia<\/td>\n<td>1 ano<\/td>\n<\/tr>\n<tr>\n<td>Servi\u00e7o p\u00f3s-venda prestado<\/td>\n<td>Apoio em linha<\/td>\n<\/tr>\n<tr>\n<td>Nome do produto<\/td>\n<td>caixa do filtro de \u00e1gua em a\u00e7o inoxid\u00e1vel<\/td>\n<\/tr>\n<tr>\n<td>materiais de habita\u00e7\u00e3o<\/td>\n<td>ss304, 316, 316L<\/td>\n<\/tr>\n<tr>\n<td>Quantidade de filtros de cartucho<\/td>\n<td>1 - 160PCS para op\u00e7\u00e3o<\/td>\n<\/tr>\n<tr>\n<td>Comprimento do cartucho do filtro<\/td>\n<td>5, 10, 20, 30, 40, 60 polegadas, OEM<\/td>\n<\/tr>\n<tr>\n<td>Tratamento de superf\u00edcie<\/td>\n<td>Polido e jato de areia<\/td>\n<\/tr>\n<tr>\n<td>Tipo de tampa superior instalada<\/td>\n<td>Parafusos de eleva\u00e7\u00e3o\/Flange\/Tipo de grampo<\/td>\n<\/tr>\n<tr>\n<td>Utiliza\u00e7\u00e3o<\/td>\n<td>esta\u00e7\u00e3o de tratamento de \u00e1gua\/l\u00edquido\/vinho<\/td>\n<\/tr>\n<tr>\n<td>Embalagem<\/td>\n<td>Caixa de madeira<\/td>\n<\/tr>\n<tr>\n<td>Tipo de conetor<\/td>\n<td>c\u00f3digo 0 3 6 7 8 9<\/td>\n<\/tr>\n<tr>\n<td>Certifica\u00e7\u00e3o<\/td>\n<td>CE ISO SGS<\/td>\n<\/tr>\n<tr>\n<td>Capacidade de fornecimento<\/td>\n<td>500 Pe\u00e7as\/Pe\u00e7as por dia caixa de filtro de cartucho de a\u00e7o inoxid\u00e1vel<\/td>\n<\/tr>\n<\/tbody>\n<\/table>","protected":false},"excerpt":{"rendered":"<p>Fabricada para sistemas de purifica\u00e7\u00e3o de \u00e1gua, esta caixa de filtro de cartucho em a\u00e7o inoxid\u00e1vel oferece um corpo forte e um encaixe seguro para uma utiliza\u00e7\u00e3o est\u00e1vel. A Lvyuan e a InversaFilterPurification apoiam um fluxo mais limpo, uma filtragem fi\u00e1vel e um desempenho di\u00e1rio pr\u00e1tico.<\/p>","protected":false},"featured_media":4975,"comment_status":"open","ping_status":"closed","template":"","meta":{"_gspb_post_css":""},"product_brand":[],"product_cat":[15],"product_tag":[1913,1534,1186,1660,1136,1912],"class_list":{"0":"post-4974","1":"product","2":"type-product","3":"status-publish","4":"has-post-thumbnail","6":"product_cat-stainless-steel-filter-housing","7":"product_tag-cartridge-filter-system","8":"product_tag-inversafilterpurification","9":"product_tag-lvyuan-filter-housing","10":"product_tag-stainless-steel-cartridge-filter-housing","11":"product_tag-water-filter-locks","12":"product_tag-water-purifier-filter-housing","14":"first","15":"instock","16":"shipping-taxable","17":"product-type-simple"},"_links":{"self":[{"href":"https:\/\/lyfilter.com\/pt\/wp-json\/wp\/v2\/product\/4974","targetHints":{"allow":["GET"]}}],"collection":[{"href":"https:\/\/lyfilter.com\/pt\/wp-json\/wp\/v2\/product"}],"about":[{"href":"https:\/\/lyfilter.com\/pt\/wp-json\/wp\/v2\/types\/product"}],"replies":[{"embeddable":true,"href":"https:\/\/lyfilter.com\/pt\/wp-json\/wp\/v2\/comments?post=4974"}],"wp:featuredmedia":[{"embeddable":true,"href":"https:\/\/lyfilter.com\/pt\/wp-json\/wp\/v2\/media\/4975"}],"wp:attachment":[{"href":"https:\/\/lyfilter.com\/pt\/wp-json\/wp\/v2\/media?parent=4974"}],"wp:term":[{"taxonomy":"product_brand","embeddable":true,"href":"https:\/\/lyfilter.com\/pt\/wp-json\/wp\/v2\/product_brand?post=4974"},{"taxonomy":"product_cat","embeddable":true,"href":"https:\/\/lyfilter.com\/pt\/wp-json\/wp\/v2\/product_cat?post=4974"},{"taxonomy":"product_tag","embeddable":true,"href":"https:\/\/lyfilter.com\/pt\/wp-json\/wp\/v2\/product_tag?post=4974"}],"curies":[{"name":"wp","href":"https:\/\/api.w.org\/{rel}","templated":true}]}}