{"id":4959,"date":"2026-04-07T06:54:26","date_gmt":"2026-04-07T06:54:26","guid":{"rendered":"https:\/\/lyfilter.com\/"},"modified":"2026-04-07T06:54:26","modified_gmt":"2026-04-07T06:54:26","slug":"0-22-um-micron-pleated-membrane-ptfe-air-vent-filter-for-ss-gas-steam-cartridge-housing-215-222-226","status":"publish","type":"product","link":"https:\/\/lyfilter.com\/pt\/0-22-um-micron-pleated-membrane-ptfe-air-vent-filter-for-ss-gas-steam-cartridge-housing-215-222-226\/","title":{"rendered":"Filtro de ventila\u00e7\u00e3o de membrana plissada Ptfe de 0,22 Um m\u00edcron para carca\u00e7a de cartucho de vapor de g\u00e1s SS 215 222 226"},"content":{"rendered":"<table>\n<thead>\n<tr>\n<th>Porto de in\u00edcio<\/th>\n<th>Capacidade de produ\u00e7\u00e3o<\/th>\n<th>Local de origem<\/th>\n<th>Pagamento<\/th>\n<th>QUANTIDADE M\u00c1XIMA DE ENCOMENDA<\/th>\n<th>Prazo de entrega<\/th>\n<\/tr>\n<\/thead>\n<tbody>\n<tr>\n<td>Huangpu\/Nansha<\/td>\n<td>10000pcs\/m\u00eas<\/td>\n<td>Guangzhou<\/td>\n<td>T\/T, Western Union, Garantia de com\u00e9rcio de Alibaba, paypal<\/td>\n<td>1 unidade<\/td>\n<td>10-15 dias<\/td>\n<\/tr>\n<\/tbody>\n<\/table>","protected":false},"excerpt":{"rendered":"<p>Filtros de cartucho de membrana plissada de Guangzhou\u00a0<a href=\"https:\/\/lyfilter.com\/pt\/\">Filtro Lvyuan<\/a>\u00a0oferecem o m\u00e1ximo em seguran\u00e7a e pureza do produto para uma filtra\u00e7\u00e3o absoluta com tamanhos de poro de 0,05 a 100 m\u00edcrones (dependendo do meio). Dispon\u00edvel em membranas de polipropileno, PTFE, polietersulfona (PES), Nylon 66 e PVDF, fibra de vidro e poli\u00e9ster para m\u00e1xima compatibilidade qu\u00edmica. Fornecemos uma vasta sele\u00e7\u00e3o de tamanhos de microns e configura\u00e7\u00f5es de tampas de extremidade \u00e0 escolha. O cartucho de filtro de membrana plissada Lvyuan \u00e9 amplamente utilizado para aplica\u00e7\u00f5es de alta pureza, pr\u00e9-filtragem e filtragem final.<\/p>","protected":false},"featured_media":4961,"comment_status":"open","ping_status":"closed","template":"","meta":{"_gspb_post_css":""},"product_brand":[],"product_cat":[21],"product_tag":[1906,1909,1534,1907,1908,1136],"class_list":{"0":"post-4959","1":"product","2":"type-product","3":"status-publish","4":"has-post-thumbnail","6":"product_cat-pleated-filter-cartridge","7":"product_tag-0-22-um-ptfe-filter","8":"product_tag-215-222-226-cartridge-housing","9":"product_tag-inversafilterpurification","10":"product_tag-pleated-membrane-air-vent-filter","11":"product_tag-ss-gas-steam-cartridge-filter","12":"product_tag-water-filter-locks","14":"first","15":"instock","16":"shipping-taxable","17":"product-type-simple"},"_links":{"self":[{"href":"https:\/\/lyfilter.com\/pt\/wp-json\/wp\/v2\/product\/4959","targetHints":{"allow":["GET"]}}],"collection":[{"href":"https:\/\/lyfilter.com\/pt\/wp-json\/wp\/v2\/product"}],"about":[{"href":"https:\/\/lyfilter.com\/pt\/wp-json\/wp\/v2\/types\/product"}],"replies":[{"embeddable":true,"href":"https:\/\/lyfilter.com\/pt\/wp-json\/wp\/v2\/comments?post=4959"}],"wp:featuredmedia":[{"embeddable":true,"href":"https:\/\/lyfilter.com\/pt\/wp-json\/wp\/v2\/media\/4961"}],"wp:attachment":[{"href":"https:\/\/lyfilter.com\/pt\/wp-json\/wp\/v2\/media?parent=4959"}],"wp:term":[{"taxonomy":"product_brand","embeddable":true,"href":"https:\/\/lyfilter.com\/pt\/wp-json\/wp\/v2\/product_brand?post=4959"},{"taxonomy":"product_cat","embeddable":true,"href":"https:\/\/lyfilter.com\/pt\/wp-json\/wp\/v2\/product_cat?post=4959"},{"taxonomy":"product_tag","embeddable":true,"href":"https:\/\/lyfilter.com\/pt\/wp-json\/wp\/v2\/product_tag?post=4959"}],"curies":[{"name":"wp","href":"https:\/\/api.w.org\/{rel}","templated":true}]}}