{"id":4957,"date":"2026-04-07T06:51:13","date_gmt":"2026-04-07T06:51:13","guid":{"rendered":"https:\/\/lyfilter.com\/"},"modified":"2026-04-07T06:51:14","modified_gmt":"2026-04-07T06:51:14","slug":"high-quality-best-under-sink-ro-water-filter-wholesale-for-purify","status":"publish","type":"product","link":"https:\/\/lyfilter.com\/pt\/high-quality-best-under-sink-ro-water-filter-wholesale-for-purify\/","title":{"rendered":"Filtro de \u00e1gua RO de alta qualidade para pia e lavat\u00f3rio"},"content":{"rendered":"<table>\n<thead>\n<tr>\n<th>Local de origem<\/th>\n<th>Guangdong, China<\/th>\n<\/tr>\n<\/thead>\n<tbody>\n<tr>\n<td>Nome da marca<\/td>\n<td>Lvyuan\/OEM<\/td>\n<\/tr>\n<tr>\n<td>N\u00famero do modelo<\/td>\n<td>LY-RO-109<\/td>\n<\/tr>\n<tr>\n<td>Pot\u00eancia (W)<\/td>\n<td>24<\/td>\n<\/tr>\n<tr>\n<td>Tens\u00e3o (V)<\/td>\n<td>220<\/td>\n<\/tr>\n<tr>\n<td>Servi\u00e7o p\u00f3s-venda prestado<\/td>\n<td>nenhum<\/td>\n<\/tr>\n<tr>\n<td>Garantia<\/td>\n<td>1 ano<\/td>\n<\/tr>\n<tr>\n<td>Tipo<\/td>\n<td>Osmose inversa<\/td>\n<\/tr>\n<tr>\n<td>Certifica\u00e7\u00e3o<\/td>\n<td>ce, GS<\/td>\n<\/tr>\n<tr>\n<td>Utiliza\u00e7\u00e3o<\/td>\n<td>Debaixo do lava-loi\u00e7a, Debaixo do lava-loi\u00e7a<\/td>\n<\/tr>\n<tr>\n<td>Aplica\u00e7\u00e3o<\/td>\n<td>Agregado familiar<\/td>\n<\/tr>\n<tr>\n<td>Fonte de energia<\/td>\n<td>El\u00e9trico<\/td>\n<\/tr>\n<tr>\n<td>Produto<\/td>\n<td>filtro de osmose inversa RO de 8 fases para uso dom\u00e9stico com uv<\/td>\n<\/tr>\n<tr>\n<td>Sistema<\/td>\n<td>Sistema RO<\/td>\n<\/tr>\n<tr>\n<td>Capacidade de \u00e1gua<\/td>\n<td>50\/75\/100 GPD<\/td>\n<\/tr>\n<tr>\n<td>Capacidade do reservat\u00f3rio de press\u00e3o<\/td>\n<td>3.2G<\/td>\n<\/tr>\n<tr>\n<td>Tens\u00e3o<\/td>\n<td>220V\/50Hz,110V\/60Hz (Transformer)<\/td>\n<\/tr>\n<tr>\n<td>Pot\u00eancia<\/td>\n<td>24W<\/td>\n<\/tr>\n<tr>\n<td>Press\u00e3o da \u00e1gua<\/td>\n<td>0,1-0,3 mpa<\/td>\n<\/tr>\n<tr>\n<td>Abastecimento de \u00e1gua<\/td>\n<td>\u00c1gua da torneira<\/td>\n<\/tr>\n<tr>\n<td>Temperatura ambiente<\/td>\n<td>4\u00b0C~40\u00b0C<\/td>\n<\/tr>\n<tr>\n<td>Capacidade de fornecimento<\/td>\n<td>1000 pe\u00e7as\/pe\u00e7as por semana<\/td>\n<\/tr>\n<\/tbody>\n<\/table>","protected":false},"excerpt":{"rendered":"<p>Concebido para cozinhas modernas, este filtro de \u00e1gua RO debaixo do lava-loi\u00e7a oferece um suporte de bloqueio seguro e uma purifica\u00e7\u00e3o est\u00e1vel para utiliza\u00e7\u00e3o di\u00e1ria. O InversaFilterPurification ajuda a melhorar o sabor e a clareza, mantendo a configura\u00e7\u00e3o simples, arrumada e f\u00e1cil de confiar.<\/p>","protected":false},"featured_media":4958,"comment_status":"open","ping_status":"closed","template":"","meta":{"_gspb_post_css":""},"product_brand":[],"product_cat":[1470],"product_tag":[1905,1534,1904,1903,1136,1184],"class_list":{"0":"post-4957","1":"product","2":"type-product","3":"status-publish","4":"has-post-thumbnail","6":"product_cat-under-sink-ro-water-purifier","7":"product_tag-home-water-purification","8":"product_tag-inversafilterpurification","9":"product_tag-ro-water-purifier","10":"product_tag-under-sink-ro-water-filter","11":"product_tag-water-filter-locks","12":"product_tag-wholesale-water-filter","14":"first","15":"instock","16":"shipping-taxable","17":"product-type-simple"},"_links":{"self":[{"href":"https:\/\/lyfilter.com\/pt\/wp-json\/wp\/v2\/product\/4957","targetHints":{"allow":["GET"]}}],"collection":[{"href":"https:\/\/lyfilter.com\/pt\/wp-json\/wp\/v2\/product"}],"about":[{"href":"https:\/\/lyfilter.com\/pt\/wp-json\/wp\/v2\/types\/product"}],"replies":[{"embeddable":true,"href":"https:\/\/lyfilter.com\/pt\/wp-json\/wp\/v2\/comments?post=4957"}],"wp:featuredmedia":[{"embeddable":true,"href":"https:\/\/lyfilter.com\/pt\/wp-json\/wp\/v2\/media\/4958"}],"wp:attachment":[{"href":"https:\/\/lyfilter.com\/pt\/wp-json\/wp\/v2\/media?parent=4957"}],"wp:term":[{"taxonomy":"product_brand","embeddable":true,"href":"https:\/\/lyfilter.com\/pt\/wp-json\/wp\/v2\/product_brand?post=4957"},{"taxonomy":"product_cat","embeddable":true,"href":"https:\/\/lyfilter.com\/pt\/wp-json\/wp\/v2\/product_cat?post=4957"},{"taxonomy":"product_tag","embeddable":true,"href":"https:\/\/lyfilter.com\/pt\/wp-json\/wp\/v2\/product_tag?post=4957"}],"curies":[{"name":"wp","href":"https:\/\/api.w.org\/{rel}","templated":true}]}}