{"id":4948,"date":"2026-04-07T06:44:49","date_gmt":"2026-04-07T06:44:49","guid":{"rendered":"https:\/\/lyfilter.com\/"},"modified":"2026-04-07T06:44:50","modified_gmt":"2026-04-07T06:44:50","slug":"for-food-sintered-ss-filter-cartridges-by-lvyuan-filter","status":"publish","type":"product","link":"https:\/\/lyfilter.com\/pt\/for-food-sintered-ss-filter-cartridges-by-lvyuan-filter\/","title":{"rendered":"Para alimentos Cartuchos de filtro SS sinterizados por filtro Lvyuan"},"content":{"rendered":"<table>\n<thead>\n<tr>\n<th>Introdu\u00e7\u00e3o ao produto<\/th>\n<th>A fim de refor\u00e7ar a sua compreens\u00e3o dos cartuchos de filtro ss sinterizados, a Lvyuan Water Purification Equipment ir\u00e1 mostrar-lhe os detalhes espec\u00edficos dos cartuchos de filtro ss sinterizados na sec\u00e7\u00e3o seguinte.<\/th>\n<\/tr>\n<\/thead>\n<tbody>\n<tr>\n<td>Estado<\/td>\n<td>Novo<\/td>\n<\/tr>\n<tr>\n<td>Sectores aplic\u00e1veis<\/td>\n<td>Hot\u00e9is, lojas de vestu\u00e1rio, lojas de materiais de constru\u00e7\u00e3o, f\u00e1bricas, lojas de repara\u00e7\u00e3o de m\u00e1quinas, f\u00e1bricas de alimentos e bebidas, quintas, restaurantes, uso dom\u00e9stico, retalho, lojas de produtos alimentares, gr\u00e1ficas, obras de constru\u00e7\u00e3o, energia e minas, lojas de alimentos e bebidas, tratamento de \u00e1guas<\/td>\n<\/tr>\n<tr>\n<td>Servi\u00e7o p\u00f3s-garantia<\/td>\n<td>Apoio em linha<\/td>\n<\/tr>\n<tr>\n<td>Localiza\u00e7\u00e3o do servi\u00e7o local<\/td>\n<td>nenhum<\/td>\n<\/tr>\n<tr>\n<td>Localiza\u00e7\u00e3o da sala de exposi\u00e7\u00f5es<\/td>\n<td>nenhum<\/td>\n<\/tr>\n<tr>\n<td>Inspe\u00e7\u00e3o de sa\u00edda de v\u00eddeo<\/td>\n<td>Fornecido<\/td>\n<\/tr>\n<tr>\n<td>Relat\u00f3rio de ensaio de m\u00e1quinas<\/td>\n<td>Fornecido<\/td>\n<\/tr>\n<tr>\n<td>Tipo de marketing<\/td>\n<td>Produto normal<\/td>\n<\/tr>\n<tr>\n<td>Garantia dos componentes principais<\/td>\n<td>1 ano<\/td>\n<\/tr>\n<tr>\n<td>Componentes principais<\/td>\n<td>Recipiente sob press\u00e3o<\/td>\n<\/tr>\n<tr>\n<td>Local de origem<\/td>\n<td>Guangdong, China<\/td>\n<\/tr>\n<tr>\n<td>Nome da marca<\/td>\n<td>Lvyuan, OEM, ODM<\/td>\n<\/tr>\n<tr>\n<td>Garantia<\/td>\n<td>N\u00e3o dispon\u00edvel<\/td>\n<\/tr>\n<tr>\n<td>Servi\u00e7o p\u00f3s-venda prestado<\/td>\n<td>Apoio em linha<\/td>\n<\/tr>\n<tr>\n<td>Palavras-chave<\/td>\n<td>tubo de filtro dobr\u00e1vel sinterizado em a\u00e7o inoxid\u00e1vel<\/td>\n<\/tr>\n<tr>\n<td>Di\u00e2metro<\/td>\n<td>Pedido do cliente<\/td>\n<\/tr>\n<tr>\n<td>Material<\/td>\n<td>a\u00e7o inoxid\u00e1vel<\/td>\n<\/tr>\n<tr>\n<td>Forma<\/td>\n<td>cilindro<\/td>\n<\/tr>\n<tr>\n<td>Utiliza\u00e7\u00e3o<\/td>\n<td>tratamento da \u00e1gua<\/td>\n<\/tr>\n<tr>\n<td>Aplica\u00e7\u00e3o<\/td>\n<td>setorial<\/td>\n<\/tr>\n<tr>\n<td>Cor<\/td>\n<td>lasca<\/td>\n<\/tr>\n<tr>\n<td>Embalagem<\/td>\n<td>caixa de papel<\/td>\n<\/tr>\n<tr>\n<td>Comprimento<\/td>\n<td>10\/20\/30\/40 polegadas<\/td>\n<\/tr>\n<tr>\n<td>Vantagem<\/td>\n<td>reutiliza\u00e7\u00e3o<\/td>\n<\/tr>\n<tr>\n<td>Capacidade de fornecimento<\/td>\n<td>10000 pe\u00e7as\/pe\u00e7as por m\u00eas<\/td>\n<\/tr>\n<\/tbody>\n<\/table>","protected":false},"excerpt":{"rendered":"<p>Concebido para a filtragem de alimentos, este cartucho de filtro em a\u00e7o inoxid\u00e1vel sinterizado oferece uma mistura s\u00f3lida de resist\u00eancia e fluxo. O seu encaixe seguro permite uma utiliza\u00e7\u00e3o est\u00e1vel, enquanto o Lvyuan Filter e o InversaFilterPurification proporcionam um desempenho di\u00e1rio fi\u00e1vel.<\/p>","protected":false},"featured_media":4947,"comment_status":"open","ping_status":"closed","template":"","meta":{"_gspb_post_css":""},"product_brand":[],"product_cat":[18],"product_tag":[834,1902,1534,1242,1167,1136],"class_list":{"0":"post-4948","1":"product","2":"type-product","3":"status-publish","4":"has-post-thumbnail","6":"product_cat-sintered-metal-filters","7":"product_tag-food-grade-filter-cartridge","8":"product_tag-food-sintered-stainless-steel-filter","9":"product_tag-inversafilterpurification","10":"product_tag-lvyuan-filter","11":"product_tag-stainless-steel-filter-cartridge","12":"product_tag-water-filter-locks","14":"first","15":"instock","16":"shipping-taxable","17":"product-type-simple"},"_links":{"self":[{"href":"https:\/\/lyfilter.com\/pt\/wp-json\/wp\/v2\/product\/4948","targetHints":{"allow":["GET"]}}],"collection":[{"href":"https:\/\/lyfilter.com\/pt\/wp-json\/wp\/v2\/product"}],"about":[{"href":"https:\/\/lyfilter.com\/pt\/wp-json\/wp\/v2\/types\/product"}],"replies":[{"embeddable":true,"href":"https:\/\/lyfilter.com\/pt\/wp-json\/wp\/v2\/comments?post=4948"}],"wp:featuredmedia":[{"embeddable":true,"href":"https:\/\/lyfilter.com\/pt\/wp-json\/wp\/v2\/media\/4947"}],"wp:attachment":[{"href":"https:\/\/lyfilter.com\/pt\/wp-json\/wp\/v2\/media?parent=4948"}],"wp:term":[{"taxonomy":"product_brand","embeddable":true,"href":"https:\/\/lyfilter.com\/pt\/wp-json\/wp\/v2\/product_brand?post=4948"},{"taxonomy":"product_cat","embeddable":true,"href":"https:\/\/lyfilter.com\/pt\/wp-json\/wp\/v2\/product_cat?post=4948"},{"taxonomy":"product_tag","embeddable":true,"href":"https:\/\/lyfilter.com\/pt\/wp-json\/wp\/v2\/product_tag?post=4948"}],"curies":[{"name":"wp","href":"https:\/\/api.w.org\/{rel}","templated":true}]}}