{"id":4942,"date":"2026-04-07T06:41:36","date_gmt":"2026-04-07T06:41:36","guid":{"rendered":"https:\/\/lyfilter.com\/"},"modified":"2026-04-07T06:41:37","modified_gmt":"2026-04-07T06:41:37","slug":"high-quality-sintered-plastic-porous-filter-series-for-biopharmaceutical","status":"publish","type":"product","link":"https:\/\/lyfilter.com\/pt\/high-quality-sintered-plastic-porous-filter-series-for-biopharmaceutical\/","title":{"rendered":"S\u00e9rie de filtros porosos de pl\u00e1stico sinterizado de alta qualidade para a ind\u00fastria biofarmac\u00eautica"},"content":{"rendered":"<table>\n<thead>\n<tr>\n<th>Descri\u00e7\u00e3o do produto<\/th>\n<th>As vantagens excepcionais do filtro poroso de pl\u00e1stico sinterizado s\u00e3o as seguintes.<\/th>\n<\/tr>\n<\/thead>\n<tbody>\n<tr>\n<td>Estado<\/td>\n<td>Novo<\/td>\n<\/tr>\n<tr>\n<td>Sectores aplic\u00e1veis<\/td>\n<td>Hot\u00e9is, lojas de vestu\u00e1rio, lojas de materiais de constru\u00e7\u00e3o, f\u00e1bricas, lojas de repara\u00e7\u00e3o de m\u00e1quinas, f\u00e1bricas de alimentos e bebidas, quintas, restaurantes, uso dom\u00e9stico, com\u00e9rcio a retalho, lojas de alimentos, gr\u00e1ficas, obras de constru\u00e7\u00e3o, energia e minas, lojas de alimentos e bebidas, empresas de publicidade<\/td>\n<\/tr>\n<tr>\n<td>Servi\u00e7o p\u00f3s-garantia<\/td>\n<td>Apoio em linha<\/td>\n<\/tr>\n<tr>\n<td>Localiza\u00e7\u00e3o do servi\u00e7o local<\/td>\n<td>nenhum<\/td>\n<\/tr>\n<tr>\n<td>Localiza\u00e7\u00e3o da sala de exposi\u00e7\u00f5es<\/td>\n<td>nenhum<\/td>\n<\/tr>\n<tr>\n<td>Inspe\u00e7\u00e3o de sa\u00edda de v\u00eddeo<\/td>\n<td>Fornecido<\/td>\n<\/tr>\n<tr>\n<td>Relat\u00f3rio de ensaio de m\u00e1quinas<\/td>\n<td>Fornecido<\/td>\n<\/tr>\n<tr>\n<td>Tipo de marketing<\/td>\n<td>Produto normal<\/td>\n<\/tr>\n<tr>\n<td>Garantia dos componentes principais<\/td>\n<td>1 ano<\/td>\n<\/tr>\n<tr>\n<td>Componentes principais<\/td>\n<td>Recipiente sob press\u00e3o<\/td>\n<\/tr>\n<tr>\n<td>Local de origem<\/td>\n<td>Guangdong, China<\/td>\n<\/tr>\n<tr>\n<td>Nome da marca<\/td>\n<td>Lvyuan\/OEM<\/td>\n<\/tr>\n<tr>\n<td>Garantia<\/td>\n<td>1 ano<\/td>\n<\/tr>\n<tr>\n<td>Servi\u00e7o p\u00f3s-venda prestado<\/td>\n<td>Apoio em linha<\/td>\n<\/tr>\n<tr>\n<td>Nome<\/td>\n<td>SUS304 316L 50 100 microns filtro de cilindro de sinteriza\u00e7\u00e3o de a\u00e7o inoxid\u00e1vel<\/td>\n<\/tr>\n<tr>\n<td>Material<\/td>\n<td>SS304\/316L<\/td>\n<\/tr>\n<tr>\n<td>Comprimento<\/td>\n<td>10\/20\/30\/40\/60 polegadas<\/td>\n<\/tr>\n<tr>\n<td>Micron<\/td>\n<td>1 - 300um<\/td>\n<\/tr>\n<tr>\n<td>Camadas<\/td>\n<td>5 camadas<\/td>\n<\/tr>\n<tr>\n<td>Formul\u00e1rio de interface<\/td>\n<td>Interface de rosca 222, 226, 215, M36, M24, M22, M20<\/td>\n<\/tr>\n<tr>\n<td>Resist\u00eancia ao calor<\/td>\n<td>-200 - 500 graus<\/td>\n<\/tr>\n<tr>\n<td>Press\u00e3o de trabalho<\/td>\n<td>0,1 - 30Mpa<\/td>\n<\/tr>\n<tr>\n<td>Tamanho<\/td>\n<td>Personalizado<\/td>\n<\/tr>\n<\/tbody>\n<\/table>","protected":false},"excerpt":{"rendered":"<p>Concebida para a filtra\u00e7\u00e3o biofarmac\u00eautica, esta s\u00e9rie de filtros porosos de pl\u00e1stico sinterizado oferece um controlo est\u00e1vel do fluxo e durabilidade. O design de bloqueio suporta um ajuste est\u00e1vel, enquanto o InversaFilterPurification ajuda a manter um processamento mais limpo.<\/p>","protected":false},"featured_media":4947,"comment_status":"open","ping_status":"closed","template":"","meta":{"_gspb_post_css":""},"product_brand":[],"product_cat":[24],"product_tag":[1900,1534,1901,1810,1899,1136],"class_list":{"0":"post-4942","1":"product","2":"type-product","3":"status-publish","4":"has-post-thumbnail","6":"product_cat-sintered-porous-plastic","7":"product_tag-biopharmaceutical-filter-series","8":"product_tag-inversafilterpurification","9":"product_tag-pharmaceutical-filtration-filter","10":"product_tag-porous-plastic-filter","11":"product_tag-sintered-plastic-porous-filter","12":"product_tag-water-filter-locks","14":"first","15":"instock","16":"shipping-taxable","17":"product-type-simple"},"_links":{"self":[{"href":"https:\/\/lyfilter.com\/pt\/wp-json\/wp\/v2\/product\/4942","targetHints":{"allow":["GET"]}}],"collection":[{"href":"https:\/\/lyfilter.com\/pt\/wp-json\/wp\/v2\/product"}],"about":[{"href":"https:\/\/lyfilter.com\/pt\/wp-json\/wp\/v2\/types\/product"}],"replies":[{"embeddable":true,"href":"https:\/\/lyfilter.com\/pt\/wp-json\/wp\/v2\/comments?post=4942"}],"wp:featuredmedia":[{"embeddable":true,"href":"https:\/\/lyfilter.com\/pt\/wp-json\/wp\/v2\/media\/4947"}],"wp:attachment":[{"href":"https:\/\/lyfilter.com\/pt\/wp-json\/wp\/v2\/media?parent=4942"}],"wp:term":[{"taxonomy":"product_brand","embeddable":true,"href":"https:\/\/lyfilter.com\/pt\/wp-json\/wp\/v2\/product_brand?post=4942"},{"taxonomy":"product_cat","embeddable":true,"href":"https:\/\/lyfilter.com\/pt\/wp-json\/wp\/v2\/product_cat?post=4942"},{"taxonomy":"product_tag","embeddable":true,"href":"https:\/\/lyfilter.com\/pt\/wp-json\/wp\/v2\/product_tag?post=4942"}],"curies":[{"name":"wp","href":"https:\/\/api.w.org\/{rel}","templated":true}]}}