{"id":4939,"date":"2026-04-07T06:38:45","date_gmt":"2026-04-07T06:38:45","guid":{"rendered":"https:\/\/lyfilter.com\/"},"modified":"2026-04-07T06:38:45","modified_gmt":"2026-04-07T06:38:45","slug":"pp-plastic-filter-housing","status":"publish","type":"product","link":"https:\/\/lyfilter.com\/pt\/pp-plastic-filter-housing\/","title":{"rendered":"Caixa de filtro em pl\u00e1stico PP"},"content":{"rendered":"<table>\n<thead>\n<tr>\n<th>Porto de in\u00edcio<\/th>\n<th>Guangzhou<\/th>\n<\/tr>\n<\/thead>\n<tbody>\n<tr>\n<td>Capacidade de produ\u00e7\u00e3o<\/td>\n<td>10000 unidades\/m\u00eas<\/td>\n<\/tr>\n<tr>\n<td>Local de origem<\/td>\n<td>Guangdong, China<\/td>\n<\/tr>\n<tr>\n<td>Pagamento<\/td>\n<td>T\/T, garantia de com\u00e9rcio Alibaba, paypal<\/td>\n<\/tr>\n<tr>\n<td>QUANTIDADE M\u00c1XIMA DE ENCOMENDA<\/td>\n<td>1 unidade<\/td>\n<\/tr>\n<tr>\n<td>Modelo<\/td>\n<td>LY-HFPL-7<\/td>\n<\/tr>\n<tr>\n<td>Prazo de entrega<\/td>\n<td>No prazo de 7 dias \u00fateis<\/td>\n<\/tr>\n<tr>\n<td>Certifica\u00e7\u00e3o<\/td>\n<td>ISO 9001<\/td>\n<\/tr>\n<tr>\n<td>Marca<\/td>\n<td>OEM\/Lvyuan<\/td>\n<\/tr>\n<\/tbody>\n<\/table>","protected":false},"excerpt":{"rendered":"<p>CAIXA DO FILTRO DE MANGAS PP<\/p>\n<ol>\n<li>Adotar uma tecnologia \u00fanica de conce\u00e7\u00e3o de filtros. Resist\u00eancia a \u00e1cidos e \u00e1lcalis, resist\u00eancia \u00e0 corros\u00e3o.<\/li>\n<li>O fluxo de processamento por unidade de \u00e1rea de filtragem \u00e9 maior, a resist\u00eancia \u00e0 filtragem \u00e9 menor e a efici\u00eancia da filtragem \u00e9 elevada.<\/li>\n<li>Amplamente utilizado em: esgoto, qu\u00edmica<\/li>\n<li>l\u00edquido, farmac\u00eautico, qu\u00edmico, eletr\u00f3nica PCB, tratamento de \u00e1guas residuais, ind\u00fastria de galvanoplastia, etc.<\/li>\n<li>O tempo de instala\u00e7\u00e3o e substitui\u00e7\u00e3o \u00e9 2 vezes inferior ao do filtro de n\u00facleo tradicional e a efici\u00eancia do trabalho \u00e9 aumentada em 80%<\/li>\n<\/ol>\n<ul>\n<li>Adotar uma tecnologia \u00fanica de conce\u00e7\u00e3o de filtros. Resist\u00eancia a \u00e1cidos e \u00e1lcalis, resist\u00eancia \u00e0 corros\u00e3o.<\/li>\n<li>O fluxo de processamento por unidade de \u00e1rea de filtragem \u00e9 maior, a resist\u00eancia \u00e0 filtragem \u00e9 menor e a efici\u00eancia da filtragem \u00e9 elevada.<\/li>\n<li>Amplamente utilizado em: esgoto, qu\u00edmica<\/li>\n<li>l\u00edquido, farmac\u00eautico, qu\u00edmico, eletr\u00f3nica PCB, tratamento de \u00e1guas residuais, ind\u00fastria de galvanoplastia, etc.<\/li>\n<li>O tempo de instala\u00e7\u00e3o e substitui\u00e7\u00e3o \u00e9 2 vezes inferior ao do filtro de n\u00facleo tradicional e a efici\u00eancia do trabalho \u00e9 aumentada em 80%<\/li>\n<\/ul>","protected":false},"featured_media":4941,"comment_status":"open","ping_status":"closed","template":"","meta":{"_gspb_post_css":""},"product_brand":[],"product_cat":[15],"product_tag":[1898,1534,1897,1896,1136,1800],"class_list":{"0":"post-4939","1":"product","2":"type-product","3":"status-publish","4":"has-post-thumbnail","6":"product_cat-stainless-steel-filter-housing","7":"product_tag-filter-housing-for-purification","8":"product_tag-inversafilterpurification","9":"product_tag-plastic-filter-housing","10":"product_tag-pp-plastic-filter-housing","11":"product_tag-water-filter-locks","12":"product_tag-water-treatment-housing","14":"first","15":"instock","16":"shipping-taxable","17":"product-type-simple"},"_links":{"self":[{"href":"https:\/\/lyfilter.com\/pt\/wp-json\/wp\/v2\/product\/4939","targetHints":{"allow":["GET"]}}],"collection":[{"href":"https:\/\/lyfilter.com\/pt\/wp-json\/wp\/v2\/product"}],"about":[{"href":"https:\/\/lyfilter.com\/pt\/wp-json\/wp\/v2\/types\/product"}],"replies":[{"embeddable":true,"href":"https:\/\/lyfilter.com\/pt\/wp-json\/wp\/v2\/comments?post=4939"}],"wp:featuredmedia":[{"embeddable":true,"href":"https:\/\/lyfilter.com\/pt\/wp-json\/wp\/v2\/media\/4941"}],"wp:attachment":[{"href":"https:\/\/lyfilter.com\/pt\/wp-json\/wp\/v2\/media?parent=4939"}],"wp:term":[{"taxonomy":"product_brand","embeddable":true,"href":"https:\/\/lyfilter.com\/pt\/wp-json\/wp\/v2\/product_brand?post=4939"},{"taxonomy":"product_cat","embeddable":true,"href":"https:\/\/lyfilter.com\/pt\/wp-json\/wp\/v2\/product_cat?post=4939"},{"taxonomy":"product_tag","embeddable":true,"href":"https:\/\/lyfilter.com\/pt\/wp-json\/wp\/v2\/product_tag?post=4939"}],"curies":[{"name":"wp","href":"https:\/\/api.w.org\/{rel}","templated":true}]}}