{"id":4932,"date":"2026-04-07T06:35:31","date_gmt":"2026-04-07T06:35:31","guid":{"rendered":"https:\/\/lyfilter.com\/"},"modified":"2026-04-07T06:35:31","modified_gmt":"2026-04-07T06:35:31","slug":"seawater-desalination-ro-membrane-seawater-membrane-elements","status":"publish","type":"product","link":"https:\/\/lyfilter.com\/pt\/seawater-desalination-ro-membrane-seawater-membrane-elements\/","title":{"rendered":"Dessaliniza\u00e7\u00e3o de \u00e1gua do mar Membrana RO Elementos de membrana de \u00e1gua do mar"},"content":{"rendered":"<table>\n<thead>\n<tr>\n<th>Im\u00f3veis<\/th>\n<th>Valor<\/th>\n<\/tr>\n<\/thead>\n<tbody>\n<tr>\n<td>Servi\u00e7o p\u00f3s-garantia<\/td>\n<td>Apoio em linha<\/td>\n<\/tr>\n<tr>\n<td>Localiza\u00e7\u00e3o do servi\u00e7o local<\/td>\n<td>nenhum<\/td>\n<\/tr>\n<tr>\n<td>Localiza\u00e7\u00e3o da sala de exposi\u00e7\u00f5es<\/td>\n<td>nenhum<\/td>\n<\/tr>\n<tr>\n<td>Inspe\u00e7\u00e3o de sa\u00edda de v\u00eddeo<\/td>\n<td>Fornecido<\/td>\n<\/tr>\n<tr>\n<td>Relat\u00f3rio de ensaio de m\u00e1quinas<\/td>\n<td>N\u00e3o dispon\u00edvel<\/td>\n<\/tr>\n<tr>\n<td>Tipo de marketing<\/td>\n<td>Produto normal<\/td>\n<\/tr>\n<tr>\n<td>Garantia dos componentes principais<\/td>\n<td>N\u00e3o dispon\u00edvel<\/td>\n<\/tr>\n<tr>\n<td>Local de origem<\/td>\n<td>Guangdong, China<\/td>\n<\/tr>\n<tr>\n<td>Nome da marca<\/td>\n<td>Lvyuan \/ OEM<\/td>\n<\/tr>\n<tr>\n<td>Material<\/td>\n<td>caixa de cart\u00e3o<\/td>\n<\/tr>\n<tr>\n<td>Peso<\/td>\n<td>depende<\/td>\n<\/tr>\n<tr>\n<td>Tamanho<\/td>\n<td>depende<\/td>\n<\/tr>\n<tr>\n<td>Pot\u00eancia<\/td>\n<td>0<\/td>\n<\/tr>\n<tr>\n<td>Garantia<\/td>\n<td>N\u00e3o dispon\u00edvel<\/td>\n<\/tr>\n<tr>\n<td>Nome do produto<\/td>\n<td>Elementos de membrana para \u00e1gua do mar<\/td>\n<\/tr>\n<tr>\n<td>Taxa de microns<\/td>\n<td>1, 5, 10 a 100 m\u00edcrones<\/td>\n<\/tr>\n<tr>\n<td>Comprimento<\/td>\n<td>20\u2033, 40\u2033, 60\u201d polegadas<\/td>\n<\/tr>\n<tr>\n<td>Filtro m\u00e9dio<\/td>\n<td>PP, PP fundido e soprado, celulose<\/td>\n<\/tr>\n<tr>\n<td>C\u00f3digo \/ Tampa da extremidade<\/td>\n<td>polipropileno refor\u00e7ado com fibra de vidro<\/td>\n<\/tr>\n<tr>\n<td>Utiliza\u00e7\u00e3o<\/td>\n<td>elementos filtrantes para l\u00edquidos, pe\u00e7as para filtros de \u00e1gua<\/td>\n<\/tr>\n<tr>\n<td>N\u00facleo interno<\/td>\n<td>PP ou fibra de vidro<\/td>\n<\/tr>\n<tr>\n<td>Certifica\u00e7\u00e3o<\/td>\n<td>CE ISO<\/td>\n<\/tr>\n<tr>\n<td>Di\u00e2metro<\/td>\n<td>6\u201d, 152 mm \/ 6,5\u201d, 165 mm<\/td>\n<\/tr>\n<tr>\n<td>Substitui\u00e7\u00e3o<\/td>\n<td>P\/ALL PARK\/ER 3\/M<\/td>\n<\/tr>\n<tr>\n<td>Componentes principais<\/td>\n<td>filtros de cartucho para l\u00edquidos<\/td>\n<\/tr>\n<tr>\n<td>Capacidade de fornecimento<\/td>\n<td>5000 pe\u00e7as\/pe\u00e7as por semana filtro de alto fluxo<\/td>\n<\/tr>\n<tr>\n<td>Descri\u00e7\u00e3o<\/td>\n<td>Dessaliniza\u00e7\u00e3o de \u00e1gua do mar por membrana Elementos de membrana de \u00e1gua do mar<\/td>\n<\/tr>\n<\/tbody>\n<\/table>","protected":false},"excerpt":{"rendered":"<p>Concebido para sistemas de \u00e1gua do mar, este elemento de membrana RO combina a for\u00e7a da dessaliniza\u00e7\u00e3o com fechos de filtro seguros para um ajuste perfeito. O InversaFilterPurification suporta fluxos mais limpos e um tratamento suave onde a produ\u00e7\u00e3o fi\u00e1vel \u00e9 mais importante.<\/p>","protected":false},"featured_media":4938,"comment_status":"open","ping_status":"closed","template":"","meta":{"_gspb_post_css":""},"product_brand":[],"product_cat":[20],"product_tag":[1895,1534,1893,1892,1894,1136],"class_list":{"0":"post-4932","1":"product","2":"type-product","3":"status-publish","4":"has-post-thumbnail","6":"product_cat-high-flow-filter-cartridge","7":"product_tag-desalination-water-treatment","8":"product_tag-inversafilterpurification","9":"product_tag-ro-membrane-elements","10":"product_tag-seawater-desalination-membrane","11":"product_tag-seawater-ro-membrane","12":"product_tag-water-filter-locks","14":"first","15":"instock","16":"shipping-taxable","17":"product-type-simple"},"_links":{"self":[{"href":"https:\/\/lyfilter.com\/pt\/wp-json\/wp\/v2\/product\/4932","targetHints":{"allow":["GET"]}}],"collection":[{"href":"https:\/\/lyfilter.com\/pt\/wp-json\/wp\/v2\/product"}],"about":[{"href":"https:\/\/lyfilter.com\/pt\/wp-json\/wp\/v2\/types\/product"}],"replies":[{"embeddable":true,"href":"https:\/\/lyfilter.com\/pt\/wp-json\/wp\/v2\/comments?post=4932"}],"wp:featuredmedia":[{"embeddable":true,"href":"https:\/\/lyfilter.com\/pt\/wp-json\/wp\/v2\/media\/4938"}],"wp:attachment":[{"href":"https:\/\/lyfilter.com\/pt\/wp-json\/wp\/v2\/media?parent=4932"}],"wp:term":[{"taxonomy":"product_brand","embeddable":true,"href":"https:\/\/lyfilter.com\/pt\/wp-json\/wp\/v2\/product_brand?post=4932"},{"taxonomy":"product_cat","embeddable":true,"href":"https:\/\/lyfilter.com\/pt\/wp-json\/wp\/v2\/product_cat?post=4932"},{"taxonomy":"product_tag","embeddable":true,"href":"https:\/\/lyfilter.com\/pt\/wp-json\/wp\/v2\/product_tag?post=4932"}],"curies":[{"name":"wp","href":"https:\/\/api.w.org\/{rel}","templated":true}]}}