{"id":4915,"date":"2026-04-07T06:17:28","date_gmt":"2026-04-07T06:17:28","guid":{"rendered":"https:\/\/lyfilter.com\/"},"modified":"2026-04-07T06:17:29","modified_gmt":"2026-04-07T06:17:29","slug":"carbon-filter-10-20-30-40-inch-filter-water-sintered-carbon-filter-cartridge-for-water-purifier","status":"publish","type":"product","link":"https:\/\/lyfilter.com\/pt\/carbon-filter-10-20-30-40-inch-filter-water-sintered-carbon-filter-cartridge-for-water-purifier\/","title":{"rendered":"Filtro de Carbono 10 20 30 40 Polegadas Filtro de \u00c1gua Cartucho de Filtro de Carbono Sinterizado para Purificador de \u00c1gua"},"content":{"rendered":"<table>\n<thead>\n<tr>\n<th>Local de origem<\/th>\n<th>Guangdong, China<\/th>\n<th>Nome da marca<\/th>\n<th>Lvyuan ou OEM\/ ODM<\/th>\n<th>Material<\/th>\n<th>carv\u00e3o de coco, carv\u00e3o de coco, carv\u00e3o de carv\u00e3o<\/th>\n<\/tr>\n<\/thead>\n<tbody>\n<tr>\n<td>Peso<\/td>\n<td>personalizado<\/td>\n<td>Tamanho<\/td>\n<td>personalizado, personalizado<\/td>\n<td>Pot\u00eancia<\/td>\n<td>0<\/td>\n<\/tr>\n<tr>\n<td>Garantia<\/td>\n<td>N\u00e3o dispon\u00edvel<\/td>\n<td>Servi\u00e7o p\u00f3s-venda prestado<\/td>\n<td>Suporte online, Suporte online<\/td>\n<td>Carater\u00edstica<\/td>\n<td>remover odores, sedimentos, cheiros, etc<\/td>\n<\/tr>\n<tr>\n<td>Aplica\u00e7\u00e3o<\/td>\n<td>Pr\u00e9-filtragem<\/td>\n<td>Cor<\/td>\n<td>Preto\/cinzento<\/td>\n<td>Tipo<\/td>\n<td>Pe\u00e7as para filtros de \u00e1gua<\/td>\n<\/tr>\n<tr>\n<td>Di\u00e2metro<\/td>\n<td>personalizado<\/td>\n<td>Palavras-chave<\/td>\n<td>s\u00e9ries de carv\u00e3o ativado<\/td>\n<td>taxa de microns<\/td>\n<td>5\/10\/25 m\u00edcrones<\/td>\n<\/tr>\n<tr>\n<td>Capacidade de fornecimento<\/td>\n<td>5000 pe\u00e7as\/pe\u00e7as por semana<\/td>\n<td><\/td>\n<td><\/td>\n<td><\/td>\n<td><\/td>\n<\/tr>\n<\/tbody>\n<\/table>","protected":false},"excerpt":{"rendered":"<p>Feito para a purifica\u00e7\u00e3o di\u00e1ria, este cartucho de filtro de carv\u00e3o sinterizado adapta-se a purificadores de \u00e1gua de 10, 20, 30 e 40 polegadas com um fluxo constante e um sabor mais limpo. O InversaFilterPurification proporciona uma filtragem fi\u00e1vel e uma substitui\u00e7\u00e3o f\u00e1cil em casa.<\/p>","protected":false},"featured_media":4920,"comment_status":"open","ping_status":"closed","template":"","meta":{"_gspb_post_css":""},"product_brand":[],"product_cat":[22],"product_tag":[1888,1889,709,1534,1837,1887],"class_list":{"0":"post-4915","1":"product","2":"type-product","3":"status-publish","4":"has-post-thumbnail","6":"product_cat-sintered-filter-cartridge","7":"product_tag-10-inch-carbon-filter","8":"product_tag-20-inch-carbon-filter","9":"product_tag-40-inch-water-filter","10":"product_tag-inversafilterpurification","11":"product_tag-sintered-carbon-filter-cartridge","12":"product_tag-water-purifier-carbon-filter","14":"first","15":"instock","16":"shipping-taxable","17":"product-type-simple"},"_links":{"self":[{"href":"https:\/\/lyfilter.com\/pt\/wp-json\/wp\/v2\/product\/4915","targetHints":{"allow":["GET"]}}],"collection":[{"href":"https:\/\/lyfilter.com\/pt\/wp-json\/wp\/v2\/product"}],"about":[{"href":"https:\/\/lyfilter.com\/pt\/wp-json\/wp\/v2\/types\/product"}],"replies":[{"embeddable":true,"href":"https:\/\/lyfilter.com\/pt\/wp-json\/wp\/v2\/comments?post=4915"}],"wp:featuredmedia":[{"embeddable":true,"href":"https:\/\/lyfilter.com\/pt\/wp-json\/wp\/v2\/media\/4920"}],"wp:attachment":[{"href":"https:\/\/lyfilter.com\/pt\/wp-json\/wp\/v2\/media?parent=4915"}],"wp:term":[{"taxonomy":"product_brand","embeddable":true,"href":"https:\/\/lyfilter.com\/pt\/wp-json\/wp\/v2\/product_brand?post=4915"},{"taxonomy":"product_cat","embeddable":true,"href":"https:\/\/lyfilter.com\/pt\/wp-json\/wp\/v2\/product_cat?post=4915"},{"taxonomy":"product_tag","embeddable":true,"href":"https:\/\/lyfilter.com\/pt\/wp-json\/wp\/v2\/product_tag?post=4915"}],"curies":[{"name":"wp","href":"https:\/\/api.w.org\/{rel}","templated":true}]}}