{"id":4913,"date":"2026-04-07T06:11:56","date_gmt":"2026-04-07T06:11:56","guid":{"rendered":"https:\/\/lyfilter.com\/"},"modified":"2026-04-07T06:11:56","modified_gmt":"2026-04-07T06:11:56","slug":"factory-direct-stainless-bag-filter-with-good-price-for-industry","status":"publish","type":"product","link":"https:\/\/lyfilter.com\/pt\/factory-direct-stainless-bag-filter-with-good-price-for-industry\/","title":{"rendered":"Filtro de saco inoxid\u00e1vel direto da f\u00e1brica com bom pre\u00e7o para a ind\u00fastria"},"content":{"rendered":"<table>\n<thead>\n<tr>\n<th>Local de origem<\/th>\n<th>Guangdong, China<\/th>\n<th>Nome da marca<\/th>\n<th>Lvyuan \/ OEM<\/th>\n<th>Garantia<\/th>\n<th>N\u00e3o dispon\u00edvel<\/th>\n<\/tr>\n<\/thead>\n<tbody>\n<tr>\n<td>Servi\u00e7o p\u00f3s-venda prestado<\/td>\n<td>Apoio em linha<\/td>\n<td>Nome do produto<\/td>\n<td>saco de filtro de malha<\/td>\n<td>material da caixa<\/td>\n<td>ss304, sus 316, ss316L<\/td>\n<\/tr>\n<tr>\n<td>quantidade de filtros de saco<\/td>\n<td>Sacos individuais ou m\u00faltiplos personalizados<\/td>\n<td>Tamanho do saco<\/td>\n<td>180<em>450 mm ou 180<\/em>810 mm, outros<\/td>\n<td>Tipo de entrada e de sa\u00edda<\/td>\n<td>Liga\u00e7\u00e3o flangeada\/roscada<\/td>\n<\/tr>\n<tr>\n<td>Material do saco de filtro<\/td>\n<td>PP, PE, personalizado<\/td>\n<td>Press\u00e3o m\u00e1xima de trabalho<\/td>\n<td>100\/150\/300 Psi<\/td>\n<td>Utiliza\u00e7\u00e3o<\/td>\n<td>filtragem de l\u00edquidos<\/td>\n<\/tr>\n<tr>\n<td>N\u00famero do saco<\/td>\n<td>#1, 2, 3, 4, 5, OEM<\/td>\n<td>clausura de habita\u00e7\u00e3o por<\/td>\n<td>parafuso r\u00e1pido, bra\u00e7adeira, flange<\/td>\n<td>Capacidade de fornecimento<\/td>\n<td>1500 pe\u00e7as\/pe\u00e7as por m\u00eas saco de malha de filtro<\/td>\n<\/tr>\n<\/tbody>\n<\/table>","protected":false},"excerpt":{"rendered":"<p><b>Vantagens da empresa<\/b><br \/>\n<b>1.<\/b>\u00a0O teste de\u00a0<a href=\"https:\/\/lyfilter.com\/pt\/\">Filtro Lvyuan<\/a>\u00a0inclui v\u00e1rios aspectos. Aspectos como os blocos de trabalho, os componentes e as mat\u00e9rias-primas ser\u00e3o todos seriamente medidos. Oferece excelente filtragem e boa estabilidade t\u00e9rmica<br \/>\n<b>2.<\/b>\u00a0Ao eliminar o erro humano do processo de produ\u00e7\u00e3o, o produto ajuda a eliminar desperd\u00edcios desnecess\u00e1rios. Isto contribuir\u00e1 diretamente para a poupan\u00e7a nos custos de produ\u00e7\u00e3o. Todos os seus elementos s\u00e3o fabricados com material compat\u00edvel com a FDA para contacto com alimentos e bebidas<br \/>\n<b>3.<\/b>\u00a0O produto promete alta qualidade e longa vida \u00fatil. Foi concebido com poros graduados para ajudar a reter os contaminantes ao longo de toda a sec\u00e7\u00e3o transversal para uma maior efici\u00eancia<\/p>\n<div class=\"pro_aliData\">\n<div class=\"detail-box\">\n<div class=\"scc-wrapper detail-module module-cspu\" data-module=\"cspu\"><\/div>\n<div class=\"scc-wrapper detail-module module-productPackagingAndQuickDetail\" data-spm=\"prilinga1e\">\n<div class=\"widget-detail-overview\">\n<div class=\"do-title\">Vis\u00e3o geral<\/div>\n<div id=\"car-parts-model\"><\/div>\n<div class=\"do-content\">\n<div class=\"do-overview\">\n<div class=\"do-entry do-entry-separate\">\n<div class=\"do-entry-title\">Detalhes r\u00e1pidos<\/div>\n<div class=\"do-entry-list\">\n<dl id=\"224439040\" class=\"do-entry-item\">\n<dt class=\"do-entry-item\"><span class=\"attr-name J-attr-name\" title=\"Sectores aplic\u00e1veis\">Sectores aplic\u00e1veis:<\/span><\/dt>\n<dd class=\"do-entry-item-val\">\n<div class=\"ellipsis\" title=\"Hot\u00e9is, lojas de vestu\u00e1rio, lojas de materiais de constru\u00e7\u00e3o, f\u00e1bricas, lojas de repara\u00e7\u00e3o de m\u00e1quinas, f\u00e1bricas de alimentos e bebidas, quintas, restaurantes, uso dom\u00e9stico, com\u00e9rcio a retalho, lojas de alimentos, gr\u00e1ficas, obras de constru\u00e7\u00e3o, energia e minas, lojas de alimentos e bebidas, empresas de publicidade\">Hot\u00e9is, lojas de vestu\u00e1rio, lojas de materiais de constru\u00e7\u00e3o, f\u00e1bricas, lojas de repara\u00e7\u00e3o de m\u00e1quinas, f\u00e1bricas de alimentos e bebidas, quintas, restaurantes, uso dom\u00e9stico, com\u00e9rcio a retalho, lojas de alimentos, gr\u00e1ficas, obras de constru\u00e7\u00e3o, energia e minas, lojas de alimentos e bebidas, empresas de publicidade<\/div>\n<\/dd>\n<\/dl>\n<\/div>\n<\/div>\n<\/div>\n<\/div>\n<\/div>\n<\/div>\n<\/div>\n<\/div>","protected":false},"featured_media":4914,"comment_status":"open","ping_status":"closed","template":"","meta":{"_gspb_post_css":""},"product_brand":[],"product_cat":[1054],"product_tag":[1426,1534,1886,1885,1320,1136],"class_list":{"0":"post-4913","1":"product","2":"type-product","3":"status-publish","4":"has-post-thumbnail","6":"product_cat-filter-bag","7":"product_tag-industrial-bag-filter","8":"product_tag-inversafilterpurification","9":"product_tag-liquid-filtration-filter","10":"product_tag-stainless-bag-filter","11":"product_tag-stainless-steel-bag-filter","12":"product_tag-water-filter-locks","14":"first","15":"instock","16":"shipping-taxable","17":"product-type-simple"},"_links":{"self":[{"href":"https:\/\/lyfilter.com\/pt\/wp-json\/wp\/v2\/product\/4913","targetHints":{"allow":["GET"]}}],"collection":[{"href":"https:\/\/lyfilter.com\/pt\/wp-json\/wp\/v2\/product"}],"about":[{"href":"https:\/\/lyfilter.com\/pt\/wp-json\/wp\/v2\/types\/product"}],"replies":[{"embeddable":true,"href":"https:\/\/lyfilter.com\/pt\/wp-json\/wp\/v2\/comments?post=4913"}],"wp:featuredmedia":[{"embeddable":true,"href":"https:\/\/lyfilter.com\/pt\/wp-json\/wp\/v2\/media\/4914"}],"wp:attachment":[{"href":"https:\/\/lyfilter.com\/pt\/wp-json\/wp\/v2\/media?parent=4913"}],"wp:term":[{"taxonomy":"product_brand","embeddable":true,"href":"https:\/\/lyfilter.com\/pt\/wp-json\/wp\/v2\/product_brand?post=4913"},{"taxonomy":"product_cat","embeddable":true,"href":"https:\/\/lyfilter.com\/pt\/wp-json\/wp\/v2\/product_cat?post=4913"},{"taxonomy":"product_tag","embeddable":true,"href":"https:\/\/lyfilter.com\/pt\/wp-json\/wp\/v2\/product_tag?post=4913"}],"curies":[{"name":"wp","href":"https:\/\/api.w.org\/{rel}","templated":true}]}}