{"id":4906,"date":"2026-04-07T03:59:36","date_gmt":"2026-04-07T03:59:36","guid":{"rendered":"https:\/\/lyfilter.com\/"},"modified":"2026-04-07T03:59:36","modified_gmt":"2026-04-07T03:59:36","slug":"factory-price-customize-size-stainless-steel-sintered-mesh-filter-element","status":"publish","type":"product","link":"https:\/\/lyfilter.com\/pt\/factory-price-customize-size-stainless-steel-sintered-mesh-filter-element\/","title":{"rendered":"Pre\u00e7o de f\u00e1brica Tamanho personalizado Elemento de filtro de malha sinterizada de a\u00e7o inoxid\u00e1vel"},"content":{"rendered":"<table>\n<thead>\n<tr>\n<th>Porto de in\u00edcio<\/th>\n<th>Guangzhou<\/th>\n<th>Capacidade de produ\u00e7\u00e3o<\/th>\n<th>10000 unidades\/m\u00eas<\/th>\n<th>Local de origem<\/th>\n<th>Guangdong, China<\/th>\n<\/tr>\n<\/thead>\n<tbody>\n<tr>\n<td>Pagamento<\/td>\n<td>T\/T, Western Union, Garantia de com\u00e9rcio de Alibaba, paypal<\/td>\n<td>QUANTIDADE M\u00c1XIMA DE ENCOMENDA<\/td>\n<td>1 unidade<\/td>\n<td>Certifica\u00e7\u00e3o<\/td>\n<td>ISO 9001<\/td>\n<\/tr>\n<tr>\n<td>Marca<\/td>\n<td>OEM\/Lvyuan<\/td>\n<td><\/td>\n<td><\/td>\n<td><\/td>\n<td><\/td>\n<\/tr>\n<\/tbody>\n<\/table>\n<p>Concebido para tarefas de filtragem, este elemento filtrante de malha sinterizada em a\u00e7o inoxid\u00e1vel permite um dimensionamento personalizado, uma estrutura forte e um fluxo limpo. O InversaFilterPurification oferece um desempenho fi\u00e1vel e valor para o trabalho e utiliza\u00e7\u00e3o industrial di\u00e1ria.<\/p>","protected":false},"excerpt":{"rendered":"<div class=\"unit-detail-html-tabs__content-attr\">\n<div class=\"unit-product-attrparam\">\n<div class=\"unit-product-attrparam__items row\">\n<div class=\"col-12 col-md-6\">\n<div class=\"unit-product-attrparam__item\"><\/div>\n<\/div>\n<div class=\"col-12 col-md-6\">\n<div class=\"unit-product-attrparam__item\">\n<div class=\"unit-product-attrparam__value\" title=\"OEM\/ODM\">A malha sinterizada de a\u00e7o inoxid\u00e1vel <a href=\"https:\/\/lyfilter.com\/pt\/products.html\/\">elemento filtrante<\/a>\u00e9 entrela\u00e7ar as malhas de cada malha de arame para formar um material filtrante uniforme e ideal. A precis\u00e3o do elemento filtrante de malha sinterizada \u00e9 uniforme e est\u00e1vel, com forte resist\u00eancia e rigidez, e requer uma resist\u00eancia \u00e0 compress\u00e3o e uma precis\u00e3o de filtragem extremamente elevadas. \u00c9 a escolha ideal para ocasi\u00f5es que exigem uniformidade.<\/div>\n<\/div>\n<\/div>\n<\/div>\n<\/div>\n<\/div>\n<div class=\"unit-detail-html-tabs__content-html\">\n<p>\u00a0O \u00e2mbito de aplica\u00e7\u00e3o do elemento filtrante de malha sinterizada: filtragem de precis\u00e3o de \u00f3leo hidr\u00e1ulico e \u00f3leo lubrificante, filtragem da ind\u00fastria petrol\u00edfera, filtragem de esgotos, cimento, minera\u00e7\u00e3o, metalurgia, autom\u00f3vel, filtragem de \u00e1gua de circula\u00e7\u00e3o industrial, filtro de precis\u00e3o, filtro de retrolavagem e outras ind\u00fastrias de equipamento. Filtra\u00e7\u00e3o de materiais na ind\u00fastria farmac\u00eautica.<\/p>\n<\/div>","protected":false},"featured_media":4907,"comment_status":"open","ping_status":"closed","template":"","meta":{"_gspb_post_css":""},"product_brand":[],"product_cat":[18],"product_tag":[879,1390,1534,1884,1883,1136],"class_list":{"0":"post-4906","1":"product","2":"type-product","3":"status-publish","4":"has-post-thumbnail","6":"product_cat-sintered-metal-filters","7":"product_tag-custom-size-filter-element","8":"product_tag-industrial-mesh-filter","9":"product_tag-inversafilterpurification","10":"product_tag-sintered-mesh-filter-element","11":"product_tag-stainless-steel-sintered-mesh-filter","12":"product_tag-water-filter-locks","14":"first","15":"instock","16":"shipping-taxable","17":"product-type-simple"},"_links":{"self":[{"href":"https:\/\/lyfilter.com\/pt\/wp-json\/wp\/v2\/product\/4906","targetHints":{"allow":["GET"]}}],"collection":[{"href":"https:\/\/lyfilter.com\/pt\/wp-json\/wp\/v2\/product"}],"about":[{"href":"https:\/\/lyfilter.com\/pt\/wp-json\/wp\/v2\/types\/product"}],"replies":[{"embeddable":true,"href":"https:\/\/lyfilter.com\/pt\/wp-json\/wp\/v2\/comments?post=4906"}],"wp:featuredmedia":[{"embeddable":true,"href":"https:\/\/lyfilter.com\/pt\/wp-json\/wp\/v2\/media\/4907"}],"wp:attachment":[{"href":"https:\/\/lyfilter.com\/pt\/wp-json\/wp\/v2\/media?parent=4906"}],"wp:term":[{"taxonomy":"product_brand","embeddable":true,"href":"https:\/\/lyfilter.com\/pt\/wp-json\/wp\/v2\/product_brand?post=4906"},{"taxonomy":"product_cat","embeddable":true,"href":"https:\/\/lyfilter.com\/pt\/wp-json\/wp\/v2\/product_cat?post=4906"},{"taxonomy":"product_tag","embeddable":true,"href":"https:\/\/lyfilter.com\/pt\/wp-json\/wp\/v2\/product_tag?post=4906"}],"curies":[{"name":"wp","href":"https:\/\/api.w.org\/{rel}","templated":true}]}}