{"id":4904,"date":"2026-04-07T03:53:35","date_gmt":"2026-04-07T03:53:35","guid":{"rendered":"https:\/\/lyfilter.com\/"},"modified":"2026-04-07T03:53:36","modified_gmt":"2026-04-07T03:53:36","slug":"lvyuan-affordable-filter-cartridge-manufacturers-for-sea-water","status":"publish","type":"product","link":"https:\/\/lyfilter.com\/pt\/lvyuan-affordable-filter-cartridge-manufacturers-for-sea-water\/","title":{"rendered":"Lvyuan Fabricantes de cartucho de filtro acess\u00edvel para \u00e1gua do mar"},"content":{"rendered":"<table>\n<thead>\n<tr>\n<th>Local de origem<\/th>\n<th>China<\/th>\n<th>Nome da marca<\/th>\n<th>Lvyuan\/OEM<\/th>\n<th>N\u00famero do modelo<\/th>\n<th>LY-PLF-01<\/th>\n<\/tr>\n<\/thead>\n<tbody>\n<tr>\n<td>Pot\u00eancia (W)<\/td>\n<td>0<\/td>\n<td>Tens\u00e3o (V)<\/td>\n<td>0<\/td>\n<td>Servi\u00e7o p\u00f3s-venda prestado<\/td>\n<td>nenhum<\/td>\n<\/tr>\n<tr>\n<td>Garantia<\/td>\n<td>nenhum<\/td>\n<td>Tipo<\/td>\n<td>Osmose inversa<\/td>\n<td>Certifica\u00e7\u00e3o<\/td>\n<td>GS<\/td>\n<\/tr>\n<tr>\n<td>Utiliza\u00e7\u00e3o<\/td>\n<td>Pr\u00e9-filtragem dom\u00e9stica<\/td>\n<td>Aplica\u00e7\u00e3o<\/td>\n<td>Autom\u00f3vel, caravana, exterior, hotel, garagem, comercial, dom\u00e9stico<\/td>\n<td>Fonte de energia<\/td>\n<td>Manual<\/td>\n<\/tr>\n<tr>\n<td>Nome<\/td>\n<td>elemento de substitui\u00e7\u00e3o do filtro de \u00f3leo<\/td>\n<td>Material da membrana filtrante<\/td>\n<td>PP\/PVDF\/PTFE\/PES\/Nylon<\/td>\n<td>Comprimento<\/td>\n<td>5 \/ 10 \/ 20 \/ 30 \/ 40 \/ 50 \/ 60 polegadas<\/td>\n<\/tr>\n<tr>\n<td>Conector<\/td>\n<td>Fin\/222\/226\/215\/DOE\/Thread<\/td>\n<td>Micron<\/td>\n<td>0.22\/0.5\/1\/3\/5\/10\/25\/50\/75\/100\/150<\/td>\n<td>M\u00e9todo de selagem<\/td>\n<td>Soldadura por fus\u00e3o a quente<\/td>\n<\/tr>\n<tr>\n<td>Di\u00e2metro<\/td>\n<td>70mm\/OEM<\/td>\n<td>N\u00facleo interno<\/td>\n<td>PP\/SS\/OEM<\/td>\n<td>QUANTIDADE M\u00c1XIMA DE ENCOMENDA<\/td>\n<td>Atualmente, n\u00e3o h\u00e1<\/td>\n<\/tr>\n<tr>\n<td>Capacidade de fornecimento<\/td>\n<td>5000 pe\u00e7as\/pe\u00e7as por semana<\/td>\n<td><\/td>\n<td><\/td>\n<td><\/td>\n<td><\/td>\n<\/tr>\n<\/tbody>\n<\/table>","protected":false},"excerpt":{"rendered":"<p>Concebido para a filtragem da \u00e1gua do mar, este cartucho de filtro econ\u00f3mico permite um fluxo limpo, a captura de part\u00edculas s\u00f3lidas e uma utiliza\u00e7\u00e3o est\u00e1vel. InversaFilterPurification ajuda os sistemas de tratamento marinho a manterem-se eficientes, pr\u00e1ticos e f\u00e1ceis de manter.<\/p>","protected":false},"featured_media":4905,"comment_status":"open","ping_status":"closed","template":"","meta":{"_gspb_post_css":""},"product_brand":[],"product_cat":[1202],"product_tag":[1882,1534,1099,1881,1293,1136],"class_list":{"0":"post-4904","1":"product","2":"type-product","3":"status-publish","4":"has-post-thumbnail","6":"product_cat-filter-cartridge","7":"product_tag-affordable-filter-cartridge","8":"product_tag-inversafilterpurification","9":"product_tag-liquid-filtration-cartridge","10":"product_tag-marine-water-filter","11":"product_tag-sea-water-filter-cartridge","12":"product_tag-water-filter-locks","14":"first","15":"instock","16":"shipping-taxable","17":"product-type-simple"},"_links":{"self":[{"href":"https:\/\/lyfilter.com\/pt\/wp-json\/wp\/v2\/product\/4904","targetHints":{"allow":["GET"]}}],"collection":[{"href":"https:\/\/lyfilter.com\/pt\/wp-json\/wp\/v2\/product"}],"about":[{"href":"https:\/\/lyfilter.com\/pt\/wp-json\/wp\/v2\/types\/product"}],"replies":[{"embeddable":true,"href":"https:\/\/lyfilter.com\/pt\/wp-json\/wp\/v2\/comments?post=4904"}],"wp:featuredmedia":[{"embeddable":true,"href":"https:\/\/lyfilter.com\/pt\/wp-json\/wp\/v2\/media\/4905"}],"wp:attachment":[{"href":"https:\/\/lyfilter.com\/pt\/wp-json\/wp\/v2\/media?parent=4904"}],"wp:term":[{"taxonomy":"product_brand","embeddable":true,"href":"https:\/\/lyfilter.com\/pt\/wp-json\/wp\/v2\/product_brand?post=4904"},{"taxonomy":"product_cat","embeddable":true,"href":"https:\/\/lyfilter.com\/pt\/wp-json\/wp\/v2\/product_cat?post=4904"},{"taxonomy":"product_tag","embeddable":true,"href":"https:\/\/lyfilter.com\/pt\/wp-json\/wp\/v2\/product_tag?post=4904"}],"curies":[{"name":"wp","href":"https:\/\/api.w.org\/{rel}","templated":true}]}}