{"id":4887,"date":"2026-04-07T03:43:50","date_gmt":"2026-04-07T03:43:50","guid":{"rendered":"https:\/\/lyfilter.com\/"},"modified":"2026-04-07T03:43:50","modified_gmt":"2026-04-07T03:43:50","slug":"pp-polypropylene-pleated-water-filter-cartridges-precision-filter-cartridge-for-stainless-steel-housing","status":"publish","type":"product","link":"https:\/\/lyfilter.com\/pt\/pp-polypropylene-pleated-water-filter-cartridges-precision-filter-cartridge-for-stainless-steel-housing\/","title":{"rendered":"Cartuchos de filtro de \u00e1gua plissados de polipropileno PP Cartucho de filtro de precis\u00e3o para caixa de a\u00e7o inoxid\u00e1vel"},"content":{"rendered":"<table>\n<thead>\n<tr>\n<th>Servi\u00e7o p\u00f3s-garantia<\/th>\n<th>Apoio em linha<\/th>\n<th>Localiza\u00e7\u00e3o do servi\u00e7o local<\/th>\n<th>nenhum<\/th>\n<th>Localiza\u00e7\u00e3o da sala de exposi\u00e7\u00f5es<\/th>\n<th>nenhum<\/th>\n<\/tr>\n<\/thead>\n<tbody>\n<tr>\n<td>Local de origem<\/td>\n<td>Guangdong, China<\/td>\n<td>Nome da marca<\/td>\n<td>Lvyuan \/ OEM<\/td>\n<td>Material<\/td>\n<td>Elemento de filtro plissado<\/td>\n<\/tr>\n<tr>\n<td>Peso<\/td>\n<td>depende<\/td>\n<td>Tamanho<\/td>\n<td>padr\u00e3o, personaliza\u00e7\u00e3o<\/td>\n<td>Pot\u00eancia<\/td>\n<td>0<\/td>\n<\/tr>\n<tr>\n<td>Garantia<\/td>\n<td>N\u00e3o dispon\u00edvel<\/td>\n<td>Nome do produto<\/td>\n<td>cartucho de filtro de precis\u00e3o<\/td>\n<td>Taxa de microns<\/td>\n<td>0,1, 0,5, 1, 5, 10 ~60um<\/td>\n<\/tr>\n<tr>\n<td>Material do cartucho plissado<\/td>\n<td>PP\/PTFE\/PES \/Nylon 6 \/PVDF<\/td>\n<td>Comprimento<\/td>\n<td>5\u2033, 10\u2033, 20\u2033, 30\u2033, 40\u2033 , OEM<\/td>\n<td>Meios filtrantes<\/td>\n<td>Membrana de polipropileno<\/td>\n<\/tr>\n<tr>\n<td>Tampa da extremidade<\/td>\n<td>DOE,222+Fin,222+Flat,226+Fin,226+Flat<\/td>\n<td>Material da junta\/anel<\/td>\n<td>Sil\u00edcio\/EPDM\/NBR\/Viton\/Telfon<\/td>\n<td>Utiliza\u00e7\u00e3o<\/td>\n<td>elementos filtrantes para l\u00edquidos, pe\u00e7as para filtros de \u00e1gua<\/td>\n<\/tr>\n<tr>\n<td>N\u00facleo interno<\/td>\n<td>PP \/ a\u00e7o inoxid\u00e1vel<\/td>\n<td>Certifica\u00e7\u00e3o<\/td>\n<td>SGS\/ISO9001<\/td>\n<td><\/td>\n<td><\/td>\n<\/tr>\n<\/tbody>\n<\/table>","protected":false},"excerpt":{"rendered":"<h3 class=\"do-entry-title\">Embalagem e entrega<\/h3>\n<div class=\"do-entry-list\">\n<dl class=\"do-entry-item\">\n<dt class=\"do-entry-item-key\">Unidades de venda:<\/dt>\n<dd class=\"do-entry-item-val\">Artigo \u00fanico<\/dd>\n<\/dl>\n<dl class=\"do-entry-item\">\n<dt class=\"do-entry-item-key\" title=\"Tamanho da embalagem individual:\">Tamanho da embalagem individual:<\/dt>\n<dd class=\"do-entry-item-val\">15X15X103 cm<\/dd>\n<\/dl>\n<dl class=\"do-entry-item\">\n<dt class=\"do-entry-item-key\" title=\"Peso bruto \u00fanico:\">Peso bruto \u00fanico:<\/dt>\n<dd class=\"do-entry-item-val\">2.000 kg<\/dd>\n<\/dl>\n<dl class=\"do-entry-item\">\n<dt class=\"do-entry-item-key\">Tipo de embalagem:<\/dt>\n<dd class=\"do-entry-item-val pkg-method\">PP Polipropileno plissado\u00a0<a href=\"https:\/\/lyfilter.com\/pt\/products.html\/\">cartuchos de filtro de \u00e1gua<\/a>\u00a0Cartucho de filtro de precis\u00e3o para caixa de a\u00e7o inoxid\u00e1vel O melhor pre\u00e7o unit\u00e1rio e os custos de envio est\u00e3o sujeitos a altera\u00e7\u00f5es de quantidade, n\u00e3o hesite em enviar um inqu\u00e9rito para obter a melhor cota\u00e7\u00e3o. Pacote 10 polegadas: 50PCS\/CTN 400*400*685mm 20 polegadas: 25PCS\/CTN 400*400*685mm 30 polegadas: 25PCS\/CTN 835*435*425mm 40 polegadas: 25PCS\/CTN 1100*395*400mm<\/dd>\n<\/dl>\n<dl class=\"do-entry-item\">\n<dt class=\"do-entry-item-key\" title=\"Prazo de execu\u00e7\u00e3o\">Prazo de execu\u00e7\u00e3o\u00a0<i class=\"next-icon next-icon-help next-icon-xs js-leadtimes-tips\"><\/i>:<\/dt>\n<dd class=\"do-entry-item-val\" title=\"Prazo de execu\u00e7\u00e3o\">\n<div class=\"table-responsive\">\n<table class=\"supply-ability-table ui2-table ui2-table-normal ui2-table-zebra ui2-table-hover\">\n<tbody>\n<tr>\n<td>Quantidade (pe\u00e7as)<\/td>\n<td>1 - 100<\/td>\n<td>&gt;100<\/td>\n<\/tr>\n<tr>\n<td>Est. Tempo (dias)<\/td>\n<td>15<\/td>\n<td>A ser negociado<\/td>\n<\/tr>\n<\/tbody>\n<\/table>\n<\/div>\n<\/dd>\n<\/dl>\n<\/div>","protected":false},"featured_media":4890,"comment_status":"open","ping_status":"closed","template":"","meta":{"_gspb_post_css":""},"product_brand":[],"product_cat":[21,23],"product_tag":[1534,814,1453,1877,292,866],"class_list":{"0":"post-4887","1":"product","2":"type-product","3":"status-publish","4":"has-post-thumbnail","6":"product_cat-pleated-filter-cartridge","7":"product_cat-pp-filter-cartridge","8":"product_tag-inversafilterpurification","9":"product_tag-pleated-water-filter-cartridge","10":"product_tag-polypropylene-pleated-filter-cartridge","11":"product_tag-precision-filter-cartridge","12":"product_tag-stainless-steel-housing-filter","13":"product_tag-water-filtration-cartridge","15":"first","16":"instock","17":"shipping-taxable","18":"product-type-simple"},"_links":{"self":[{"href":"https:\/\/lyfilter.com\/pt\/wp-json\/wp\/v2\/product\/4887","targetHints":{"allow":["GET"]}}],"collection":[{"href":"https:\/\/lyfilter.com\/pt\/wp-json\/wp\/v2\/product"}],"about":[{"href":"https:\/\/lyfilter.com\/pt\/wp-json\/wp\/v2\/types\/product"}],"replies":[{"embeddable":true,"href":"https:\/\/lyfilter.com\/pt\/wp-json\/wp\/v2\/comments?post=4887"}],"wp:featuredmedia":[{"embeddable":true,"href":"https:\/\/lyfilter.com\/pt\/wp-json\/wp\/v2\/media\/4890"}],"wp:attachment":[{"href":"https:\/\/lyfilter.com\/pt\/wp-json\/wp\/v2\/media?parent=4887"}],"wp:term":[{"taxonomy":"product_brand","embeddable":true,"href":"https:\/\/lyfilter.com\/pt\/wp-json\/wp\/v2\/product_brand?post=4887"},{"taxonomy":"product_cat","embeddable":true,"href":"https:\/\/lyfilter.com\/pt\/wp-json\/wp\/v2\/product_cat?post=4887"},{"taxonomy":"product_tag","embeddable":true,"href":"https:\/\/lyfilter.com\/pt\/wp-json\/wp\/v2\/product_tag?post=4887"}],"curies":[{"name":"wp","href":"https:\/\/api.w.org\/{rel}","templated":true}]}}