{"id":4885,"date":"2026-04-07T03:41:02","date_gmt":"2026-04-07T03:41:02","guid":{"rendered":"https:\/\/lyfilter.com\/"},"modified":"2026-04-07T03:41:02","modified_gmt":"2026-04-07T03:41:02","slug":"lvyuan-professional-pp-pleated-filter-cartridge-factory-for-water","status":"publish","type":"product","link":"https:\/\/lyfilter.com\/pt\/lvyuan-professional-pp-pleated-filter-cartridge-factory-for-water\/","title":{"rendered":"F\u00e1brica de cartucho de filtro plissado PP profissional Lvyuan para \u00e1gua"},"content":{"rendered":"<table>\n<thead>\n<tr>\n<th>Servi\u00e7o p\u00f3s-garantia<\/th>\n<th>Apoio em linha<\/th>\n<th>Localiza\u00e7\u00e3o do servi\u00e7o local<\/th>\n<th>nenhum<\/th>\n<th>Localiza\u00e7\u00e3o da sala de exposi\u00e7\u00f5es<\/th>\n<th>nenhum<\/th>\n<\/tr>\n<\/thead>\n<tbody>\n<tr>\n<td>Inspe\u00e7\u00e3o de sa\u00edda de v\u00eddeo<\/td>\n<td>Fornecido<\/td>\n<td>Relat\u00f3rio de ensaio de m\u00e1quinas<\/td>\n<td>Fornecido<\/td>\n<td>Tipo de marketing<\/td>\n<td>Produto normal<\/td>\n<\/tr>\n<tr>\n<td>Garantia dos componentes principais<\/td>\n<td>1 ano<\/td>\n<td>Componentes principais<\/td>\n<td>Motor<\/td>\n<td>Local de origem<\/td>\n<td>Guangdong, China<\/td>\n<\/tr>\n<tr>\n<td>Nome da marca<\/td>\n<td>Lvyuan \/ OEM<\/td>\n<td>Material<\/td>\n<td>Plissado<\/td>\n<td>Peso<\/td>\n<td>0<\/td>\n<\/tr>\n<tr>\n<td>Tamanho<\/td>\n<td>10\u2033\/20\u2033\/30\u2033\/40\u203350\u2033\/60\u2033<\/td>\n<td>Pot\u00eancia<\/td>\n<td>0<\/td>\n<td>Garantia<\/td>\n<td>N\u00e3o dispon\u00edvel<\/td>\n<\/tr>\n<tr>\n<td>Nome<\/td>\n<td>Cartucho de filtro plissado de polipropileno PP \/ fibra de vidro de 40 polegadas<\/td>\n<td>Material da membrana filtrante<\/td>\n<td>Polipropileno\/fibra de vidro\/PET<\/td>\n<td>Comprimento<\/td>\n<td>10 \/ 20 \/ 30 \/ 40 \/ 50 \/ 60 polegadas<\/td>\n<\/tr>\n<tr>\n<td>Conector<\/td>\n<td>DOE, 222\/Flat, End<\/td>\n<td>Micron<\/td>\n<td>1 ~ 100um<\/td>\n<td>Material da junta t\u00f3rica<\/td>\n<td>EPDM\/Silicone\/NBR<\/td>\n<\/tr>\n<tr>\n<td>M\u00e9todo de selagem<\/td>\n<td>Tudo-em-Um<\/td>\n<td>Di\u00e2metro<\/td>\n<td>64mm\/Personalizado<\/td>\n<td>N\u00facleo interno<\/td>\n<td>Pl\u00e1stico PP<\/td>\n<\/tr>\n<tr>\n<td>QUANTIDADE M\u00c1XIMA DE ENCOMENDA<\/td>\n<td>Atualmente, n\u00e3o h\u00e1<\/td>\n<td><\/td>\n<td><\/td>\n<td><\/td>\n<td><\/td>\n<\/tr>\n<\/tbody>\n<\/table>","protected":false},"excerpt":{"rendered":"<h3 class=\"do-entry-title\">Embalagem e entrega<\/h3>\n<div class=\"do-entry-list\">\n<dl class=\"do-entry-item\">\n<dt class=\"do-entry-item-key\">Unidades de venda:<\/dt>\n<dd class=\"do-entry-item-val\">Artigo \u00fanico<\/dd>\n<\/dl>\n<dl class=\"do-entry-item\">\n<dt class=\"do-entry-item-key\" title=\"Tamanho da embalagem individual:\">Tamanho da embalagem individual:<\/dt>\n<dd class=\"do-entry-item-val\">68X40X40 cm<\/dd>\n<\/dl>\n<dl class=\"do-entry-item\">\n<dt class=\"do-entry-item-key\" title=\"Peso bruto \u00fanico:\">Peso bruto \u00fanico:<\/dt>\n<dd class=\"do-entry-item-val\">25.000 kg<\/dd>\n<\/dl>\n<dl class=\"do-entry-item\">\n<dt class=\"do-entry-item-key\">Tipo de embalagem:<\/dt>\n<dd class=\"do-entry-item-val pkg-method\">Filtro de cartucho de \u00e1gua plissado de polipropileno de 10 m\u00edcrons SOE 222 \/ plano \/ fin de alto fluxo para a ind\u00fastria de petr\u00f3leo \/ \u00f3leo arquivado: 10 \u2033 50PCS \/ CTN, 20 \u2033 25PCS \/ CTN, 30 \u2033 25PCS \/ CTN, 40 \u2033 25PCS \/ CTN.<\/dd>\n<\/dl>\n<dl class=\"do-entry-item\">\n<dt class=\"do-entry-item-key\" title=\"Prazo de execu\u00e7\u00e3o\">Prazo de execu\u00e7\u00e3o\u00a0<i class=\"next-icon next-icon-help next-icon-xs js-leadtimes-tips\"><\/i>:<\/dt>\n<dd class=\"do-entry-item-val\" title=\"Prazo de execu\u00e7\u00e3o\">\n<div class=\"table-responsive\">\n<table class=\"supply-ability-table ui2-table ui2-table-normal ui2-table-zebra ui2-table-hover\">\n<tbody>\n<tr>\n<td>Quantidade (pe\u00e7as)<\/td>\n<td>1 - 100<\/td>\n<td>101 - 500<\/td>\n<td>501 - 1000<\/td>\n<td>&gt;1000<\/td>\n<\/tr>\n<tr>\n<td>Est. Tempo (dias)<\/td>\n<td>5<\/td>\n<td>7<\/td>\n<td>10<\/td>\n<td>A ser negociado<\/td>\n<\/tr>\n<\/tbody>\n<\/table>\n<\/div>\n<\/dd>\n<\/dl>\n<\/div>","protected":false},"featured_media":4886,"comment_status":"open","ping_status":"closed","template":"","meta":{"_gspb_post_css":""},"product_brand":[],"product_cat":[21,23],"product_tag":[743,1534,1682,1181,1490,1876],"class_list":{"0":"post-4885","1":"product","2":"type-product","3":"status-publish","4":"has-post-thumbnail","6":"product_cat-pleated-filter-cartridge","7":"product_cat-pp-filter-cartridge","8":"product_tag-industrial-water-filter-cartridge","9":"product_tag-inversafilterpurification","10":"product_tag-pleated-water-filter","11":"product_tag-pp-pleated-filter-cartridge","12":"product_tag-replacement-water-filter-cartridge","13":"product_tag-water-pleated-filter-cartridge","15":"first","16":"instock","17":"shipping-taxable","18":"product-type-simple"},"_links":{"self":[{"href":"https:\/\/lyfilter.com\/pt\/wp-json\/wp\/v2\/product\/4885","targetHints":{"allow":["GET"]}}],"collection":[{"href":"https:\/\/lyfilter.com\/pt\/wp-json\/wp\/v2\/product"}],"about":[{"href":"https:\/\/lyfilter.com\/pt\/wp-json\/wp\/v2\/types\/product"}],"replies":[{"embeddable":true,"href":"https:\/\/lyfilter.com\/pt\/wp-json\/wp\/v2\/comments?post=4885"}],"wp:featuredmedia":[{"embeddable":true,"href":"https:\/\/lyfilter.com\/pt\/wp-json\/wp\/v2\/media\/4886"}],"wp:attachment":[{"href":"https:\/\/lyfilter.com\/pt\/wp-json\/wp\/v2\/media?parent=4885"}],"wp:term":[{"taxonomy":"product_brand","embeddable":true,"href":"https:\/\/lyfilter.com\/pt\/wp-json\/wp\/v2\/product_brand?post=4885"},{"taxonomy":"product_cat","embeddable":true,"href":"https:\/\/lyfilter.com\/pt\/wp-json\/wp\/v2\/product_cat?post=4885"},{"taxonomy":"product_tag","embeddable":true,"href":"https:\/\/lyfilter.com\/pt\/wp-json\/wp\/v2\/product_tag?post=4885"}],"curies":[{"name":"wp","href":"https:\/\/api.w.org\/{rel}","templated":true}]}}