{"id":4876,"date":"2026-04-07T03:33:15","date_gmt":"2026-04-07T03:33:15","guid":{"rendered":"https:\/\/lyfilter.com\/"},"modified":"2026-04-07T03:33:15","modified_gmt":"2026-04-07T03:33:15","slug":"oem-odm-sintered-ss-filters-for-food","status":"publish","type":"product","link":"https:\/\/lyfilter.com\/pt\/oem-odm-sintered-ss-filters-for-food\/","title":{"rendered":"Filtros SS sinterizados OEM e ODM para Alimentos"},"content":{"rendered":"<table>\n<thead>\n<tr>\n<th>Servi\u00e7o p\u00f3s-garantia<\/th>\n<th>Apoio em linha<\/th>\n<th>Localiza\u00e7\u00e3o do servi\u00e7o local<\/th>\n<th>nenhum<\/th>\n<th>Localiza\u00e7\u00e3o da sala de exposi\u00e7\u00f5es<\/th>\n<th>nenhum<\/th>\n<\/tr>\n<\/thead>\n<tbody>\n<tr>\n<td>Inspe\u00e7\u00e3o de sa\u00edda de v\u00eddeo<\/td>\n<td>Fornecido<\/td>\n<td>Relat\u00f3rio de ensaio de m\u00e1quinas<\/td>\n<td>Fornecido<\/td>\n<td>Tipo de marketing<\/td>\n<td>Produto normal<\/td>\n<\/tr>\n<tr>\n<td>Garantia dos componentes principais<\/td>\n<td>1 ano<\/td>\n<td>Componentes principais<\/td>\n<td>Recipiente sob press\u00e3o<\/td>\n<td>Local de origem<\/td>\n<td>Guangdong, China<\/td>\n<\/tr>\n<tr>\n<td>Nome da marca<\/td>\n<td>Lvyuan\/OEM<\/td>\n<td>Garantia<\/td>\n<td>1 ano<\/td>\n<td>Servi\u00e7o p\u00f3s-venda prestado<\/td>\n<td>Apoio em linha<\/td>\n<\/tr>\n<tr>\n<td>Palavras-chave<\/td>\n<td>Filtro de malha sinterizada de 3\u2033,4\u2033 6\u2033 1,5,10,20 m\u00edcrones<\/td>\n<td>Di\u00e2metro<\/td>\n<td>Pedido do cliente<\/td>\n<td>Material<\/td>\n<td>a\u00e7o inoxid\u00e1vel<\/td>\n<\/tr>\n<tr>\n<td>Forma<\/td>\n<td>cilindro<\/td>\n<td>Utiliza\u00e7\u00e3o<\/td>\n<td>tratamento da \u00e1gua<\/td>\n<td>Aplica\u00e7\u00e3o<\/td>\n<td>setorial<\/td>\n<\/tr>\n<tr>\n<td>Cor<\/td>\n<td>lasca<\/td>\n<td>Embalagem<\/td>\n<td>caixa de papel<\/td>\n<td>comprimento<\/td>\n<td>10\/20\/30\/40 polegadas<\/td>\n<\/tr>\n<tr>\n<td>Vantagem<\/td>\n<td>reutiliza\u00e7\u00e3o<\/td>\n<td>Capacidade de fornecimento<\/td>\n<td>10000 pe\u00e7as\/pe\u00e7as por m\u00eas<\/td>\n<td><\/td>\n<td><\/td>\n<\/tr>\n<\/tbody>\n<\/table>","protected":false},"excerpt":{"rendered":"<p><b>Vis\u00e3o geral do produto<\/b><\/p>\n<p>Este filtro de ss sinterizado, fi\u00e1vel em termos de qualidade e rent\u00e1vel, proporciona uma solu\u00e7\u00e3o de revestimento de alta qualidade. Tem vantagens de estrutura compacta, f\u00e1cil opera\u00e7\u00e3o e alta produtividade. Est\u00e1 dispon\u00edvel em trabalho cont\u00ednuo e a longo prazo.\u00a0<a href=\"https:\/\/lyfilter.com\/pt\/\">Filtro Lvyuan<\/a>\u00a0Os filtros sinterizados ss s\u00e3o fabricados com a mais recente tecnologia. O produto \u00e9 superior na qualidade, excelente no desempenho e longo na vida \u00fatil. Os filtros ss sinterizados s\u00e3o amplamente aplic\u00e1veis ao corte e processamento profundo de materiais industriais nos seguintes campos: decora\u00e7\u00e3o, aeroespacial, eletricidade, energia nova, ind\u00fastria qu\u00edmica, fabrico autom\u00f3vel e outros. Admite-se que os filtros ss sinterizados de boa qualidade podem ganhar o reconhecimento comum dos clientes.<\/p>\n<p>&nbsp;<\/p>\n<p><b>Introdu\u00e7\u00e3o ao produto<\/b><\/p>\n<p>A Lvyuan Water Purification Equipment apresentar\u00e1 os detalhes dos filtros ss sinterizados na sec\u00e7\u00e3o seguinte.<\/p>","protected":false},"featured_media":4880,"comment_status":"open","ping_status":"closed","template":"","meta":{"_gspb_post_css":""},"product_brand":[],"product_cat":[18],"product_tag":[1872,1137,1534,1871,1870,1410],"class_list":{"0":"post-4876","1":"product","2":"type-product","3":"status-publish","4":"has-post-thumbnail","6":"product_cat-sintered-metal-filters","7":"product_tag-food-filtration-filter","8":"product_tag-food-grade-filter","9":"product_tag-inversafilterpurification","10":"product_tag-odm-stainless-steel-filter","11":"product_tag-oem-sintered-filter","12":"product_tag-sintered-ss-filters","14":"first","15":"instock","16":"shipping-taxable","17":"product-type-simple"},"_links":{"self":[{"href":"https:\/\/lyfilter.com\/pt\/wp-json\/wp\/v2\/product\/4876","targetHints":{"allow":["GET"]}}],"collection":[{"href":"https:\/\/lyfilter.com\/pt\/wp-json\/wp\/v2\/product"}],"about":[{"href":"https:\/\/lyfilter.com\/pt\/wp-json\/wp\/v2\/types\/product"}],"replies":[{"embeddable":true,"href":"https:\/\/lyfilter.com\/pt\/wp-json\/wp\/v2\/comments?post=4876"}],"wp:featuredmedia":[{"embeddable":true,"href":"https:\/\/lyfilter.com\/pt\/wp-json\/wp\/v2\/media\/4880"}],"wp:attachment":[{"href":"https:\/\/lyfilter.com\/pt\/wp-json\/wp\/v2\/media?parent=4876"}],"wp:term":[{"taxonomy":"product_brand","embeddable":true,"href":"https:\/\/lyfilter.com\/pt\/wp-json\/wp\/v2\/product_brand?post=4876"},{"taxonomy":"product_cat","embeddable":true,"href":"https:\/\/lyfilter.com\/pt\/wp-json\/wp\/v2\/product_cat?post=4876"},{"taxonomy":"product_tag","embeddable":true,"href":"https:\/\/lyfilter.com\/pt\/wp-json\/wp\/v2\/product_tag?post=4876"}],"curies":[{"name":"wp","href":"https:\/\/api.w.org\/{rel}","templated":true}]}}