{"id":4862,"date":"2026-04-07T03:27:19","date_gmt":"2026-04-07T03:27:19","guid":{"rendered":"https:\/\/lyfilter.com\/"},"modified":"2026-04-07T03:27:19","modified_gmt":"2026-04-07T03:27:19","slug":"sintering-filter-factory-5-10-25-microns-carbon-filter-block-for-water-liquid-chlorine-adsorption","status":"publish","type":"product","link":"https:\/\/lyfilter.com\/pt\/sintering-filter-factory-5-10-25-microns-carbon-filter-block-for-water-liquid-chlorine-adsorption\/","title":{"rendered":"F\u00e1brica de filtro de sinteriza\u00e7\u00e3o 5\/10\/25 m\u00edcrons Bloco de filtro de carbono para adsor\u00e7\u00e3o de cloro l\u00edquido de \u00e1gua"},"content":{"rendered":"<table>\n<thead>\n<tr>\n<th>Local de origem<\/th>\n<th>Guangdong, China<\/th>\n<th>Nome da marca<\/th>\n<th>OEM\/LVYUAN<\/th>\n<th>Material<\/th>\n<th>CARBONO, carv\u00e3o de coco ativado sinterizado<\/th>\n<\/tr>\n<\/thead>\n<tbody>\n<tr>\n<td>Peso<\/td>\n<td>Personalizado<\/td>\n<td>Tamanho<\/td>\n<td>Personalizado<\/td>\n<td>Pot\u00eancia<\/td>\n<td>0<\/td>\n<\/tr>\n<tr>\n<td>Garantia<\/td>\n<td>N\u00e3o dispon\u00edvel<\/td>\n<td>Nome do produto<\/td>\n<td>Bloco de filtro de carbono para adsor\u00e7\u00e3o de cloro em \u00e1gua l\u00edquida<\/td>\n<td>Servi\u00e7o p\u00f3s-venda prestado<\/td>\n<td>Suporte online, Suporte online<\/td>\n<\/tr>\n<tr>\n<td>Certifica\u00e7\u00e3o<\/td>\n<td>SGS\/ISO<\/td>\n<td>Comprimento<\/td>\n<td>10-1050mm<\/td>\n<td>OD<\/td>\n<td>14-121 mm<\/td>\n<\/tr>\n<tr>\n<td>ID<\/td>\n<td>6-50 mm<\/td>\n<td>Taxa de microns<\/td>\n<td>0,5-20um<\/td>\n<td>Valor de iodo<\/td>\n<td>at\u00e9 1000<\/td>\n<\/tr>\n<tr>\n<td>Caudal<\/td>\n<td>\u2264300L\/h<\/td>\n<td><\/td>\n<td><\/td>\n<td><\/td>\n<td><\/td>\n<\/tr>\n<\/tbody>\n<\/table>","protected":false},"excerpt":{"rendered":"<h3 class=\"do-entry-title\">Embalagem e entrega<\/h3>\n<div class=\"do-entry-list\">\n<dl class=\"do-entry-item\">\n<dt class=\"do-entry-item-key\">Unidades de venda:<\/dt>\n<dd class=\"do-entry-item-val\">Artigo \u00fanico<\/dd>\n<\/dl>\n<dl class=\"do-entry-item\">\n<dt class=\"do-entry-item-key\" title=\"Tamanho da embalagem individual:\">Tamanho da embalagem individual:<\/dt>\n<dd class=\"do-entry-item-val\">6,5X2,8X25 cm<\/dd>\n<\/dl>\n<dl class=\"do-entry-item\">\n<dt class=\"do-entry-item-key\" title=\"Peso bruto \u00fanico:\">Peso bruto \u00fanico:<\/dt>\n<dd class=\"do-entry-item-val\">0,200 kg<\/dd>\n<\/dl>\n<dl class=\"do-entry-item\">\n<dt class=\"do-entry-item-key\">Tipo de embalagem:<\/dt>\n<dd class=\"do-entry-item-val pkg-method\">F\u00e1brica de filtros de sinteriza\u00e7\u00e3o Bloco de filtro de carbono de 5\/10\/25 m\u00edcrons para adsor\u00e7\u00e3o de cloro l\u00edquido de \u00e1gua: 53x33x33cm, 64x33x33cm<\/dd>\n<\/dl>\n<dl class=\"do-entry-item\">\n<dt class=\"do-entry-item-key\" title=\"Prazo de execu\u00e7\u00e3o\">Prazo de execu\u00e7\u00e3o\u00a0<i class=\"next-icon next-icon-help next-icon-xs js-leadtimes-tips\"><\/i>:<\/dt>\n<dd class=\"do-entry-item-val\" title=\"Prazo de execu\u00e7\u00e3o\">\n<div class=\"table-responsive\">\n<table class=\"supply-ability-table ui2-table ui2-table-normal ui2-table-zebra ui2-table-hover\">\n<tbody>\n<tr>\n<td>Quantidade (pe\u00e7as)<\/td>\n<td>1 - 100<\/td>\n<td>101 - 500<\/td>\n<td>501 - 5000<\/td>\n<td>&gt;5000<\/td>\n<\/tr>\n<tr>\n<td>Est. Tempo (dias)<\/td>\n<td>3<\/td>\n<td>5<\/td>\n<td>10<\/td>\n<td>A ser negociado<\/td>\n<\/tr>\n<\/tbody>\n<\/table>\n<\/div>\n<\/dd>\n<\/dl>\n<\/div>","protected":false},"featured_media":4864,"comment_status":"open","ping_status":"closed","template":"","meta":{"_gspb_post_css":""},"product_brand":[],"product_cat":[1339],"product_tag":[1863,1864,1862,1865,1534,1861],"class_list":{"0":"post-4862","1":"product","2":"type-product","3":"status-publish","4":"has-post-thumbnail","6":"product_cat-carbon-filter","7":"product_tag-10-micron-carbon-filter","8":"product_tag-25-micron-carbon-filter","9":"product_tag-5-micron-carbon-filter","10":"product_tag-chlorine-adsorption-filter","11":"product_tag-inversafilterpurification","12":"product_tag-sintering-carbon-filter-block","14":"first","15":"instock","16":"shipping-taxable","17":"product-type-simple"},"_links":{"self":[{"href":"https:\/\/lyfilter.com\/pt\/wp-json\/wp\/v2\/product\/4862","targetHints":{"allow":["GET"]}}],"collection":[{"href":"https:\/\/lyfilter.com\/pt\/wp-json\/wp\/v2\/product"}],"about":[{"href":"https:\/\/lyfilter.com\/pt\/wp-json\/wp\/v2\/types\/product"}],"replies":[{"embeddable":true,"href":"https:\/\/lyfilter.com\/pt\/wp-json\/wp\/v2\/comments?post=4862"}],"wp:featuredmedia":[{"embeddable":true,"href":"https:\/\/lyfilter.com\/pt\/wp-json\/wp\/v2\/media\/4864"}],"wp:attachment":[{"href":"https:\/\/lyfilter.com\/pt\/wp-json\/wp\/v2\/media?parent=4862"}],"wp:term":[{"taxonomy":"product_brand","embeddable":true,"href":"https:\/\/lyfilter.com\/pt\/wp-json\/wp\/v2\/product_brand?post=4862"},{"taxonomy":"product_cat","embeddable":true,"href":"https:\/\/lyfilter.com\/pt\/wp-json\/wp\/v2\/product_cat?post=4862"},{"taxonomy":"product_tag","embeddable":true,"href":"https:\/\/lyfilter.com\/pt\/wp-json\/wp\/v2\/product_tag?post=4862"}],"curies":[{"name":"wp","href":"https:\/\/api.w.org\/{rel}","templated":true}]}}