{"id":4853,"date":"2026-04-07T03:20:41","date_gmt":"2026-04-07T03:20:41","guid":{"rendered":"https:\/\/lyfilter.com\/"},"modified":"2026-04-07T03:20:41","modified_gmt":"2026-04-07T03:20:41","slug":"good-selling-carbon-steel-bag-filter-housing-carbon-steel-bag-filter-housing-company","status":"publish","type":"product","link":"https:\/\/lyfilter.com\/pt\/good-selling-carbon-steel-bag-filter-housing-carbon-steel-bag-filter-housing-company\/","title":{"rendered":"Caixa de filtro de mangas em a\u00e7o-carbono para boas vendas Empresa de caixa de filtro de mangas em a\u00e7o-carbono"},"content":{"rendered":"<table>\n<thead>\n<tr>\n<th>Sectores aplic\u00e1veis<\/th>\n<th>Local de origem<\/th>\n<th>Nome da marca<\/th>\n<th>Material<\/th>\n<th>Peso<\/th>\n<th>Tamanho<\/th>\n<\/tr>\n<\/thead>\n<tbody>\n<tr>\n<td>F\u00e1brica de produ\u00e7\u00e3o, F\u00e1brica de alimentos e bebidas, tratamento de \u00e1gua<\/td>\n<td>Guangdong, China<\/td>\n<td>Lvyuan, OEM, ODM<\/td>\n<td>a\u00e7o inoxid\u00e1vel 304<\/td>\n<td>personalizado<\/td>\n<td>personalizado<\/td>\n<\/tr>\n<\/tbody>\n<\/table>\n<p>Constru\u00edda para filtra\u00e7\u00e3o industrial, esta caixa de filtro de saco em a\u00e7o-carbono oferece um desempenho duradouro, uma veda\u00e7\u00e3o fi\u00e1vel e um funcionamento suave. A InversaFilterPurification oferece uma solu\u00e7\u00e3o pr\u00e1tica para um controlo constante do caudal todos os dias.<\/p>","protected":false},"excerpt":{"rendered":"<h3 class=\"do-entry-title\">Embalagem e entrega<\/h3>\n<div class=\"do-entry-list\">\n<dl class=\"do-entry-item\">\n<dt class=\"do-entry-item-key\">Unidades de venda:<\/dt>\n<dd class=\"do-entry-item-val\">Artigo \u00fanico<\/dd>\n<\/dl>\n<dl class=\"do-entry-item\">\n<dt class=\"do-entry-item-key\" title=\"Tamanho da embalagem individual:\">Tamanho da embalagem individual:<\/dt>\n<dd class=\"do-entry-item-val\">120X35X35 cm<\/dd>\n<\/dl>\n<dl class=\"do-entry-item\">\n<dt class=\"do-entry-item-key\" title=\"Peso bruto \u00fanico:\">Peso bruto \u00fanico:<\/dt>\n<dd class=\"do-entry-item-val\">23.000 kg<\/dd>\n<\/dl>\n<dl class=\"do-entry-item\">\n<dt class=\"do-entry-item-key\" title=\"Prazo de execu\u00e7\u00e3o\">Prazo de execu\u00e7\u00e3o\u00a0<i class=\"next-icon next-icon-help next-icon-xs js-leadtimes-tips\"><\/i>:<\/dt>\n<dd class=\"do-entry-item-val\" title=\"Prazo de execu\u00e7\u00e3o\">\n<div class=\"table-responsive\">\n<table class=\"supply-ability-table ui2-table ui2-table-normal ui2-table-zebra ui2-table-hover\">\n<tbody>\n<tr>\n<td>Quantidade (pe\u00e7as)<\/td>\n<td>1 - 500<\/td>\n<td>&gt;500<\/td>\n<\/tr>\n<tr>\n<td>Est. Tempo (dias)<\/td>\n<td>7<\/td>\n<td>A ser negociado<\/td>\n<\/tr>\n<\/tbody>\n<\/table>\n<\/div>\n<\/dd>\n<\/dl>\n<\/div>","protected":false},"featured_media":4857,"comment_status":"open","ping_status":"closed","template":"","meta":{"_gspb_post_css":""},"product_brand":[],"product_cat":[1135],"product_tag":[1858,1499,1801,1502,1534,1136],"class_list":{"0":"post-4853","1":"product","2":"type-product","3":"status-publish","4":"has-post-thumbnail","6":"product_cat-stainless-steel-bag-filter-housing","7":"product_tag-bag-filter-housing-company","8":"product_tag-carbon-steel-bag-filter-housing","9":"product_tag-filtration-system-housing","10":"product_tag-industrial-bag-filter-housing","11":"product_tag-inversafilterpurification","12":"product_tag-water-filter-locks","14":"first","15":"instock","16":"shipping-taxable","17":"product-type-simple"},"_links":{"self":[{"href":"https:\/\/lyfilter.com\/pt\/wp-json\/wp\/v2\/product\/4853","targetHints":{"allow":["GET"]}}],"collection":[{"href":"https:\/\/lyfilter.com\/pt\/wp-json\/wp\/v2\/product"}],"about":[{"href":"https:\/\/lyfilter.com\/pt\/wp-json\/wp\/v2\/types\/product"}],"replies":[{"embeddable":true,"href":"https:\/\/lyfilter.com\/pt\/wp-json\/wp\/v2\/comments?post=4853"}],"wp:featuredmedia":[{"embeddable":true,"href":"https:\/\/lyfilter.com\/pt\/wp-json\/wp\/v2\/media\/4857"}],"wp:attachment":[{"href":"https:\/\/lyfilter.com\/pt\/wp-json\/wp\/v2\/media?parent=4853"}],"wp:term":[{"taxonomy":"product_brand","embeddable":true,"href":"https:\/\/lyfilter.com\/pt\/wp-json\/wp\/v2\/product_brand?post=4853"},{"taxonomy":"product_cat","embeddable":true,"href":"https:\/\/lyfilter.com\/pt\/wp-json\/wp\/v2\/product_cat?post=4853"},{"taxonomy":"product_tag","embeddable":true,"href":"https:\/\/lyfilter.com\/pt\/wp-json\/wp\/v2\/product_tag?post=4853"}],"curies":[{"name":"wp","href":"https:\/\/api.w.org\/{rel}","templated":true}]}}