{"id":4846,"date":"2026-04-07T03:16:32","date_gmt":"2026-04-07T03:16:32","guid":{"rendered":"https:\/\/lyfilter.com\/"},"modified":"2026-04-07T03:16:32","modified_gmt":"2026-04-07T03:16:32","slug":"industrial-ppf-water-cartridge-filter-big-blue-5-micron-polypropylene-spun-filter","status":"publish","type":"product","link":"https:\/\/lyfilter.com\/pt\/industrial-ppf-water-cartridge-filter-big-blue-5-micron-polypropylene-spun-filter\/","title":{"rendered":"Filtro de cartucho de \u00e1gua PPF industrial Filtro fiado de polipropileno azul grande de 5 m\u00edcrons"},"content":{"rendered":"<table>\n<thead>\n<tr>\n<th>Campo<\/th>\n<th>Valor<\/th>\n<th>Campo<\/th>\n<th>Valor<\/th>\n<\/tr>\n<\/thead>\n<tbody>\n<tr>\n<td>Servi\u00e7o p\u00f3s-garantia<\/td>\n<td>Apoio em linha<\/td>\n<td>Localiza\u00e7\u00e3o do servi\u00e7o local<\/td>\n<td>nenhum<\/td>\n<\/tr>\n<tr>\n<td>Localiza\u00e7\u00e3o da sala de exposi\u00e7\u00f5es<\/td>\n<td>nenhum<\/td>\n<td>Inspe\u00e7\u00e3o de sa\u00edda de v\u00eddeo<\/td>\n<td>Fornecido<\/td>\n<\/tr>\n<tr>\n<td>Relat\u00f3rio de ensaio de m\u00e1quinas<\/td>\n<td>Fornecido<\/td>\n<td>Tipo de marketing<\/td>\n<td>Produto normal<\/td>\n<\/tr>\n<tr>\n<td>Garantia dos componentes principais<\/td>\n<td>1 ano<\/td>\n<td>Componentes principais<\/td>\n<td>Recipiente sob press\u00e3o<\/td>\n<\/tr>\n<tr>\n<td>Local de origem<\/td>\n<td>Guangdong, China<\/td>\n<td>Nome da marca<\/td>\n<td>LVYUAN\/OEM<\/td>\n<\/tr>\n<tr>\n<td>Garantia<\/td>\n<td>1 ano<\/td>\n<td>Servi\u00e7o p\u00f3s-venda prestado<\/td>\n<td>Apoio em linha<\/td>\n<\/tr>\n<tr>\n<td>Nome do produto<\/td>\n<td>filtro PP fiado<\/td>\n<td>Tipo de filtro<\/td>\n<td>Ranhura, grava\u00e7\u00e3o em relevo, pontos, log\u00f3tipo da empresa<\/td>\n<\/tr>\n<tr>\n<td>Di\u00e2metro exterior<\/td>\n<td>10-200mm<\/td>\n<td>Exatid\u00e3o<\/td>\n<td>1-100 m\u00edcrones<\/td>\n<\/tr>\n<tr>\n<td>Di\u00e2metro interior<\/td>\n<td>OEM<\/td>\n<td>Adaptador de filtro<\/td>\n<td>Tipo plano, Tipo 222, Tipo 226, Tipo215<\/td>\n<\/tr>\n<tr>\n<td>Temperatura mais elevada<\/td>\n<td>80\u2103<\/td>\n<td>Queda de press\u00e3o de trabalho<\/td>\n<td>0,1kgf\/c\u33a1<\/td>\n<\/tr>\n<tr>\n<td>Mais alto confinado<\/td>\n<td>5kgf\/c\u33a1<\/td>\n<td>Queda de press\u00e3o m\u00e1xima<\/td>\n<td>3kgf\/c\u33a1<\/td>\n<\/tr>\n<\/tbody>\n<\/table>","protected":false},"excerpt":{"rendered":"<p>Constru\u00eddo para o controlo de sedimentos, este filtro de cartucho de \u00e1gua PPF de polipropileno fiado Big Blue de 5 m\u00edcrones ajuda a capturar a sujidade e a ferrugem, ao mesmo tempo que suporta um fluxo suave. \u00c9 uma escolha inteligente para sistemas industriais que valorizam uma filtragem fi\u00e1vel.<\/p>","protected":false},"featured_media":4850,"comment_status":"open","ping_status":"closed","template":"","meta":{"_gspb_post_css":""},"product_brand":[],"product_cat":[23],"product_tag":[1856,1854,334,1534,1855,1857],"class_list":{"0":"post-4846","1":"product","2":"type-product","3":"status-publish","4":"has-post-thumbnail","6":"product_cat-pp-filter-cartridge","7":"product_tag-5-micron-water-cartridge","8":"product_tag-big-blue-water-filter","9":"product_tag-industrial-water-filter","10":"product_tag-inversafilterpurification","11":"product_tag-polypropylene-spun-filter","12":"product_tag-ppf-sediment-filter","14":"first","15":"instock","16":"shipping-taxable","17":"product-type-simple"},"_links":{"self":[{"href":"https:\/\/lyfilter.com\/pt\/wp-json\/wp\/v2\/product\/4846","targetHints":{"allow":["GET"]}}],"collection":[{"href":"https:\/\/lyfilter.com\/pt\/wp-json\/wp\/v2\/product"}],"about":[{"href":"https:\/\/lyfilter.com\/pt\/wp-json\/wp\/v2\/types\/product"}],"replies":[{"embeddable":true,"href":"https:\/\/lyfilter.com\/pt\/wp-json\/wp\/v2\/comments?post=4846"}],"wp:featuredmedia":[{"embeddable":true,"href":"https:\/\/lyfilter.com\/pt\/wp-json\/wp\/v2\/media\/4850"}],"wp:attachment":[{"href":"https:\/\/lyfilter.com\/pt\/wp-json\/wp\/v2\/media?parent=4846"}],"wp:term":[{"taxonomy":"product_brand","embeddable":true,"href":"https:\/\/lyfilter.com\/pt\/wp-json\/wp\/v2\/product_brand?post=4846"},{"taxonomy":"product_cat","embeddable":true,"href":"https:\/\/lyfilter.com\/pt\/wp-json\/wp\/v2\/product_cat?post=4846"},{"taxonomy":"product_tag","embeddable":true,"href":"https:\/\/lyfilter.com\/pt\/wp-json\/wp\/v2\/product_tag?post=4846"}],"curies":[{"name":"wp","href":"https:\/\/api.w.org\/{rel}","templated":true}]}}