{"id":4838,"date":"2026-04-07T03:06:22","date_gmt":"2026-04-07T03:06:22","guid":{"rendered":"https:\/\/lyfilter.com\/"},"modified":"2026-04-07T03:06:22","modified_gmt":"2026-04-07T03:06:22","slug":"sintered-porous-stainless-steel-filters-factory-direct-supply-for-food","status":"publish","type":"product","link":"https:\/\/lyfilter.com\/pt\/sintered-porous-stainless-steel-filters-factory-direct-supply-for-food\/","title":{"rendered":"Filtros de a\u00e7o inoxid\u00e1vel poroso sinterizado Fornecimento direto da f\u00e1brica para alimentos"},"content":{"rendered":"<table>\n<thead>\n<tr>\n<th>Campo<\/th>\n<th>Valor<\/th>\n<th>Campo<\/th>\n<th>Valor<\/th>\n<\/tr>\n<\/thead>\n<tbody>\n<tr>\n<td>Servi\u00e7o p\u00f3s-garantia<\/td>\n<td>Apoio em linha<\/td>\n<td>Localiza\u00e7\u00e3o do servi\u00e7o local<\/td>\n<td>nenhum<\/td>\n<\/tr>\n<tr>\n<td>Localiza\u00e7\u00e3o da sala de exposi\u00e7\u00f5es<\/td>\n<td>nenhum<\/td>\n<td>Inspe\u00e7\u00e3o de sa\u00edda de v\u00eddeo<\/td>\n<td>Fornecido<\/td>\n<\/tr>\n<tr>\n<td>Relat\u00f3rio de ensaio de m\u00e1quinas<\/td>\n<td>Fornecido<\/td>\n<td>Tipo de marketing<\/td>\n<td>Produto normal<\/td>\n<\/tr>\n<tr>\n<td>Garantia dos componentes principais<\/td>\n<td>1 ano<\/td>\n<td>Componentes principais<\/td>\n<td>Recipiente sob press\u00e3o<\/td>\n<\/tr>\n<tr>\n<td>Local de origem<\/td>\n<td>Guangdong, China<\/td>\n<td>Nome da marca<\/td>\n<td>Lvyuan\/OEM<\/td>\n<\/tr>\n<tr>\n<td>Garantia<\/td>\n<td>1 ano<\/td>\n<td>Servi\u00e7o p\u00f3s-venda prestado<\/td>\n<td>Apoio em linha<\/td>\n<\/tr>\n<tr>\n<td>Nome do produto<\/td>\n<td>elemento filtrante para ar comprimido<\/td>\n<td>Taxa de microns<\/td>\n<td>0,1 a 400 m\u00edcrones<\/td>\n<\/tr>\n<tr>\n<td>Dimens\u00e3o OEM<\/td>\n<td>Dispon\u00edvel<\/td>\n<td>Comprimento<\/td>\n<td>5\u2033, 10\u2033, 20\u2033, 30\u2033, 40\u2033, 50\u201d, 60\u201d polegadas<\/td>\n<\/tr>\n<tr>\n<td>A\u00e7o inoxid\u00e1vel Material<\/td>\n<td>304, 316, 316L<\/td>\n<td>Formul\u00e1rio de interface<\/td>\n<td>222,226,215, interface de rosca M36, M24, M22, M20<\/td>\n<\/tr>\n<tr>\n<td>Camada<\/td>\n<td>filtro de cartucho plissado\/malha<\/td>\n<td>Utiliza\u00e7\u00e3o<\/td>\n<td>filtragem de gases e l\u00edquidos<\/td>\n<\/tr>\n<tr>\n<td>Resist\u00eancia ao calor<\/td>\n<td>- 200 - 500 graus<\/td>\n<td>Press\u00e3o de trabalho<\/td>\n<td>0,1 a 30Mpa<\/td>\n<\/tr>\n<\/tbody>\n<\/table>","protected":false},"excerpt":{"rendered":"<p>Concebido para aplica\u00e7\u00f5es alimentares, este filtro de a\u00e7o inoxid\u00e1vel poroso sinterizado suporta o processamento, o fluxo est\u00e1vel e o controlo fi\u00e1vel das part\u00edculas. A sua constru\u00e7\u00e3o duradoura ajuda a manter a higiene com uma filtragem fi\u00e1vel para a produ\u00e7\u00e3o di\u00e1ria.<\/p>","protected":false},"featured_media":4842,"comment_status":"open","ping_status":"closed","template":"","meta":{"_gspb_post_css":""},"product_brand":[],"product_cat":[18],"product_tag":[1712,834,1853,1534,1852,1400],"class_list":{"0":"post-4838","1":"product","2":"type-product","3":"status-publish","4":"has-post-thumbnail","6":"product_cat-sintered-metal-filters","7":"product_tag-factory-direct-filter-supply","8":"product_tag-food-grade-filter-cartridge","9":"product_tag-industrial-food-filtration","10":"product_tag-inversafilterpurification","11":"product_tag-porous-stainless-steel-filter","12":"product_tag-sintered-stainless-steel-filter","14":"first","15":"instock","16":"shipping-taxable","17":"product-type-simple"},"_links":{"self":[{"href":"https:\/\/lyfilter.com\/pt\/wp-json\/wp\/v2\/product\/4838","targetHints":{"allow":["GET"]}}],"collection":[{"href":"https:\/\/lyfilter.com\/pt\/wp-json\/wp\/v2\/product"}],"about":[{"href":"https:\/\/lyfilter.com\/pt\/wp-json\/wp\/v2\/types\/product"}],"replies":[{"embeddable":true,"href":"https:\/\/lyfilter.com\/pt\/wp-json\/wp\/v2\/comments?post=4838"}],"wp:featuredmedia":[{"embeddable":true,"href":"https:\/\/lyfilter.com\/pt\/wp-json\/wp\/v2\/media\/4842"}],"wp:attachment":[{"href":"https:\/\/lyfilter.com\/pt\/wp-json\/wp\/v2\/media?parent=4838"}],"wp:term":[{"taxonomy":"product_brand","embeddable":true,"href":"https:\/\/lyfilter.com\/pt\/wp-json\/wp\/v2\/product_brand?post=4838"},{"taxonomy":"product_cat","embeddable":true,"href":"https:\/\/lyfilter.com\/pt\/wp-json\/wp\/v2\/product_cat?post=4838"},{"taxonomy":"product_tag","embeddable":true,"href":"https:\/\/lyfilter.com\/pt\/wp-json\/wp\/v2\/product_tag?post=4838"}],"curies":[{"name":"wp","href":"https:\/\/api.w.org\/{rel}","templated":true}]}}