{"id":4825,"date":"2026-04-07T02:53:16","date_gmt":"2026-04-07T02:53:16","guid":{"rendered":"https:\/\/lyfilter.com\/"},"modified":"2026-04-07T02:53:16","modified_gmt":"2026-04-07T02:53:16","slug":"cost-effective-activated-carbon-water-filtration-activated-carbon-water-filtration-company","status":"publish","type":"product","link":"https:\/\/lyfilter.com\/pt\/cost-effective-activated-carbon-water-filtration-activated-carbon-water-filtration-company\/","title":{"rendered":"Empresa de filtragem de \u00e1gua com carv\u00e3o ativado com boa rela\u00e7\u00e3o custo-benef\u00edcio"},"content":{"rendered":"<p><strong>Introdu\u00e7\u00e3o<\/strong><\/p>\n<p>Cartucho de filtro T33 de 10 \u2033, \u00e9 feito de carv\u00e3o ativado de casca de coconete, pode remover odores e manter a \u00e1gua fresca, tem casca de cores diferentes, como vermelho, azul, amarelo e branco.<\/p>\n<p>O cartucho de filtro T33 foi concebido para se ligar diretamente aos tubos. \u00c9 muito pr\u00e1tico para instala\u00e7\u00e3o e substitui\u00e7\u00e3o frequente. Pode ser enchido com v\u00e1rios meios filtrantes, tais como PP\u00a0<a href=\"https:\/\/lyfilter.com\/pt\/sediment-filter.html\/\">Filtro de sedimentos<\/a>\u00a0cartucho, carv\u00e3o ativado granular, resina, pedra mineral, etc., para satisfazer diferentes necessidades.<\/p>\n<table>\n<thead>\n<tr>\n<th>Campo<\/th>\n<th>Valor<\/th>\n<th>Campo<\/th>\n<th>Valor<\/th>\n<\/tr>\n<\/thead>\n<tbody>\n<tr>\n<td>Local de origem<\/td>\n<td>Guangdong, China<\/td>\n<td>Nome da marca<\/td>\n<td>Lvyuan\/OEM<\/td>\n<\/tr>\n<tr>\n<td>Pot\u00eancia (W)<\/td>\n<td>0<\/td>\n<td>Tens\u00e3o (V)<\/td>\n<td>0<\/td>\n<\/tr>\n<tr>\n<td>Servi\u00e7o p\u00f3s-venda prestado<\/td>\n<td>Instala\u00e7\u00e3o no local<\/td>\n<td>Garantia<\/td>\n<td>1 ano<\/td>\n<\/tr>\n<tr>\n<td>Tipo<\/td>\n<td>Carv\u00e3o ativado<\/td>\n<td>Certifica\u00e7\u00e3o<\/td>\n<td>ce, GS<\/td>\n<\/tr>\n<tr>\n<td>Utiliza\u00e7\u00e3o<\/td>\n<td>Pr\u00e9-filtragem dom\u00e9stica<\/td>\n<td>Aplica\u00e7\u00e3o<\/td>\n<td>Hotel, autom\u00f3vel, exterior, garagem, caravana, comercial, dom\u00e9stico<\/td>\n<\/tr>\n<tr>\n<td>Fonte de energia<\/td>\n<td>Manual<\/td>\n<td>cartucho de filtro de \u00e1gua<\/td>\n<td>T33<\/td>\n<\/tr>\n<tr>\n<td>tamanho<\/td>\n<td>50*255mm<\/td>\n<td>material<\/td>\n<td>carv\u00e3o ativado de casca de coco<\/td>\n<\/tr>\n<tr>\n<td>fun\u00e7\u00e3o<\/td>\n<td>eliminar o odor, tornar a \u00e1gua fresca<\/td>\n<td>vida \u00fatil<\/td>\n<td>3-6 meses<\/td>\n<\/tr>\n<tr>\n<td>Capacidade de fornecimento<\/td>\n<td>5000 unidades\/pe\u00e7as por dia<\/td>\n<td><\/td>\n<td><\/td>\n<\/tr>\n<\/tbody>\n<\/table>\n<p><strong>Par\u00e2metro<\/strong><\/p>\n<div class=\"table-responsive\">\n<table class=\"aliDataTable\" border=\"1\">\n<tbody>\n<tr>\n<td>cartucho de filtro de \u00e1gua<\/td>\n<td>T33<\/td>\n<\/tr>\n<tr>\n<td>tamanho<\/td>\n<td>50\u00d7255mm ou 60\u00d7285mm<\/td>\n<\/tr>\n<tr>\n<td>meios filtrantes<\/td>\n<td>carv\u00e3o ativado de casca de coco<\/td>\n<\/tr>\n<tr>\n<td>fun\u00e7\u00e3o<\/td>\n<td>eliminar o odor, tornar a \u00e1gua fresca<\/td>\n<\/tr>\n<tr>\n<td>vida \u00fatil<\/td>\n<td>3-6 meses<\/td>\n<\/tr>\n<\/tbody>\n<\/table>\n<\/div>","protected":false},"excerpt":{"rendered":"<p><b>Vantagens da empresa<\/b><\/p>\n<p>- A conce\u00e7\u00e3o de\u00a0<a href=\"https:\/\/lyfilter.com\/pt\/\">Filtro Lvyuan<\/a>\u00a0O filtro de \u00e1gua de carv\u00e3o ativado \u00e9 concebido de forma elaborada com a combina\u00e7\u00e3o de funcionalidade e est\u00e9tica.<\/p>\n<p>- Um laborat\u00f3rio interno completo est\u00e1 dispon\u00edvel para garantir a consist\u00eancia e a qualidade da mat\u00e9ria-prima.<\/p>\n<p>- Guangzhou Lvyuan Water Purification Equipment Co., Ltd. tem uma forte capacidade de produzir o melhor carv\u00e3o ativado para filtra\u00e7\u00e3o de \u00e1gua.<\/p>","protected":false},"featured_media":4826,"comment_status":"open","ping_status":"closed","template":"","meta":{"_gspb_post_css":""},"product_brand":[],"product_cat":[1339],"product_tag":[1845,1846,1847,1534,1849,1848],"class_list":{"0":"post-4825","1":"product","2":"type-product","3":"status-publish","4":"has-post-thumbnail","6":"product_cat-carbon-filter","7":"product_tag-activated-carbon-water-filtration","8":"product_tag-carbon-water-filter","9":"product_tag-cost-effective-water-filter","10":"product_tag-inversafilterpurification","11":"product_tag-odor-control-filter","12":"product_tag-water-filtration-company","14":"first","15":"instock","16":"shipping-taxable","17":"product-type-simple"},"_links":{"self":[{"href":"https:\/\/lyfilter.com\/pt\/wp-json\/wp\/v2\/product\/4825","targetHints":{"allow":["GET"]}}],"collection":[{"href":"https:\/\/lyfilter.com\/pt\/wp-json\/wp\/v2\/product"}],"about":[{"href":"https:\/\/lyfilter.com\/pt\/wp-json\/wp\/v2\/types\/product"}],"replies":[{"embeddable":true,"href":"https:\/\/lyfilter.com\/pt\/wp-json\/wp\/v2\/comments?post=4825"}],"wp:featuredmedia":[{"embeddable":true,"href":"https:\/\/lyfilter.com\/pt\/wp-json\/wp\/v2\/media\/4826"}],"wp:attachment":[{"href":"https:\/\/lyfilter.com\/pt\/wp-json\/wp\/v2\/media?parent=4825"}],"wp:term":[{"taxonomy":"product_brand","embeddable":true,"href":"https:\/\/lyfilter.com\/pt\/wp-json\/wp\/v2\/product_brand?post=4825"},{"taxonomy":"product_cat","embeddable":true,"href":"https:\/\/lyfilter.com\/pt\/wp-json\/wp\/v2\/product_cat?post=4825"},{"taxonomy":"product_tag","embeddable":true,"href":"https:\/\/lyfilter.com\/pt\/wp-json\/wp\/v2\/product_tag?post=4825"}],"curies":[{"name":"wp","href":"https:\/\/api.w.org\/{rel}","templated":true}]}}