{"id":4819,"date":"2026-04-07T02:50:48","date_gmt":"2026-04-07T02:50:48","guid":{"rendered":"https:\/\/lyfilter.com\/"},"modified":"2026-04-07T02:50:48","modified_gmt":"2026-04-07T02:50:48","slug":"lvyuan-stainless-steel-sintered-filter-cartridge-suppliers-for-desalination","status":"publish","type":"product","link":"https:\/\/lyfilter.com\/pt\/lvyuan-stainless-steel-sintered-filter-cartridge-suppliers-for-desalination\/","title":{"rendered":"Fornecedores de cartucho de filtro sinterizado de a\u00e7o inoxid\u00e1vel Lvyuan para dessaliniza\u00e7\u00e3o"},"content":{"rendered":"<table>\n<thead>\n<tr>\n<th>Campo<\/th>\n<th>Valor<\/th>\n<th>Campo<\/th>\n<th>Valor<\/th>\n<\/tr>\n<\/thead>\n<tbody>\n<tr>\n<td>Servi\u00e7o p\u00f3s-garantia<\/td>\n<td>Apoio em linha<\/td>\n<td>Localiza\u00e7\u00e3o do servi\u00e7o local<\/td>\n<td>nenhum<\/td>\n<\/tr>\n<tr>\n<td>Localiza\u00e7\u00e3o da sala de exposi\u00e7\u00f5es<\/td>\n<td>nenhum<\/td>\n<td>Inspe\u00e7\u00e3o de sa\u00edda de v\u00eddeo<\/td>\n<td>Fornecido<\/td>\n<\/tr>\n<tr>\n<td>Relat\u00f3rio de ensaio de m\u00e1quinas<\/td>\n<td>Fornecido<\/td>\n<td>Tipo de marketing<\/td>\n<td>Produto normal<\/td>\n<\/tr>\n<tr>\n<td>Garantia dos componentes principais<\/td>\n<td>1 ano<\/td>\n<td>Componentes principais<\/td>\n<td>Recipiente sob press\u00e3o<\/td>\n<\/tr>\n<tr>\n<td>Local de origem<\/td>\n<td>Guangdong, China<\/td>\n<td>Nome da marca<\/td>\n<td>Lvyuan\/OEM<\/td>\n<\/tr>\n<tr>\n<td>Garantia<\/td>\n<td>1 ano<\/td>\n<td>Servi\u00e7o p\u00f3s-venda prestado<\/td>\n<td>Apoio em linha<\/td>\n<\/tr>\n<tr>\n<td>Nome do produto<\/td>\n<td>cartucho de filtro de \u00e1gua reutiliz\u00e1vel<\/td>\n<td>Taxa de microns<\/td>\n<td>0,1 a 400 m\u00edcrones<\/td>\n<\/tr>\n<tr>\n<td>Dimens\u00e3o OEM<\/td>\n<td>Dispon\u00edvel<\/td>\n<td>Comprimento<\/td>\n<td>5\u2033, 10\u2033, 20\u2033, 30\u2033, 40\u2033, 50\u201d, 60\u201d polegadas<\/td>\n<\/tr>\n<tr>\n<td>A\u00e7o inoxid\u00e1vel Material<\/td>\n<td>304, 316, 316L<\/td>\n<td>Formul\u00e1rio de interface<\/td>\n<td>222,226,215, interface de rosca M36, M24, M22, M20<\/td>\n<\/tr>\n<tr>\n<td>Camada<\/td>\n<td>filtro de cartucho plissado\/malha<\/td>\n<td>Utiliza\u00e7\u00e3o<\/td>\n<td>filtragem de gases e l\u00edquidos<\/td>\n<\/tr>\n<tr>\n<td>Resist\u00eancia ao calor<\/td>\n<td>- 200 - 500 graus<\/td>\n<td>Press\u00e3o de trabalho<\/td>\n<td>0,1 a 30Mpa<\/td>\n<\/tr>\n<\/tbody>\n<\/table>","protected":false},"excerpt":{"rendered":"<p>Constru\u00eddo para sistemas de dessaliniza\u00e7\u00e3o, este cartucho de filtro sinterizado em a\u00e7o inoxid\u00e1vel da Lvyuan suporta uma reten\u00e7\u00e3o fi\u00e1vel de part\u00edculas, um fluxo constante e uma longa vida \u00fatil. \u00c9 uma escolha pr\u00e1tica de fornecedor para o tratamento de \u00e1gua e utiliza\u00e7\u00e3o di\u00e1ria.<\/p>","protected":false},"featured_media":4824,"comment_status":"open","ping_status":"closed","template":"","meta":{"_gspb_post_css":""},"product_brand":[],"product_cat":[1205],"product_tag":[1843,1844,1534,1653,1167,321],"class_list":{"0":"post-4819","1":"product","2":"type-product","3":"status-publish","4":"has-post-thumbnail","6":"product_cat-stainless-steel-sintered-filter-cartridge","7":"product_tag-desalination-water-filter","8":"product_tag-industrial-filtration-supplier","9":"product_tag-inversafilterpurification","10":"product_tag-lvyuan-sintered-filter-cartridge","11":"product_tag-stainless-steel-filter-cartridge","12":"product_tag-water-treatment-cartridge","14":"first","15":"instock","16":"shipping-taxable","17":"product-type-simple"},"_links":{"self":[{"href":"https:\/\/lyfilter.com\/pt\/wp-json\/wp\/v2\/product\/4819","targetHints":{"allow":["GET"]}}],"collection":[{"href":"https:\/\/lyfilter.com\/pt\/wp-json\/wp\/v2\/product"}],"about":[{"href":"https:\/\/lyfilter.com\/pt\/wp-json\/wp\/v2\/types\/product"}],"replies":[{"embeddable":true,"href":"https:\/\/lyfilter.com\/pt\/wp-json\/wp\/v2\/comments?post=4819"}],"wp:featuredmedia":[{"embeddable":true,"href":"https:\/\/lyfilter.com\/pt\/wp-json\/wp\/v2\/media\/4824"}],"wp:attachment":[{"href":"https:\/\/lyfilter.com\/pt\/wp-json\/wp\/v2\/media?parent=4819"}],"wp:term":[{"taxonomy":"product_brand","embeddable":true,"href":"https:\/\/lyfilter.com\/pt\/wp-json\/wp\/v2\/product_brand?post=4819"},{"taxonomy":"product_cat","embeddable":true,"href":"https:\/\/lyfilter.com\/pt\/wp-json\/wp\/v2\/product_cat?post=4819"},{"taxonomy":"product_tag","embeddable":true,"href":"https:\/\/lyfilter.com\/pt\/wp-json\/wp\/v2\/product_tag?post=4819"}],"curies":[{"name":"wp","href":"https:\/\/api.w.org\/{rel}","templated":true}]}}