{"id":4806,"date":"2026-04-07T02:44:46","date_gmt":"2026-04-07T02:44:46","guid":{"rendered":"https:\/\/lyfilter.com\/"},"modified":"2026-04-07T02:44:46","modified_gmt":"2026-04-07T02:44:46","slug":"professional-ss-cartridge-filter-housing-suppliers-for-water-purification","status":"publish","type":"product","link":"https:\/\/lyfilter.com\/pt\/professional-ss-cartridge-filter-housing-suppliers-for-water-purification\/","title":{"rendered":"Fornecedores profissionais de carca\u00e7a de filtro de cartucho Ss para purifica\u00e7\u00e3o de \u00e1gua"},"content":{"rendered":"<table>\n<thead>\n<tr>\n<th>Campo<\/th>\n<th>Valor<\/th>\n<th>Campo<\/th>\n<th>Valor<\/th>\n<\/tr>\n<\/thead>\n<tbody>\n<tr>\n<td>Local de origem<\/td>\n<td>Guangdong, China<\/td>\n<td>Nome da marca<\/td>\n<td>Lvyuan,OEM,ODM<\/td>\n<\/tr>\n<tr>\n<td>Material<\/td>\n<td>a\u00e7o inoxid\u00e1vel 304\/316<\/td>\n<td>Peso<\/td>\n<td>personalizado<\/td>\n<\/tr>\n<tr>\n<td>Tamanho<\/td>\n<td>personalizado, 10\u201d20\u201d30\u201d40\u201d<\/td>\n<td>Pot\u00eancia<\/td>\n<td>personalizado<\/td>\n<\/tr>\n<tr>\n<td>Garantia<\/td>\n<td>1 ano<\/td>\n<td>Servi\u00e7o p\u00f3s-venda prestado<\/td>\n<td>Apoio em linha<\/td>\n<\/tr>\n<tr>\n<td>Carater\u00edstica<\/td>\n<td>purifica\u00e7\u00e3o de l\u00edquidos<\/td>\n<td>Certifica\u00e7\u00e3o<\/td>\n<td>SGS<\/td>\n<\/tr>\n<tr>\n<td>Forma<\/td>\n<td>cilindro<\/td>\n<td>Utiliza\u00e7\u00e3o<\/td>\n<td>tratamento da \u00e1gua<\/td>\n<\/tr>\n<tr>\n<td>Aplica\u00e7\u00e3o<\/td>\n<td>setorial<\/td>\n<td>superf\u00edcie<\/td>\n<td>polido\/espelhado<\/td>\n<\/tr>\n<tr>\n<td>Modelo<\/td>\n<td>LY-FL-SF<\/td>\n<td>Mat\u00e9ria-prima<\/td>\n<td>a\u00e7o inoxid\u00e1vel<\/td>\n<\/tr>\n<tr>\n<td>Cor<\/td>\n<td>Prata<\/td>\n<td>Capacidade de fornecimento<\/td>\n<td>5000 pe\u00e7as\/pe\u00e7as por semana<\/td>\n<\/tr>\n<\/tbody>\n<\/table>","protected":false},"excerpt":{"rendered":"<p><b>Vantagens da empresa<\/b><br \/>\n<b>1.<\/b>\u00a0O Planeamento das Necessidades de Materiais (MRP) \u00e9 um dos principais factores na produ\u00e7\u00e3o de 5 microns da Lvyuan\u00a0<a href=\"https:\/\/lyfilter.com\/pt\/stainless-steel-filter-housing.html\/\">caixa do filtro de \u00e1gua<\/a>\u00a0produ\u00e7\u00e3o. Os materiais utilizados no produto t\u00eam de ser testados em termos de resist\u00eancia, propriedades mec\u00e2nicas e durabilidade. Tem uma maior capacidade de reten\u00e7\u00e3o de sujidade e uma vida \u00fatil mais longa<br \/>\n<b>2.<\/b>\u00a0Alguns dos nossos clientes que compraram este produto h\u00e1 3 anos afirmaram que o produto \u00e9 muito resistente ao desgaste e que, mesmo utilizado durante tanto tempo, continua a parecer novo. A camada de suporte interior est\u00e1 intimamente ligada ao material do filtro, o que lhe confere uma forte resist\u00eancia ao impacto<br \/>\n<b>3.<\/b>\u00a0\u00c9 institu\u00eddo um sistema de garantia de qualidade para demonstrar a conformidade com os requisitos das normas. A matriz de fibra auto-sustentada permite um design sem n\u00facleo que \u00e9 simultaneamente econ\u00f3mico e forte<br \/>\n<b>4.<\/b>\u00a0A nossa equipa QC implementa um sistema de controlo de qualidade rigoroso e um m\u00e9todo de monitoriza\u00e7\u00e3o perfeito. Encontrou uma variedade de aplica\u00e7\u00f5es que v\u00e3o desde processos industriais, qu\u00edmicos, alimentos e bebidas, cosm\u00e9ticos e \u00e1gua<\/p>","protected":false},"featured_media":4814,"comment_status":"open","ping_status":"closed","template":"","meta":{"_gspb_post_css":""},"product_brand":[],"product_cat":[1245],"product_tag":[1701,1264,1534,1840,34,1703],"class_list":{"0":"post-4806","1":"product","2":"type-product","3":"status-publish","4":"has-post-thumbnail","6":"product_cat-stainless-steel-cartridge-filter-housing","7":"product_tag-cartridge-filter-housing","8":"product_tag-industrial-water-filter-housing","9":"product_tag-inversafilterpurification","10":"product_tag-ss-filter-housing-supplier","11":"product_tag-stainless-steel-filter-housing","12":"product_tag-water-purification-housing","14":"first","15":"instock","16":"shipping-taxable","17":"product-type-simple"},"_links":{"self":[{"href":"https:\/\/lyfilter.com\/pt\/wp-json\/wp\/v2\/product\/4806","targetHints":{"allow":["GET"]}}],"collection":[{"href":"https:\/\/lyfilter.com\/pt\/wp-json\/wp\/v2\/product"}],"about":[{"href":"https:\/\/lyfilter.com\/pt\/wp-json\/wp\/v2\/types\/product"}],"replies":[{"embeddable":true,"href":"https:\/\/lyfilter.com\/pt\/wp-json\/wp\/v2\/comments?post=4806"}],"wp:featuredmedia":[{"embeddable":true,"href":"https:\/\/lyfilter.com\/pt\/wp-json\/wp\/v2\/media\/4814"}],"wp:attachment":[{"href":"https:\/\/lyfilter.com\/pt\/wp-json\/wp\/v2\/media?parent=4806"}],"wp:term":[{"taxonomy":"product_brand","embeddable":true,"href":"https:\/\/lyfilter.com\/pt\/wp-json\/wp\/v2\/product_brand?post=4806"},{"taxonomy":"product_cat","embeddable":true,"href":"https:\/\/lyfilter.com\/pt\/wp-json\/wp\/v2\/product_cat?post=4806"},{"taxonomy":"product_tag","embeddable":true,"href":"https:\/\/lyfilter.com\/pt\/wp-json\/wp\/v2\/product_tag?post=4806"}],"curies":[{"name":"wp","href":"https:\/\/api.w.org\/{rel}","templated":true}]}}