{"id":4788,"date":"2026-04-07T02:32:13","date_gmt":"2026-04-07T02:32:13","guid":{"rendered":"https:\/\/lyfilter.com\/"},"modified":"2026-04-07T02:32:13","modified_gmt":"2026-04-07T02:32:13","slug":"high-quality-1-5-micron-string-wound-sediment-pp-cotton-yarn-filter-cartridge-from-china-manufacturer","status":"publish","type":"product","link":"https:\/\/lyfilter.com\/pt\/high-quality-1-5-micron-string-wound-sediment-pp-cotton-yarn-filter-cartridge-from-china-manufacturer\/","title":{"rendered":"Cartucho de filtro de fio de algod\u00e3o PP de sedimento de corda de 1 5 m\u00edcrons de alta qualidade do fabricante da China"},"content":{"rendered":"<p>Mantenha os sistemas de \u00e1gua a funcionar sem problemas com este cartucho de filtro de fio de algod\u00e3o PP para sedimentos enrolado em cord\u00e3o. Concebido para uma filtragem de 1 e 5 m\u00edcrones, ajuda a reduzir a sujidade e a ferrugem, ao mesmo tempo que suporta um fluxo est\u00e1vel e um desempenho di\u00e1rio fi\u00e1vel.<\/p>","protected":false},"excerpt":{"rendered":"<table>\n<thead>\n<tr>\n<th>Campo<\/th>\n<th>Valor<\/th>\n<th>Campo<\/th>\n<th>Valor<\/th>\n<\/tr>\n<\/thead>\n<tbody>\n<tr>\n<td>Servi\u00e7o p\u00f3s-garantia<\/td>\n<td>Apoio em linha<\/td>\n<td>Localiza\u00e7\u00e3o do servi\u00e7o local<\/td>\n<td>nenhum<\/td>\n<\/tr>\n<tr>\n<td>Localiza\u00e7\u00e3o da sala de exposi\u00e7\u00f5es<\/td>\n<td>nenhum<\/td>\n<td>Local de origem<\/td>\n<td>Guangdong, China<\/td>\n<\/tr>\n<tr>\n<td>Nome da marca<\/td>\n<td>Lvyuan \/ OEM<\/td>\n<td>Material<\/td>\n<td>cart\u00e3o, PP \/ algod\u00e3o \/ fibra de vidro<\/td>\n<\/tr>\n<tr>\n<td>Peso<\/td>\n<td>depende<\/td>\n<td>Tamanho<\/td>\n<td>depende<\/td>\n<\/tr>\n<tr>\n<td>Pot\u00eancia<\/td>\n<td>0<\/td>\n<td>Garantia<\/td>\n<td>N\u00e3o dispon\u00edvel<\/td>\n<\/tr>\n<tr>\n<td>Nome do produto<\/td>\n<td>cartucho de filtro enrolado em fio<\/td>\n<td>Taxa de microns<\/td>\n<td>Cartucho de filtro de 1, 3, 5, 10 m\u00edcrones<\/td>\n<\/tr>\n<tr>\n<td>N\u00facleo interno<\/td>\n<td>PP ou a\u00e7o inoxid\u00e1vel<\/td>\n<td>Comprimento<\/td>\n<td>5\u2033, 10\u2033, 20\u2033, 30\u2033, 40\u2033, 50\u201d polegadas<\/td>\n<\/tr>\n<tr>\n<td>Material da junta\/anel<\/td>\n<td>Sil\u00edcio\/EPDM\/Vit\u00e3o<\/td>\n<td>Utiliza\u00e7\u00e3o<\/td>\n<td>filtro de l\u00edquidos, pe\u00e7as para filtros de \u00e1gua<\/td>\n<\/tr>\n<tr>\n<td>Di\u00e2metro interior<\/td>\n<td>28, 30 mm<\/td>\n<td>Di\u00e2metro exterior<\/td>\n<td>60~62mm, Jumbo 110~115mm<\/td>\n<\/tr>\n<tr>\n<td>Certifica\u00e7\u00e3o<\/td>\n<td>CE SGS ISO<\/td>\n<td>Capacidade de fornecimento<\/td>\n<td>5000 Pe\u00e7as\/Pe\u00e7as por dia de cartucho de filtro de fio de algod\u00e3o<\/td>\n<\/tr>\n<\/tbody>\n<\/table>","protected":false},"featured_media":4792,"comment_status":"open","ping_status":"closed","template":"","meta":{"_gspb_post_css":""},"product_brand":[],"product_cat":[1095],"product_tag":[644,886,1835,1534,1834,1098],"class_list":{"0":"post-4788","1":"product","2":"type-product","3":"status-publish","4":"has-post-thumbnail","6":"product_cat-string-wound-filter-cartridge","7":"product_tag-1-micron-filter-cartridge","8":"product_tag-5-micron-sediment-filter","9":"product_tag-cotton-yarn-water-filter","10":"product_tag-inversafilterpurification","11":"product_tag-sediment-pp-filter","12":"product_tag-string-wound-filter-cartridge","14":"first","15":"instock","16":"shipping-taxable","17":"product-type-simple"},"_links":{"self":[{"href":"https:\/\/lyfilter.com\/pt\/wp-json\/wp\/v2\/product\/4788","targetHints":{"allow":["GET"]}}],"collection":[{"href":"https:\/\/lyfilter.com\/pt\/wp-json\/wp\/v2\/product"}],"about":[{"href":"https:\/\/lyfilter.com\/pt\/wp-json\/wp\/v2\/types\/product"}],"replies":[{"embeddable":true,"href":"https:\/\/lyfilter.com\/pt\/wp-json\/wp\/v2\/comments?post=4788"}],"wp:featuredmedia":[{"embeddable":true,"href":"https:\/\/lyfilter.com\/pt\/wp-json\/wp\/v2\/media\/4792"}],"wp:attachment":[{"href":"https:\/\/lyfilter.com\/pt\/wp-json\/wp\/v2\/media?parent=4788"}],"wp:term":[{"taxonomy":"product_brand","embeddable":true,"href":"https:\/\/lyfilter.com\/pt\/wp-json\/wp\/v2\/product_brand?post=4788"},{"taxonomy":"product_cat","embeddable":true,"href":"https:\/\/lyfilter.com\/pt\/wp-json\/wp\/v2\/product_cat?post=4788"},{"taxonomy":"product_tag","embeddable":true,"href":"https:\/\/lyfilter.com\/pt\/wp-json\/wp\/v2\/product_tag?post=4788"}],"curies":[{"name":"wp","href":"https:\/\/api.w.org\/{rel}","templated":true}]}}