{"id":4770,"date":"2026-04-07T02:21:09","date_gmt":"2026-04-07T02:21:09","guid":{"rendered":"https:\/\/lyfilter.com\/"},"modified":"2026-04-07T02:21:09","modified_gmt":"2026-04-07T02:21:09","slug":"factory-polypropylene-blown-water-purification-5-micron-filters-pp-sediment-cartridge-filter-2","status":"publish","type":"product","link":"https:\/\/lyfilter.com\/pt\/factory-polypropylene-blown-water-purification-5-micron-filters-pp-sediment-cartridge-filter-2\/","title":{"rendered":"Purifica\u00e7\u00e3o de \u00e1gua soprada de polipropileno de f\u00e1brica Filtros de 5 m\u00edcrons Filtro de cartucho de sedimentos PP"},"content":{"rendered":"<p>Concebido para uma filtragem di\u00e1ria fi\u00e1vel, este filtro de cartucho de sedimentos de 5 m\u00edcrones soprado em polipropileno ajuda a captar sujidade, ferrugem e part\u00edculas finas, ao mesmo tempo que suporta um fluxo de \u00e1gua est\u00e1vel. Uma escolha pr\u00e1tica para uma \u00e1gua mais limpa e de f\u00e1cil substitui\u00e7\u00e3o.<\/p>","protected":false},"excerpt":{"rendered":"<table>\n<thead>\n<tr>\n<th>Campo<\/th>\n<th>Valor<\/th>\n<th>Campo<\/th>\n<th>Valor<\/th>\n<\/tr>\n<\/thead>\n<tbody>\n<tr>\n<td>Local de origem<\/td>\n<td>Guangdong, China<\/td>\n<td>Nome da marca<\/td>\n<td>Lvyuan \/ OEM<\/td>\n<\/tr>\n<tr>\n<td>Material<\/td>\n<td>polipropileno<\/td>\n<td>Peso<\/td>\n<td>depende<\/td>\n<\/tr>\n<tr>\n<td>Tamanho<\/td>\n<td>padr\u00e3o ou personaliza\u00e7\u00e3o<\/td>\n<td>Pot\u00eancia<\/td>\n<td>0<\/td>\n<\/tr>\n<tr>\n<td>Garantia<\/td>\n<td>N\u00e3o dispon\u00edvel<\/td>\n<td>Nome do produto<\/td>\n<td>Filtro de sedimentos PP<\/td>\n<\/tr>\n<tr>\n<td>Taxa de microns<\/td>\n<td>Cartucho de filtros de 1\/3\/5\/10\/25\/50\/75\/100 m\u00edcrones<\/td>\n<td>Certifica\u00e7\u00e3o<\/td>\n<td>CE SGS<\/td>\n<\/tr>\n<tr>\n<td>aplica\u00e7\u00e3o<\/td>\n<td>pe\u00e7as para filtros de \u00e1gua, Osmose Inversa<\/td>\n<td>Comprimento<\/td>\n<td>5\u2033, 10\u2033, 20\u2033, 30\u2033, 40\u2033, 50\u201d polegadas<\/td>\n<\/tr>\n<tr>\n<td>Meios filtrantes<\/td>\n<td>Polipropileno PP fiado<\/td>\n<td>Tampa da extremidade<\/td>\n<td>DOE\/222Fin\/226Fin\/222Flat\/226Flat<\/td>\n<\/tr>\n<tr>\n<td>Material da junta\/anel<\/td>\n<td>Sil\u00edcio\/EPDM\/Vit\u00e3o<\/td>\n<td>Utiliza\u00e7\u00e3o<\/td>\n<td>Filtro de cartucho para l\u00edquidos<\/td>\n<\/tr>\n<tr>\n<td>N\u00facleo interno<\/td>\n<td>PP, a\u00e7o inoxid\u00e1vel, nenhum<\/td>\n<td>Servi\u00e7o p\u00f3s-venda prestado<\/td>\n<td>Apoio em linha<\/td>\n<\/tr>\n<tr>\n<td>Capacidade de fornecimento<\/td>\n<td>5000 pe\u00e7as\/pe\u00e7as por dia Filtro PP de 5 m\u00edcrons<\/td>\n<td><\/td>\n<td><\/td>\n<\/tr>\n<\/tbody>\n<\/table>","protected":false},"featured_media":4773,"comment_status":"open","ping_status":"closed","template":"","meta":{"_gspb_post_css":""},"product_brand":[],"product_cat":[23],"product_tag":[1172,1534,1828,1829,1830,773],"class_list":{"0":"post-4770","1":"product","2":"type-product","3":"status-publish","4":"has-post-thumbnail","6":"product_cat-pp-filter-cartridge","7":"product_tag-5-micron-cartridge-filter","8":"product_tag-inversafilterpurification","9":"product_tag-polypropylene-sediment-filter","10":"product_tag-pp-blown-water-filter","11":"product_tag-sediment-water-filter-replacement","12":"product_tag-water-purification-cartridge","14":"first","15":"instock","16":"shipping-taxable","17":"product-type-simple"},"_links":{"self":[{"href":"https:\/\/lyfilter.com\/pt\/wp-json\/wp\/v2\/product\/4770","targetHints":{"allow":["GET"]}}],"collection":[{"href":"https:\/\/lyfilter.com\/pt\/wp-json\/wp\/v2\/product"}],"about":[{"href":"https:\/\/lyfilter.com\/pt\/wp-json\/wp\/v2\/types\/product"}],"replies":[{"embeddable":true,"href":"https:\/\/lyfilter.com\/pt\/wp-json\/wp\/v2\/comments?post=4770"}],"wp:featuredmedia":[{"embeddable":true,"href":"https:\/\/lyfilter.com\/pt\/wp-json\/wp\/v2\/media\/4773"}],"wp:attachment":[{"href":"https:\/\/lyfilter.com\/pt\/wp-json\/wp\/v2\/media?parent=4770"}],"wp:term":[{"taxonomy":"product_brand","embeddable":true,"href":"https:\/\/lyfilter.com\/pt\/wp-json\/wp\/v2\/product_brand?post=4770"},{"taxonomy":"product_cat","embeddable":true,"href":"https:\/\/lyfilter.com\/pt\/wp-json\/wp\/v2\/product_cat?post=4770"},{"taxonomy":"product_tag","embeddable":true,"href":"https:\/\/lyfilter.com\/pt\/wp-json\/wp\/v2\/product_tag?post=4770"}],"curies":[{"name":"wp","href":"https:\/\/api.w.org\/{rel}","templated":true}]}}