{"id":4768,"date":"2026-04-07T02:18:15","date_gmt":"2026-04-07T02:18:15","guid":{"rendered":"https:\/\/lyfilter.com\/"},"modified":"2026-04-07T02:18:15","modified_gmt":"2026-04-07T02:18:15","slug":"professional-sintered-cartridge-filter-wholesale-for-desalination","status":"publish","type":"product","link":"https:\/\/lyfilter.com\/pt\/professional-sintered-cartridge-filter-wholesale-for-desalination\/","title":{"rendered":"Filtro de cartucho sinterizado profissional por atacado para dessaliniza\u00e7\u00e3o"},"content":{"rendered":"<p><b>Vantagens da empresa<\/b><br \/>\n<b>1.<\/b>\u00a0Carv\u00e3o ativado Lvyuan\u00a0<a href=\"https:\/\/lyfilter.com\/pt\/products.html\/\">elemento filtrante<\/a>\u00a0\u00e9 concebido com uma gama de sistemas de prote\u00e7\u00e3o. \u00c9 constru\u00eddo com prote\u00e7\u00e3o contra sobrepress\u00e3o, sobrecarga, circuitos el\u00e9ctricos e perda de tens\u00e3o. O seu meio filtrante \u00e9 personaliz\u00e1vel de acordo com as diferentes qualidades da \u00e1gua na aplica\u00e7\u00e3o<br \/>\n<b>2.<\/b>\u00a0Este produto pode trazer benef\u00edcios econ\u00f3micos significativos para os clientes e \u00e9 cada vez mais popular no mercado. N\u00e3o cont\u00e9m aglutinantes, agentes, solventes, materiais antiest\u00e1ticos ou agentes molhantes<br \/>\n<b>3.<\/b>\u00a0Dispomos de um laborat\u00f3rio profissional para garantir a elevada qualidade deste produto. Tem encontrado uma variedade de aplica\u00e7\u00f5es que v\u00e3o desde a ind\u00fastria, processos qu\u00edmicos, alimentos e bebidas, cosm\u00e9ticos e \u00e1gua<br \/>\n<b>4.<\/b>\u00a0A equipa de controlo de qualidade adopta normas de qualidade profissionais para garantir a qualidade deste produto. \u00c9 fornecido com uma vasta gama de comprimentos para caixas standard e de fluxo total<br \/>\n<b>5.<\/b>\u00a0A inspe\u00e7\u00e3o e a verifica\u00e7\u00e3o s\u00e3o refor\u00e7adas v\u00e1rias vezes para garantir a sua qualidade. \u00c9 adequado para utiliza\u00e7\u00e3o com amostras aquosas e de solventes org\u00e2nicos devido \u00e0 sua ampla compatibilidade qu\u00edmica<\/p>\n<h3 class=\"do-entry-title\">Embalagem e entrega<\/h3>\n<div class=\"do-entry-list\">\n<dl class=\"do-entry-item\">\n<dt class=\"do-entry-item-key\">Unidades de venda:<\/dt>\n<dd class=\"do-entry-item-val\">Artigo \u00fanico<\/dd>\n<\/dl>\n<dl class=\"do-entry-item\">\n<dt class=\"do-entry-item-key\" title=\"Tamanho da embalagem individual:\">Tamanho da embalagem individual:<\/dt>\n<dd class=\"do-entry-item-val\">6,5X2,8X25 cm<\/dd>\n<\/dl>\n<dl class=\"do-entry-item\">\n<dt class=\"do-entry-item-key\" title=\"Peso bruto \u00fanico:\">Peso bruto \u00fanico:<\/dt>\n<dd class=\"do-entry-item-val\">0,500 kg<\/dd>\n<\/dl>\n<dl class=\"do-entry-item\">\n<dt class=\"do-entry-item-key\">Tipo de embalagem:<\/dt>\n<dd class=\"do-entry-item-val pkg-method\">Produtos de carv\u00e3o vegetal de sinteriza\u00e7\u00e3o filtro de \u00e1gua CTO s\u00f3lido carv\u00e3o de casca de coco ativado 25 microns bloco de filtro de carbono: 53x33x33cm, 64x33x33cm<\/dd>\n<\/dl>\n<dl class=\"do-entry-item\">\n<dt class=\"do-entry-item-key\" title=\"Prazo de execu\u00e7\u00e3o\">Prazo de execu\u00e7\u00e3o\u00a0<i class=\"next-icon next-icon-help next-icon-xs js-leadtimes-tips\"><\/i>:<\/dt>\n<dd class=\"do-entry-item-val\" title=\"Prazo de execu\u00e7\u00e3o\">\n<div class=\"table-responsive\">\n<table class=\"supply-ability-table ui2-table ui2-table-normal ui2-table-zebra ui2-table-hover\">\n<tbody>\n<tr>\n<td>Quantidade (pe\u00e7as)<\/td>\n<td>1 - 100<\/td>\n<td>101 - 500<\/td>\n<td>501 - 5000<\/td>\n<td>&gt;5000<\/td>\n<\/tr>\n<tr>\n<td>Est. Tempo (dias)<\/td>\n<td>3<\/td>\n<td>5<\/td>\n<td>10<\/td>\n<td>A ser negociado<\/td>\n<\/tr>\n<\/tbody>\n<\/table>\n<\/div>\n<\/dd>\n<\/dl>\n<\/div>","protected":false},"excerpt":{"rendered":"<table>\n<thead>\n<tr>\n<th>Campo<\/th>\n<th>Valor<\/th>\n<th>Campo<\/th>\n<th>Valor<\/th>\n<\/tr>\n<\/thead>\n<tbody>\n<tr>\n<td>Local de origem<\/td>\n<td>Guangdong, China<\/td>\n<td>Nome da marca<\/td>\n<td>OEM\/LVYUAN<\/td>\n<\/tr>\n<tr>\n<td>N\u00famero do modelo<\/td>\n<td>LY-CBF<\/td>\n<td>Pot\u00eancia (W)<\/td>\n<td>0<\/td>\n<\/tr>\n<tr>\n<td>Tens\u00e3o (V)<\/td>\n<td>0<\/td>\n<td>Servi\u00e7o p\u00f3s-venda prestado<\/td>\n<td>nenhum, Suporte online<\/td>\n<\/tr>\n<tr>\n<td>Garantia<\/td>\n<td>nenhum<\/td>\n<td>Tipo<\/td>\n<td>Carv\u00e3o ativado<\/td>\n<\/tr>\n<tr>\n<td>Utiliza\u00e7\u00e3o<\/td>\n<td>Pr\u00e9-filtragem dom\u00e9stica<\/td>\n<td>Aplica\u00e7\u00e3o<\/td>\n<td>Hotel, autom\u00f3vel, exterior, garagem, caravana, comercial, dom\u00e9stico<\/td>\n<\/tr>\n<tr>\n<td>Fonte de energia<\/td>\n<td>Bateria, usb, El\u00e9ctrica, G\u00e1s, Solar, Manual, Fonte de alimenta\u00e7\u00e3o para ve\u00edculos<\/td>\n<td>Nome do produto<\/td>\n<td>Um filtro de carv\u00e3o de casca de coco de 25 microns<\/td>\n<\/tr>\n<tr>\n<td>Material<\/td>\n<td>Carv\u00e3o de coco ativado sinterizado<\/td>\n<td>Comprimento<\/td>\n<td>10-1050mm<\/td>\n<\/tr>\n<tr>\n<td>OD<\/td>\n<td>14-121 mm<\/td>\n<td>ID<\/td>\n<td>6-50 mm<\/td>\n<\/tr>\n<tr>\n<td>Taxa de microns<\/td>\n<td>0,5-20um<\/td>\n<td>Valor de iodo<\/td>\n<td>at\u00e9 1000<\/td>\n<\/tr>\n<tr>\n<td>Caudal<\/td>\n<td>\u2264300L\/h<\/td>\n<td><\/td>\n<td><\/td>\n<\/tr>\n<\/tbody>\n<\/table>","protected":false},"featured_media":4769,"comment_status":"open","ping_status":"closed","template":"","meta":{"_gspb_post_css":""},"product_brand":[],"product_cat":[1205],"product_tag":[1244,1826,1534,1827,1825,1184],"class_list":{"0":"post-4768","1":"product","2":"type-product","3":"status-publish","4":"has-post-thumbnail","6":"product_cat-stainless-steel-sintered-filter-cartridge","7":"product_tag-desalination-filter-cartridge","8":"product_tag-industrial-cartridge-filter","9":"product_tag-inversafilterpurification","10":"product_tag-professional-filtration-solution","11":"product_tag-sintered-cartridge-filter","12":"product_tag-wholesale-water-filter","14":"first","15":"instock","16":"shipping-taxable","17":"product-type-simple"},"_links":{"self":[{"href":"https:\/\/lyfilter.com\/pt\/wp-json\/wp\/v2\/product\/4768","targetHints":{"allow":["GET"]}}],"collection":[{"href":"https:\/\/lyfilter.com\/pt\/wp-json\/wp\/v2\/product"}],"about":[{"href":"https:\/\/lyfilter.com\/pt\/wp-json\/wp\/v2\/types\/product"}],"replies":[{"embeddable":true,"href":"https:\/\/lyfilter.com\/pt\/wp-json\/wp\/v2\/comments?post=4768"}],"wp:featuredmedia":[{"embeddable":true,"href":"https:\/\/lyfilter.com\/pt\/wp-json\/wp\/v2\/media\/4769"}],"wp:attachment":[{"href":"https:\/\/lyfilter.com\/pt\/wp-json\/wp\/v2\/media?parent=4768"}],"wp:term":[{"taxonomy":"product_brand","embeddable":true,"href":"https:\/\/lyfilter.com\/pt\/wp-json\/wp\/v2\/product_brand?post=4768"},{"taxonomy":"product_cat","embeddable":true,"href":"https:\/\/lyfilter.com\/pt\/wp-json\/wp\/v2\/product_cat?post=4768"},{"taxonomy":"product_tag","embeddable":true,"href":"https:\/\/lyfilter.com\/pt\/wp-json\/wp\/v2\/product_tag?post=4768"}],"curies":[{"name":"wp","href":"https:\/\/api.w.org\/{rel}","templated":true}]}}