{"id":4765,"date":"2026-04-07T02:15:25","date_gmt":"2026-04-07T02:15:25","guid":{"rendered":"https:\/\/lyfilter.com\/"},"modified":"2026-04-07T02:15:25","modified_gmt":"2026-04-07T02:15:25","slug":"high-flow-water-filter-replacement-cartridge-oem-lvyuan-lvyuan-filter","status":"publish","type":"product","link":"https:\/\/lyfilter.com\/pt\/high-flow-water-filter-replacement-cartridge-oem-lvyuan-lvyuan-filter\/","title":{"rendered":"Cartucho de substitui\u00e7\u00e3o do filtro de \u00e1gua de elevado caudal OEM\/Lvyuan - - Lvyuan Filter"},"content":{"rendered":"<p><b>Vantagens da empresa<\/b><\/p>\n<p>- A oferta\u00a0<a href=\"https:\/\/lyfilter.com\/pt\/\">Filtro Lvyuan<\/a>\u00a0O cartucho de substitui\u00e7\u00e3o do filtro de \u00e1gua de caudal elevado \u00e9 fornecido utilizando mat\u00e9rias-primas da melhor qualidade, de acordo com as normas da ind\u00fastria.<\/p>\n<p>- Os nossos controladores de qualidade dedicados e qualificados inspeccionam cuidadosamente o produto em cada etapa da produ\u00e7\u00e3o, a fim de garantir que a sua qualidade permanece excecional, sem qualquer defeito.<\/p>\n<p>- O produto \u00e9 bastante competitivo no mercado e pode ser amplamente aplicado em muitos dom\u00ednios.<\/p>","protected":false},"excerpt":{"rendered":"<table>\n<thead>\n<tr>\n<th>Campo<\/th>\n<th>Valor<\/th>\n<th>Campo<\/th>\n<th>Valor<\/th>\n<\/tr>\n<\/thead>\n<tbody>\n<tr>\n<td>Servi\u00e7o p\u00f3s-garantia<\/td>\n<td>Apoio em linha<\/td>\n<td>Localiza\u00e7\u00e3o do servi\u00e7o local<\/td>\n<td>nenhum<\/td>\n<\/tr>\n<tr>\n<td>Localiza\u00e7\u00e3o da sala de exposi\u00e7\u00f5es<\/td>\n<td>nenhum<\/td>\n<td>Local de origem<\/td>\n<td>Guangdong, China<\/td>\n<\/tr>\n<tr>\n<td>Nome da marca<\/td>\n<td>Lvyuan \/ OEM<\/td>\n<td>Material<\/td>\n<td>Plissado<\/td>\n<\/tr>\n<tr>\n<td>Peso<\/td>\n<td>0<\/td>\n<td>Tamanho<\/td>\n<td>10\u2033\/20\u2033\/30\u2033\/40\u2033\/50\u2033\/60\u2033<\/td>\n<\/tr>\n<tr>\n<td>Pot\u00eancia<\/td>\n<td>0<\/td>\n<td>Garantia<\/td>\n<td>N\u00e3o dispon\u00edvel<\/td>\n<\/tr>\n<tr>\n<td>Nome<\/td>\n<td>Filtro de cartucho de 5 m\u00edcrones para substitui\u00e7\u00e3o da caixa do filtro de \u00e1gua<\/td>\n<td>Material da membrana filtrante<\/td>\n<td>PP\/PVDF\/PTFE\/PES\/Nylon<\/td>\n<\/tr>\n<tr>\n<td>Comprimento<\/td>\n<td>5 \/ 10 \/ 20 \/ 30 \/ 40 \/ 50 \/ 60 polegadas<\/td>\n<td>Conector<\/td>\n<td>Fin\/222\/226\/215\/DOE\/Thread<\/td>\n<\/tr>\n<tr>\n<td>Micron<\/td>\n<td>0.22\/0.5\/1\/3\/5\/10\/25\/50\/75\/100\/150<\/td>\n<td>M\u00e9todo de selagem<\/td>\n<td>Soldadura por fus\u00e3o a quente<\/td>\n<\/tr>\n<tr>\n<td>Di\u00e2metro<\/td>\n<td>70mm\/OEM<\/td>\n<td>N\u00facleo interno<\/td>\n<td>PP\/SS\/OEM<\/td>\n<\/tr>\n<tr>\n<td>QUANTIDADE M\u00c1XIMA DE ENCOMENDA<\/td>\n<td>Atualmente, n\u00e3o h\u00e1<\/td>\n<td>Capacidade de fornecimento<\/td>\n<td>500 pe\u00e7as\/pe\u00e7as por dia<\/td>\n<\/tr>\n<tr>\n<td>Porto de in\u00edcio<\/td>\n<td>Guangzhou<\/td>\n<td>Capacidade de produ\u00e7\u00e3o<\/td>\n<td>500 unidades\/m\u00eas<\/td>\n<\/tr>\n<tr>\n<td>Pagamento<\/td>\n<td>T\/T, Western Union, Garantia de com\u00e9rcio de Alibaba, paypal<\/td>\n<td>Prazo de entrega<\/td>\n<td>no prazo de 7 dias \u00fateis<\/td>\n<\/tr>\n<tr>\n<td>Marca<\/td>\n<td>OEM\/Lvyuan<\/td>\n<td><\/td>\n<td><\/td>\n<\/tr>\n<\/tbody>\n<\/table>","protected":false},"featured_media":4766,"comment_status":"open","ping_status":"closed","template":"","meta":{"_gspb_post_css":""},"product_brand":[],"product_cat":[1202],"product_tag":[105,1824,1534,1158,1823,1822],"class_list":{"0":"post-4765","1":"product","2":"type-product","3":"status-publish","4":"has-post-thumbnail","6":"product_cat-filter-cartridge","7":"product_tag-high-flow-water-filter","8":"product_tag-household-water-filtration","9":"product_tag-inversafilterpurification","10":"product_tag-lvyuan-filter-cartridge","11":"product_tag-oem-water-cartridge","12":"product_tag-water-filter-replacement","14":"first","15":"instock","16":"shipping-taxable","17":"product-type-simple"},"_links":{"self":[{"href":"https:\/\/lyfilter.com\/pt\/wp-json\/wp\/v2\/product\/4765","targetHints":{"allow":["GET"]}}],"collection":[{"href":"https:\/\/lyfilter.com\/pt\/wp-json\/wp\/v2\/product"}],"about":[{"href":"https:\/\/lyfilter.com\/pt\/wp-json\/wp\/v2\/types\/product"}],"replies":[{"embeddable":true,"href":"https:\/\/lyfilter.com\/pt\/wp-json\/wp\/v2\/comments?post=4765"}],"wp:featuredmedia":[{"embeddable":true,"href":"https:\/\/lyfilter.com\/pt\/wp-json\/wp\/v2\/media\/4766"}],"wp:attachment":[{"href":"https:\/\/lyfilter.com\/pt\/wp-json\/wp\/v2\/media?parent=4765"}],"wp:term":[{"taxonomy":"product_brand","embeddable":true,"href":"https:\/\/lyfilter.com\/pt\/wp-json\/wp\/v2\/product_brand?post=4765"},{"taxonomy":"product_cat","embeddable":true,"href":"https:\/\/lyfilter.com\/pt\/wp-json\/wp\/v2\/product_cat?post=4765"},{"taxonomy":"product_tag","embeddable":true,"href":"https:\/\/lyfilter.com\/pt\/wp-json\/wp\/v2\/product_tag?post=4765"}],"curies":[{"name":"wp","href":"https:\/\/api.w.org\/{rel}","templated":true}]}}