{"id":4763,"date":"2026-04-07T02:13:11","date_gmt":"2026-04-07T02:13:11","guid":{"rendered":"https:\/\/lyfilter.com\/"},"modified":"2026-04-07T02:13:11","modified_gmt":"2026-04-07T02:13:11","slug":"pleated-membrane-pp-10-micron-cartridge-filter-for-10-20-inch-water-filter-housing-replacement","status":"publish","type":"product","link":"https:\/\/lyfilter.com\/pt\/pleated-membrane-pp-10-micron-cartridge-filter-for-10-20-inch-water-filter-housing-replacement\/","title":{"rendered":"Filtro de cartucho de membrana plissada PP de 10 m\u00edcrons para substitui\u00e7\u00e3o de caixa de filtro de \u00e1gua de 10 a 20 polegadas"},"content":{"rendered":"<p>Mantenha o seu sistema de \u00e1gua no seu melhor desempenho com este filtro de cartucho PP de 10 microns com membrana plissada. Concebido para caixas de 10 e 20 polegadas, ret\u00e9m sedimentos finos enquanto suporta um fluxo fi\u00e1vel para as necessidades di\u00e1rias de filtragem.<\/p>","protected":false},"excerpt":{"rendered":"<table>\n<thead>\n<tr>\n<th>Campo<\/th>\n<th>Valor<\/th>\n<th>Campo<\/th>\n<th>Valor<\/th>\n<\/tr>\n<\/thead>\n<tbody>\n<tr>\n<td>Servi\u00e7o p\u00f3s-garantia<\/td>\n<td>Apoio em linha<\/td>\n<td>Localiza\u00e7\u00e3o do servi\u00e7o local<\/td>\n<td>nenhum<\/td>\n<\/tr>\n<tr>\n<td>Localiza\u00e7\u00e3o da sala de exposi\u00e7\u00f5es<\/td>\n<td>nenhum<\/td>\n<td>Local de origem<\/td>\n<td>Guangdong, China<\/td>\n<\/tr>\n<tr>\n<td>Nome da marca<\/td>\n<td>Lvyuan \/ OEM<\/td>\n<td>Material<\/td>\n<td>Plissado<\/td>\n<\/tr>\n<tr>\n<td>Peso<\/td>\n<td>0<\/td>\n<td>Tamanho<\/td>\n<td>10\u2033\/20\u2033\/30\u2033\/40\u2033\/50\u2033\/60\u2033<\/td>\n<\/tr>\n<tr>\n<td>Pot\u00eancia<\/td>\n<td>0<\/td>\n<td>Garantia<\/td>\n<td>N\u00e3o dispon\u00edvel<\/td>\n<\/tr>\n<tr>\n<td>Nome<\/td>\n<td>Filtro de cartucho de 5 m\u00edcrones para substitui\u00e7\u00e3o da caixa do filtro de \u00e1gua<\/td>\n<td>Material da membrana filtrante<\/td>\n<td>PP\/PVDF\/PTFE\/PES\/Nylon<\/td>\n<\/tr>\n<tr>\n<td>Comprimento<\/td>\n<td>5 \/ 10 \/ 20 \/ 30 \/ 40 \/ 50 \/ 60 polegadas<\/td>\n<td>Conector<\/td>\n<td>Fin\/222\/226\/215\/DOE\/Thread<\/td>\n<\/tr>\n<tr>\n<td>Micron<\/td>\n<td>0.22\/0.5\/1\/3\/5\/10\/25\/50\/75\/100\/150<\/td>\n<td>M\u00e9todo de selagem<\/td>\n<td>Soldadura por fus\u00e3o a quente<\/td>\n<\/tr>\n<tr>\n<td>Di\u00e2metro<\/td>\n<td>70mm\/OEM<\/td>\n<td>N\u00facleo interno<\/td>\n<td>PP\/SS\/OEM<\/td>\n<\/tr>\n<tr>\n<td>QUANTIDADE M\u00c1XIMA DE ENCOMENDA<\/td>\n<td>Atualmente, n\u00e3o h\u00e1<\/td>\n<td>Capacidade de fornecimento<\/td>\n<td>500 pe\u00e7as\/pe\u00e7as por dia<\/td>\n<\/tr>\n<\/tbody>\n<\/table>","protected":false},"featured_media":4764,"comment_status":"open","ping_status":"closed","template":"","meta":{"_gspb_post_css":""},"product_brand":[],"product_cat":[21],"product_tag":[1820,1819,1821,1534,1818,357],"class_list":{"0":"post-4763","1":"product","2":"type-product","3":"status-publish","4":"has-post-thumbnail","6":"product_cat-pleated-filter-cartridge","7":"product_tag-10-inch-housing-filter","8":"product_tag-10-micron-water-filter","9":"product_tag-20-inch-housing-replacement","10":"product_tag-inversafilterpurification","11":"product_tag-pleated-pp-filter","12":"product_tag-water-filter-cartridge","14":"first","15":"instock","16":"shipping-taxable","17":"product-type-simple"},"_links":{"self":[{"href":"https:\/\/lyfilter.com\/pt\/wp-json\/wp\/v2\/product\/4763","targetHints":{"allow":["GET"]}}],"collection":[{"href":"https:\/\/lyfilter.com\/pt\/wp-json\/wp\/v2\/product"}],"about":[{"href":"https:\/\/lyfilter.com\/pt\/wp-json\/wp\/v2\/types\/product"}],"replies":[{"embeddable":true,"href":"https:\/\/lyfilter.com\/pt\/wp-json\/wp\/v2\/comments?post=4763"}],"wp:featuredmedia":[{"embeddable":true,"href":"https:\/\/lyfilter.com\/pt\/wp-json\/wp\/v2\/media\/4764"}],"wp:attachment":[{"href":"https:\/\/lyfilter.com\/pt\/wp-json\/wp\/v2\/media?parent=4763"}],"wp:term":[{"taxonomy":"product_brand","embeddable":true,"href":"https:\/\/lyfilter.com\/pt\/wp-json\/wp\/v2\/product_brand?post=4763"},{"taxonomy":"product_cat","embeddable":true,"href":"https:\/\/lyfilter.com\/pt\/wp-json\/wp\/v2\/product_cat?post=4763"},{"taxonomy":"product_tag","embeddable":true,"href":"https:\/\/lyfilter.com\/pt\/wp-json\/wp\/v2\/product_tag?post=4763"}],"curies":[{"name":"wp","href":"https:\/\/api.w.org\/{rel}","templated":true}]}}