{"id":4731,"date":"2026-04-05T09:30:11","date_gmt":"2026-04-05T09:30:11","guid":{"rendered":"https:\/\/lyfilter.com\/"},"modified":"2026-04-05T09:30:11","modified_gmt":"2026-04-05T09:30:11","slug":"good-selling-steel-filter-housing-factory-price-for-desalination","status":"publish","type":"product","link":"https:\/\/lyfilter.com\/pt\/good-selling-steel-filter-housing-factory-price-for-desalination\/","title":{"rendered":"Pre\u00e7o de f\u00e1brica da caixa de filtro de a\u00e7o para dessaliniza\u00e7\u00e3o"},"content":{"rendered":"<p><b>Vantagens da empresa<\/b><br \/>\n<b>1.<\/b>\u00a0A nossa equipa t\u00e9cnica tem-se dedicado a melhorar o design,\u00a0<a href=\"https:\/\/lyfilter.com\/pt\/\">Filtro Lvyuan<\/a>\u00a0tem agora um design que combina inova\u00e7\u00e3o, est\u00e9tica e car\u00e1cter pr\u00e1tico. O meio filtrante \u00e9 ligado termicamente para evitar a liberta\u00e7\u00e3o de fibras, proporcionando caudais consistentes<br \/>\n<b>2.<\/b>\u00a0O operador real que utiliza este produto depara-se frequentemente com uma situa\u00e7\u00e3o em que as condi\u00e7\u00f5es de fabrico e as taxas de produ\u00e7\u00e3o melhoram consideravelmente em rela\u00e7\u00e3o ao passado. Pode fornecer an\u00e1lises e resultados precisos para aplica\u00e7\u00f5es sens\u00edveis de cromatografia i\u00f3nica<br \/>\n<b>3.<\/b>\u00a0O produto \u00e9 testado em v\u00e1rios par\u00e2metros de qualidade pela nossa equipa experiente de controladores de qualidade. \u00c9 adequado para utiliza\u00e7\u00e3o com amostras de solventes aquosos e org\u00e2nicos devido \u00e0 sua ampla compatibilidade qu\u00edmica<br \/>\n<b>4.<\/b>\u00a0Baseado numa tecnologia comprovada, este produto oferece um elevado desempenho aos clientes. Tem uma grande \u00e1rea de filtragem efectiva<br \/>\n<b>5.<\/b>\u00a0Foram aplicados muitos meios de inspe\u00e7\u00e3o cient\u00edficos e rigorosos para garantir a qualidade superior do produto. Encontrou uma variedade de aplica\u00e7\u00f5es que v\u00e3o desde a ind\u00fastria, processos qu\u00edmicos, alimentos e bebidas, cosm\u00e9ticos<\/p>\n<h3 class=\"do-entry-title\">Embalagem e entrega<\/h3>\n<div class=\"do-entry-list\">\n<dl class=\"do-entry-item\">\n<dt class=\"do-entry-item-key\">Unidades de venda:<\/dt>\n<dd class=\"do-entry-item-val\">Artigo \u00fanico<\/dd>\n<\/dl>\n<dl class=\"do-entry-item\">\n<dt class=\"do-entry-item-key\" title=\"Tamanho da embalagem individual:\">Tamanho da embalagem individual:<\/dt>\n<dd class=\"do-entry-item-val\">75X50X75 cm<\/dd>\n<\/dl>\n<dl class=\"do-entry-item\">\n<dt class=\"do-entry-item-key\" title=\"Peso bruto \u00fanico:\">Peso bruto \u00fanico:<\/dt>\n<dd class=\"do-entry-item-val\">30.000 kg<\/dd>\n<\/dl>\n<dl class=\"do-entry-item\">\n<dt class=\"do-entry-item-key\">Tipo de embalagem:<\/dt>\n<dd class=\"do-entry-item-val pkg-method\">Carrinho m\u00f3vel de a\u00e7o inoxid\u00e1vel microfiltro 2 fases 10 20 30 40 50 microns sistema de filtra\u00e7\u00e3o de licor com bomba de l\u00edquido de grande caudal: Embalagem: Caixa padr\u00e3o de exporta\u00e7\u00e3o \/ Conforme necess\u00e1rio<\/dd>\n<\/dl>\n<dl class=\"do-entry-item\">\n<dt class=\"do-entry-item-key\" title=\"Prazo de execu\u00e7\u00e3o\">Prazo de execu\u00e7\u00e3o\u00a0<i class=\"next-icon next-icon-help next-icon-xs js-leadtimes-tips\"><\/i>:<\/dt>\n<dd class=\"do-entry-item-val\" title=\"Prazo de execu\u00e7\u00e3o\">\n<div class=\"table-responsive\">\n<table class=\"supply-ability-table ui2-table ui2-table-normal ui2-table-zebra ui2-table-hover\">\n<tbody>\n<tr>\n<td>Quantidade (unidades)<\/td>\n<td>1 - 10<\/td>\n<td>11 - 100<\/td>\n<td>&gt;100<\/td>\n<\/tr>\n<tr>\n<td>Est. Tempo (dias)<\/td>\n<td>5<\/td>\n<td>10<\/td>\n<td>A ser negociado<\/td>\n<\/tr>\n<\/tbody>\n<\/table>\n<\/div>\n<\/dd>\n<\/dl>\n<\/div>","protected":false},"excerpt":{"rendered":"<table>\n<thead>\n<tr>\n<th>Campo<\/th>\n<th>Valor<\/th>\n<\/tr>\n<\/thead>\n<tbody>\n<tr>\n<td>Local de origem<\/td>\n<td>Guangdong, China<\/td>\n<\/tr>\n<tr>\n<td>Nome da marca<\/td>\n<td>LVYUAN\/OEM<\/td>\n<\/tr>\n<tr>\n<td>Garantia<\/td>\n<td>1 ano<\/td>\n<\/tr>\n<tr>\n<td>Servi\u00e7o p\u00f3s-venda prestado<\/td>\n<td>Apoio em linha<\/td>\n<\/tr>\n<tr>\n<td>Nome do artigo<\/td>\n<td>Sistema de filtragem de bebidas de 2 fases em a\u00e7o inoxid\u00e1vel com carrinho m\u00f3vel<\/td>\n<\/tr>\n<tr>\n<td>Material<\/td>\n<td>SS304 \/ SS316L<\/td>\n<\/tr>\n<tr>\n<td>Material do saco de filtro<\/td>\n<td>SACO PE \/ SACO PP<\/td>\n<\/tr>\n<tr>\n<td>Quantidade de filtros de mangas<\/td>\n<td>Caixa de filtro de saco \u00fanico<\/td>\n<\/tr>\n<tr>\n<td>Tratamento de superf\u00edcie<\/td>\n<td>Polido e jato de areia<\/td>\n<\/tr>\n<tr>\n<td>Anel o-ring de veda\u00e7\u00e3o<\/td>\n<td>Sil\u00e1stico \/ NBR \/ EPDM \/ Viton<\/td>\n<\/tr>\n<tr>\n<td>Tipo de tampa superior instalada<\/td>\n<td>Tipo de grampo \/ Tipo de parafuso<\/td>\n<\/tr>\n<tr>\n<td>Tipo de entrada e de sa\u00edda<\/td>\n<td>Rosca interna \/ Flange<\/td>\n<\/tr>\n<tr>\n<td>Tipo de conetor<\/td>\n<td>222 \/ 226 \/ COR\u00c7A<\/td>\n<\/tr>\n<tr>\n<td>M\u00e9todo de acondicionamento<\/td>\n<td>Caixa normalizada para exporta\u00e7\u00e3o<\/td>\n<\/tr>\n<\/tbody>\n<\/table>","protected":false},"featured_media":4733,"comment_status":"open","ping_status":"closed","template":"","meta":{"_gspb_post_css":""},"product_brand":[],"product_cat":[15],"product_tag":[1793,1801,1084,1534,1799,1800],"class_list":{"0":"post-4731","1":"product","2":"type-product","3":"status-publish","4":"has-post-thumbnail","6":"product_cat-stainless-steel-filter-housing","7":"product_tag-desalination-filter-housing","8":"product_tag-filtration-system-housing","9":"product_tag-industrial-filter-housing","10":"product_tag-inversafilterpurification","11":"product_tag-steel-filter-housing","12":"product_tag-water-treatment-housing","14":"first","15":"instock","16":"shipping-taxable","17":"product-type-simple"},"_links":{"self":[{"href":"https:\/\/lyfilter.com\/pt\/wp-json\/wp\/v2\/product\/4731","targetHints":{"allow":["GET"]}}],"collection":[{"href":"https:\/\/lyfilter.com\/pt\/wp-json\/wp\/v2\/product"}],"about":[{"href":"https:\/\/lyfilter.com\/pt\/wp-json\/wp\/v2\/types\/product"}],"replies":[{"embeddable":true,"href":"https:\/\/lyfilter.com\/pt\/wp-json\/wp\/v2\/comments?post=4731"}],"wp:featuredmedia":[{"embeddable":true,"href":"https:\/\/lyfilter.com\/pt\/wp-json\/wp\/v2\/media\/4733"}],"wp:attachment":[{"href":"https:\/\/lyfilter.com\/pt\/wp-json\/wp\/v2\/media?parent=4731"}],"wp:term":[{"taxonomy":"product_brand","embeddable":true,"href":"https:\/\/lyfilter.com\/pt\/wp-json\/wp\/v2\/product_brand?post=4731"},{"taxonomy":"product_cat","embeddable":true,"href":"https:\/\/lyfilter.com\/pt\/wp-json\/wp\/v2\/product_cat?post=4731"},{"taxonomy":"product_tag","embeddable":true,"href":"https:\/\/lyfilter.com\/pt\/wp-json\/wp\/v2\/product_tag?post=4731"}],"curies":[{"name":"wp","href":"https:\/\/api.w.org\/{rel}","templated":true}]}}