{"id":4728,"date":"2026-04-05T09:24:58","date_gmt":"2026-04-05T09:24:58","guid":{"rendered":"https:\/\/lyfilter.com\/"},"modified":"2026-04-05T09:24:58","modified_gmt":"2026-04-05T09:24:58","slug":"lvyuan-affordable-ss-cartridge-filter-housing-factory-for-desalination","status":"publish","type":"product","link":"https:\/\/lyfilter.com\/pt\/lvyuan-affordable-ss-cartridge-filter-housing-factory-for-desalination\/","title":{"rendered":"Lvyuan Acess\u00edvel F\u00e1brica de carca\u00e7a de filtro de cartucho SS para dessaliniza\u00e7\u00e3o"},"content":{"rendered":"<p>Concebida para sistemas de dessaliniza\u00e7\u00e3o, esta caixa de filtro de cartucho em a\u00e7o inoxid\u00e1vel da Lvyuan mant\u00e9m a \u00e1gua limpa em condi\u00e7\u00f5es adversas e com muito sal. A sua constru\u00e7\u00e3o em a\u00e7o inoxid\u00e1vel permite uma filtragem fi\u00e1vel, uma vida \u00fatil mais longa e uma manuten\u00e7\u00e3o de rotina mais f\u00e1cil.<\/p>","protected":false},"excerpt":{"rendered":"<table>\n<thead>\n<tr>\n<th>Campo<\/th>\n<th>Valor<\/th>\n<\/tr>\n<\/thead>\n<tbody>\n<tr>\n<td>Servi\u00e7o p\u00f3s-garantia<\/td>\n<td>Apoio em linha<\/td>\n<\/tr>\n<tr>\n<td>Localiza\u00e7\u00e3o do servi\u00e7o local<\/td>\n<td>nenhum<\/td>\n<\/tr>\n<tr>\n<td>Localiza\u00e7\u00e3o da sala de exposi\u00e7\u00f5es<\/td>\n<td>nenhum<\/td>\n<\/tr>\n<tr>\n<td>Inspe\u00e7\u00e3o de sa\u00edda de v\u00eddeo<\/td>\n<td>Fornecido<\/td>\n<\/tr>\n<tr>\n<td>Relat\u00f3rio de ensaio de m\u00e1quinas<\/td>\n<td>Fornecido<\/td>\n<\/tr>\n<tr>\n<td>Tipo de marketing<\/td>\n<td>Produto normal<\/td>\n<\/tr>\n<tr>\n<td>Garantia dos componentes principais<\/td>\n<td>N\u00e3o dispon\u00edvel<\/td>\n<\/tr>\n<tr>\n<td>Componentes principais<\/td>\n<td>Recipiente sob press\u00e3o, elemento filtrante inoxid\u00e1vel<\/td>\n<\/tr>\n<tr>\n<td>Local de origem<\/td>\n<td>Guangdong, China<\/td>\n<\/tr>\n<tr>\n<td>Nome da marca<\/td>\n<td>Lvyuan \/ OEM<\/td>\n<\/tr>\n<tr>\n<td>Material<\/td>\n<td>a\u00e7o inoxid\u00e1vel<\/td>\n<\/tr>\n<tr>\n<td>Peso<\/td>\n<td>depende<\/td>\n<\/tr>\n<tr>\n<td>Tamanho<\/td>\n<td>depende<\/td>\n<\/tr>\n<tr>\n<td>Pot\u00eancia<\/td>\n<td>0<\/td>\n<\/tr>\n<tr>\n<td>Garantia<\/td>\n<td>1 ano<\/td>\n<\/tr>\n<tr>\n<td>Servi\u00e7o p\u00f3s-venda prestado<\/td>\n<td>Apoio em linha<\/td>\n<\/tr>\n<tr>\n<td>Nome do produto<\/td>\n<td>filtro de \u00e1gua micropore industrial<\/td>\n<\/tr>\n<tr>\n<td>materiais de habita\u00e7\u00e3o<\/td>\n<td>ss304, 316, 316L<\/td>\n<\/tr>\n<tr>\n<td>Quantidade de filtros de cartucho<\/td>\n<td>1 - 160PCS para op\u00e7\u00e3o<\/td>\n<\/tr>\n<tr>\n<td>Comprimento do cartucho do filtro<\/td>\n<td>5, 10, 20, 30, 40, 60 polegadas, OEM<\/td>\n<\/tr>\n<tr>\n<td>Tratamento de superf\u00edcie<\/td>\n<td>Polido e jato de areia<\/td>\n<\/tr>\n<tr>\n<td>Tipo de tampa superior instalada<\/td>\n<td>Parafusos de eleva\u00e7\u00e3o \/ Flange \/ Tipo de grampo<\/td>\n<\/tr>\n<tr>\n<td>Utiliza\u00e7\u00e3o<\/td>\n<td>esta\u00e7\u00e3o de tratamento de \u00e1gua \/ l\u00edquidos \/ vinho<\/td>\n<\/tr>\n<tr>\n<td>Embalagem<\/td>\n<td>Caixa de madeira<\/td>\n<\/tr>\n<tr>\n<td>Tipo de conetor<\/td>\n<td>c\u00f3digo 0 3 6 7 8 9<\/td>\n<\/tr>\n<tr>\n<td>Certifica\u00e7\u00e3o<\/td>\n<td>CE ISO SGS<\/td>\n<\/tr>\n<tr>\n<td>Capacidade de fornecimento<\/td>\n<td>500 pe\u00e7as\/pe\u00e7as por dia de filtro de \u00e1gua micropore<\/td>\n<\/tr>\n<\/tbody>\n<\/table>","protected":false},"featured_media":4730,"comment_status":"open","ping_status":"closed","template":"","meta":{"_gspb_post_css":""},"product_brand":[],"product_cat":[15],"product_tag":[1798,1794,1793,1796,1534,1797,265,1255,34,1795,1509],"class_list":{"0":"post-4728","1":"product","2":"type-product","3":"status-publish","4":"has-post-thumbnail","6":"product_cat-stainless-steel-filter-housing","7":"product_tag-and-easier-routine-maintenance","8":"product_tag-built-for-desalination-systems","9":"product_tag-desalination-filter-housing","10":"product_tag-high-salt-conditions-its-stainless-steel-build-supports-reliable-filtration","11":"product_tag-inversafilterpurification","12":"product_tag-longer-service-life","13":"product_tag-lvyuan","14":"product_tag-ss-cartridge-filter-housing","15":"product_tag-stainless-steel-filter-housing","16":"product_tag-this-lvyuan-ss-cartridge-filter-housing-keeps-water-clean-in-harsh","17":"product_tag-water-treatment-filter-housing","19":"first","20":"instock","21":"shipping-taxable","22":"product-type-simple"},"_links":{"self":[{"href":"https:\/\/lyfilter.com\/pt\/wp-json\/wp\/v2\/product\/4728","targetHints":{"allow":["GET"]}}],"collection":[{"href":"https:\/\/lyfilter.com\/pt\/wp-json\/wp\/v2\/product"}],"about":[{"href":"https:\/\/lyfilter.com\/pt\/wp-json\/wp\/v2\/types\/product"}],"replies":[{"embeddable":true,"href":"https:\/\/lyfilter.com\/pt\/wp-json\/wp\/v2\/comments?post=4728"}],"wp:featuredmedia":[{"embeddable":true,"href":"https:\/\/lyfilter.com\/pt\/wp-json\/wp\/v2\/media\/4730"}],"wp:attachment":[{"href":"https:\/\/lyfilter.com\/pt\/wp-json\/wp\/v2\/media?parent=4728"}],"wp:term":[{"taxonomy":"product_brand","embeddable":true,"href":"https:\/\/lyfilter.com\/pt\/wp-json\/wp\/v2\/product_brand?post=4728"},{"taxonomy":"product_cat","embeddable":true,"href":"https:\/\/lyfilter.com\/pt\/wp-json\/wp\/v2\/product_cat?post=4728"},{"taxonomy":"product_tag","embeddable":true,"href":"https:\/\/lyfilter.com\/pt\/wp-json\/wp\/v2\/product_tag?post=4728"}],"curies":[{"name":"wp","href":"https:\/\/api.w.org\/{rel}","templated":true}]}}