{"id":4697,"date":"2026-04-05T07:21:21","date_gmt":"2026-04-05T07:21:21","guid":{"rendered":"https:\/\/lyfilter.com\/"},"modified":"2026-04-05T07:21:21","modified_gmt":"2026-04-05T07:21:21","slug":"movable-stainless-steel-water-liquid-oil-wine-beer-honey-bag-filter-machine-with-1-2-3-4-5-stage-purification","status":"publish","type":"product","link":"https:\/\/lyfilter.com\/pt\/movable-stainless-steel-water-liquid-oil-wine-beer-honey-bag-filter-machine-with-1-2-3-4-5-stage-purification\/","title":{"rendered":"M\u00e1quina de filtro de saco de a\u00e7o inoxid\u00e1vel m\u00f3vel para \u00e1gua\/l\u00edquido\/\u00f3leo\/vinho\/cerveja\/mel com purifica\u00e7\u00e3o de 1\/2\/3\/4\/5 fases"},"content":{"rendered":"<p>Constru\u00edda para uma filtragem flex\u00edvel, esta m\u00e1quina m\u00f3vel de filtragem de sacos em a\u00e7o inoxid\u00e1vel lida com \u00e1gua, \u00f3leo, vinho, cerveja e mel com um fluxo e transporte constantes. A InversaFilterPurification permite um processamento mais limpo com op\u00e7\u00f5es de fases inteligentes.<\/p>","protected":false},"excerpt":{"rendered":"<table>\n<thead>\n<tr>\n<th>Servi\u00e7o p\u00f3s-garantia<\/th>\n<th>Apoio em linha<\/th>\n<th>Localiza\u00e7\u00e3o do servi\u00e7o local<\/th>\n<th>nenhum<\/th>\n<th>Localiza\u00e7\u00e3o da sala de exposi\u00e7\u00f5es<\/th>\n<th>nenhum<\/th>\n<\/tr>\n<\/thead>\n<tbody>\n<tr>\n<td>Inspe\u00e7\u00e3o de sa\u00edda de v\u00eddeo<\/td>\n<td>Fornecido<\/td>\n<td>Relat\u00f3rio de ensaio de m\u00e1quinas<\/td>\n<td>Fornecido<\/td>\n<td>Tipo de marketing<\/td>\n<td>Produto normal<\/td>\n<\/tr>\n<tr>\n<td>Garantia dos componentes principais<\/td>\n<td>1 ano<\/td>\n<td>Componentes principais<\/td>\n<td>Recipiente sob press\u00e3o<\/td>\n<td>Local de origem<\/td>\n<td>China<\/td>\n<\/tr>\n<tr>\n<td>Nome da marca<\/td>\n<td>Lvyuan \/ OEM<\/td>\n<td>Garantia<\/td>\n<td>N\u00e3o dispon\u00edvel<\/td>\n<td>Servi\u00e7o p\u00f3s-venda prestado<\/td>\n<td>Apoio em linha<\/td>\n<\/tr>\n<tr>\n<td>Nome do produto<\/td>\n<td>m\u00e1quina de filtragem de vinho<\/td>\n<td>material da caixa<\/td>\n<td>ss304, sus 316, ss316L<\/td>\n<td>quantidade de filtros de saco<\/td>\n<td>Sacos individuais ou m\u00faltiplos personalizados<\/td>\n<\/tr>\n<tr>\n<td>Tamanho do saco<\/td>\n<td>180<em>450 mm ou 180<\/em>810 mm, outros<\/td>\n<td>Tipo de entrada e de sa\u00edda<\/td>\n<td>Liga\u00e7\u00e3o flangeada\/roscada<\/td>\n<td>Material do saco de filtro<\/td>\n<td>PP, PE, personalizado<\/td>\n<\/tr>\n<tr>\n<td>Press\u00e3o m\u00e1xima de trabalho<\/td>\n<td>100\/150\/300 Psi<\/td>\n<td>Utiliza\u00e7\u00e3o<\/td>\n<td>filtragem de l\u00edquidos<\/td>\n<td>N\u00famero do saco<\/td>\n<td>#1, 2, 3, 4, 5, OEM<\/td>\n<\/tr>\n<tr>\n<td>clausura de habita\u00e7\u00e3o por<\/td>\n<td>parafuso r\u00e1pido, bra\u00e7adeira, flange<\/td>\n<td>Capacidade de fornecimento<\/td>\n<td>1500 Pe\u00e7as\/Pe\u00e7as por m\u00eas de m\u00e1quina de filtro de \u00f3leo<\/td>\n<td><\/td>\n<td><\/td>\n<\/tr>\n<\/tbody>\n<\/table>","protected":false},"featured_media":4698,"comment_status":"open","ping_status":"closed","template":"","meta":{"_gspb_post_css":""},"product_brand":[],"product_cat":[15],"product_tag":[1534,1773,1774,1772,1136,1775],"class_list":{"0":"post-4697","1":"product","2":"type-product","3":"status-publish","4":"has-post-thumbnail","6":"product_cat-stainless-steel-filter-housing","7":"product_tag-inversafilterpurification","8":"product_tag-movable-liquid-filter-system","9":"product_tag-multi-stage-purification-filter","10":"product_tag-stainless-steel-bag-filter-machine","11":"product_tag-water-filter-locks","12":"product_tag-wine-beer-honey-filter","14":"first","15":"instock","16":"shipping-taxable","17":"product-type-simple"},"_links":{"self":[{"href":"https:\/\/lyfilter.com\/pt\/wp-json\/wp\/v2\/product\/4697","targetHints":{"allow":["GET"]}}],"collection":[{"href":"https:\/\/lyfilter.com\/pt\/wp-json\/wp\/v2\/product"}],"about":[{"href":"https:\/\/lyfilter.com\/pt\/wp-json\/wp\/v2\/types\/product"}],"replies":[{"embeddable":true,"href":"https:\/\/lyfilter.com\/pt\/wp-json\/wp\/v2\/comments?post=4697"}],"wp:featuredmedia":[{"embeddable":true,"href":"https:\/\/lyfilter.com\/pt\/wp-json\/wp\/v2\/media\/4698"}],"wp:attachment":[{"href":"https:\/\/lyfilter.com\/pt\/wp-json\/wp\/v2\/media?parent=4697"}],"wp:term":[{"taxonomy":"product_brand","embeddable":true,"href":"https:\/\/lyfilter.com\/pt\/wp-json\/wp\/v2\/product_brand?post=4697"},{"taxonomy":"product_cat","embeddable":true,"href":"https:\/\/lyfilter.com\/pt\/wp-json\/wp\/v2\/product_cat?post=4697"},{"taxonomy":"product_tag","embeddable":true,"href":"https:\/\/lyfilter.com\/pt\/wp-json\/wp\/v2\/product_tag?post=4697"}],"curies":[{"name":"wp","href":"https:\/\/api.w.org\/{rel}","templated":true}]}}